{"id":9,"date":"2019-04-02T15:18:28","date_gmt":"2019-04-02T13:18:28","guid":{"rendered":"https:\/\/valdemarne.kperez.iris.io\/espace-groupes\/?page_id=9"},"modified":"2022-03-23T10:43:41","modified_gmt":"2022-03-23T09:43:41","slug":"circuits","status":"publish","type":"page","link":"https:\/\/www.tourisme-valdemarne.com\/espace-groupes\/circuits\/","title":{"rendered":"Circuits incontournables"},"content":{"rendered":"\n<p class=\"is-style-excerpt\">Rien de mieux que de d\u00e9couvrir et de profiter pleinement du Val-de-Marne \u00e0 la journ\u00e9e&nbsp;!<\/p>\n\n\n\n<p>Le Val-de-Marne dispose de <strong>nombreuses id\u00e9es de sorties et d\u2019excursions<\/strong> pour vous faire d\u00e9couvrir toute la richesse et la diversit\u00e9 de ce territoire aux multiples th\u00e9matiques: patrimoine, culture, nature, visites d\u2019entreprises, balades urbaines, repas anim\u00e9s\u2026<\/p>\n\n\n\n<p>Le service Groupes vous propose une large s\u00e9lection de <strong>circuits incontournables<\/strong> cl\u00e9s en main combinant des visites inoubliables, des rencontres insolites et des restaurants de qualit\u00e9 proposant des menus r\u00e9serv\u00e9s aux groupes.<\/p>\n\n\n\n<figure class=\"wp-block-image alignwide size-large\"><a href=\"https:\/\/www.tourisme-valdemarne.com\/espace-groupes\/wp-content\/uploads\/sites\/2\/wpetourisme\/Chateau-de-Grosbois-Trot-Boissy.jpg\"><img width=\"700\" height=\"466\" data-src=\"https:\/\/www.tourisme-valdemarne.com\/espace-groupes\/wp-content\/uploads\/sites\/2\/wpetourisme\/Chateau-de-Grosbois-Trot-Boissy.jpg\" alt=\"Chateau de Grosbois\" class=\"wp-image-1021\" srcset=\"https:\/\/www.tourisme-valdemarne.com\/espace-groupes\/wp-content\/uploads\/sites\/2\/wpetourisme\/Chateau-de-Grosbois-Trot-Boissy.jpg 700w, https:\/\/www.tourisme-valdemarne.com\/espace-groupes\/wp-content\/uploads\/sites\/2\/wpetourisme\/Chateau-de-Grosbois-Trot-Boissy-600x399.jpg 600w, https:\/\/www.tourisme-valdemarne.com\/espace-groupes\/wp-content\/uploads\/sites\/2\/wpetourisme\/Chateau-de-Grosbois-Trot-Boissy-380x253.jpg 380w, https:\/\/www.tourisme-valdemarne.com\/espace-groupes\/wp-content\/uploads\/sites\/2\/wpetourisme\/Chateau-de-Grosbois-Trot-Boissy-200x133.jpg 200w\" sizes=\"(max-width: 700px) 100vw, 700px\" \/><\/a><figcaption>Circuit entre patrimoine historique et horticole \u00a9 Ch\u00e2teau de Grosbois<\/figcaption><\/figure>\n\n\n\n<p>L\u2019ensemble des circuits que nous avons s\u00e9lectionn\u00e9, s\u2019articulent autour de <strong>deux visites<\/strong> et d\u2019un <strong>d\u00e9jeuner complet <\/strong>(sauf indication contraire).<\/p>\n\n\n\n<p class=\"is-style-highlight\">Si vous ne trouvez pas votre bonheur, <a href=\"https:\/\/www.tourisme-valdemarne.com\/espace-groupes\/contact\/\" target=\"_blank\" rel=\"noreferrer noopener\">contactez-nous<\/a> afin d\u2019\u00e9tablir ensemble <strong>votre programme sur-mesure<\/strong> couplant les visites de votre choix et des prestations repas (d\u00e9jeuner et\/ou gouter).<\/p>\n\n\n\n<p>Alors, d\u00e9couvrez toutes nos propositions et craquez sans retenue pour un de nos circuits journ\u00e9e ! N&rsquo;h\u00e9sitez pas \u00e9galement consultez notre&nbsp;<a rel=\"noreferrer noopener\" href=\"https:\/\/www.tourisme-valdemarne.com\/espace-groupes\/sorties-thematiques\/\" target=\"_blank\">carte interactive<\/a>&nbsp;pour d\u00e9couvrir toutes les visites propos\u00e9es pour les groupes en Val-de-Marne.<\/p>\n","protected":false},"excerpt":{"rendered":"<p>Rien de mieux que de d\u00e9couvrir et de profiter pleinement du Val-de-Marne \u00e0 la journ\u00e9e&nbsp;! Le Val-de-Marne dispose de nombreuses id\u00e9es de sorties et d\u2019excursions pour vous faire d\u00e9couvrir toute la richesse et la diversit\u00e9 de ce territoire aux multiples th\u00e9matiques: patrimoine, culture, nature, visites d\u2019entreprises, balades urbaines, repas anim\u00e9s\u2026 Le service Groupes vous propose [&hellip;]<\/p>\n","protected":false},"author":1,"featured_media":2944,"parent":0,"menu_order":10,"comment_status":"closed","ping_status":"closed","template":"partials\/template-sit.php","meta":{"_relevanssi_hide_post":"","_relevanssi_hide_content":"","_relevanssi_pin_for_all":"","_relevanssi_pin_keywords":"","_relevanssi_unpin_keywords":"","_relevanssi_related_keywords":"","_relevanssi_related_include_ids":"","_relevanssi_related_exclude_ids":"","_relevanssi_related_no_append":"","_relevanssi_related_not_related":"","_relevanssi_related_posts":"1111,1121,1111,1120","_relevanssi_noindex_reason":"","footnotes":""},"vdmTagMarketing":[],"class_list":["post-9","page","type-page","status-publish","has-post-thumbnail","hentry"],"acf":[],"yoast_head":"<!-- This site is optimized with the Yoast SEO plugin v23.9 - https:\/\/yoast.com\/wordpress\/plugins\/seo\/ -->\n<title>Circuits incontournables - Sorties Groupes pr\u00e8s de Paris, dans le 94<\/title>\n<meta name=\"description\" content=\"D\u00e9couvrez nos circuits journ\u00e9es pour vos sorties groupes pr\u00e8s de Paris ! Au programme : visites et sorties groupes uniques en Val-de-Marne 94.\" \/>\n<meta name=\"robots\" content=\"index, follow, max-snippet:-1, max-image-preview:large, max-video-preview:-1\" \/>\n<link rel=\"canonical\" href=\"https:\/\/www.tourisme-valdemarne.com\/espace-groupes\/circuits\/\" \/>\n<meta property=\"og:locale\" content=\"fr_FR\" \/>\n<meta property=\"og:type\" content=\"article\" \/>\n<meta property=\"og:title\" content=\"Circuits incontournables - Sorties Groupes pr\u00e8s de Paris, dans le 94\" \/>\n<meta property=\"og:description\" content=\"D\u00e9couvrez nos circuits journ\u00e9es pour vos sorties groupes pr\u00e8s de Paris ! Au programme : visites et sorties groupes uniques en Val-de-Marne 94.\" \/>\n<meta property=\"og:url\" content=\"https:\/\/www.tourisme-valdemarne.com\/espace-groupes\/circuits\/\" \/>\n<meta property=\"og:site_name\" content=\"Sorties Groupes\" \/>\n<meta property=\"article:modified_time\" content=\"2022-03-23T09:43:41+00:00\" \/>\n<meta property=\"og:image\" content=\"https:\/\/www.tourisme-valdemarne.com\/espace-groupes\/wp-content\/uploads\/sites\/2\/2022\/03\/chateau-sucy.jpg\" \/>\n\t<meta property=\"og:image:width\" content=\"1200\" \/>\n\t<meta property=\"og:image:height\" content=\"800\" \/>\n\t<meta property=\"og:image:type\" content=\"image\/jpeg\" \/>\n<meta name=\"twitter:card\" content=\"summary_large_image\" \/>\n<meta name=\"twitter:label1\" content=\"Dur\u00e9e de lecture estim\u00e9e\" \/>\n\t<meta name=\"twitter:data1\" content=\"1 minute\" \/>\n<script type=\"application\/ld+json\" class=\"yoast-schema-graph\">{\"@context\":\"https:\/\/schema.org\",\"@graph\":[{\"@type\":\"WebPage\",\"@id\":\"https:\/\/www.tourisme-valdemarne.com\/espace-groupes\/circuits\/\",\"url\":\"https:\/\/www.tourisme-valdemarne.com\/espace-groupes\/circuits\/\",\"name\":\"Circuits incontournables - Sorties Groupes pr\u00e8s de Paris, dans le 94\",\"isPartOf\":{\"@id\":\"https:\/\/www.tourisme-valdemarne.com\/espace-groupes\/#website\"},\"primaryImageOfPage\":{\"@id\":\"https:\/\/www.tourisme-valdemarne.com\/espace-groupes\/circuits\/#primaryimage\"},\"image\":{\"@id\":\"https:\/\/www.tourisme-valdemarne.com\/espace-groupes\/circuits\/#primaryimage\"},\"thumbnailUrl\":\"https:\/\/www.tourisme-valdemarne.com\/espace-groupes\/wp-content\/uploads\/sites\/2\/2022\/03\/chateau-sucy.jpg\",\"datePublished\":\"2019-04-02T13:18:28+00:00\",\"dateModified\":\"2022-03-23T09:43:41+00:00\",\"description\":\"D\u00e9couvrez nos circuits journ\u00e9es pour vos sorties groupes pr\u00e8s de Paris ! Au programme : visites et sorties groupes uniques en Val-de-Marne 94.\",\"breadcrumb\":{\"@id\":\"https:\/\/www.tourisme-valdemarne.com\/espace-groupes\/circuits\/#breadcrumb\"},\"inLanguage\":\"fr-FR\",\"potentialAction\":[{\"@type\":\"ReadAction\",\"target\":[\"https:\/\/www.tourisme-valdemarne.com\/espace-groupes\/circuits\/\"]}]},{\"@type\":\"ImageObject\",\"inLanguage\":\"fr-FR\",\"@id\":\"https:\/\/www.tourisme-valdemarne.com\/espace-groupes\/circuits\/#primaryimage\",\"url\":\"https:\/\/www.tourisme-valdemarne.com\/espace-groupes\/wp-content\/uploads\/sites\/2\/2022\/03\/chateau-sucy.jpg\",\"contentUrl\":\"https:\/\/www.tourisme-valdemarne.com\/espace-groupes\/wp-content\/uploads\/sites\/2\/2022\/03\/chateau-sucy.jpg\",\"width\":1200,\"height\":800,\"caption\":\"chateau sucy en brie\"},{\"@type\":\"BreadcrumbList\",\"@id\":\"https:\/\/www.tourisme-valdemarne.com\/espace-groupes\/circuits\/#breadcrumb\",\"itemListElement\":[{\"@type\":\"ListItem\",\"position\":1,\"name\":\"Accueil\",\"item\":\"https:\/\/www.tourisme-valdemarne.com\/espace-groupes\/\"},{\"@type\":\"ListItem\",\"position\":2,\"name\":\"Circuits incontournables\"}]},{\"@type\":\"WebSite\",\"@id\":\"https:\/\/www.tourisme-valdemarne.com\/espace-groupes\/#website\",\"url\":\"https:\/\/www.tourisme-valdemarne.com\/espace-groupes\/\",\"name\":\"Sorties Groupes\",\"description\":\"Un site utilisant Val de Marne Tourisme &amp; Loisirs Sites\",\"potentialAction\":[{\"@type\":\"SearchAction\",\"target\":{\"@type\":\"EntryPoint\",\"urlTemplate\":\"https:\/\/www.tourisme-valdemarne.com\/espace-groupes\/?s={search_term_string}\"},\"query-input\":{\"@type\":\"PropertyValueSpecification\",\"valueRequired\":true,\"valueName\":\"search_term_string\"}}],\"inLanguage\":\"fr-FR\"}]}<\/script>\n<!-- \/ Yoast SEO plugin. -->","yoast_head_json":{"title":"Circuits incontournables - Sorties Groupes pr\u00e8s de Paris, dans le 94","description":"D\u00e9couvrez nos circuits journ\u00e9es pour vos sorties groupes pr\u00e8s de Paris ! Au programme : visites et sorties groupes uniques en Val-de-Marne 94.","robots":{"index":"index","follow":"follow","max-snippet":"max-snippet:-1","max-image-preview":"max-image-preview:large","max-video-preview":"max-video-preview:-1"},"canonical":"https:\/\/www.tourisme-valdemarne.com\/espace-groupes\/circuits\/","og_locale":"fr_FR","og_type":"article","og_title":"Circuits incontournables - Sorties Groupes pr\u00e8s de Paris, dans le 94","og_description":"D\u00e9couvrez nos circuits journ\u00e9es pour vos sorties groupes pr\u00e8s de Paris ! Au programme : visites et sorties groupes uniques en Val-de-Marne 94.","og_url":"https:\/\/www.tourisme-valdemarne.com\/espace-groupes\/circuits\/","og_site_name":"Sorties Groupes","article_modified_time":"2022-03-23T09:43:41+00:00","og_image":[{"width":1200,"height":800,"url":"https:\/\/www.tourisme-valdemarne.com\/espace-groupes\/wp-content\/uploads\/sites\/2\/2022\/03\/chateau-sucy.jpg","type":"image\/jpeg"}],"twitter_card":"summary_large_image","twitter_misc":{"Dur\u00e9e de lecture estim\u00e9e":"1 minute"},"schema":{"@context":"https:\/\/schema.org","@graph":[{"@type":"WebPage","@id":"https:\/\/www.tourisme-valdemarne.com\/espace-groupes\/circuits\/","url":"https:\/\/www.tourisme-valdemarne.com\/espace-groupes\/circuits\/","name":"Circuits incontournables - Sorties Groupes pr\u00e8s de Paris, dans le 94","isPartOf":{"@id":"https:\/\/www.tourisme-valdemarne.com\/espace-groupes\/#website"},"primaryImageOfPage":{"@id":"https:\/\/www.tourisme-valdemarne.com\/espace-groupes\/circuits\/#primaryimage"},"image":{"@id":"https:\/\/www.tourisme-valdemarne.com\/espace-groupes\/circuits\/#primaryimage"},"thumbnailUrl":"https:\/\/www.tourisme-valdemarne.com\/espace-groupes\/wp-content\/uploads\/sites\/2\/2022\/03\/chateau-sucy.jpg","datePublished":"2019-04-02T13:18:28+00:00","dateModified":"2022-03-23T09:43:41+00:00","description":"D\u00e9couvrez nos circuits journ\u00e9es pour vos sorties groupes pr\u00e8s de Paris ! Au programme : visites et sorties groupes uniques en Val-de-Marne 94.","breadcrumb":{"@id":"https:\/\/www.tourisme-valdemarne.com\/espace-groupes\/circuits\/#breadcrumb"},"inLanguage":"fr-FR","potentialAction":[{"@type":"ReadAction","target":["https:\/\/www.tourisme-valdemarne.com\/espace-groupes\/circuits\/"]}]},{"@type":"ImageObject","inLanguage":"fr-FR","@id":"https:\/\/www.tourisme-valdemarne.com\/espace-groupes\/circuits\/#primaryimage","url":"https:\/\/www.tourisme-valdemarne.com\/espace-groupes\/wp-content\/uploads\/sites\/2\/2022\/03\/chateau-sucy.jpg","contentUrl":"https:\/\/www.tourisme-valdemarne.com\/espace-groupes\/wp-content\/uploads\/sites\/2\/2022\/03\/chateau-sucy.jpg","width":1200,"height":800,"caption":"chateau sucy en brie"},{"@type":"BreadcrumbList","@id":"https:\/\/www.tourisme-valdemarne.com\/espace-groupes\/circuits\/#breadcrumb","itemListElement":[{"@type":"ListItem","position":1,"name":"Accueil","item":"https:\/\/www.tourisme-valdemarne.com\/espace-groupes\/"},{"@type":"ListItem","position":2,"name":"Circuits incontournables"}]},{"@type":"WebSite","@id":"https:\/\/www.tourisme-valdemarne.com\/espace-groupes\/#website","url":"https:\/\/www.tourisme-valdemarne.com\/espace-groupes\/","name":"Sorties Groupes","description":"Un site utilisant Val de Marne Tourisme &amp; Loisirs Sites","potentialAction":[{"@type":"SearchAction","target":{"@type":"EntryPoint","urlTemplate":"https:\/\/www.tourisme-valdemarne.com\/espace-groupes\/?s={search_term_string}"},"query-input":{"@type":"PropertyValueSpecification","valueRequired":true,"valueName":"search_term_string"}}],"inLanguage":"fr-FR"}]}},"_links":{"self":[{"href":"https:\/\/www.tourisme-valdemarne.com\/espace-groupes\/wp-json\/wp\/v2\/pages\/9","targetHints":{"allow":["GET"]}}],"collection":[{"href":"https:\/\/www.tourisme-valdemarne.com\/espace-groupes\/wp-json\/wp\/v2\/pages"}],"about":[{"href":"https:\/\/www.tourisme-valdemarne.com\/espace-groupes\/wp-json\/wp\/v2\/types\/page"}],"author":[{"embeddable":true,"href":"https:\/\/www.tourisme-valdemarne.com\/espace-groupes\/wp-json\/wp\/v2\/users\/1"}],"replies":[{"embeddable":true,"href":"https:\/\/www.tourisme-valdemarne.com\/espace-groupes\/wp-json\/wp\/v2\/comments?post=9"}],"version-history":[{"count":25,"href":"https:\/\/www.tourisme-valdemarne.com\/espace-groupes\/wp-json\/wp\/v2\/pages\/9\/revisions"}],"predecessor-version":[{"id":2702,"href":"https:\/\/www.tourisme-valdemarne.com\/espace-groupes\/wp-json\/wp\/v2\/pages\/9\/revisions\/2702"}],"wp:featuredmedia":[{"embeddable":true,"href":"https:\/\/www.tourisme-valdemarne.com\/espace-groupes\/wp-json\/wp\/v2\/media\/2944"}],"wp:attachment":[{"href":"https:\/\/www.tourisme-valdemarne.com\/espace-groupes\/wp-json\/wp\/v2\/media?parent=9"}],"wp:term":[{"taxonomy":"vdmTagMarketing","embeddable":true,"href":"https:\/\/www.tourisme-valdemarne.com\/espace-groupes\/wp-json\/wp\/v2\/vdmTagMarketing?post=9"}],"curies":[{"name":"wp","href":"https:\/\/api.w.org\/{rel}","templated":true}]}}