{"id":8989,"date":"2025-03-13T09:44:37","date_gmt":"2025-03-13T08:44:37","guid":{"rendered":"https:\/\/www.tourisme-valdemarne.com\/espace-groupes\/?page_id=8989"},"modified":"2025-06-03T09:16:14","modified_gmt":"2025-06-03T07:16:14","slug":"musee-de-nogent-sur-marne","status":"publish","type":"page","link":"https:\/\/www.tourisme-valdemarne.com\/espace-groupes\/les-visites-de-lete\/musee-de-nogent-sur-marne\/","title":{"rendered":"Mus\u00e9e de Nogent-sur-Marne &#8211; Visite ludique"},"content":{"rendered":"\n<figure class=\"wp-block-image size-full\"><img width=\"600\" height=\"605\" data-src=\"https:\/\/www.tourisme-valdemarne.com\/espace-groupes\/wp-content\/uploads\/sites\/2\/2025\/03\/willy-ronis-la-banlieue-est-sous-l-oeil-du-maitre.jpg\" alt=\"\" class=\"wp-image-8997\" srcset=\"https:\/\/www.tourisme-valdemarne.com\/espace-groupes\/wp-content\/uploads\/sites\/2\/2025\/03\/willy-ronis-la-banlieue-est-sous-l-oeil-du-maitre.jpg 600w, https:\/\/www.tourisme-valdemarne.com\/espace-groupes\/wp-content\/uploads\/sites\/2\/2025\/03\/willy-ronis-la-banlieue-est-sous-l-oeil-du-maitre-595x600.jpg 595w, https:\/\/www.tourisme-valdemarne.com\/espace-groupes\/wp-content\/uploads\/sites\/2\/2025\/03\/willy-ronis-la-banlieue-est-sous-l-oeil-du-maitre-150x150.jpg 150w, https:\/\/www.tourisme-valdemarne.com\/espace-groupes\/wp-content\/uploads\/sites\/2\/2025\/03\/willy-ronis-la-banlieue-est-sous-l-oeil-du-maitre-380x383.jpg 380w, https:\/\/www.tourisme-valdemarne.com\/espace-groupes\/wp-content\/uploads\/sites\/2\/2025\/03\/willy-ronis-la-banlieue-est-sous-l-oeil-du-maitre-200x202.jpg 200w, https:\/\/www.tourisme-valdemarne.com\/espace-groupes\/wp-content\/uploads\/sites\/2\/2025\/03\/willy-ronis-la-banlieue-est-sous-l-oeil-du-maitre-24x24.jpg 24w, https:\/\/www.tourisme-valdemarne.com\/espace-groupes\/wp-content\/uploads\/sites\/2\/2025\/03\/willy-ronis-la-banlieue-est-sous-l-oeil-du-maitre-48x48.jpg 48w, https:\/\/www.tourisme-valdemarne.com\/espace-groupes\/wp-content\/uploads\/sites\/2\/2025\/03\/willy-ronis-la-banlieue-est-sous-l-oeil-du-maitre-96x96.jpg 96w\" sizes=\"(max-width: 600px) 100vw, 600px\" \/><\/figure>\n\n\n\n<p><a href=\"https:\/\/www.tourisme-valdemarne.com\/espace-groupes\/les-visites-de-lete\/\">&lt;&#8211; Retour aux visites<\/a><\/p>\n\n\n\n<p><\/p>\n\n\n\n<p><strong>Date\u202f:\u00a0<\/strong>COMPLET<\/p>\n\n\n\n<p><strong>Lieu :<\/strong> Nogent-sur-Marne&nbsp;<\/p>\n\n\n\n<p><strong>Dur\u00e9e : <\/strong>1h&nbsp;&nbsp;<\/p>\n\n\n\n<p><strong>Acc\u00e8s en transport en commun : <\/strong>Gare de Nogent-sur-Marne (RER A) ou Nogent &#8211; Le Perreux (RER E) puis bus&nbsp;<\/p>\n\n\n\n<p><strong>Langue :<\/strong> Fran\u00e7ais&nbsp;<\/p>\n\n\n\n<p><\/p>\n\n\n\n<p>Venez d\u00e9couvrir l\u2019histoire des bords de Marne gr\u00e2ce \u00e0 ses tableaux qui invitent \u00e0 la promenade au bord de l\u2019eau.&nbsp;&nbsp;<\/p>\n\n\n\n<p>Du pass\u00e9 rural aux c\u00e9l\u00e8bres guinguettes, des baignades aux courses d\u2019aviron, explorez l\u2019\u00e9volution le territoire de mani\u00e8re ludique. Gr\u00e2ce \u00e0 des jeux adapt\u00e9s \u00e0 tous les \u00e2ges \u2013 jeux de couleurs, d\u2019observation, des ressemblances \u2013 le mus\u00e9e de Nogent transforme l&rsquo;apprentissage en une v\u00e9ritable aventure amusante ! &nbsp;<\/p>\n\n\n\n<p><\/p>\n\n\n\n<p class=\"has-text-align-center\"><strong>Formulaire d&rsquo;inscription<\/strong><\/p>\n\n\n\n<div class=\"wpcf7 no-js\" id=\"wpcf7-f8894-o1\" lang=\"fr-FR\" dir=\"ltr\" data-wpcf7-id=\"8894\">\n<div class=\"screen-reader-response\"><p role=\"status\" aria-live=\"polite\" aria-atomic=\"true\"><\/p> <ul><\/ul><\/div>\n<form action=\"\/espace-groupes\/wp-json\/wp\/v2\/pages\/8989#wpcf7-f8894-o1\" method=\"post\" class=\"wpcf7-form init\" aria-label=\"Formulaire de contact\" novalidate=\"novalidate\" data-status=\"init\">\n<div style=\"display: none;\">\n<input type=\"hidden\" name=\"_wpcf7\" value=\"8894\" \/>\n<input type=\"hidden\" name=\"_wpcf7_version\" value=\"6.0\" \/>\n<input type=\"hidden\" name=\"_wpcf7_locale\" value=\"fr_FR\" \/>\n<input type=\"hidden\" name=\"_wpcf7_unit_tag\" value=\"wpcf7-f8894-o1\" \/>\n<input type=\"hidden\" name=\"_wpcf7_container_post\" value=\"0\" \/>\n<input type=\"hidden\" name=\"_wpcf7_posted_data_hash\" value=\"\" \/>\n<input type=\"hidden\" name=\"_wpcf7dtx_version\" value=\"5.0.1\" \/>\n<\/div>\n<div class=\"form\">\n\t<div class=\"formGroup\">\n\t\t<p>Nom de votre organisme*<span class=\"wpcf7-form-control-wrap\" data-name=\"nomorganisme\"><input size=\"40\" maxlength=\"400\" class=\"wpcf7-form-control wpcf7-text wpcf7-validates-as-required\" aria-required=\"true\" aria-invalid=\"false\" placeholder=\"Nom de votre organisme*\" value=\"\" type=\"text\" name=\"nomorganisme\" \/><\/span>\n\t\t<\/p>\n\t<\/div>\n\t<div class=\"formGroup\">\n\t\t<p>Nom*<span class=\"wpcf7-form-control-wrap\" data-name=\"nom\"><input size=\"40\" maxlength=\"400\" class=\"wpcf7-form-control wpcf7-text wpcf7-validates-as-required\" aria-required=\"true\" aria-invalid=\"false\" placeholder=\"Nom*\" value=\"\" type=\"text\" name=\"nom\" \/><\/span>\n\t\t<\/p>\n\t<\/div>\n\t<div class=\"formGroup\">\n\t\t<p>Pr\u00e9nom*<span class=\"wpcf7-form-control-wrap\" data-name=\"prnom\"><input size=\"40\" maxlength=\"400\" class=\"wpcf7-form-control wpcf7-text wpcf7-validates-as-required\" aria-required=\"true\" aria-invalid=\"false\" placeholder=\"Pr\u00e9nom*\" value=\"\" type=\"text\" name=\"prnom\" \/><\/span>\n\t\t<\/p>\n\t<\/div>\n\t<div class=\"formGroup\">\n\t\t<p>E-mail*<span class=\"wpcf7-form-control-wrap\" data-name=\"email\"><input size=\"40\" maxlength=\"400\" class=\"wpcf7-form-control wpcf7-email wpcf7-validates-as-required wpcf7-text wpcf7-validates-as-email\" aria-required=\"true\" aria-invalid=\"false\" placeholder=\"E-mail*\" value=\"\" type=\"email\" name=\"email\" \/><\/span>\n\t\t<\/p>\n\t<\/div>\n\t<div class=\"formGroup\">\n\t\t<p>T\u00e9l\u00e9phone<span class=\"wpcf7-form-control-wrap\" data-name=\"tel\"><input size=\"40\" maxlength=\"400\" class=\"wpcf7-form-control wpcf7-tel wpcf7-text wpcf7-validates-as-tel\" aria-invalid=\"false\" placeholder=\"T\u00e9l\u00e9phone (sans espaces)\" value=\"\" type=\"tel\" name=\"tel\" \/><\/span>\n\t\t<\/p>\n\t<\/div>\n\t<div class=\"formGroup\">\n\t\t<p>Date envisag\u00e9e*<span class=\"wpcf7-form-control-wrap\" data-name=\"dates\"><input class=\"wpcf7-form-control wpcf7-date wpcf7-validates-as-required wpcf7-validates-as-date\" aria-required=\"true\" aria-invalid=\"false\" placeholder=\"Date envisag\u00e9e*\" value=\"\" type=\"date\" name=\"dates\" \/><\/span>\n\t\t<\/p>\n\t<\/div>\n\t<div class=\"formGroup\">\n\t\t<p>Nombre approximatif de personnes dans votre groupe*<span class=\"wpcf7-form-control-wrap\" data-name=\"nombreps\"><input class=\"wpcf7-form-control wpcf7-number wpcf7-validates-as-required wpcf7-validates-as-number\" min=\"1\" aria-required=\"true\" aria-invalid=\"false\" placeholder=\"Nombre approximatif de personnes dans votre groupe*\" value=\"\" type=\"number\" name=\"nombreps\" \/><\/span>\n\t\t<\/p>\n\t<\/div>\n\t<div class=\"formGroupContainer clear\">\n\t\t<p>Votre groupe compte t-il des personnes \u00e0 mobilit\u00e9 r\u00e9duite\n\t\t<\/p>\n\t\t<p><span class=\"wpcf7-form-control-wrap\" data-name=\"Votregroupecomptet-ildespersonnesmobilitrduite\"><span class=\"wpcf7-form-control wpcf7-radio\"><span class=\"wpcf7-list-item first\"><span class=\"wpcf7-list-item-label\">Non<\/span><input type=\"radio\" name=\"Votregroupecomptet-ildespersonnesmobilitrduite\" value=\"Non\" \/><\/span><span class=\"wpcf7-list-item last\"><span class=\"wpcf7-list-item-label\">Oui<\/span><input type=\"radio\" name=\"Votregroupecomptet-ildespersonnesmobilitrduite\" value=\"Oui\" \/><\/span><\/span><\/span>\n\t\t<\/p>\n\t<\/div>\n\t<div class=\"formGroup\">\n\t\t<p>Vous vous d\u00e9placerez\n\t\t<\/p>\n\t\t<p><span class=\"wpcf7-form-control-wrap\" data-name=\"Vousvousdplacerez\"><select class=\"wpcf7-form-control wpcf7-select\" aria-invalid=\"false\" name=\"Vousvousdplacerez\"><option value=\"en autocar\">en autocar<\/option><option value=\"en transport en commun\">en transport en commun<\/option><option value=\"en voiture\">en voiture<\/option><option value=\"autre\">autre<\/option><\/select><\/span>\n\t\t<\/p>\n\t<\/div>\n\t<div class=\"formGroup\">\n\t\t<p>Nombre d'enfants<span class=\"wpcf7-form-control-wrap\" data-name=\"enfants\"><input class=\"wpcf7-form-control wpcf7-number wpcf7-validates-as-number\" min=\"0\" aria-invalid=\"false\" placeholder=\"Nombre d&#039;enfants\" value=\"\" type=\"number\" name=\"enfants\" \/><\/span>\n\t\t<\/p>\n\t<\/div>\n\t<div class=\"formGroup\">\n\t\t<p>Age des enfants<span class=\"wpcf7-form-control-wrap\" data-name=\"age\"><input size=\"40\" maxlength=\"400\" class=\"wpcf7-form-control wpcf7-text\" aria-invalid=\"false\" placeholder=\"Age des enfants\" value=\"\" type=\"text\" name=\"age\" \/><\/span>\n\t\t<\/p>\n\t<\/div>\n\t<div class=\"formGroup\">\n\t\t<p><span class=\"wpcf7-form-control-wrap\" data-name=\"remarques\"><textarea cols=\"40\" rows=\"10\" maxlength=\"2000\" class=\"wpcf7-form-control wpcf7-textarea\" aria-invalid=\"false\" placeholder=\"Message\" name=\"remarques\"><\/textarea><\/span>\n\t\t<\/p>\n\t<\/div>\n\t<div style=\"display: none;\">\n\t\t<p><span class=\"wpcf7-form-control-wrap sejoururl\" data-name=\"sejoururl\"><input type=\"text\" name=\"sejoururl\" class=\"wpcf7-form-control wpcf7-text wpcf7dtx wpcf7dtx-text\" aria-invalid=\"false\" value=\"https:\/\/www.tourisme-valdemarne.com\/espace-groupes\/wp-json\/wp\/v2\/pages\/8989\"><\/span><br \/>\n\t\t<span class=\"wpcf7-form-control-wrap ficheTitle\" data-name=\"ficheTitle\"><input type=\"hidden\" name=\"ficheTitle\" class=\"wpcf7-form-control wpcf7-hidden wpcf7dtx wpcf7dtx-hidden\" aria-invalid=\"false\" value=\"Mus\u00e9e de Nogent-sur-Marne - Visite ludique\"><\/span>\n\t\t<\/p>\n\t<\/div>\n\t<div class=\"formGroup\">\n\t\t<p><input class=\"wpcf7-form-control wpcf7-submit has-spinner button\" type=\"submit\" value=\"Envoyer\" \/>\n\t\t<\/p>\n\t<\/div>\n\t<div class=\"formGroup\">\n\t\t<p><i>Les champs avec une * sont obligatoires<\/i>.\n\t\t<\/p>\n\t<\/div>\n\t<div class=\"formGroup\">\n\t\t<p>Les informations recueillies sur ce formulaire sont enregistr\u00e9es dans un fichier informatis\u00e9 par le Comit\u00e9 D\u00e9partemental du Tourisme du Val-de-Marne pour la gestion des demandes de contact. Elles sont conserv\u00e9es pendant trois ans maximum et sont destin\u00e9es au service commercial ou technique uniquement pour r\u00e9pondre \u00e0 vos demandes. Pour plus d'informations, veuillez lire notre <a href=\"https:\/\/www.tourisme-valdemarne.com\/rgpd-charte-de-confidentialite\/\">Politique de confidentialit\u00e9<\/a>.\n\t\t<\/p>\n\t<\/div>\n<\/div><div class=\"wpcf7-response-output\" aria-hidden=\"true\"><\/div>\n<\/form>\n<\/div>\n\n","protected":false},"excerpt":{"rendered":"<p>&lt;&#8211; Retour aux visites Date\u202f:\u00a0COMPLET Lieu : Nogent-sur-Marne&nbsp; Dur\u00e9e : 1h&nbsp;&nbsp; Acc\u00e8s en transport en commun : Gare de Nogent-sur-Marne (RER A) ou Nogent &#8211; Le Perreux (RER E) puis bus&nbsp; Langue : Fran\u00e7ais&nbsp; Venez d\u00e9couvrir l\u2019histoire des bords de Marne gr\u00e2ce \u00e0 ses tableaux qui invitent \u00e0 la promenade au bord de l\u2019eau.&nbsp;&nbsp; Du [&hellip;]<\/p>\n","protected":false},"author":20,"featured_media":8997,"parent":4813,"menu_order":0,"comment_status":"closed","ping_status":"closed","template":"","meta":{"_relevanssi_hide_post":"","_relevanssi_hide_content":"","_relevanssi_pin_for_all":"","_relevanssi_pin_keywords":"","_relevanssi_unpin_keywords":"","_relevanssi_related_keywords":"","_relevanssi_related_include_ids":"","_relevanssi_related_exclude_ids":"","_relevanssi_related_no_append":"","_relevanssi_related_not_related":"","_relevanssi_related_posts":"1111,1221,1121,8253,1912,8117","_relevanssi_noindex_reason":"","footnotes":""},"vdmTagMarketing":[],"class_list":["post-8989","page","type-page","status-publish","has-post-thumbnail","hentry"],"acf":[],"yoast_head":"<!-- This site is optimized with the Yoast SEO plugin v23.9 - https:\/\/yoast.com\/wordpress\/plugins\/seo\/ -->\n<title>Mus\u00e9e de Nogent-sur-Marne - Visite ludique - Sorties Groupes<\/title>\n<meta name=\"robots\" content=\"index, follow, max-snippet:-1, max-image-preview:large, max-video-preview:-1\" \/>\n<link rel=\"canonical\" href=\"https:\/\/www.tourisme-valdemarne.com\/espace-groupes\/les-visites-de-lete\/musee-de-nogent-sur-marne\/\" \/>\n<meta property=\"og:locale\" content=\"fr_FR\" \/>\n<meta property=\"og:type\" content=\"article\" \/>\n<meta property=\"og:title\" content=\"Mus\u00e9e de Nogent-sur-Marne - Visite ludique - Sorties Groupes\" \/>\n<meta property=\"og:description\" content=\"&lt;&#8211; Retour aux visites Date\u202f:\u00a0COMPLET Lieu : Nogent-sur-Marne&nbsp; Dur\u00e9e : 1h&nbsp;&nbsp; Acc\u00e8s en transport en commun : Gare de Nogent-sur-Marne (RER A) ou Nogent &#8211; Le Perreux (RER E) puis bus&nbsp; Langue : Fran\u00e7ais&nbsp; Venez d\u00e9couvrir l\u2019histoire des bords de Marne gr\u00e2ce \u00e0 ses tableaux qui invitent \u00e0 la promenade au bord de l\u2019eau.&nbsp;&nbsp; Du [&hellip;]\" \/>\n<meta property=\"og:url\" content=\"https:\/\/www.tourisme-valdemarne.com\/espace-groupes\/les-visites-de-lete\/musee-de-nogent-sur-marne\/\" \/>\n<meta property=\"og:site_name\" content=\"Sorties Groupes\" \/>\n<meta property=\"article:modified_time\" content=\"2025-06-03T07:16:14+00:00\" \/>\n<meta property=\"og:image\" content=\"https:\/\/www.tourisme-valdemarne.com\/espace-groupes\/wp-content\/uploads\/sites\/2\/2025\/03\/willy-ronis-la-banlieue-est-sous-l-oeil-du-maitre.jpg\" \/>\n\t<meta property=\"og:image:width\" content=\"600\" \/>\n\t<meta property=\"og:image:height\" content=\"605\" \/>\n\t<meta property=\"og:image:type\" content=\"image\/jpeg\" \/>\n<meta name=\"twitter:card\" content=\"summary_large_image\" \/>\n<meta name=\"twitter:label1\" content=\"Dur\u00e9e de lecture estim\u00e9e\" \/>\n\t<meta name=\"twitter:data1\" content=\"1 minute\" \/>\n<script type=\"application\/ld+json\" class=\"yoast-schema-graph\">{\"@context\":\"https:\/\/schema.org\",\"@graph\":[{\"@type\":\"WebPage\",\"@id\":\"https:\/\/www.tourisme-valdemarne.com\/espace-groupes\/les-visites-de-lete\/musee-de-nogent-sur-marne\/\",\"url\":\"https:\/\/www.tourisme-valdemarne.com\/espace-groupes\/les-visites-de-lete\/musee-de-nogent-sur-marne\/\",\"name\":\"Mus\u00e9e de Nogent-sur-Marne - Visite ludique - Sorties Groupes\",\"isPartOf\":{\"@id\":\"https:\/\/www.tourisme-valdemarne.com\/espace-groupes\/#website\"},\"primaryImageOfPage\":{\"@id\":\"https:\/\/www.tourisme-valdemarne.com\/espace-groupes\/les-visites-de-lete\/musee-de-nogent-sur-marne\/#primaryimage\"},\"image\":{\"@id\":\"https:\/\/www.tourisme-valdemarne.com\/espace-groupes\/les-visites-de-lete\/musee-de-nogent-sur-marne\/#primaryimage\"},\"thumbnailUrl\":\"https:\/\/www.tourisme-valdemarne.com\/espace-groupes\/wp-content\/uploads\/sites\/2\/2025\/03\/willy-ronis-la-banlieue-est-sous-l-oeil-du-maitre.jpg\",\"datePublished\":\"2025-03-13T08:44:37+00:00\",\"dateModified\":\"2025-06-03T07:16:14+00:00\",\"breadcrumb\":{\"@id\":\"https:\/\/www.tourisme-valdemarne.com\/espace-groupes\/les-visites-de-lete\/musee-de-nogent-sur-marne\/#breadcrumb\"},\"inLanguage\":\"fr-FR\",\"potentialAction\":[{\"@type\":\"ReadAction\",\"target\":[\"https:\/\/www.tourisme-valdemarne.com\/espace-groupes\/les-visites-de-lete\/musee-de-nogent-sur-marne\/\"]}]},{\"@type\":\"ImageObject\",\"inLanguage\":\"fr-FR\",\"@id\":\"https:\/\/www.tourisme-valdemarne.com\/espace-groupes\/les-visites-de-lete\/musee-de-nogent-sur-marne\/#primaryimage\",\"url\":\"https:\/\/www.tourisme-valdemarne.com\/espace-groupes\/wp-content\/uploads\/sites\/2\/2025\/03\/willy-ronis-la-banlieue-est-sous-l-oeil-du-maitre.jpg\",\"contentUrl\":\"https:\/\/www.tourisme-valdemarne.com\/espace-groupes\/wp-content\/uploads\/sites\/2\/2025\/03\/willy-ronis-la-banlieue-est-sous-l-oeil-du-maitre.jpg\",\"width\":600,\"height\":605},{\"@type\":\"BreadcrumbList\",\"@id\":\"https:\/\/www.tourisme-valdemarne.com\/espace-groupes\/les-visites-de-lete\/musee-de-nogent-sur-marne\/#breadcrumb\",\"itemListElement\":[{\"@type\":\"ListItem\",\"position\":1,\"name\":\"Accueil\",\"item\":\"https:\/\/www.tourisme-valdemarne.com\/espace-groupes\/\"},{\"@type\":\"ListItem\",\"position\":2,\"name\":\"Mon \u00e9t\u00e9 2025 en Val-de-Marne &#8211; programmation\",\"item\":\"https:\/\/www.tourisme-valdemarne.com\/espace-groupes\/les-visites-de-lete\/\"},{\"@type\":\"ListItem\",\"position\":3,\"name\":\"Mus\u00e9e de Nogent-sur-Marne &#8211; Visite ludique\"}]},{\"@type\":\"WebSite\",\"@id\":\"https:\/\/www.tourisme-valdemarne.com\/espace-groupes\/#website\",\"url\":\"https:\/\/www.tourisme-valdemarne.com\/espace-groupes\/\",\"name\":\"Sorties Groupes\",\"description\":\"Un site utilisant Val de Marne Tourisme &amp; Loisirs Sites\",\"potentialAction\":[{\"@type\":\"SearchAction\",\"target\":{\"@type\":\"EntryPoint\",\"urlTemplate\":\"https:\/\/www.tourisme-valdemarne.com\/espace-groupes\/?s={search_term_string}\"},\"query-input\":{\"@type\":\"PropertyValueSpecification\",\"valueRequired\":true,\"valueName\":\"search_term_string\"}}],\"inLanguage\":\"fr-FR\"}]}<\/script>\n<!-- \/ Yoast SEO plugin. -->","yoast_head_json":{"title":"Mus\u00e9e de Nogent-sur-Marne - Visite ludique - Sorties Groupes","robots":{"index":"index","follow":"follow","max-snippet":"max-snippet:-1","max-image-preview":"max-image-preview:large","max-video-preview":"max-video-preview:-1"},"canonical":"https:\/\/www.tourisme-valdemarne.com\/espace-groupes\/les-visites-de-lete\/musee-de-nogent-sur-marne\/","og_locale":"fr_FR","og_type":"article","og_title":"Mus\u00e9e de Nogent-sur-Marne - Visite ludique - Sorties Groupes","og_description":"&lt;&#8211; Retour aux visites Date\u202f:\u00a0COMPLET Lieu : Nogent-sur-Marne&nbsp; Dur\u00e9e : 1h&nbsp;&nbsp; Acc\u00e8s en transport en commun : Gare de Nogent-sur-Marne (RER A) ou Nogent &#8211; Le Perreux (RER E) puis bus&nbsp; Langue : Fran\u00e7ais&nbsp; Venez d\u00e9couvrir l\u2019histoire des bords de Marne gr\u00e2ce \u00e0 ses tableaux qui invitent \u00e0 la promenade au bord de l\u2019eau.&nbsp;&nbsp; Du [&hellip;]","og_url":"https:\/\/www.tourisme-valdemarne.com\/espace-groupes\/les-visites-de-lete\/musee-de-nogent-sur-marne\/","og_site_name":"Sorties Groupes","article_modified_time":"2025-06-03T07:16:14+00:00","og_image":[{"width":600,"height":605,"url":"https:\/\/www.tourisme-valdemarne.com\/espace-groupes\/wp-content\/uploads\/sites\/2\/2025\/03\/willy-ronis-la-banlieue-est-sous-l-oeil-du-maitre.jpg","type":"image\/jpeg"}],"twitter_card":"summary_large_image","twitter_misc":{"Dur\u00e9e de lecture estim\u00e9e":"1 minute"},"schema":{"@context":"https:\/\/schema.org","@graph":[{"@type":"WebPage","@id":"https:\/\/www.tourisme-valdemarne.com\/espace-groupes\/les-visites-de-lete\/musee-de-nogent-sur-marne\/","url":"https:\/\/www.tourisme-valdemarne.com\/espace-groupes\/les-visites-de-lete\/musee-de-nogent-sur-marne\/","name":"Mus\u00e9e de Nogent-sur-Marne - Visite ludique - Sorties Groupes","isPartOf":{"@id":"https:\/\/www.tourisme-valdemarne.com\/espace-groupes\/#website"},"primaryImageOfPage":{"@id":"https:\/\/www.tourisme-valdemarne.com\/espace-groupes\/les-visites-de-lete\/musee-de-nogent-sur-marne\/#primaryimage"},"image":{"@id":"https:\/\/www.tourisme-valdemarne.com\/espace-groupes\/les-visites-de-lete\/musee-de-nogent-sur-marne\/#primaryimage"},"thumbnailUrl":"https:\/\/www.tourisme-valdemarne.com\/espace-groupes\/wp-content\/uploads\/sites\/2\/2025\/03\/willy-ronis-la-banlieue-est-sous-l-oeil-du-maitre.jpg","datePublished":"2025-03-13T08:44:37+00:00","dateModified":"2025-06-03T07:16:14+00:00","breadcrumb":{"@id":"https:\/\/www.tourisme-valdemarne.com\/espace-groupes\/les-visites-de-lete\/musee-de-nogent-sur-marne\/#breadcrumb"},"inLanguage":"fr-FR","potentialAction":[{"@type":"ReadAction","target":["https:\/\/www.tourisme-valdemarne.com\/espace-groupes\/les-visites-de-lete\/musee-de-nogent-sur-marne\/"]}]},{"@type":"ImageObject","inLanguage":"fr-FR","@id":"https:\/\/www.tourisme-valdemarne.com\/espace-groupes\/les-visites-de-lete\/musee-de-nogent-sur-marne\/#primaryimage","url":"https:\/\/www.tourisme-valdemarne.com\/espace-groupes\/wp-content\/uploads\/sites\/2\/2025\/03\/willy-ronis-la-banlieue-est-sous-l-oeil-du-maitre.jpg","contentUrl":"https:\/\/www.tourisme-valdemarne.com\/espace-groupes\/wp-content\/uploads\/sites\/2\/2025\/03\/willy-ronis-la-banlieue-est-sous-l-oeil-du-maitre.jpg","width":600,"height":605},{"@type":"BreadcrumbList","@id":"https:\/\/www.tourisme-valdemarne.com\/espace-groupes\/les-visites-de-lete\/musee-de-nogent-sur-marne\/#breadcrumb","itemListElement":[{"@type":"ListItem","position":1,"name":"Accueil","item":"https:\/\/www.tourisme-valdemarne.com\/espace-groupes\/"},{"@type":"ListItem","position":2,"name":"Mon \u00e9t\u00e9 2025 en Val-de-Marne &#8211; programmation","item":"https:\/\/www.tourisme-valdemarne.com\/espace-groupes\/les-visites-de-lete\/"},{"@type":"ListItem","position":3,"name":"Mus\u00e9e de Nogent-sur-Marne &#8211; Visite ludique"}]},{"@type":"WebSite","@id":"https:\/\/www.tourisme-valdemarne.com\/espace-groupes\/#website","url":"https:\/\/www.tourisme-valdemarne.com\/espace-groupes\/","name":"Sorties Groupes","description":"Un site utilisant Val de Marne Tourisme &amp; Loisirs Sites","potentialAction":[{"@type":"SearchAction","target":{"@type":"EntryPoint","urlTemplate":"https:\/\/www.tourisme-valdemarne.com\/espace-groupes\/?s={search_term_string}"},"query-input":{"@type":"PropertyValueSpecification","valueRequired":true,"valueName":"search_term_string"}}],"inLanguage":"fr-FR"}]}},"_links":{"self":[{"href":"https:\/\/www.tourisme-valdemarne.com\/espace-groupes\/wp-json\/wp\/v2\/pages\/8989","targetHints":{"allow":["GET"]}}],"collection":[{"href":"https:\/\/www.tourisme-valdemarne.com\/espace-groupes\/wp-json\/wp\/v2\/pages"}],"about":[{"href":"https:\/\/www.tourisme-valdemarne.com\/espace-groupes\/wp-json\/wp\/v2\/types\/page"}],"author":[{"embeddable":true,"href":"https:\/\/www.tourisme-valdemarne.com\/espace-groupes\/wp-json\/wp\/v2\/users\/20"}],"replies":[{"embeddable":true,"href":"https:\/\/www.tourisme-valdemarne.com\/espace-groupes\/wp-json\/wp\/v2\/comments?post=8989"}],"version-history":[{"count":9,"href":"https:\/\/www.tourisme-valdemarne.com\/espace-groupes\/wp-json\/wp\/v2\/pages\/8989\/revisions"}],"predecessor-version":[{"id":9297,"href":"https:\/\/www.tourisme-valdemarne.com\/espace-groupes\/wp-json\/wp\/v2\/pages\/8989\/revisions\/9297"}],"up":[{"embeddable":true,"href":"https:\/\/www.tourisme-valdemarne.com\/espace-groupes\/wp-json\/wp\/v2\/pages\/4813"}],"wp:featuredmedia":[{"embeddable":true,"href":"https:\/\/www.tourisme-valdemarne.com\/espace-groupes\/wp-json\/wp\/v2\/media\/8997"}],"wp:attachment":[{"href":"https:\/\/www.tourisme-valdemarne.com\/espace-groupes\/wp-json\/wp\/v2\/media?parent=8989"}],"wp:term":[{"taxonomy":"vdmTagMarketing","embeddable":true,"href":"https:\/\/www.tourisme-valdemarne.com\/espace-groupes\/wp-json\/wp\/v2\/vdmTagMarketing?post=8989"}],"curies":[{"name":"wp","href":"https:\/\/api.w.org\/{rel}","templated":true}]}}