{"id":8943,"date":"2025-03-05T09:46:20","date_gmt":"2025-03-05T08:46:20","guid":{"rendered":"https:\/\/www.tourisme-valdemarne.com\/espace-groupes\/?page_id=8943"},"modified":"2025-06-05T08:59:33","modified_gmt":"2025-06-05T06:59:33","slug":"habiter-la-ville-autrement","status":"publish","type":"page","link":"https:\/\/www.tourisme-valdemarne.com\/espace-groupes\/les-visites-de-lete\/habiter-la-ville-autrement\/","title":{"rendered":"Habiter la ville autrement :\u00a0\u00a0"},"content":{"rendered":"\n<h2 class=\"wp-block-heading\">L\u2019extraordinaire projet de Gailhoustet et Renaudie \u00e0 Ivry-sur-Seine&nbsp;<\/h2>\n\n\n\n<figure class=\"wp-block-image size-full\"><img width=\"600\" height=\"604\" data-src=\"https:\/\/www.tourisme-valdemarne.com\/espace-groupes\/wp-content\/uploads\/sites\/2\/2025\/03\/habiter-la-ville-autrement-a-ivry-sur-seine.jpg\" alt=\"\" class=\"wp-image-8963\" srcset=\"https:\/\/www.tourisme-valdemarne.com\/espace-groupes\/wp-content\/uploads\/sites\/2\/2025\/03\/habiter-la-ville-autrement-a-ivry-sur-seine.jpg 600w, https:\/\/www.tourisme-valdemarne.com\/espace-groupes\/wp-content\/uploads\/sites\/2\/2025\/03\/habiter-la-ville-autrement-a-ivry-sur-seine-596x600.jpg 596w, https:\/\/www.tourisme-valdemarne.com\/espace-groupes\/wp-content\/uploads\/sites\/2\/2025\/03\/habiter-la-ville-autrement-a-ivry-sur-seine-150x150.jpg 150w, https:\/\/www.tourisme-valdemarne.com\/espace-groupes\/wp-content\/uploads\/sites\/2\/2025\/03\/habiter-la-ville-autrement-a-ivry-sur-seine-380x383.jpg 380w, https:\/\/www.tourisme-valdemarne.com\/espace-groupes\/wp-content\/uploads\/sites\/2\/2025\/03\/habiter-la-ville-autrement-a-ivry-sur-seine-200x201.jpg 200w, https:\/\/www.tourisme-valdemarne.com\/espace-groupes\/wp-content\/uploads\/sites\/2\/2025\/03\/habiter-la-ville-autrement-a-ivry-sur-seine-24x24.jpg 24w, https:\/\/www.tourisme-valdemarne.com\/espace-groupes\/wp-content\/uploads\/sites\/2\/2025\/03\/habiter-la-ville-autrement-a-ivry-sur-seine-48x48.jpg 48w, https:\/\/www.tourisme-valdemarne.com\/espace-groupes\/wp-content\/uploads\/sites\/2\/2025\/03\/habiter-la-ville-autrement-a-ivry-sur-seine-96x96.jpg 96w\" sizes=\"(max-width: 600px) 100vw, 600px\" \/><\/figure>\n\n\n\n<p><a href=\"https:\/\/www.tourisme-valdemarne.com\/espace-groupes\/les-visites-de-lete\/\">&lt;&#8211; Retour aux visites<\/a><\/p>\n\n\n\n<p><\/p>\n\n\n\n<p><strong>Date\u202f:\u00a0<\/strong>28 juin 11h<\/p>\n\n\n\n<p><strong>Lieu : <\/strong>Ivry-sur-Seine<strong>&nbsp;&nbsp;<\/strong>&nbsp;<\/p>\n\n\n\n<p><strong>Dur\u00e9e :<\/strong> 2h<strong>&nbsp;<\/strong>&nbsp;<\/p>\n\n\n\n<p><strong>Acc\u00e8s en transport en commun : <\/strong>M\u00e9tro ligne 7 station Mairie d\u2019Ivry RER C station Gare d\u2019Ivry-sur-Seine&nbsp;&nbsp;&nbsp;<\/p>\n\n\n\n<p><strong>Langue : <\/strong>Fran\u00e7ais&nbsp;<\/p>\n\n\n\n<p><strong>Descriptif&nbsp;<\/strong>&nbsp;<\/p>\n\n\n\n<p>Plus d\u2019un demi-si\u00e8cle apr\u00e8s sa r\u00e9alisation, le projet du centre-ville d\u2019Ivry sur Seine, r\u00e9alis\u00e9 par les\u202farchitectes Ren\u00e9e Gailhoustet et Jean Renaudie, continue de fasciner et d\u2019inspirer les professionnels et amateurs du monde entier.&nbsp;<\/p>\n\n\n\n<p>Il propose en particulier des logements, pour la plupart sociaux, aux int\u00e9rieurs spacieux, tous diff\u00e9rents, une absence de typologie classique, et la pr\u00e9sence permanente et g\u00e9n\u00e9reuse de la v\u00e9g\u00e9tation.&nbsp;<\/p>\n\n\n\n<p>L\u2019\u00e9conomie de la construction, de prime abord complexe, respecte une grande rigueur et simplicit\u00e9 constructive, permettant une \u00e9conomie de r\u00e9alisation qui fournit des logements de tr\u00e8s grande qualit\u00e9 abordables pour tous.&nbsp;<\/p>\n\n\n\n<p><em>Jardins \u00e0 tous les \u00e9tages \u2013 Ivry<\/em>, association fond\u00e9e par les habitants du centre-ville d\u2019<a href=\"https:\/\/www.tourisme-valdemarne.com\/communes\/ivry-sur-seine\/\" target=\"_blank\" rel=\"noreferrer noopener\">Ivry-sur-Seine<\/a>, vous invite \u00e0 cheminer dans le centre-ville d\u2019Ivry-sur-Seine pour y d\u00e9couvrir ses lieux embl\u00e9matiques : le Centre Jeanne Hachette, v\u00e9ritable colline v\u00e9g\u00e9tale habit\u00e9e m\u00ealant commerces, services, bureaux et logements, l\u2019immeuble Spinoza, la tour Raspail, l\u2019ILN Casanova, la Cit\u00e9 du Parc et l\u2019\u00e9cole \u00e9l\u00e9mentaire Albert Einstein, ou encore le Li\u00e9gat et l\u2019ilot Voltaire.&nbsp;<\/p>\n\n\n\n<p>La visite permet la\u202fd\u00e9couverte\u202fde deux appartements\u202f(un Gailhoustet et un Renaudie) ainsi qu\u2019une\u202fvue panoramique de la ville du haut d\u2019une terrasse de toit.&nbsp;<\/p>\n\n\n\n<p><\/p>\n\n\n\n<p class=\"has-text-align-center\"><strong>Formulaire d&rsquo;inscription<\/strong><\/p>\n\n\n\n<div class=\"wpcf7 no-js\" id=\"wpcf7-f8894-o1\" lang=\"fr-FR\" dir=\"ltr\" data-wpcf7-id=\"8894\">\n<div class=\"screen-reader-response\"><p role=\"status\" aria-live=\"polite\" aria-atomic=\"true\"><\/p> <ul><\/ul><\/div>\n<form action=\"\/espace-groupes\/wp-json\/wp\/v2\/pages\/8943#wpcf7-f8894-o1\" method=\"post\" class=\"wpcf7-form init\" aria-label=\"Formulaire de contact\" novalidate=\"novalidate\" data-status=\"init\">\n<div style=\"display: none;\">\n<input type=\"hidden\" name=\"_wpcf7\" value=\"8894\" \/>\n<input type=\"hidden\" name=\"_wpcf7_version\" value=\"6.0\" \/>\n<input type=\"hidden\" name=\"_wpcf7_locale\" value=\"fr_FR\" \/>\n<input type=\"hidden\" name=\"_wpcf7_unit_tag\" value=\"wpcf7-f8894-o1\" \/>\n<input type=\"hidden\" name=\"_wpcf7_container_post\" value=\"0\" \/>\n<input type=\"hidden\" name=\"_wpcf7_posted_data_hash\" value=\"\" \/>\n<input type=\"hidden\" name=\"_wpcf7dtx_version\" value=\"5.0.1\" \/>\n<\/div>\n<div class=\"form\">\n\t<div class=\"formGroup\">\n\t\t<p>Nom de votre organisme*<span class=\"wpcf7-form-control-wrap\" data-name=\"nomorganisme\"><input size=\"40\" maxlength=\"400\" class=\"wpcf7-form-control wpcf7-text wpcf7-validates-as-required\" aria-required=\"true\" aria-invalid=\"false\" placeholder=\"Nom de votre organisme*\" value=\"\" type=\"text\" name=\"nomorganisme\" \/><\/span>\n\t\t<\/p>\n\t<\/div>\n\t<div class=\"formGroup\">\n\t\t<p>Nom*<span class=\"wpcf7-form-control-wrap\" data-name=\"nom\"><input size=\"40\" maxlength=\"400\" class=\"wpcf7-form-control wpcf7-text wpcf7-validates-as-required\" aria-required=\"true\" aria-invalid=\"false\" placeholder=\"Nom*\" value=\"\" type=\"text\" name=\"nom\" \/><\/span>\n\t\t<\/p>\n\t<\/div>\n\t<div class=\"formGroup\">\n\t\t<p>Pr\u00e9nom*<span class=\"wpcf7-form-control-wrap\" data-name=\"prnom\"><input size=\"40\" maxlength=\"400\" class=\"wpcf7-form-control wpcf7-text wpcf7-validates-as-required\" aria-required=\"true\" aria-invalid=\"false\" placeholder=\"Pr\u00e9nom*\" value=\"\" type=\"text\" name=\"prnom\" \/><\/span>\n\t\t<\/p>\n\t<\/div>\n\t<div class=\"formGroup\">\n\t\t<p>E-mail*<span class=\"wpcf7-form-control-wrap\" data-name=\"email\"><input size=\"40\" maxlength=\"400\" class=\"wpcf7-form-control wpcf7-email wpcf7-validates-as-required wpcf7-text wpcf7-validates-as-email\" aria-required=\"true\" aria-invalid=\"false\" placeholder=\"E-mail*\" value=\"\" type=\"email\" name=\"email\" \/><\/span>\n\t\t<\/p>\n\t<\/div>\n\t<div class=\"formGroup\">\n\t\t<p>T\u00e9l\u00e9phone<span class=\"wpcf7-form-control-wrap\" data-name=\"tel\"><input size=\"40\" maxlength=\"400\" class=\"wpcf7-form-control wpcf7-tel wpcf7-text wpcf7-validates-as-tel\" aria-invalid=\"false\" placeholder=\"T\u00e9l\u00e9phone (sans espaces)\" value=\"\" type=\"tel\" name=\"tel\" \/><\/span>\n\t\t<\/p>\n\t<\/div>\n\t<div class=\"formGroup\">\n\t\t<p>Date envisag\u00e9e*<span class=\"wpcf7-form-control-wrap\" data-name=\"dates\"><input class=\"wpcf7-form-control wpcf7-date wpcf7-validates-as-required wpcf7-validates-as-date\" aria-required=\"true\" aria-invalid=\"false\" placeholder=\"Date envisag\u00e9e*\" value=\"\" type=\"date\" name=\"dates\" \/><\/span>\n\t\t<\/p>\n\t<\/div>\n\t<div class=\"formGroup\">\n\t\t<p>Nombre approximatif de personnes dans votre groupe*<span class=\"wpcf7-form-control-wrap\" data-name=\"nombreps\"><input class=\"wpcf7-form-control wpcf7-number wpcf7-validates-as-required wpcf7-validates-as-number\" min=\"1\" aria-required=\"true\" aria-invalid=\"false\" placeholder=\"Nombre approximatif de personnes dans votre groupe*\" value=\"\" type=\"number\" name=\"nombreps\" \/><\/span>\n\t\t<\/p>\n\t<\/div>\n\t<div class=\"formGroupContainer clear\">\n\t\t<p>Votre groupe compte t-il des personnes \u00e0 mobilit\u00e9 r\u00e9duite\n\t\t<\/p>\n\t\t<p><span class=\"wpcf7-form-control-wrap\" data-name=\"Votregroupecomptet-ildespersonnesmobilitrduite\"><span class=\"wpcf7-form-control wpcf7-radio\"><span class=\"wpcf7-list-item first\"><span class=\"wpcf7-list-item-label\">Non<\/span><input type=\"radio\" name=\"Votregroupecomptet-ildespersonnesmobilitrduite\" value=\"Non\" \/><\/span><span class=\"wpcf7-list-item last\"><span class=\"wpcf7-list-item-label\">Oui<\/span><input type=\"radio\" name=\"Votregroupecomptet-ildespersonnesmobilitrduite\" value=\"Oui\" \/><\/span><\/span><\/span>\n\t\t<\/p>\n\t<\/div>\n\t<div class=\"formGroup\">\n\t\t<p>Vous vous d\u00e9placerez\n\t\t<\/p>\n\t\t<p><span class=\"wpcf7-form-control-wrap\" data-name=\"Vousvousdplacerez\"><select class=\"wpcf7-form-control wpcf7-select\" aria-invalid=\"false\" name=\"Vousvousdplacerez\"><option value=\"en autocar\">en autocar<\/option><option value=\"en transport en commun\">en transport en commun<\/option><option value=\"en voiture\">en voiture<\/option><option value=\"autre\">autre<\/option><\/select><\/span>\n\t\t<\/p>\n\t<\/div>\n\t<div class=\"formGroup\">\n\t\t<p>Nombre d'enfants<span class=\"wpcf7-form-control-wrap\" data-name=\"enfants\"><input class=\"wpcf7-form-control wpcf7-number wpcf7-validates-as-number\" min=\"0\" aria-invalid=\"false\" placeholder=\"Nombre d&#039;enfants\" value=\"\" type=\"number\" name=\"enfants\" \/><\/span>\n\t\t<\/p>\n\t<\/div>\n\t<div class=\"formGroup\">\n\t\t<p>Age des enfants<span class=\"wpcf7-form-control-wrap\" data-name=\"age\"><input size=\"40\" maxlength=\"400\" class=\"wpcf7-form-control wpcf7-text\" aria-invalid=\"false\" placeholder=\"Age des enfants\" value=\"\" type=\"text\" name=\"age\" \/><\/span>\n\t\t<\/p>\n\t<\/div>\n\t<div class=\"formGroup\">\n\t\t<p><span class=\"wpcf7-form-control-wrap\" data-name=\"remarques\"><textarea cols=\"40\" rows=\"10\" maxlength=\"2000\" class=\"wpcf7-form-control wpcf7-textarea\" aria-invalid=\"false\" placeholder=\"Message\" name=\"remarques\"><\/textarea><\/span>\n\t\t<\/p>\n\t<\/div>\n\t<div style=\"display: none;\">\n\t\t<p><span class=\"wpcf7-form-control-wrap sejoururl\" data-name=\"sejoururl\"><input type=\"text\" name=\"sejoururl\" class=\"wpcf7-form-control wpcf7-text wpcf7dtx wpcf7dtx-text\" aria-invalid=\"false\" value=\"https:\/\/www.tourisme-valdemarne.com\/espace-groupes\/wp-json\/wp\/v2\/pages\/8943\"><\/span><br \/>\n\t\t<span class=\"wpcf7-form-control-wrap ficheTitle\" data-name=\"ficheTitle\"><input type=\"hidden\" name=\"ficheTitle\" class=\"wpcf7-form-control wpcf7-hidden wpcf7dtx wpcf7dtx-hidden\" aria-invalid=\"false\" value=\"Habiter la ville autrement :\u00a0\u00a0\"><\/span>\n\t\t<\/p>\n\t<\/div>\n\t<div class=\"formGroup\">\n\t\t<p><input class=\"wpcf7-form-control wpcf7-submit has-spinner button\" type=\"submit\" value=\"Envoyer\" \/>\n\t\t<\/p>\n\t<\/div>\n\t<div class=\"formGroup\">\n\t\t<p><i>Les champs avec une * sont obligatoires<\/i>.\n\t\t<\/p>\n\t<\/div>\n\t<div class=\"formGroup\">\n\t\t<p>Les informations recueillies sur ce formulaire sont enregistr\u00e9es dans un fichier informatis\u00e9 par le Comit\u00e9 D\u00e9partemental du Tourisme du Val-de-Marne pour la gestion des demandes de contact. Elles sont conserv\u00e9es pendant trois ans maximum et sont destin\u00e9es au service commercial ou technique uniquement pour r\u00e9pondre \u00e0 vos demandes. Pour plus d'informations, veuillez lire notre <a href=\"https:\/\/www.tourisme-valdemarne.com\/rgpd-charte-de-confidentialite\/\">Politique de confidentialit\u00e9<\/a>.\n\t\t<\/p>\n\t<\/div>\n<\/div><div class=\"wpcf7-response-output\" aria-hidden=\"true\"><\/div>\n<\/form>\n<\/div>\n\n","protected":false},"excerpt":{"rendered":"<p>L\u2019extraordinaire projet de Gailhoustet et Renaudie \u00e0 Ivry-sur-Seine&nbsp; &lt;&#8211; Retour aux visites Date\u202f:\u00a028 juin 11h Lieu : Ivry-sur-Seine&nbsp;&nbsp;&nbsp; Dur\u00e9e : 2h&nbsp;&nbsp; Acc\u00e8s en transport en commun : M\u00e9tro ligne 7 station Mairie d\u2019Ivry RER C station Gare d\u2019Ivry-sur-Seine&nbsp;&nbsp;&nbsp; Langue : Fran\u00e7ais&nbsp; Descriptif&nbsp;&nbsp; Plus d\u2019un demi-si\u00e8cle apr\u00e8s sa r\u00e9alisation, le projet du centre-ville d\u2019Ivry sur Seine, [&hellip;]<\/p>\n","protected":false},"author":20,"featured_media":8963,"parent":4813,"menu_order":0,"comment_status":"closed","ping_status":"closed","template":"","meta":{"_relevanssi_hide_post":"","_relevanssi_hide_content":"","_relevanssi_pin_for_all":"","_relevanssi_pin_keywords":"","_relevanssi_unpin_keywords":"","_relevanssi_related_keywords":"","_relevanssi_related_include_ids":"","_relevanssi_related_exclude_ids":"","_relevanssi_related_no_append":"","_relevanssi_related_not_related":"","_relevanssi_related_posts":"1976,2137,1912,4135,8117,1121","_relevanssi_noindex_reason":"","footnotes":""},"vdmTagMarketing":[],"class_list":["post-8943","page","type-page","status-publish","has-post-thumbnail","hentry"],"acf":[],"yoast_head":"<!-- This site is optimized with the Yoast SEO plugin v23.9 - https:\/\/yoast.com\/wordpress\/plugins\/seo\/ -->\n<title>Habiter la ville autrement :\u00a0\u00a0 - Sorties Groupes<\/title>\n<meta name=\"robots\" content=\"index, follow, max-snippet:-1, max-image-preview:large, max-video-preview:-1\" \/>\n<link rel=\"canonical\" href=\"https:\/\/www.tourisme-valdemarne.com\/espace-groupes\/les-visites-de-lete\/habiter-la-ville-autrement\/\" \/>\n<meta property=\"og:locale\" content=\"fr_FR\" \/>\n<meta property=\"og:type\" content=\"article\" \/>\n<meta property=\"og:title\" content=\"Habiter la ville autrement :\u00a0\u00a0 - Sorties Groupes\" \/>\n<meta property=\"og:description\" content=\"L\u2019extraordinaire projet de Gailhoustet et Renaudie \u00e0 Ivry-sur-Seine&nbsp; &lt;&#8211; Retour aux visites Date\u202f:\u00a028 juin 11h Lieu : Ivry-sur-Seine&nbsp;&nbsp;&nbsp; Dur\u00e9e : 2h&nbsp;&nbsp; Acc\u00e8s en transport en commun : M\u00e9tro ligne 7 station Mairie d\u2019Ivry RER C station Gare d\u2019Ivry-sur-Seine&nbsp;&nbsp;&nbsp; Langue : Fran\u00e7ais&nbsp; Descriptif&nbsp;&nbsp; Plus d\u2019un demi-si\u00e8cle apr\u00e8s sa r\u00e9alisation, le projet du centre-ville d\u2019Ivry sur Seine, [&hellip;]\" \/>\n<meta property=\"og:url\" content=\"https:\/\/www.tourisme-valdemarne.com\/espace-groupes\/les-visites-de-lete\/habiter-la-ville-autrement\/\" \/>\n<meta property=\"og:site_name\" content=\"Sorties Groupes\" \/>\n<meta property=\"article:modified_time\" content=\"2025-06-05T06:59:33+00:00\" \/>\n<meta property=\"og:image\" content=\"https:\/\/www.tourisme-valdemarne.com\/espace-groupes\/wp-content\/uploads\/sites\/2\/2025\/03\/habiter-la-ville-autrement-a-ivry-sur-seine.jpg\" \/>\n\t<meta property=\"og:image:width\" content=\"600\" \/>\n\t<meta property=\"og:image:height\" content=\"604\" \/>\n\t<meta property=\"og:image:type\" content=\"image\/jpeg\" \/>\n<meta name=\"twitter:card\" content=\"summary_large_image\" \/>\n<meta name=\"twitter:label1\" content=\"Dur\u00e9e de lecture estim\u00e9e\" \/>\n\t<meta name=\"twitter:data1\" content=\"2 minutes\" \/>\n<script type=\"application\/ld+json\" class=\"yoast-schema-graph\">{\"@context\":\"https:\/\/schema.org\",\"@graph\":[{\"@type\":\"WebPage\",\"@id\":\"https:\/\/www.tourisme-valdemarne.com\/espace-groupes\/les-visites-de-lete\/habiter-la-ville-autrement\/\",\"url\":\"https:\/\/www.tourisme-valdemarne.com\/espace-groupes\/les-visites-de-lete\/habiter-la-ville-autrement\/\",\"name\":\"Habiter la ville autrement :\u00a0\u00a0 - Sorties Groupes\",\"isPartOf\":{\"@id\":\"https:\/\/www.tourisme-valdemarne.com\/espace-groupes\/#website\"},\"primaryImageOfPage\":{\"@id\":\"https:\/\/www.tourisme-valdemarne.com\/espace-groupes\/les-visites-de-lete\/habiter-la-ville-autrement\/#primaryimage\"},\"image\":{\"@id\":\"https:\/\/www.tourisme-valdemarne.com\/espace-groupes\/les-visites-de-lete\/habiter-la-ville-autrement\/#primaryimage\"},\"thumbnailUrl\":\"https:\/\/www.tourisme-valdemarne.com\/espace-groupes\/wp-content\/uploads\/sites\/2\/2025\/03\/habiter-la-ville-autrement-a-ivry-sur-seine.jpg\",\"datePublished\":\"2025-03-05T08:46:20+00:00\",\"dateModified\":\"2025-06-05T06:59:33+00:00\",\"breadcrumb\":{\"@id\":\"https:\/\/www.tourisme-valdemarne.com\/espace-groupes\/les-visites-de-lete\/habiter-la-ville-autrement\/#breadcrumb\"},\"inLanguage\":\"fr-FR\",\"potentialAction\":[{\"@type\":\"ReadAction\",\"target\":[\"https:\/\/www.tourisme-valdemarne.com\/espace-groupes\/les-visites-de-lete\/habiter-la-ville-autrement\/\"]}]},{\"@type\":\"ImageObject\",\"inLanguage\":\"fr-FR\",\"@id\":\"https:\/\/www.tourisme-valdemarne.com\/espace-groupes\/les-visites-de-lete\/habiter-la-ville-autrement\/#primaryimage\",\"url\":\"https:\/\/www.tourisme-valdemarne.com\/espace-groupes\/wp-content\/uploads\/sites\/2\/2025\/03\/habiter-la-ville-autrement-a-ivry-sur-seine.jpg\",\"contentUrl\":\"https:\/\/www.tourisme-valdemarne.com\/espace-groupes\/wp-content\/uploads\/sites\/2\/2025\/03\/habiter-la-ville-autrement-a-ivry-sur-seine.jpg\",\"width\":600,\"height\":604},{\"@type\":\"BreadcrumbList\",\"@id\":\"https:\/\/www.tourisme-valdemarne.com\/espace-groupes\/les-visites-de-lete\/habiter-la-ville-autrement\/#breadcrumb\",\"itemListElement\":[{\"@type\":\"ListItem\",\"position\":1,\"name\":\"Accueil\",\"item\":\"https:\/\/www.tourisme-valdemarne.com\/espace-groupes\/\"},{\"@type\":\"ListItem\",\"position\":2,\"name\":\"Mon \u00e9t\u00e9 2025 en Val-de-Marne &#8211; programmation\",\"item\":\"https:\/\/www.tourisme-valdemarne.com\/espace-groupes\/les-visites-de-lete\/\"},{\"@type\":\"ListItem\",\"position\":3,\"name\":\"Habiter la ville autrement :\u00a0\u00a0\"}]},{\"@type\":\"WebSite\",\"@id\":\"https:\/\/www.tourisme-valdemarne.com\/espace-groupes\/#website\",\"url\":\"https:\/\/www.tourisme-valdemarne.com\/espace-groupes\/\",\"name\":\"Sorties Groupes\",\"description\":\"Un site utilisant Val de Marne Tourisme &amp; Loisirs Sites\",\"potentialAction\":[{\"@type\":\"SearchAction\",\"target\":{\"@type\":\"EntryPoint\",\"urlTemplate\":\"https:\/\/www.tourisme-valdemarne.com\/espace-groupes\/?s={search_term_string}\"},\"query-input\":{\"@type\":\"PropertyValueSpecification\",\"valueRequired\":true,\"valueName\":\"search_term_string\"}}],\"inLanguage\":\"fr-FR\"}]}<\/script>\n<!-- \/ Yoast SEO plugin. -->","yoast_head_json":{"title":"Habiter la ville autrement :\u00a0\u00a0 - Sorties Groupes","robots":{"index":"index","follow":"follow","max-snippet":"max-snippet:-1","max-image-preview":"max-image-preview:large","max-video-preview":"max-video-preview:-1"},"canonical":"https:\/\/www.tourisme-valdemarne.com\/espace-groupes\/les-visites-de-lete\/habiter-la-ville-autrement\/","og_locale":"fr_FR","og_type":"article","og_title":"Habiter la ville autrement :\u00a0\u00a0 - Sorties Groupes","og_description":"L\u2019extraordinaire projet de Gailhoustet et Renaudie \u00e0 Ivry-sur-Seine&nbsp; &lt;&#8211; Retour aux visites Date\u202f:\u00a028 juin 11h Lieu : Ivry-sur-Seine&nbsp;&nbsp;&nbsp; Dur\u00e9e : 2h&nbsp;&nbsp; Acc\u00e8s en transport en commun : M\u00e9tro ligne 7 station Mairie d\u2019Ivry RER C station Gare d\u2019Ivry-sur-Seine&nbsp;&nbsp;&nbsp; Langue : Fran\u00e7ais&nbsp; Descriptif&nbsp;&nbsp; Plus d\u2019un demi-si\u00e8cle apr\u00e8s sa r\u00e9alisation, le projet du centre-ville d\u2019Ivry sur Seine, [&hellip;]","og_url":"https:\/\/www.tourisme-valdemarne.com\/espace-groupes\/les-visites-de-lete\/habiter-la-ville-autrement\/","og_site_name":"Sorties Groupes","article_modified_time":"2025-06-05T06:59:33+00:00","og_image":[{"width":600,"height":604,"url":"https:\/\/www.tourisme-valdemarne.com\/espace-groupes\/wp-content\/uploads\/sites\/2\/2025\/03\/habiter-la-ville-autrement-a-ivry-sur-seine.jpg","type":"image\/jpeg"}],"twitter_card":"summary_large_image","twitter_misc":{"Dur\u00e9e de lecture estim\u00e9e":"2 minutes"},"schema":{"@context":"https:\/\/schema.org","@graph":[{"@type":"WebPage","@id":"https:\/\/www.tourisme-valdemarne.com\/espace-groupes\/les-visites-de-lete\/habiter-la-ville-autrement\/","url":"https:\/\/www.tourisme-valdemarne.com\/espace-groupes\/les-visites-de-lete\/habiter-la-ville-autrement\/","name":"Habiter la ville autrement :\u00a0\u00a0 - Sorties Groupes","isPartOf":{"@id":"https:\/\/www.tourisme-valdemarne.com\/espace-groupes\/#website"},"primaryImageOfPage":{"@id":"https:\/\/www.tourisme-valdemarne.com\/espace-groupes\/les-visites-de-lete\/habiter-la-ville-autrement\/#primaryimage"},"image":{"@id":"https:\/\/www.tourisme-valdemarne.com\/espace-groupes\/les-visites-de-lete\/habiter-la-ville-autrement\/#primaryimage"},"thumbnailUrl":"https:\/\/www.tourisme-valdemarne.com\/espace-groupes\/wp-content\/uploads\/sites\/2\/2025\/03\/habiter-la-ville-autrement-a-ivry-sur-seine.jpg","datePublished":"2025-03-05T08:46:20+00:00","dateModified":"2025-06-05T06:59:33+00:00","breadcrumb":{"@id":"https:\/\/www.tourisme-valdemarne.com\/espace-groupes\/les-visites-de-lete\/habiter-la-ville-autrement\/#breadcrumb"},"inLanguage":"fr-FR","potentialAction":[{"@type":"ReadAction","target":["https:\/\/www.tourisme-valdemarne.com\/espace-groupes\/les-visites-de-lete\/habiter-la-ville-autrement\/"]}]},{"@type":"ImageObject","inLanguage":"fr-FR","@id":"https:\/\/www.tourisme-valdemarne.com\/espace-groupes\/les-visites-de-lete\/habiter-la-ville-autrement\/#primaryimage","url":"https:\/\/www.tourisme-valdemarne.com\/espace-groupes\/wp-content\/uploads\/sites\/2\/2025\/03\/habiter-la-ville-autrement-a-ivry-sur-seine.jpg","contentUrl":"https:\/\/www.tourisme-valdemarne.com\/espace-groupes\/wp-content\/uploads\/sites\/2\/2025\/03\/habiter-la-ville-autrement-a-ivry-sur-seine.jpg","width":600,"height":604},{"@type":"BreadcrumbList","@id":"https:\/\/www.tourisme-valdemarne.com\/espace-groupes\/les-visites-de-lete\/habiter-la-ville-autrement\/#breadcrumb","itemListElement":[{"@type":"ListItem","position":1,"name":"Accueil","item":"https:\/\/www.tourisme-valdemarne.com\/espace-groupes\/"},{"@type":"ListItem","position":2,"name":"Mon \u00e9t\u00e9 2025 en Val-de-Marne &#8211; programmation","item":"https:\/\/www.tourisme-valdemarne.com\/espace-groupes\/les-visites-de-lete\/"},{"@type":"ListItem","position":3,"name":"Habiter la ville autrement :\u00a0\u00a0"}]},{"@type":"WebSite","@id":"https:\/\/www.tourisme-valdemarne.com\/espace-groupes\/#website","url":"https:\/\/www.tourisme-valdemarne.com\/espace-groupes\/","name":"Sorties Groupes","description":"Un site utilisant Val de Marne Tourisme &amp; Loisirs Sites","potentialAction":[{"@type":"SearchAction","target":{"@type":"EntryPoint","urlTemplate":"https:\/\/www.tourisme-valdemarne.com\/espace-groupes\/?s={search_term_string}"},"query-input":{"@type":"PropertyValueSpecification","valueRequired":true,"valueName":"search_term_string"}}],"inLanguage":"fr-FR"}]}},"_links":{"self":[{"href":"https:\/\/www.tourisme-valdemarne.com\/espace-groupes\/wp-json\/wp\/v2\/pages\/8943","targetHints":{"allow":["GET"]}}],"collection":[{"href":"https:\/\/www.tourisme-valdemarne.com\/espace-groupes\/wp-json\/wp\/v2\/pages"}],"about":[{"href":"https:\/\/www.tourisme-valdemarne.com\/espace-groupes\/wp-json\/wp\/v2\/types\/page"}],"author":[{"embeddable":true,"href":"https:\/\/www.tourisme-valdemarne.com\/espace-groupes\/wp-json\/wp\/v2\/users\/20"}],"replies":[{"embeddable":true,"href":"https:\/\/www.tourisme-valdemarne.com\/espace-groupes\/wp-json\/wp\/v2\/comments?post=8943"}],"version-history":[{"count":12,"href":"https:\/\/www.tourisme-valdemarne.com\/espace-groupes\/wp-json\/wp\/v2\/pages\/8943\/revisions"}],"predecessor-version":[{"id":9317,"href":"https:\/\/www.tourisme-valdemarne.com\/espace-groupes\/wp-json\/wp\/v2\/pages\/8943\/revisions\/9317"}],"up":[{"embeddable":true,"href":"https:\/\/www.tourisme-valdemarne.com\/espace-groupes\/wp-json\/wp\/v2\/pages\/4813"}],"wp:featuredmedia":[{"embeddable":true,"href":"https:\/\/www.tourisme-valdemarne.com\/espace-groupes\/wp-json\/wp\/v2\/media\/8963"}],"wp:attachment":[{"href":"https:\/\/www.tourisme-valdemarne.com\/espace-groupes\/wp-json\/wp\/v2\/media?parent=8943"}],"wp:term":[{"taxonomy":"vdmTagMarketing","embeddable":true,"href":"https:\/\/www.tourisme-valdemarne.com\/espace-groupes\/wp-json\/wp\/v2\/vdmTagMarketing?post=8943"}],"curies":[{"name":"wp","href":"https:\/\/api.w.org\/{rel}","templated":true}]}}