{"id":68,"date":"2019-04-10T17:39:04","date_gmt":"2019-04-10T15:39:04","guid":{"rendered":"https:\/\/www.tourisme-valdemarne.com\/espace-groupes\/?page_id=68"},"modified":"2024-03-04T15:30:49","modified_gmt":"2024-03-04T14:30:49","slug":"repas-animes","status":"publish","type":"page","link":"https:\/\/www.tourisme-valdemarne.com\/espace-groupes\/sorties-thematiques\/repas-animes\/","title":{"rendered":"Repas anim\u00e9s"},"content":{"rendered":"\n<p class=\"is-style-excerpt\">Cette rubrique est consacr\u00e9e aux guinguettes, v\u00e9ritable symbole de la culture des bords de Marne mais aussi aux autres sites proposant des repas avec animation. <\/p>\n\n\n\n<p><strong><a rel=\"noreferrer noopener\" href=\"https:\/\/www.tourisme-valdemarne.com\/espace-groupes\/visites-groupes\/croisiere-au-pays-des-guinguettes\/\" target=\"_blank\">Les guinguettes<\/a><\/strong> constituent<strong> un \u00e9l\u00e9ment marquant de l\u2019identit\u00e9 des boucles de la Marne<\/strong>. Leur histoire est li\u00e9e aux loisirs ouvriers et aux \u00ab Dimanches au bord de l\u2019eau \u00bb. On s\u2019y rendait le dimanche et les jours f\u00e9ri\u00e9s pour y exercer des activit\u00e9s vari\u00e9es, tr\u00e8s souvent li\u00e9es \u00e0 l\u2019eau (r\u00e9gate, canotage, natation, concours de plongeon, courses d\u2019aviron, joutes, p\u00eache\u2026), mais aussi pour s\u2019amuser avec les jeux de foire, de quilles, de boules et balan\u00e7oires\u2026 <strong>On s\u2019y attablait pour savourer une cuisine simple servie avec du vin<\/strong> blanc ou rouge et on y dansait la valse, la polka et plus tard, la valse \u00ab Musette \u00bb. Ces guinguettes se trouvent \u00e0 Champigny-sur-Marne, \u00e0 Joinville-le-Pont et \u00e0 Villeneuve-Saint-Georges. <\/p>\n\n\n\n<figure class=\"wp-block-image alignwide\"><a href=\"https:\/\/www.tourisme-valdemarne.com\/espace-groupes\/wp-content\/uploads\/sites\/2\/2019\/05\/page-23-hippodrome-de-vincennes-jean-pierre-salle.jpg\"><img width=\"1200\" height=\"801\" data-src=\"https:\/\/www.tourisme-valdemarne.com\/espace-groupes\/wp-content\/uploads\/sites\/2\/2019\/05\/page-23-hippodrome-de-vincennes-jean-pierre-salle-1200x801.jpg\" alt=\"restaurant Hippodrome de Vincennes\" class=\"wp-image-762\" srcset=\"https:\/\/www.tourisme-valdemarne.com\/espace-groupes\/wp-content\/uploads\/sites\/2\/2019\/05\/page-23-hippodrome-de-vincennes-jean-pierre-salle-1200x801.jpg 1200w, https:\/\/www.tourisme-valdemarne.com\/espace-groupes\/wp-content\/uploads\/sites\/2\/2019\/05\/page-23-hippodrome-de-vincennes-jean-pierre-salle-600x401.jpg 600w, https:\/\/www.tourisme-valdemarne.com\/espace-groupes\/wp-content\/uploads\/sites\/2\/2019\/05\/page-23-hippodrome-de-vincennes-jean-pierre-salle-900x601.jpg 900w, https:\/\/www.tourisme-valdemarne.com\/espace-groupes\/wp-content\/uploads\/sites\/2\/2019\/05\/page-23-hippodrome-de-vincennes-jean-pierre-salle-200x134.jpg 200w, https:\/\/www.tourisme-valdemarne.com\/espace-groupes\/wp-content\/uploads\/sites\/2\/2019\/05\/page-23-hippodrome-de-vincennes-jean-pierre-salle.jpg 1600w\" sizes=\"(max-width: 1200px) 100vw, 1200px\" \/><\/a><figcaption>Restaurant de l&rsquo;hippodrome de Vincennes \u00a9Jean Pierre Salle<\/figcaption><\/figure>\n\n\n\n<p>D\u2019autres lieux proposent \u00e9galement des prestations avec des repas anim\u00e9s :<\/p>\n\n\n\n<p>C\u2019est le cas de <strong><a href=\"https:\/\/www.tourisme-valdemarne.com\/loisir\/hippodrome-de-paris-vincennes\/\">l\u2019hippodrome de Vincennes<\/a><\/strong>. Au programme\u00a0: la visite des \u00e9curies o\u00f9 vous d\u00e9couvrirez la salle des balances, la salle v\u00e9t\u00e9rinaire, le harnachement des chevaux, les sulkys et les jockeys qui se pr\u00e9parent pour les courses. Ensuite place au repas, install\u00e9s au<strong> <a href=\"https:\/\/www.tourisme-valdemarne.com\/restaurant\/le-panoramique\/\">restaurant panoramique de l\u2019hippodrome<\/a><\/strong>, vous pourrez suivre les courses et m\u00eame vous laissez tenter par les paris. <\/p>\n\n\n\n<p>Autre lieu original dans le Val-de-Marne, l\u2019\u00e9tablissement Patrimoine et Terroirs vous propose de venir <strong>vivre une soir\u00e9e hors du commun au c\u0153ur du march\u00e9 de Rungis<\/strong> dans <strong>un camion sp\u00e9cialement am\u00e9nag\u00e9 pour vous recevoir<\/strong>. Vous serez accueillis, servis, conseill\u00e9s par des \u00e9tudiants aux m\u00e9tiers de la bouche, qui s\u2019occuperont de tout&nbsp;: depuis la cuisine jusqu\u2019\u00e0 l\u2019animation puisqu\u2019ils vous pr\u00e9senteront une pi\u00e8ce de th\u00e9\u00e2tre pendant le repas. A la fin de la visite, vous noterez les \u00e9l\u00e8ves. <\/p>\n\n\n\n<p>Pour terminer, nous vous proposons de prendre un <strong>repas gastronomique sous le signe de la Chine<\/strong>. A la confluence de la Seine et de la Marne \u00e0 Alfortville se dresse le complexe h\u00f4telier <strong><a href=\"https:\/\/www.tourisme-valdemarne.com\/espace-groupes\/visites-groupes\/dejeuner-gastronomique-a-huatian-chinagora\/\" target=\"_blank\" rel=\"noreferrer noopener\">Huatian Chinagora<\/a><\/strong>, \u00e0 l\u2019architecture aussi inattendue qu\u2019exotique. Vous y trouverez un d\u00e9cor soign\u00e9, une cuisine fine et d\u00e9paysante de style Hunan, l\u2019occasion d\u2019une v\u00e9ritable d\u00e9couverte culinaire.<\/p>\n\n\n\n<p class=\"is-style-highlight\">Vous souhaitez d\u2019autres suggestions de repas anim\u00e9s&nbsp;? Nous sommes \u00e0 votre disposition pour vous faire de nouvelles propositions et <strong><a href=\"https:\/\/www.tourisme-valdemarne.com\/espace-groupes\/contact\/\" target=\"_blank\" rel=\"noreferrer noopener\">vous organiser une sortie sur mesure qui correspondra \u00e0 vos attentes<\/a>.<\/strong><\/p>\n","protected":false},"excerpt":{"rendered":"<p>Cette rubrique est consacr\u00e9e aux guinguettes, v\u00e9ritable symbole de la culture des bords de Marne mais aussi aux autres sites proposant des repas avec animation. Les guinguettes constituent un \u00e9l\u00e9ment marquant de l\u2019identit\u00e9 des boucles de la Marne. Leur histoire est li\u00e9e aux loisirs ouvriers et aux \u00ab Dimanches au bord de l\u2019eau \u00bb. On [&hellip;]<\/p>\n","protected":false},"author":1,"featured_media":2948,"parent":11,"menu_order":50,"comment_status":"closed","ping_status":"closed","template":"partials\/template-sit.php","meta":{"_relevanssi_hide_post":"","_relevanssi_hide_content":"","_relevanssi_pin_for_all":"","_relevanssi_pin_keywords":"","_relevanssi_unpin_keywords":"","_relevanssi_related_keywords":"","_relevanssi_related_include_ids":"","_relevanssi_related_exclude_ids":"","_relevanssi_related_no_append":"","_relevanssi_related_not_related":"","_relevanssi_related_posts":"1111,1121,1111,1221,1120","_relevanssi_noindex_reason":"","footnotes":""},"vdmTagMarketing":[],"class_list":["post-68","page","type-page","status-publish","has-post-thumbnail","hentry"],"acf":[],"yoast_head":"<!-- This site is optimized with the Yoast SEO plugin v23.9 - https:\/\/yoast.com\/wordpress\/plugins\/seo\/ -->\n<title>Repas anim\u00e9s - Sorties Groupes en Val-de-Marne (94)<\/title>\n<meta name=\"description\" content=\"Vous \u00eates \u00e0 la recherche d&#039;un endroit anim\u00e9 pour d\u00e9jeuner lors d&#039;une sortie groupe en Val-de-Marne (94) ? D\u00e9couvrez notre s\u00e9lection de sites.\" \/>\n<meta name=\"robots\" content=\"index, follow, max-snippet:-1, max-image-preview:large, max-video-preview:-1\" \/>\n<link rel=\"canonical\" href=\"https:\/\/www.tourisme-valdemarne.com\/espace-groupes\/sorties-thematiques\/repas-animes\/\" \/>\n<meta property=\"og:locale\" content=\"fr_FR\" \/>\n<meta property=\"og:type\" content=\"article\" \/>\n<meta property=\"og:title\" content=\"Repas anim\u00e9s - Sorties Groupes en Val-de-Marne (94)\" \/>\n<meta property=\"og:description\" content=\"Vous \u00eates \u00e0 la recherche d&#039;un endroit anim\u00e9 pour d\u00e9jeuner lors d&#039;une sortie groupe en Val-de-Marne (94) ? D\u00e9couvrez notre s\u00e9lection de sites.\" \/>\n<meta property=\"og:url\" content=\"https:\/\/www.tourisme-valdemarne.com\/espace-groupes\/sorties-thematiques\/repas-animes\/\" \/>\n<meta property=\"og:site_name\" content=\"Sorties Groupes\" \/>\n<meta property=\"article:modified_time\" content=\"2024-03-04T14:30:49+00:00\" \/>\n<meta property=\"og:image\" content=\"https:\/\/www.tourisme-valdemarne.com\/espace-groupes\/wp-content\/uploads\/sites\/2\/2022\/03\/repas-chez-gegene-joinville.jpg\" \/>\n\t<meta property=\"og:image:width\" content=\"1100\" \/>\n\t<meta property=\"og:image:height\" content=\"733\" \/>\n\t<meta property=\"og:image:type\" content=\"image\/jpeg\" \/>\n<meta name=\"twitter:card\" content=\"summary_large_image\" \/>\n<meta name=\"twitter:label1\" content=\"Dur\u00e9e de lecture estim\u00e9e\" \/>\n\t<meta name=\"twitter:data1\" content=\"3 minutes\" \/>\n<script type=\"application\/ld+json\" class=\"yoast-schema-graph\">{\"@context\":\"https:\/\/schema.org\",\"@graph\":[{\"@type\":\"WebPage\",\"@id\":\"https:\/\/www.tourisme-valdemarne.com\/espace-groupes\/sorties-thematiques\/repas-animes\/\",\"url\":\"https:\/\/www.tourisme-valdemarne.com\/espace-groupes\/sorties-thematiques\/repas-animes\/\",\"name\":\"Repas anim\u00e9s - Sorties Groupes en Val-de-Marne (94)\",\"isPartOf\":{\"@id\":\"https:\/\/www.tourisme-valdemarne.com\/espace-groupes\/#website\"},\"primaryImageOfPage\":{\"@id\":\"https:\/\/www.tourisme-valdemarne.com\/espace-groupes\/sorties-thematiques\/repas-animes\/#primaryimage\"},\"image\":{\"@id\":\"https:\/\/www.tourisme-valdemarne.com\/espace-groupes\/sorties-thematiques\/repas-animes\/#primaryimage\"},\"thumbnailUrl\":\"https:\/\/www.tourisme-valdemarne.com\/espace-groupes\/wp-content\/uploads\/sites\/2\/2022\/03\/repas-chez-gegene-joinville.jpg\",\"datePublished\":\"2019-04-10T15:39:04+00:00\",\"dateModified\":\"2024-03-04T14:30:49+00:00\",\"description\":\"Vous \u00eates \u00e0 la recherche d'un endroit anim\u00e9 pour d\u00e9jeuner lors d'une sortie groupe en Val-de-Marne (94) ? D\u00e9couvrez notre s\u00e9lection de sites.\",\"breadcrumb\":{\"@id\":\"https:\/\/www.tourisme-valdemarne.com\/espace-groupes\/sorties-thematiques\/repas-animes\/#breadcrumb\"},\"inLanguage\":\"fr-FR\",\"potentialAction\":[{\"@type\":\"ReadAction\",\"target\":[\"https:\/\/www.tourisme-valdemarne.com\/espace-groupes\/sorties-thematiques\/repas-animes\/\"]}]},{\"@type\":\"ImageObject\",\"inLanguage\":\"fr-FR\",\"@id\":\"https:\/\/www.tourisme-valdemarne.com\/espace-groupes\/sorties-thematiques\/repas-animes\/#primaryimage\",\"url\":\"https:\/\/www.tourisme-valdemarne.com\/espace-groupes\/wp-content\/uploads\/sites\/2\/2022\/03\/repas-chez-gegene-joinville.jpg\",\"contentUrl\":\"https:\/\/www.tourisme-valdemarne.com\/espace-groupes\/wp-content\/uploads\/sites\/2\/2022\/03\/repas-chez-gegene-joinville.jpg\",\"width\":1100,\"height\":733,\"caption\":\"Repas \u00e0 la guinguette Chez G\u00e9g\u00e8ne \u00a9 CDT94\/www.photoinfographe.com\"},{\"@type\":\"BreadcrumbList\",\"@id\":\"https:\/\/www.tourisme-valdemarne.com\/espace-groupes\/sorties-thematiques\/repas-animes\/#breadcrumb\",\"itemListElement\":[{\"@type\":\"ListItem\",\"position\":1,\"name\":\"Accueil\",\"item\":\"https:\/\/www.tourisme-valdemarne.com\/espace-groupes\/\"},{\"@type\":\"ListItem\",\"position\":2,\"name\":\"Sorties th\u00e9matiques\",\"item\":\"https:\/\/www.tourisme-valdemarne.com\/espace-groupes\/sorties-thematiques\/\"},{\"@type\":\"ListItem\",\"position\":3,\"name\":\"Repas anim\u00e9s\"}]},{\"@type\":\"WebSite\",\"@id\":\"https:\/\/www.tourisme-valdemarne.com\/espace-groupes\/#website\",\"url\":\"https:\/\/www.tourisme-valdemarne.com\/espace-groupes\/\",\"name\":\"Sorties Groupes\",\"description\":\"Un site utilisant Val de Marne Tourisme &amp; Loisirs Sites\",\"potentialAction\":[{\"@type\":\"SearchAction\",\"target\":{\"@type\":\"EntryPoint\",\"urlTemplate\":\"https:\/\/www.tourisme-valdemarne.com\/espace-groupes\/?s={search_term_string}\"},\"query-input\":{\"@type\":\"PropertyValueSpecification\",\"valueRequired\":true,\"valueName\":\"search_term_string\"}}],\"inLanguage\":\"fr-FR\"}]}<\/script>\n<!-- \/ Yoast SEO plugin. -->","yoast_head_json":{"title":"Repas anim\u00e9s - Sorties Groupes en Val-de-Marne (94)","description":"Vous \u00eates \u00e0 la recherche d'un endroit anim\u00e9 pour d\u00e9jeuner lors d'une sortie groupe en Val-de-Marne (94) ? D\u00e9couvrez notre s\u00e9lection de sites.","robots":{"index":"index","follow":"follow","max-snippet":"max-snippet:-1","max-image-preview":"max-image-preview:large","max-video-preview":"max-video-preview:-1"},"canonical":"https:\/\/www.tourisme-valdemarne.com\/espace-groupes\/sorties-thematiques\/repas-animes\/","og_locale":"fr_FR","og_type":"article","og_title":"Repas anim\u00e9s - Sorties Groupes en Val-de-Marne (94)","og_description":"Vous \u00eates \u00e0 la recherche d'un endroit anim\u00e9 pour d\u00e9jeuner lors d'une sortie groupe en Val-de-Marne (94) ? D\u00e9couvrez notre s\u00e9lection de sites.","og_url":"https:\/\/www.tourisme-valdemarne.com\/espace-groupes\/sorties-thematiques\/repas-animes\/","og_site_name":"Sorties Groupes","article_modified_time":"2024-03-04T14:30:49+00:00","og_image":[{"width":1100,"height":733,"url":"https:\/\/www.tourisme-valdemarne.com\/espace-groupes\/wp-content\/uploads\/sites\/2\/2022\/03\/repas-chez-gegene-joinville.jpg","type":"image\/jpeg"}],"twitter_card":"summary_large_image","twitter_misc":{"Dur\u00e9e de lecture estim\u00e9e":"3 minutes"},"schema":{"@context":"https:\/\/schema.org","@graph":[{"@type":"WebPage","@id":"https:\/\/www.tourisme-valdemarne.com\/espace-groupes\/sorties-thematiques\/repas-animes\/","url":"https:\/\/www.tourisme-valdemarne.com\/espace-groupes\/sorties-thematiques\/repas-animes\/","name":"Repas anim\u00e9s - Sorties Groupes en Val-de-Marne (94)","isPartOf":{"@id":"https:\/\/www.tourisme-valdemarne.com\/espace-groupes\/#website"},"primaryImageOfPage":{"@id":"https:\/\/www.tourisme-valdemarne.com\/espace-groupes\/sorties-thematiques\/repas-animes\/#primaryimage"},"image":{"@id":"https:\/\/www.tourisme-valdemarne.com\/espace-groupes\/sorties-thematiques\/repas-animes\/#primaryimage"},"thumbnailUrl":"https:\/\/www.tourisme-valdemarne.com\/espace-groupes\/wp-content\/uploads\/sites\/2\/2022\/03\/repas-chez-gegene-joinville.jpg","datePublished":"2019-04-10T15:39:04+00:00","dateModified":"2024-03-04T14:30:49+00:00","description":"Vous \u00eates \u00e0 la recherche d'un endroit anim\u00e9 pour d\u00e9jeuner lors d'une sortie groupe en Val-de-Marne (94) ? D\u00e9couvrez notre s\u00e9lection de sites.","breadcrumb":{"@id":"https:\/\/www.tourisme-valdemarne.com\/espace-groupes\/sorties-thematiques\/repas-animes\/#breadcrumb"},"inLanguage":"fr-FR","potentialAction":[{"@type":"ReadAction","target":["https:\/\/www.tourisme-valdemarne.com\/espace-groupes\/sorties-thematiques\/repas-animes\/"]}]},{"@type":"ImageObject","inLanguage":"fr-FR","@id":"https:\/\/www.tourisme-valdemarne.com\/espace-groupes\/sorties-thematiques\/repas-animes\/#primaryimage","url":"https:\/\/www.tourisme-valdemarne.com\/espace-groupes\/wp-content\/uploads\/sites\/2\/2022\/03\/repas-chez-gegene-joinville.jpg","contentUrl":"https:\/\/www.tourisme-valdemarne.com\/espace-groupes\/wp-content\/uploads\/sites\/2\/2022\/03\/repas-chez-gegene-joinville.jpg","width":1100,"height":733,"caption":"Repas \u00e0 la guinguette Chez G\u00e9g\u00e8ne \u00a9 CDT94\/www.photoinfographe.com"},{"@type":"BreadcrumbList","@id":"https:\/\/www.tourisme-valdemarne.com\/espace-groupes\/sorties-thematiques\/repas-animes\/#breadcrumb","itemListElement":[{"@type":"ListItem","position":1,"name":"Accueil","item":"https:\/\/www.tourisme-valdemarne.com\/espace-groupes\/"},{"@type":"ListItem","position":2,"name":"Sorties th\u00e9matiques","item":"https:\/\/www.tourisme-valdemarne.com\/espace-groupes\/sorties-thematiques\/"},{"@type":"ListItem","position":3,"name":"Repas anim\u00e9s"}]},{"@type":"WebSite","@id":"https:\/\/www.tourisme-valdemarne.com\/espace-groupes\/#website","url":"https:\/\/www.tourisme-valdemarne.com\/espace-groupes\/","name":"Sorties Groupes","description":"Un site utilisant Val de Marne Tourisme &amp; Loisirs Sites","potentialAction":[{"@type":"SearchAction","target":{"@type":"EntryPoint","urlTemplate":"https:\/\/www.tourisme-valdemarne.com\/espace-groupes\/?s={search_term_string}"},"query-input":{"@type":"PropertyValueSpecification","valueRequired":true,"valueName":"search_term_string"}}],"inLanguage":"fr-FR"}]}},"_links":{"self":[{"href":"https:\/\/www.tourisme-valdemarne.com\/espace-groupes\/wp-json\/wp\/v2\/pages\/68","targetHints":{"allow":["GET"]}}],"collection":[{"href":"https:\/\/www.tourisme-valdemarne.com\/espace-groupes\/wp-json\/wp\/v2\/pages"}],"about":[{"href":"https:\/\/www.tourisme-valdemarne.com\/espace-groupes\/wp-json\/wp\/v2\/types\/page"}],"author":[{"embeddable":true,"href":"https:\/\/www.tourisme-valdemarne.com\/espace-groupes\/wp-json\/wp\/v2\/users\/1"}],"replies":[{"embeddable":true,"href":"https:\/\/www.tourisme-valdemarne.com\/espace-groupes\/wp-json\/wp\/v2\/comments?post=68"}],"version-history":[{"count":20,"href":"https:\/\/www.tourisme-valdemarne.com\/espace-groupes\/wp-json\/wp\/v2\/pages\/68\/revisions"}],"predecessor-version":[{"id":8126,"href":"https:\/\/www.tourisme-valdemarne.com\/espace-groupes\/wp-json\/wp\/v2\/pages\/68\/revisions\/8126"}],"up":[{"embeddable":true,"href":"https:\/\/www.tourisme-valdemarne.com\/espace-groupes\/wp-json\/wp\/v2\/pages\/11"}],"wp:featuredmedia":[{"embeddable":true,"href":"https:\/\/www.tourisme-valdemarne.com\/espace-groupes\/wp-json\/wp\/v2\/media\/2948"}],"wp:attachment":[{"href":"https:\/\/www.tourisme-valdemarne.com\/espace-groupes\/wp-json\/wp\/v2\/media?parent=68"}],"wp:term":[{"taxonomy":"vdmTagMarketing","embeddable":true,"href":"https:\/\/www.tourisme-valdemarne.com\/espace-groupes\/wp-json\/wp\/v2\/vdmTagMarketing?post=68"}],"curies":[{"name":"wp","href":"https:\/\/api.w.org\/{rel}","templated":true}]}}