{"id":64,"date":"2019-04-10T17:38:03","date_gmt":"2019-04-10T15:38:03","guid":{"rendered":"https:\/\/www.tourisme-valdemarne.com\/espace-groupes\/?page_id=64"},"modified":"2024-02-06T11:44:58","modified_gmt":"2024-02-06T10:44:58","slug":"balades-decouvertes","status":"publish","type":"page","link":"https:\/\/www.tourisme-valdemarne.com\/espace-groupes\/sorties-thematiques\/balades-decouvertes\/","title":{"rendered":"Balades d\u00e9couvertes"},"content":{"rendered":"\n<p class=\"is-style-excerpt\">Le Val-de-Marne poss\u00e8de de nombreuses possibilit\u00e9s de <strong>balades tourn\u00e9es vers la nature ou plus urbaines. <\/strong>Des d\u00e9ambulations \u00e0 pied propices \u00e0 la d\u00e9couverte et \u00e0 la rencontre avec des passionn\u00e9s du territoire.<\/p>\n\n\n\n<p>Pour revivre l\u2019ambiance de la Belle \u00e9poque, testez la balade <strong><a href=\"https:\/\/www.tourisme-valdemarne.com\/espace-groupes\/visites-groupes\/balade-sur-les-bords-de-marne-de-nogent-sur-marne-ou-le-perreux-sur-marne-lieu-a-preciser-a-la-reservation\/\" target=\"_blank\" rel=\"noreferrer noopener\">\u00e0 la d\u00e9couverte de l\u2019histoire et de l\u2019architecture des bords de Marne<\/a> <\/strong>dans les villes de Nogent-sur-Marne et du Perreux-sur-Marne.<\/p>\n\n\n\n<p>Plut\u00f4t tentez par la <strong>d\u00e9couverte du street art<\/strong>\u00a0? Nous vous proposons \u00e9galement de nombreuses balades urbaines ax\u00e9es sur ce th\u00e8me. Les rues de villes comme<strong> Vitry-sur-Seine<\/strong> sont devenues un immense mus\u00e9e \u00e0 ciel ouvert et des artistes de renomm\u00e9e internationale s\u2019y rendent fr\u00e9quemment pour y poser des \u0153uvres. Cette ville a \u00e9t\u00e9 pionni\u00e8re dans l\u2019accueil des artistes de rue et a toujours manifest\u00e9 sa volont\u00e9 d\u2019utiliser l\u2018art comme lien entre les populations. Les \u0153uvres sont donc ins\u00e9r\u00e9es au c\u0153ur de la vie quotidienne d\u2019une population locale tr\u00e8s ouverte et r\u00e9ceptive \u00e0 cette forme d\u2019art. <\/p>\n\n\n\n<figure class=\"wp-block-image alignwide\"><img width=\"1200\" height=\"801\" data-src=\"https:\/\/www.tourisme-valdemarne.com\/espace-groupes\/wp-content\/uploads\/sites\/2\/2019\/05\/oeuvre-takt-sueb-street-art-vitry-sur-seine-cp-crt-idf-1200x801.jpg\" alt=\"oeuvre de street art\" class=\"wp-image-184\" srcset=\"https:\/\/www.tourisme-valdemarne.com\/espace-groupes\/wp-content\/uploads\/sites\/2\/2019\/05\/oeuvre-takt-sueb-street-art-vitry-sur-seine-cp-crt-idf-1200x801.jpg 1200w, https:\/\/www.tourisme-valdemarne.com\/espace-groupes\/wp-content\/uploads\/sites\/2\/2019\/05\/oeuvre-takt-sueb-street-art-vitry-sur-seine-cp-crt-idf-600x401.jpg 600w, https:\/\/www.tourisme-valdemarne.com\/espace-groupes\/wp-content\/uploads\/sites\/2\/2019\/05\/oeuvre-takt-sueb-street-art-vitry-sur-seine-cp-crt-idf-900x601.jpg 900w, https:\/\/www.tourisme-valdemarne.com\/espace-groupes\/wp-content\/uploads\/sites\/2\/2019\/05\/oeuvre-takt-sueb-street-art-vitry-sur-seine-cp-crt-idf-200x134.jpg 200w, https:\/\/www.tourisme-valdemarne.com\/espace-groupes\/wp-content\/uploads\/sites\/2\/2019\/05\/oeuvre-takt-sueb-street-art-vitry-sur-seine-cp-crt-idf.jpg 1600w\" sizes=\"(max-width: 1200px) 100vw, 1200px\" \/><figcaption>Oeuvre Takt et Sueb \n&#8211; Street art \u00e0 Vitry-sur-Seine \u00a9CDT94<\/figcaption><\/figure>\n\n\n\n<p>Ce type de balades existe aussi dans le <strong>13<sup>\u00e8me<\/sup> arrondissement de Paris<\/strong> dans le quartier de la Butte aux Cailles et tout autour de la Place d\u2019Italie. En effet, la Mairie d\u2019arrondissement, en collaboration avec la galerie \u00ab\u00a0Itin\u00e9rrance\u00a0\u00bb a permis \u00e0 plus d\u2019une centaine d\u2019artistes internationaux de recouvrir des muraux immenses tout au long de la ligne 6 du m\u00e9tro.<\/p>\n\n\n\n<p class=\"is-style-highlight\">Vous souhaitez d\u2019autres suggestions de sorties sur la th\u00e9matique Balades d\u00e9couvertes&nbsp;? Nous sommes \u00e0 votre disposition pour vous faire de nouvelles propositions et <a href=\"https:\/\/www.tourisme-valdemarne.com\/espace-groupes\/contact\/\" target=\"_blank\" rel=\"noreferrer noopener\">vous organiser <strong>une sortie sur mesure qui correspondra \u00e0 vos attentes<\/strong><\/a><strong>.<\/strong><\/p>\n","protected":false},"excerpt":{"rendered":"<p>Le Val-de-Marne poss\u00e8de de nombreuses possibilit\u00e9s de balades tourn\u00e9es vers la nature ou plus urbaines. Des d\u00e9ambulations \u00e0 pied propices \u00e0 la d\u00e9couverte et \u00e0 la rencontre avec des passionn\u00e9s du territoire. Pour revivre l\u2019ambiance de la Belle \u00e9poque, testez la balade \u00e0 la d\u00e9couverte de l\u2019histoire et de l\u2019architecture des bords de Marne dans [&hellip;]<\/p>\n","protected":false},"author":1,"featured_media":830,"parent":11,"menu_order":30,"comment_status":"closed","ping_status":"closed","template":"partials\/template-sit.php","meta":{"_relevanssi_hide_post":"","_relevanssi_hide_content":"","_relevanssi_pin_for_all":"","_relevanssi_pin_keywords":"","_relevanssi_unpin_keywords":"","_relevanssi_related_keywords":"","_relevanssi_related_include_ids":"","_relevanssi_related_exclude_ids":"","_relevanssi_related_no_append":"","_relevanssi_related_not_related":"","_relevanssi_related_posts":"1111,1111,1221,1121,1120","_relevanssi_noindex_reason":"","footnotes":""},"vdmTagMarketing":[],"class_list":["post-64","page","type-page","status-publish","has-post-thumbnail","hentry"],"acf":[],"yoast_head":"<!-- This site is optimized with the Yoast SEO plugin v23.9 - https:\/\/yoast.com\/wordpress\/plugins\/seo\/ -->\n<title>Balades d\u00e9couvertes - Sorties Groupes en Val-de-Marne (94)<\/title>\n<meta name=\"description\" content=\"D\u00e9couvrez le Val-de-Marne (94) en sorties groupes. Entre balades urbaines ou nature, explorez le d\u00e9partement sous un nouvel angle.\" \/>\n<meta name=\"robots\" content=\"index, follow, max-snippet:-1, max-image-preview:large, max-video-preview:-1\" \/>\n<link rel=\"canonical\" href=\"https:\/\/www.tourisme-valdemarne.com\/espace-groupes\/sorties-thematiques\/balades-decouvertes\/\" \/>\n<meta property=\"og:locale\" content=\"fr_FR\" \/>\n<meta property=\"og:type\" content=\"article\" \/>\n<meta property=\"og:title\" content=\"Balades d\u00e9couvertes - Sorties Groupes en Val-de-Marne (94)\" \/>\n<meta property=\"og:description\" content=\"D\u00e9couvrez le Val-de-Marne (94) en sorties groupes. Entre balades urbaines ou nature, explorez le d\u00e9partement sous un nouvel angle.\" \/>\n<meta property=\"og:url\" content=\"https:\/\/www.tourisme-valdemarne.com\/espace-groupes\/sorties-thematiques\/balades-decouvertes\/\" \/>\n<meta property=\"og:site_name\" content=\"Sorties Groupes\" \/>\n<meta property=\"article:modified_time\" content=\"2024-02-06T10:44:58+00:00\" \/>\n<meta property=\"og:image\" content=\"https:\/\/www.tourisme-valdemarne.com\/espace-groupes\/wp-content\/uploads\/sites\/2\/2019\/06\/balades-cr-cdt94.jpg\" \/>\n\t<meta property=\"og:image:width\" content=\"1600\" \/>\n\t<meta property=\"og:image:height\" content=\"1200\" \/>\n\t<meta property=\"og:image:type\" content=\"image\/jpeg\" \/>\n<meta name=\"twitter:card\" content=\"summary_large_image\" \/>\n<meta name=\"twitter:label1\" content=\"Dur\u00e9e de lecture estim\u00e9e\" \/>\n\t<meta name=\"twitter:data1\" content=\"2 minutes\" \/>\n<script type=\"application\/ld+json\" class=\"yoast-schema-graph\">{\"@context\":\"https:\/\/schema.org\",\"@graph\":[{\"@type\":\"WebPage\",\"@id\":\"https:\/\/www.tourisme-valdemarne.com\/espace-groupes\/sorties-thematiques\/balades-decouvertes\/\",\"url\":\"https:\/\/www.tourisme-valdemarne.com\/espace-groupes\/sorties-thematiques\/balades-decouvertes\/\",\"name\":\"Balades d\u00e9couvertes - Sorties Groupes en Val-de-Marne (94)\",\"isPartOf\":{\"@id\":\"https:\/\/www.tourisme-valdemarne.com\/espace-groupes\/#website\"},\"primaryImageOfPage\":{\"@id\":\"https:\/\/www.tourisme-valdemarne.com\/espace-groupes\/sorties-thematiques\/balades-decouvertes\/#primaryimage\"},\"image\":{\"@id\":\"https:\/\/www.tourisme-valdemarne.com\/espace-groupes\/sorties-thematiques\/balades-decouvertes\/#primaryimage\"},\"thumbnailUrl\":\"https:\/\/www.tourisme-valdemarne.com\/espace-groupes\/wp-content\/uploads\/sites\/2\/2019\/06\/balades-cr-cdt94.jpg\",\"datePublished\":\"2019-04-10T15:38:03+00:00\",\"dateModified\":\"2024-02-06T10:44:58+00:00\",\"description\":\"D\u00e9couvrez le Val-de-Marne (94) en sorties groupes. Entre balades urbaines ou nature, explorez le d\u00e9partement sous un nouvel angle.\",\"breadcrumb\":{\"@id\":\"https:\/\/www.tourisme-valdemarne.com\/espace-groupes\/sorties-thematiques\/balades-decouvertes\/#breadcrumb\"},\"inLanguage\":\"fr-FR\",\"potentialAction\":[{\"@type\":\"ReadAction\",\"target\":[\"https:\/\/www.tourisme-valdemarne.com\/espace-groupes\/sorties-thematiques\/balades-decouvertes\/\"]}]},{\"@type\":\"ImageObject\",\"inLanguage\":\"fr-FR\",\"@id\":\"https:\/\/www.tourisme-valdemarne.com\/espace-groupes\/sorties-thematiques\/balades-decouvertes\/#primaryimage\",\"url\":\"https:\/\/www.tourisme-valdemarne.com\/espace-groupes\/wp-content\/uploads\/sites\/2\/2019\/06\/balades-cr-cdt94.jpg\",\"contentUrl\":\"https:\/\/www.tourisme-valdemarne.com\/espace-groupes\/wp-content\/uploads\/sites\/2\/2019\/06\/balades-cr-cdt94.jpg\",\"width\":1600,\"height\":1200,\"caption\":\"Visite du jardin tropical \u00a9CDT94\"},{\"@type\":\"BreadcrumbList\",\"@id\":\"https:\/\/www.tourisme-valdemarne.com\/espace-groupes\/sorties-thematiques\/balades-decouvertes\/#breadcrumb\",\"itemListElement\":[{\"@type\":\"ListItem\",\"position\":1,\"name\":\"Accueil\",\"item\":\"https:\/\/www.tourisme-valdemarne.com\/espace-groupes\/\"},{\"@type\":\"ListItem\",\"position\":2,\"name\":\"Sorties th\u00e9matiques\",\"item\":\"https:\/\/www.tourisme-valdemarne.com\/espace-groupes\/sorties-thematiques\/\"},{\"@type\":\"ListItem\",\"position\":3,\"name\":\"Balades d\u00e9couvertes\"}]},{\"@type\":\"WebSite\",\"@id\":\"https:\/\/www.tourisme-valdemarne.com\/espace-groupes\/#website\",\"url\":\"https:\/\/www.tourisme-valdemarne.com\/espace-groupes\/\",\"name\":\"Sorties Groupes\",\"description\":\"Un site utilisant Val de Marne Tourisme &amp; Loisirs Sites\",\"potentialAction\":[{\"@type\":\"SearchAction\",\"target\":{\"@type\":\"EntryPoint\",\"urlTemplate\":\"https:\/\/www.tourisme-valdemarne.com\/espace-groupes\/?s={search_term_string}\"},\"query-input\":{\"@type\":\"PropertyValueSpecification\",\"valueRequired\":true,\"valueName\":\"search_term_string\"}}],\"inLanguage\":\"fr-FR\"}]}<\/script>\n<!-- \/ Yoast SEO plugin. -->","yoast_head_json":{"title":"Balades d\u00e9couvertes - Sorties Groupes en Val-de-Marne (94)","description":"D\u00e9couvrez le Val-de-Marne (94) en sorties groupes. Entre balades urbaines ou nature, explorez le d\u00e9partement sous un nouvel angle.","robots":{"index":"index","follow":"follow","max-snippet":"max-snippet:-1","max-image-preview":"max-image-preview:large","max-video-preview":"max-video-preview:-1"},"canonical":"https:\/\/www.tourisme-valdemarne.com\/espace-groupes\/sorties-thematiques\/balades-decouvertes\/","og_locale":"fr_FR","og_type":"article","og_title":"Balades d\u00e9couvertes - Sorties Groupes en Val-de-Marne (94)","og_description":"D\u00e9couvrez le Val-de-Marne (94) en sorties groupes. Entre balades urbaines ou nature, explorez le d\u00e9partement sous un nouvel angle.","og_url":"https:\/\/www.tourisme-valdemarne.com\/espace-groupes\/sorties-thematiques\/balades-decouvertes\/","og_site_name":"Sorties Groupes","article_modified_time":"2024-02-06T10:44:58+00:00","og_image":[{"width":1600,"height":1200,"url":"https:\/\/www.tourisme-valdemarne.com\/espace-groupes\/wp-content\/uploads\/sites\/2\/2019\/06\/balades-cr-cdt94.jpg","type":"image\/jpeg"}],"twitter_card":"summary_large_image","twitter_misc":{"Dur\u00e9e de lecture estim\u00e9e":"2 minutes"},"schema":{"@context":"https:\/\/schema.org","@graph":[{"@type":"WebPage","@id":"https:\/\/www.tourisme-valdemarne.com\/espace-groupes\/sorties-thematiques\/balades-decouvertes\/","url":"https:\/\/www.tourisme-valdemarne.com\/espace-groupes\/sorties-thematiques\/balades-decouvertes\/","name":"Balades d\u00e9couvertes - Sorties Groupes en Val-de-Marne (94)","isPartOf":{"@id":"https:\/\/www.tourisme-valdemarne.com\/espace-groupes\/#website"},"primaryImageOfPage":{"@id":"https:\/\/www.tourisme-valdemarne.com\/espace-groupes\/sorties-thematiques\/balades-decouvertes\/#primaryimage"},"image":{"@id":"https:\/\/www.tourisme-valdemarne.com\/espace-groupes\/sorties-thematiques\/balades-decouvertes\/#primaryimage"},"thumbnailUrl":"https:\/\/www.tourisme-valdemarne.com\/espace-groupes\/wp-content\/uploads\/sites\/2\/2019\/06\/balades-cr-cdt94.jpg","datePublished":"2019-04-10T15:38:03+00:00","dateModified":"2024-02-06T10:44:58+00:00","description":"D\u00e9couvrez le Val-de-Marne (94) en sorties groupes. Entre balades urbaines ou nature, explorez le d\u00e9partement sous un nouvel angle.","breadcrumb":{"@id":"https:\/\/www.tourisme-valdemarne.com\/espace-groupes\/sorties-thematiques\/balades-decouvertes\/#breadcrumb"},"inLanguage":"fr-FR","potentialAction":[{"@type":"ReadAction","target":["https:\/\/www.tourisme-valdemarne.com\/espace-groupes\/sorties-thematiques\/balades-decouvertes\/"]}]},{"@type":"ImageObject","inLanguage":"fr-FR","@id":"https:\/\/www.tourisme-valdemarne.com\/espace-groupes\/sorties-thematiques\/balades-decouvertes\/#primaryimage","url":"https:\/\/www.tourisme-valdemarne.com\/espace-groupes\/wp-content\/uploads\/sites\/2\/2019\/06\/balades-cr-cdt94.jpg","contentUrl":"https:\/\/www.tourisme-valdemarne.com\/espace-groupes\/wp-content\/uploads\/sites\/2\/2019\/06\/balades-cr-cdt94.jpg","width":1600,"height":1200,"caption":"Visite du jardin tropical \u00a9CDT94"},{"@type":"BreadcrumbList","@id":"https:\/\/www.tourisme-valdemarne.com\/espace-groupes\/sorties-thematiques\/balades-decouvertes\/#breadcrumb","itemListElement":[{"@type":"ListItem","position":1,"name":"Accueil","item":"https:\/\/www.tourisme-valdemarne.com\/espace-groupes\/"},{"@type":"ListItem","position":2,"name":"Sorties th\u00e9matiques","item":"https:\/\/www.tourisme-valdemarne.com\/espace-groupes\/sorties-thematiques\/"},{"@type":"ListItem","position":3,"name":"Balades d\u00e9couvertes"}]},{"@type":"WebSite","@id":"https:\/\/www.tourisme-valdemarne.com\/espace-groupes\/#website","url":"https:\/\/www.tourisme-valdemarne.com\/espace-groupes\/","name":"Sorties Groupes","description":"Un site utilisant Val de Marne Tourisme &amp; Loisirs Sites","potentialAction":[{"@type":"SearchAction","target":{"@type":"EntryPoint","urlTemplate":"https:\/\/www.tourisme-valdemarne.com\/espace-groupes\/?s={search_term_string}"},"query-input":{"@type":"PropertyValueSpecification","valueRequired":true,"valueName":"search_term_string"}}],"inLanguage":"fr-FR"}]}},"_links":{"self":[{"href":"https:\/\/www.tourisme-valdemarne.com\/espace-groupes\/wp-json\/wp\/v2\/pages\/64","targetHints":{"allow":["GET"]}}],"collection":[{"href":"https:\/\/www.tourisme-valdemarne.com\/espace-groupes\/wp-json\/wp\/v2\/pages"}],"about":[{"href":"https:\/\/www.tourisme-valdemarne.com\/espace-groupes\/wp-json\/wp\/v2\/types\/page"}],"author":[{"embeddable":true,"href":"https:\/\/www.tourisme-valdemarne.com\/espace-groupes\/wp-json\/wp\/v2\/users\/1"}],"replies":[{"embeddable":true,"href":"https:\/\/www.tourisme-valdemarne.com\/espace-groupes\/wp-json\/wp\/v2\/comments?post=64"}],"version-history":[{"count":18,"href":"https:\/\/www.tourisme-valdemarne.com\/espace-groupes\/wp-json\/wp\/v2\/pages\/64\/revisions"}],"predecessor-version":[{"id":8013,"href":"https:\/\/www.tourisme-valdemarne.com\/espace-groupes\/wp-json\/wp\/v2\/pages\/64\/revisions\/8013"}],"up":[{"embeddable":true,"href":"https:\/\/www.tourisme-valdemarne.com\/espace-groupes\/wp-json\/wp\/v2\/pages\/11"}],"wp:featuredmedia":[{"embeddable":true,"href":"https:\/\/www.tourisme-valdemarne.com\/espace-groupes\/wp-json\/wp\/v2\/media\/830"}],"wp:attachment":[{"href":"https:\/\/www.tourisme-valdemarne.com\/espace-groupes\/wp-json\/wp\/v2\/media?parent=64"}],"wp:term":[{"taxonomy":"vdmTagMarketing","embeddable":true,"href":"https:\/\/www.tourisme-valdemarne.com\/espace-groupes\/wp-json\/wp\/v2\/vdmTagMarketing?post=64"}],"curies":[{"name":"wp","href":"https:\/\/api.w.org\/{rel}","templated":true}]}}