{"id":62,"date":"2019-04-10T17:37:39","date_gmt":"2019-04-10T15:37:39","guid":{"rendered":"https:\/\/www.tourisme-valdemarne.com\/espace-groupes\/?page_id=62"},"modified":"2024-02-20T14:56:38","modified_gmt":"2024-02-20T13:56:38","slug":"croisieres-et-nature","status":"publish","type":"page","link":"https:\/\/www.tourisme-valdemarne.com\/espace-groupes\/sorties-thematiques\/croisieres-et-nature\/","title":{"rendered":"Croisi\u00e8res et nature"},"content":{"rendered":"\n<p class=\"is-style-excerpt\">Le Val-de-Marne vous garantit un <strong>d\u00e9paysement total gr\u00e2ce \u00e0 sa nature luxuriante<\/strong>&nbsp;<strong>\u00e0 quelques minutes de Paris <\/strong>: bords de Marne, bois de Vincennes, collections de fleurs, \u00e9levages Bio\u2026 C\u2019est tout un monde de verdure qui vous attend.<\/p>\n\n\n\n<p class=\"has-text-align-center is-style-highlight\">L&rsquo;\u00e9t\u00e9, embarquez \u00e0 bord des croisi\u00e8res <strong><a rel=\"noreferrer noopener\" href=\"https:\/\/www.tourisme-valdemarne.com\/espace-groupes\/sorties-thematiques\/croisieres-et-nature\/les-croisieres-cap-sur-la-marne\/\" target=\"_blank\">Cap sur la Marne<\/a><\/strong>, qui vous feront naviguer entre les villas de vill\u00e9giature du XIXe si\u00e8cle et une nature presque sauvage par endroits !<\/p>\n\n\n\n<p><\/p>\n\n\n\n<p>Quoi de mieux que de d\u00e9couvrir le Val-de-Marne confortablement install\u00e9 sur un bateau&nbsp;?  <br>Nous vous proposons <strong>deux croisi\u00e8res \u00e0 la journ\u00e9e au d\u00e9part de Paris pour d\u00e9couvrir les charmes des bords de Marne<\/strong>. <\/p>\n\n\n\n<figure class=\"wp-block-image alignwide\"><img width=\"1200\" height=\"800\" data-src=\"https:\/\/www.tourisme-valdemarne.com\/espace-groupes\/wp-content\/uploads\/sites\/2\/2019\/05\/croisiere-cinema-nayptune-narrevasion2-cdt-94-nadine-jestin-1200x800.jpg\" alt=\"Croisi\u00e8re cin\u00e9ma\" class=\"wp-image-179\" srcset=\"https:\/\/www.tourisme-valdemarne.com\/espace-groupes\/wp-content\/uploads\/sites\/2\/2019\/05\/croisiere-cinema-nayptune-narrevasion2-cdt-94-nadine-jestin-1200x800.jpg 1200w, https:\/\/www.tourisme-valdemarne.com\/espace-groupes\/wp-content\/uploads\/sites\/2\/2019\/05\/croisiere-cinema-nayptune-narrevasion2-cdt-94-nadine-jestin-600x400.jpg 600w, https:\/\/www.tourisme-valdemarne.com\/espace-groupes\/wp-content\/uploads\/sites\/2\/2019\/05\/croisiere-cinema-nayptune-narrevasion2-cdt-94-nadine-jestin-900x600.jpg 900w, https:\/\/www.tourisme-valdemarne.com\/espace-groupes\/wp-content\/uploads\/sites\/2\/2019\/05\/croisiere-cinema-nayptune-narrevasion2-cdt-94-nadine-jestin-200x133.jpg 200w, https:\/\/www.tourisme-valdemarne.com\/espace-groupes\/wp-content\/uploads\/sites\/2\/2019\/05\/croisiere-cinema-nayptune-narrevasion2-cdt-94-nadine-jestin.jpg 1600w\" sizes=\"(max-width: 1200px) 100vw, 1200px\" \/><figcaption>Croisi\u00e8re Cin\u00e9ma &#8211; \u00a9CDT94-Nadine Jestin<\/figcaption><\/figure>\n\n\n\n<p><strong>La croisi\u00e8re \u00ab&nbsp;<a href=\"https:\/\/www.tourisme-valdemarne.com\/espace-groupes\/visites-groupes\/croisiere-boucle-de-la-marne-une-journee-a-bord-forfait-boissons\/\" target=\"_blank\" rel=\"noreferrer noopener\">Boucle de la Marne&nbsp;: une journ\u00e9e \u00e0 bord&nbsp;<\/a>\u00bb<\/strong> d\u00e9marre au pied du mus\u00e9e d\u2019Orsay. Vous naviguez sur la Seine en contemplant tout d\u2019abord le Jardin des Tuileries, le Louvre, la passerelle des Arts, l\u2019\u00eele de la Cit\u00e9, la cath\u00e9drale Notre Dame, les magnifiques h\u00f4tels particuliers de l\u2019Ile de Saint-Louis et la Biblioth\u00e8que nationale de France. A la confluence de la Seine et de la Marne, juste apr\u00e8s le complexe h\u00f4telier Huatian Chinagora, vous franchissez l\u2019\u00e9cluse de Saint-Maurice et vous vous retrouvez en pleine nature. Apr\u00e8s avoir travers\u00e9 l\u2019\u00e9cluse de Cr\u00e9teil, admirez la faune et la flore diversifi\u00e9e, les tr\u00e8s belles demeures et les guinguettes des boucles de la Marne. Un d\u00e9jeuner vous sera servi \u00e0 bord du bateau. <\/p>\n\n\n\n<p>Vous pouvez \u00e9galement opter pour <strong>la croisi\u00e8re \u00ab&nbsp;<a href=\"https:\/\/www.tourisme-valdemarne.com\/espace-groupes\/visites-groupes\/croisiere-au-pays-des-guinguettes\/\" target=\"_blank\" rel=\"noreferrer noopener\">au pays des guinguettes<\/a>&nbsp;\u00bb<\/strong>.&nbsp; Le d\u00e9part se fait au port de l\u2019Arsenal, \u00e0 proximit\u00e9 de la place de la Bastille. Le bateau passe l\u2019\u00e9cluse de la Bastille, avec un point de vue sur la cath\u00e9drale Notre Dame de Paris, puis vous longez Bercy et la BNF. Apr\u00e8s le complexe Huatian Chinagora, le bateau remonte la rivi\u00e8re en passant l\u2019\u00e9cluse de Saint-Maurice et vous entrez au pays des guinguettes. Le bateau accoste \u00e0 la <strong><a href=\"https:\/\/www.tourisme-valdemarne.com\/espace-groupes\/visites-groupes\/animation-dansante-et-repas-a-la-guinguette-chez-gegene\/\" target=\"_blank\" rel=\"noreferrer noopener\">guinguette Chez G\u00e9g\u00e8ne<\/a><\/strong> pour le d\u00e9jeuner. L\u2019apr\u00e8s-midi, le retour \u00e0 Paris se fait dans une ambiance musette anim\u00e9e par un accord\u00e9oniste \u00e0 bord du bateau. <\/p>\n\n\n\n<figure class=\"wp-block-image alignwide\"><img width=\"1200\" height=\"900\" data-src=\"https:\/\/www.tourisme-valdemarne.com\/espace-groupes\/wp-content\/uploads\/sites\/2\/2019\/05\/pepiniere-departementale_seminaire_equipe_2018-cdt94-a.-bertrand-6-1200x900.jpg\" alt=\"P\u00e9pini\u00e8re D\u00e9partementale \" class=\"wp-image-180\" srcset=\"https:\/\/www.tourisme-valdemarne.com\/espace-groupes\/wp-content\/uploads\/sites\/2\/2019\/05\/pepiniere-departementale_seminaire_equipe_2018-cdt94-a.-bertrand-6-1200x900.jpg 1200w, https:\/\/www.tourisme-valdemarne.com\/espace-groupes\/wp-content\/uploads\/sites\/2\/2019\/05\/pepiniere-departementale_seminaire_equipe_2018-cdt94-a.-bertrand-6-600x450.jpg 600w, https:\/\/www.tourisme-valdemarne.com\/espace-groupes\/wp-content\/uploads\/sites\/2\/2019\/05\/pepiniere-departementale_seminaire_equipe_2018-cdt94-a.-bertrand-6-900x675.jpg 900w, https:\/\/www.tourisme-valdemarne.com\/espace-groupes\/wp-content\/uploads\/sites\/2\/2019\/05\/pepiniere-departementale_seminaire_equipe_2018-cdt94-a.-bertrand-6-200x150.jpg 200w, https:\/\/www.tourisme-valdemarne.com\/espace-groupes\/wp-content\/uploads\/sites\/2\/2019\/05\/pepiniere-departementale_seminaire_equipe_2018-cdt94-a.-bertrand-6.jpg 1600w\" sizes=\"(max-width: 1200px) 100vw, 1200px\" \/><figcaption>P\u00e9pini\u00e8re D\u00e9partementale &#8211; \u00a9 CDT94-Alexis Bertrand<\/figcaption><\/figure>\n\n\n\n<h2 class=\"wp-block-heading\">Au c\u0153ur de la nature<\/h2>\n\n\n\n<p>Vous trouverez \u00e9galement dans cette rubrique des <strong>sorties ax\u00e9es sur le th\u00e8me de la nature <\/strong>comme la passionnante <strong><a href=\"https:\/\/www.tourisme-valdemarne.com\/espace-groupes\/visites-groupes\/visite-guidee-delevage-danesses-laitieres\/\" target=\"_blank\" rel=\"noreferrer noopener\">visite d\u2019un \u00e9levage d\u2019\u00e2nesses laiti\u00e8res<\/a><\/strong> au c\u0153ur de l\u2019espace naturel d\u00e9partemental de la plaine des Bordes \u00e0 Chennevi\u00e8res-sur-Marne, la <strong><a href=\"https:\/\/www.tourisme-valdemarne.com\/espace-groupes\/visites-guidees-roseraie-val-de-marne\/\">roseraie du Val-de-Marne<\/a><\/strong> \u00e0 L\u2019Ha\u00ff-les-Roses avec ses 3000 vari\u00e9t\u00e9s et 13000 pieds de rosiers ou encore la <strong><a href=\"https:\/\/www.tourisme-valdemarne.com\/espace-groupes\/visites-groupes\/visite-guidee-de-la-pepiniere-du-val-de-marne\/\" target=\"_blank\" rel=\"noreferrer noopener\">p\u00e9pini\u00e8re d\u00e9partementale du Val-de-Marne<\/a><\/strong> et sa collection de lilas.<\/p>\n\n\n\n<p>Au sein du<strong> bois de Vincennes, le <a href=\"https:\/\/www.tourisme-valdemarne.com\/espace-groupes\/visites-groupes\/balade-au-jardin-dagronomie-tropicale\/\" target=\"_blank\" rel=\"noreferrer noopener\">jardin d\u2019agronomie tropicale<\/a><\/strong>, inaugur\u00e9 en 1907, abrite les vestiges du pass\u00e9 colonial fran\u00e7ais.<\/p>\n\n\n\n<p class=\"is-style-highlight\">Vous souhaitez d\u2019autres suggestions de sorties sur la th\u00e9matique Croisi\u00e8res et Nature&nbsp;? Nous sommes \u00e0 votre disposition pour vous faire de nouvelles propositions et <a href=\"https:\/\/www.tourisme-valdemarne.com\/espace-groupes\/contact\/\" target=\"_blank\" rel=\"noreferrer noopener\">vous organiser <strong>une sortie sur mesure qui correspondra \u00e0 vos attentes<\/strong><\/a><strong>.<\/strong><\/p>\n","protected":false},"excerpt":{"rendered":"<p>Le Val-de-Marne vous garantit un d\u00e9paysement total gr\u00e2ce \u00e0 sa nature luxuriante&nbsp;\u00e0 quelques minutes de Paris : bords de Marne, bois de Vincennes, collections de fleurs, \u00e9levages Bio\u2026 C\u2019est tout un monde de verdure qui vous attend. L&rsquo;\u00e9t\u00e9, embarquez \u00e0 bord des croisi\u00e8res Cap sur la Marne, qui vous feront naviguer entre les villas de [&hellip;]<\/p>\n","protected":false},"author":1,"featured_media":178,"parent":11,"menu_order":20,"comment_status":"closed","ping_status":"closed","template":"partials\/template-sit.php","meta":{"_relevanssi_hide_post":"","_relevanssi_hide_content":"","_relevanssi_pin_for_all":"","_relevanssi_pin_keywords":"","_relevanssi_unpin_keywords":"","_relevanssi_related_keywords":"","_relevanssi_related_include_ids":"","_relevanssi_related_exclude_ids":"","_relevanssi_related_no_append":"","_relevanssi_related_not_related":"","_relevanssi_related_posts":"1111,1121,1221,1120","_relevanssi_noindex_reason":"","footnotes":""},"vdmTagMarketing":[],"class_list":["post-62","page","type-page","status-publish","has-post-thumbnail","hentry"],"acf":[],"yoast_head":"<!-- This site is optimized with the Yoast SEO plugin v23.9 - https:\/\/yoast.com\/wordpress\/plugins\/seo\/ -->\n<title>Croisi\u00e8res et nature - Sorties Groupes en Val-de-Marne (94)<\/title>\n<meta name=\"description\" content=\"Le service Groupes de Val-de-Marne Tourisme &amp; Loisirs a s\u00e9lectionn\u00e9 pour vous les meilleures croisi\u00e8res et visites natures pour vos groupes.\" \/>\n<meta name=\"robots\" content=\"index, follow, max-snippet:-1, max-image-preview:large, max-video-preview:-1\" \/>\n<link rel=\"canonical\" href=\"https:\/\/www.tourisme-valdemarne.com\/espace-groupes\/sorties-thematiques\/croisieres-et-nature\/\" \/>\n<meta property=\"og:locale\" content=\"fr_FR\" \/>\n<meta property=\"og:type\" content=\"article\" \/>\n<meta property=\"og:title\" content=\"Croisi\u00e8res et nature - Sorties Groupes en Val-de-Marne (94)\" \/>\n<meta property=\"og:description\" content=\"Le service Groupes de Val-de-Marne Tourisme &amp; Loisirs a s\u00e9lectionn\u00e9 pour vous les meilleures croisi\u00e8res et visites natures pour vos groupes.\" \/>\n<meta property=\"og:url\" content=\"https:\/\/www.tourisme-valdemarne.com\/espace-groupes\/sorties-thematiques\/croisieres-et-nature\/\" \/>\n<meta property=\"og:site_name\" content=\"Sorties Groupes\" \/>\n<meta property=\"article:modified_time\" content=\"2024-02-20T13:56:38+00:00\" \/>\n<meta property=\"og:image\" content=\"https:\/\/www.tourisme-valdemarne.com\/espace-groupes\/wp-content\/uploads\/sites\/2\/2019\/05\/bateau_marne_detail._croisiere.jpg\" \/>\n\t<meta property=\"og:image:width\" content=\"1600\" \/>\n\t<meta property=\"og:image:height\" content=\"1071\" \/>\n\t<meta property=\"og:image:type\" content=\"image\/jpeg\" \/>\n<meta name=\"twitter:card\" content=\"summary_large_image\" \/>\n<meta name=\"twitter:label1\" content=\"Dur\u00e9e de lecture estim\u00e9e\" \/>\n\t<meta name=\"twitter:data1\" content=\"3 minutes\" \/>\n<script type=\"application\/ld+json\" class=\"yoast-schema-graph\">{\"@context\":\"https:\/\/schema.org\",\"@graph\":[{\"@type\":\"WebPage\",\"@id\":\"https:\/\/www.tourisme-valdemarne.com\/espace-groupes\/sorties-thematiques\/croisieres-et-nature\/\",\"url\":\"https:\/\/www.tourisme-valdemarne.com\/espace-groupes\/sorties-thematiques\/croisieres-et-nature\/\",\"name\":\"Croisi\u00e8res et nature - Sorties Groupes en Val-de-Marne (94)\",\"isPartOf\":{\"@id\":\"https:\/\/www.tourisme-valdemarne.com\/espace-groupes\/#website\"},\"primaryImageOfPage\":{\"@id\":\"https:\/\/www.tourisme-valdemarne.com\/espace-groupes\/sorties-thematiques\/croisieres-et-nature\/#primaryimage\"},\"image\":{\"@id\":\"https:\/\/www.tourisme-valdemarne.com\/espace-groupes\/sorties-thematiques\/croisieres-et-nature\/#primaryimage\"},\"thumbnailUrl\":\"https:\/\/www.tourisme-valdemarne.com\/espace-groupes\/wp-content\/uploads\/sites\/2\/2019\/05\/bateau_marne_detail._croisiere.jpg\",\"datePublished\":\"2019-04-10T15:37:39+00:00\",\"dateModified\":\"2024-02-20T13:56:38+00:00\",\"description\":\"Le service Groupes de Val-de-Marne Tourisme & Loisirs a s\u00e9lectionn\u00e9 pour vous les meilleures croisi\u00e8res et visites natures pour vos groupes.\",\"breadcrumb\":{\"@id\":\"https:\/\/www.tourisme-valdemarne.com\/espace-groupes\/sorties-thematiques\/croisieres-et-nature\/#breadcrumb\"},\"inLanguage\":\"fr-FR\",\"potentialAction\":[{\"@type\":\"ReadAction\",\"target\":[\"https:\/\/www.tourisme-valdemarne.com\/espace-groupes\/sorties-thematiques\/croisieres-et-nature\/\"]}]},{\"@type\":\"ImageObject\",\"inLanguage\":\"fr-FR\",\"@id\":\"https:\/\/www.tourisme-valdemarne.com\/espace-groupes\/sorties-thematiques\/croisieres-et-nature\/#primaryimage\",\"url\":\"https:\/\/www.tourisme-valdemarne.com\/espace-groupes\/wp-content\/uploads\/sites\/2\/2019\/05\/bateau_marne_detail._croisiere.jpg\",\"contentUrl\":\"https:\/\/www.tourisme-valdemarne.com\/espace-groupes\/wp-content\/uploads\/sites\/2\/2019\/05\/bateau_marne_detail._croisiere.jpg\",\"width\":1600,\"height\":1071,\"caption\":\"Croisi\u00e8re sur la Marne - \u00a9CDT94\"},{\"@type\":\"BreadcrumbList\",\"@id\":\"https:\/\/www.tourisme-valdemarne.com\/espace-groupes\/sorties-thematiques\/croisieres-et-nature\/#breadcrumb\",\"itemListElement\":[{\"@type\":\"ListItem\",\"position\":1,\"name\":\"Accueil\",\"item\":\"https:\/\/www.tourisme-valdemarne.com\/espace-groupes\/\"},{\"@type\":\"ListItem\",\"position\":2,\"name\":\"Sorties th\u00e9matiques\",\"item\":\"https:\/\/www.tourisme-valdemarne.com\/espace-groupes\/sorties-thematiques\/\"},{\"@type\":\"ListItem\",\"position\":3,\"name\":\"Croisi\u00e8res et nature\"}]},{\"@type\":\"WebSite\",\"@id\":\"https:\/\/www.tourisme-valdemarne.com\/espace-groupes\/#website\",\"url\":\"https:\/\/www.tourisme-valdemarne.com\/espace-groupes\/\",\"name\":\"Sorties Groupes\",\"description\":\"Un site utilisant Val de Marne Tourisme &amp; Loisirs Sites\",\"potentialAction\":[{\"@type\":\"SearchAction\",\"target\":{\"@type\":\"EntryPoint\",\"urlTemplate\":\"https:\/\/www.tourisme-valdemarne.com\/espace-groupes\/?s={search_term_string}\"},\"query-input\":{\"@type\":\"PropertyValueSpecification\",\"valueRequired\":true,\"valueName\":\"search_term_string\"}}],\"inLanguage\":\"fr-FR\"}]}<\/script>\n<!-- \/ Yoast SEO plugin. -->","yoast_head_json":{"title":"Croisi\u00e8res et nature - Sorties Groupes en Val-de-Marne (94)","description":"Le service Groupes de Val-de-Marne Tourisme & Loisirs a s\u00e9lectionn\u00e9 pour vous les meilleures croisi\u00e8res et visites natures pour vos groupes.","robots":{"index":"index","follow":"follow","max-snippet":"max-snippet:-1","max-image-preview":"max-image-preview:large","max-video-preview":"max-video-preview:-1"},"canonical":"https:\/\/www.tourisme-valdemarne.com\/espace-groupes\/sorties-thematiques\/croisieres-et-nature\/","og_locale":"fr_FR","og_type":"article","og_title":"Croisi\u00e8res et nature - Sorties Groupes en Val-de-Marne (94)","og_description":"Le service Groupes de Val-de-Marne Tourisme & Loisirs a s\u00e9lectionn\u00e9 pour vous les meilleures croisi\u00e8res et visites natures pour vos groupes.","og_url":"https:\/\/www.tourisme-valdemarne.com\/espace-groupes\/sorties-thematiques\/croisieres-et-nature\/","og_site_name":"Sorties Groupes","article_modified_time":"2024-02-20T13:56:38+00:00","og_image":[{"width":1600,"height":1071,"url":"https:\/\/www.tourisme-valdemarne.com\/espace-groupes\/wp-content\/uploads\/sites\/2\/2019\/05\/bateau_marne_detail._croisiere.jpg","type":"image\/jpeg"}],"twitter_card":"summary_large_image","twitter_misc":{"Dur\u00e9e de lecture estim\u00e9e":"3 minutes"},"schema":{"@context":"https:\/\/schema.org","@graph":[{"@type":"WebPage","@id":"https:\/\/www.tourisme-valdemarne.com\/espace-groupes\/sorties-thematiques\/croisieres-et-nature\/","url":"https:\/\/www.tourisme-valdemarne.com\/espace-groupes\/sorties-thematiques\/croisieres-et-nature\/","name":"Croisi\u00e8res et nature - Sorties Groupes en Val-de-Marne (94)","isPartOf":{"@id":"https:\/\/www.tourisme-valdemarne.com\/espace-groupes\/#website"},"primaryImageOfPage":{"@id":"https:\/\/www.tourisme-valdemarne.com\/espace-groupes\/sorties-thematiques\/croisieres-et-nature\/#primaryimage"},"image":{"@id":"https:\/\/www.tourisme-valdemarne.com\/espace-groupes\/sorties-thematiques\/croisieres-et-nature\/#primaryimage"},"thumbnailUrl":"https:\/\/www.tourisme-valdemarne.com\/espace-groupes\/wp-content\/uploads\/sites\/2\/2019\/05\/bateau_marne_detail._croisiere.jpg","datePublished":"2019-04-10T15:37:39+00:00","dateModified":"2024-02-20T13:56:38+00:00","description":"Le service Groupes de Val-de-Marne Tourisme & Loisirs a s\u00e9lectionn\u00e9 pour vous les meilleures croisi\u00e8res et visites natures pour vos groupes.","breadcrumb":{"@id":"https:\/\/www.tourisme-valdemarne.com\/espace-groupes\/sorties-thematiques\/croisieres-et-nature\/#breadcrumb"},"inLanguage":"fr-FR","potentialAction":[{"@type":"ReadAction","target":["https:\/\/www.tourisme-valdemarne.com\/espace-groupes\/sorties-thematiques\/croisieres-et-nature\/"]}]},{"@type":"ImageObject","inLanguage":"fr-FR","@id":"https:\/\/www.tourisme-valdemarne.com\/espace-groupes\/sorties-thematiques\/croisieres-et-nature\/#primaryimage","url":"https:\/\/www.tourisme-valdemarne.com\/espace-groupes\/wp-content\/uploads\/sites\/2\/2019\/05\/bateau_marne_detail._croisiere.jpg","contentUrl":"https:\/\/www.tourisme-valdemarne.com\/espace-groupes\/wp-content\/uploads\/sites\/2\/2019\/05\/bateau_marne_detail._croisiere.jpg","width":1600,"height":1071,"caption":"Croisi\u00e8re sur la Marne - \u00a9CDT94"},{"@type":"BreadcrumbList","@id":"https:\/\/www.tourisme-valdemarne.com\/espace-groupes\/sorties-thematiques\/croisieres-et-nature\/#breadcrumb","itemListElement":[{"@type":"ListItem","position":1,"name":"Accueil","item":"https:\/\/www.tourisme-valdemarne.com\/espace-groupes\/"},{"@type":"ListItem","position":2,"name":"Sorties th\u00e9matiques","item":"https:\/\/www.tourisme-valdemarne.com\/espace-groupes\/sorties-thematiques\/"},{"@type":"ListItem","position":3,"name":"Croisi\u00e8res et nature"}]},{"@type":"WebSite","@id":"https:\/\/www.tourisme-valdemarne.com\/espace-groupes\/#website","url":"https:\/\/www.tourisme-valdemarne.com\/espace-groupes\/","name":"Sorties Groupes","description":"Un site utilisant Val de Marne Tourisme &amp; Loisirs Sites","potentialAction":[{"@type":"SearchAction","target":{"@type":"EntryPoint","urlTemplate":"https:\/\/www.tourisme-valdemarne.com\/espace-groupes\/?s={search_term_string}"},"query-input":{"@type":"PropertyValueSpecification","valueRequired":true,"valueName":"search_term_string"}}],"inLanguage":"fr-FR"}]}},"_links":{"self":[{"href":"https:\/\/www.tourisme-valdemarne.com\/espace-groupes\/wp-json\/wp\/v2\/pages\/62","targetHints":{"allow":["GET"]}}],"collection":[{"href":"https:\/\/www.tourisme-valdemarne.com\/espace-groupes\/wp-json\/wp\/v2\/pages"}],"about":[{"href":"https:\/\/www.tourisme-valdemarne.com\/espace-groupes\/wp-json\/wp\/v2\/types\/page"}],"author":[{"embeddable":true,"href":"https:\/\/www.tourisme-valdemarne.com\/espace-groupes\/wp-json\/wp\/v2\/users\/1"}],"replies":[{"embeddable":true,"href":"https:\/\/www.tourisme-valdemarne.com\/espace-groupes\/wp-json\/wp\/v2\/comments?post=62"}],"version-history":[{"count":22,"href":"https:\/\/www.tourisme-valdemarne.com\/espace-groupes\/wp-json\/wp\/v2\/pages\/62\/revisions"}],"predecessor-version":[{"id":8105,"href":"https:\/\/www.tourisme-valdemarne.com\/espace-groupes\/wp-json\/wp\/v2\/pages\/62\/revisions\/8105"}],"up":[{"embeddable":true,"href":"https:\/\/www.tourisme-valdemarne.com\/espace-groupes\/wp-json\/wp\/v2\/pages\/11"}],"wp:featuredmedia":[{"embeddable":true,"href":"https:\/\/www.tourisme-valdemarne.com\/espace-groupes\/wp-json\/wp\/v2\/media\/178"}],"wp:attachment":[{"href":"https:\/\/www.tourisme-valdemarne.com\/espace-groupes\/wp-json\/wp\/v2\/media?parent=62"}],"wp:term":[{"taxonomy":"vdmTagMarketing","embeddable":true,"href":"https:\/\/www.tourisme-valdemarne.com\/espace-groupes\/wp-json\/wp\/v2\/vdmTagMarketing?post=62"}],"curies":[{"name":"wp","href":"https:\/\/api.w.org\/{rel}","templated":true}]}}