{"id":59,"date":"2019-04-10T17:37:02","date_gmt":"2019-04-10T15:37:02","guid":{"rendered":"https:\/\/www.tourisme-valdemarne.com\/espace-groupes\/?page_id=59"},"modified":"2024-02-06T10:15:31","modified_gmt":"2024-02-06T09:15:31","slug":"culture-et-patrimoine","status":"publish","type":"page","link":"https:\/\/www.tourisme-valdemarne.com\/espace-groupes\/sorties-thematiques\/culture-et-patrimoine\/","title":{"rendered":"Culture et patrimoine"},"content":{"rendered":"\n<p class=\"is-style-excerpt\"> Le Val-de-Marne d\u00e9tient une offre culturelle et patrimoniale riche et diversifi\u00e9e.  <br>A travers vos visites, vous pourrez voyager dans le temps et traverser les \u00e9poques qui ont marqu\u00e9 l\u2019histoire du territoire&nbsp;: Moyen-\u00e2ge, \u00e9poque napol\u00e9onienne, Belle \u00e9poque, ann\u00e9es 30, R\u00e9sistance nationale mais aussi \u00e9poque contemporaine.  <\/p>\n\n\n\n<h2 class=\"wp-block-heading\">Les ch\u00e2teaux<\/h2>\n\n\n\n<figure class=\"wp-block-image alignwide\"><img width=\"1200\" height=\"804\" data-src=\"https:\/\/www.tourisme-valdemarne.com\/espace-groupes\/wp-content\/uploads\/sites\/2\/2019\/05\/facade-chateau-grosbois-boissy-saint-leger-cp-cdt94-d-thierry-1200x804.jpg\" alt=\"ch\u00e2teau Gros Bois\" class=\"wp-image-167\" srcset=\"https:\/\/www.tourisme-valdemarne.com\/espace-groupes\/wp-content\/uploads\/sites\/2\/2019\/05\/facade-chateau-grosbois-boissy-saint-leger-cp-cdt94-d-thierry-1200x804.jpg 1200w, https:\/\/www.tourisme-valdemarne.com\/espace-groupes\/wp-content\/uploads\/sites\/2\/2019\/05\/facade-chateau-grosbois-boissy-saint-leger-cp-cdt94-d-thierry-600x402.jpg 600w, https:\/\/www.tourisme-valdemarne.com\/espace-groupes\/wp-content\/uploads\/sites\/2\/2019\/05\/facade-chateau-grosbois-boissy-saint-leger-cp-cdt94-d-thierry-900x603.jpg 900w, https:\/\/www.tourisme-valdemarne.com\/espace-groupes\/wp-content\/uploads\/sites\/2\/2019\/05\/facade-chateau-grosbois-boissy-saint-leger-cp-cdt94-d-thierry-200x134.jpg 200w, https:\/\/www.tourisme-valdemarne.com\/espace-groupes\/wp-content\/uploads\/sites\/2\/2019\/05\/facade-chateau-grosbois-boissy-saint-leger-cp-cdt94-d-thierry.jpg 1600w\" sizes=\"(max-width: 1200px) 100vw, 1200px\" \/><figcaption>Ch\u00e2teau de Gros Bois \u00e0 Boissy-Saint-L\u00e9ger &#8211; \u00a9CDT94-Thierry<\/figcaption><\/figure>\n\n\n\n<p>Plusieurs ch\u00e2teaux peuvent se visiter en groupes :<\/p>\n\n\n\n<ul class=\"wp-block-list\"><li>L\u2019incontournable <strong><a href=\"https:\/\/www.tourisme-valdemarne.com\/espace-groupes\/visites-groupes\/visite-guidee-du-chateau-de-vincennes-donjon-et-saint-chapelle\/\" target=\"_blank\" rel=\"noreferrer noopener\">ch\u00e2teau de Vincennes<\/a><\/strong>, construit entre le XIV\u00e8me et XVII\u00e8me si\u00e8cle, offre un v\u00e9ritable plongeon dans l\u2019histoire \u00e0 l\u2019\u00e9poque de Charles V ainsi que dans la vie carc\u00e9rale de son donjon et de ses c\u00e9l\u00e8bres prisonniers, le marquis de Sade ou encore Diderot.<\/li><li>Le<strong> <a href=\"https:\/\/www.tourisme-valdemarne.com\/espace-groupes\/visites-groupes\/visite-guidee-du-chateau-de-grosbois-suivie-de-la-visite-libre-du-musee-du-trot-30-min\/\" target=\"_blank\" rel=\"noreferrer noopener\">ch\u00e2teau de Grosbois<\/a><\/strong>, \u00e0 Boissy-Saint-L\u00e9ger, est une demeure historique qui poss\u00e8de plus de quatre si\u00e8cles d\u2019histoire de France&nbsp;: de Henri IV \u00e0 nos jours. <\/li><li>Le <a href=\"https:\/\/www.tourisme-valdemarne.com\/espace-groupes\/visites-groupes\/visite-guidee-du-chateau-dormesson\/\" target=\"_blank\" rel=\"noreferrer noopener\"><strong>ch\u00e2teau d\u2019Ormesson<\/strong><\/a>, datant de la fin du XVI\u00e8me si\u00e8cle, a accueilli, au fil des \u00e9poques, de grands auteurs, parlementaires, diplomates et acad\u00e9miciens comme Diderot, le roi Mohamed V du Maroc\u2026 <\/li><li>Enfin le <strong><a href=\"https:\/\/www.tourisme-valdemarne.com\/espace-groupes\/visites-groupes\/visite-guidee-du-chateau-de-sucy\/\" target=\"_blank\" rel=\"noreferrer noopener\">ch\u00e2teau de Sucy-en-Brie<\/a><\/strong>, construit au XVII\u00e8me si\u00e8cle par les artistes qui ont fa\u00e7onn\u00e9 Vaux-le-Vicomte et Versailles, offre des merveilles de peintures et de sculptures. <\/li><\/ul>\n\n\n\n<h2 class=\"wp-block-heading\">pour retracer l&rsquo;histoire<\/h2>\n\n\n\n<figure class=\"wp-block-image alignwide\"><img width=\"1200\" height=\"675\" data-src=\"https:\/\/www.tourisme-valdemarne.com\/espace-groupes\/wp-content\/uploads\/sites\/2\/2020\/12\/musee_resistance_champigny-copyright-cdt94-a.-bertrand-17-1200x675.jpg\" alt=\"Mus\u00e9e de la Resistance Nationale\" class=\"wp-image-1109\" srcset=\"https:\/\/www.tourisme-valdemarne.com\/espace-groupes\/wp-content\/uploads\/sites\/2\/2020\/12\/musee_resistance_champigny-copyright-cdt94-a.-bertrand-17-1200x675.jpg 1200w, https:\/\/www.tourisme-valdemarne.com\/espace-groupes\/wp-content\/uploads\/sites\/2\/2020\/12\/musee_resistance_champigny-copyright-cdt94-a.-bertrand-17-600x338.jpg 600w, https:\/\/www.tourisme-valdemarne.com\/espace-groupes\/wp-content\/uploads\/sites\/2\/2020\/12\/musee_resistance_champigny-copyright-cdt94-a.-bertrand-17-900x506.jpg 900w, https:\/\/www.tourisme-valdemarne.com\/espace-groupes\/wp-content\/uploads\/sites\/2\/2020\/12\/musee_resistance_champigny-copyright-cdt94-a.-bertrand-17-380x214.jpg 380w, https:\/\/www.tourisme-valdemarne.com\/espace-groupes\/wp-content\/uploads\/sites\/2\/2020\/12\/musee_resistance_champigny-copyright-cdt94-a.-bertrand-17-200x113.jpg 200w, https:\/\/www.tourisme-valdemarne.com\/espace-groupes\/wp-content\/uploads\/sites\/2\/2020\/12\/musee_resistance_champigny-copyright-cdt94-a.-bertrand-17-1600x900.jpg 1600w, https:\/\/www.tourisme-valdemarne.com\/espace-groupes\/wp-content\/uploads\/sites\/2\/2020\/12\/musee_resistance_champigny-copyright-cdt94-a.-bertrand-17.jpg 1900w\" sizes=\"(max-width: 1200px) 100vw, 1200px\" \/><figcaption>Mus\u00e9e de la Resistance \u00e0 Champigny-sur-Marne &#8211; \u00a9 CDT94<\/figcaption><\/figure>\n\n\n\n<p>D\u2019autres lieux tout autant charg\u00e9s d\u2019histoire sont \u00e9galement pr\u00e9sents dans le Val-de-Marne, c\u2019est le cas par exemple :<\/p>\n\n\n\n<ul class=\"wp-block-list\"><li>du <strong><a href=\"https:\/\/www.tourisme-valdemarne.com\/espace-groupes\/visites-groupes\/visite-guidee-du-musee-fragonard-de-lenva\/\" target=\"_blank\" rel=\"noreferrer noopener\">mus\u00e9e Fragonard<\/a>, situ\u00e9 dans la prestigieuse Ecole V\u00e9t\u00e9rinaire de Maisons-Alfort<\/strong>, cr\u00e9\u00e9e en 1765. Il s\u2019agit d\u2019un cabinet de curiosit\u00e9s avec une collection riche et unique consacr\u00e9e aux animaux et qui abrite aussi les c\u00e9l\u00e8bres \u00ab&nbsp;\u00e9corch\u00e9s&nbsp;\u00bb d\u2019Honor\u00e9 Fragonard. <\/li><li>ainsi que du <strong><a href=\"https:\/\/www.tourisme-valdemarne.com\/espace-groupes\/visites-groupes\/visite-guidee-du-musee-de-la-resistance-nationale\/\" target=\"_blank\" rel=\"noreferrer noopener\">mus\u00e9e de la R\u00e9sistance nationale<\/a><\/strong>, \u00e0 Champigny-sur-Marne, pr\u00e9sente toute l\u2019histoire de la R\u00e9sistance fran\u00e7aise des origines \u00e0 la Lib\u00e9ration.<\/li><\/ul>\n\n\n\n<h2 class=\"wp-block-heading\">L&rsquo;Art Contemporain<\/h2>\n\n\n\n<figure class=\"wp-block-image alignwide size-large\"><img width=\"700\" height=\"467\" data-src=\"https:\/\/www.tourisme-valdemarne.com\/espace-groupes\/wp-content\/uploads\/sites\/2\/wpetourisme\/maison-robert-doisneau-gentilly.jpg\" alt=\"Maison Robert Doisneau\" class=\"wp-image-967\" srcset=\"https:\/\/www.tourisme-valdemarne.com\/espace-groupes\/wp-content\/uploads\/sites\/2\/wpetourisme\/maison-robert-doisneau-gentilly.jpg 700w, https:\/\/www.tourisme-valdemarne.com\/espace-groupes\/wp-content\/uploads\/sites\/2\/wpetourisme\/maison-robert-doisneau-gentilly-600x400.jpg 600w, https:\/\/www.tourisme-valdemarne.com\/espace-groupes\/wp-content\/uploads\/sites\/2\/wpetourisme\/maison-robert-doisneau-gentilly-380x254.jpg 380w, https:\/\/www.tourisme-valdemarne.com\/espace-groupes\/wp-content\/uploads\/sites\/2\/wpetourisme\/maison-robert-doisneau-gentilly-200x133.jpg 200w\" sizes=\"(max-width: 700px) 100vw, 700px\" \/><figcaption>Maison Robert Doisneau \u00e0 Gentilly \u00a9 Didier Adam<\/figcaption><\/figure>\n\n\n\n<p>Pour\nles <strong>amateurs d\u2019art contemporain<\/strong>,\nnous proposons des visites guid\u00e9es de plusieurs lieux pr\u00e9sents sur le\nterritoire qui abordent cette th\u00e9matique. <\/p>\n\n\n\n<ul class=\"wp-block-list\"><li>Le <strong><a href=\"https:\/\/www.tourisme-valdemarne.com\/espace-groupes\/visites-groupes\/visite-guidee-du-mac-val\/\" target=\"_blank\" rel=\"noreferrer noopener\">MAC VAL<\/a><\/strong>, situ\u00e9 \u00e0 Vitry-sur-Seine, est le mus\u00e9e d\u2019art contemporain du Val-de-Marne. Il poss\u00e8de une collection de plus de 2000 \u0153uvres et pr\u00e9sente un panorama unique de la cr\u00e9ation en France des ann\u00e9es 1950 \u00e0 nos jours. <\/li><\/ul>\n\n\n\n<ul class=\"wp-block-list\"><li>La <strong><a href=\"https:\/\/www.tourisme-valdemarne.com\/espace-groupes\/visites-groupes\/visite-guidee-de-la-maison-dart-bernard-anthonioz-suivie-dune-collation\/\" target=\"_blank\" rel=\"noreferrer noopener\">Maison d\u2019Art Bernard Anthonioz<\/a><\/strong>, \u00e0 Nogent-sur-Marne, est un centre d\u2019art d\u00e9di\u00e9 \u00e0 la cr\u00e9ation contemporaine, notamment dans les domaines de la photographie, de la vid\u00e9o et du graphisme. <\/li><\/ul>\n\n\n\n<ul class=\"wp-block-list\"><li>La <strong><a href=\"https:\/\/www.tourisme-valdemarne.com\/espace-groupes\/visites-groupes\/visite-de-la-maison-de-la-photographie-robert-doisneau\/\" target=\"_blank\" rel=\"noreferrer noopener\">Maison de la Photographie Robert Doisneau<\/a><\/strong>, \u00e0 Gentilly, porte le nom du c\u00e9l\u00e8bre photographe, lui-m\u00eame natif de cette commune. Elle n\u2019abrite pas l\u2019\u0153uvre de l\u2019artiste mais lui rend hommage, en explorant la photographie humaniste dans son histoire et dans ses pratiques actuelles. <\/li><\/ul>\n\n\n\n<p class=\"is-style-highlight\">Vous souhaitez d\u2019autres suggestions de sorties sur la th\u00e9matique Culture et Patrimoine&nbsp;? Nous sommes \u00e0 votre disposition pour vous faire de nouvelles propositions et <a href=\"https:\/\/www.tourisme-valdemarne.com\/espace-groupes\/contact\/\" target=\"_blank\" rel=\"noreferrer noopener\">vous organiser <strong>une sortie sur mesure qui correspondra \u00e0 vos attentes<\/strong><\/a><strong>.<\/strong><\/p>\n","protected":false},"excerpt":{"rendered":"<p>Le Val-de-Marne d\u00e9tient une offre culturelle et patrimoniale riche et diversifi\u00e9e. A travers vos visites, vous pourrez voyager dans le temps et traverser les \u00e9poques qui ont marqu\u00e9 l\u2019histoire du territoire&nbsp;: Moyen-\u00e2ge, \u00e9poque napol\u00e9onienne, Belle \u00e9poque, ann\u00e9es 30, R\u00e9sistance nationale mais aussi \u00e9poque contemporaine. Les ch\u00e2teaux Plusieurs ch\u00e2teaux peuvent se visiter en groupes : L\u2019incontournable [&hellip;]<\/p>\n","protected":false},"author":1,"featured_media":172,"parent":11,"menu_order":10,"comment_status":"closed","ping_status":"closed","template":"partials\/template-sit.php","meta":{"_relevanssi_hide_post":"","_relevanssi_hide_content":"","_relevanssi_pin_for_all":"","_relevanssi_pin_keywords":"","_relevanssi_unpin_keywords":"","_relevanssi_related_keywords":"","_relevanssi_related_include_ids":"","_relevanssi_related_exclude_ids":"","_relevanssi_related_no_append":"","_relevanssi_related_not_related":"","_relevanssi_related_posts":"1120,1111,1120,1221,1121,1111","_relevanssi_noindex_reason":"","footnotes":""},"vdmTagMarketing":[],"class_list":["post-59","page","type-page","status-publish","has-post-thumbnail","hentry"],"acf":[],"yoast_head":"<!-- This site is optimized with the Yoast SEO plugin v23.9 - https:\/\/yoast.com\/wordpress\/plugins\/seo\/ -->\n<title>Culture et patrimoine - Sorties Groupes Val-de-Marne Tourisme &amp; Loisirs<\/title>\n<meta name=\"description\" content=\"Notre service groupes vous propose sa s\u00e9lection des meilleures visites culturelles et patrimoniales destin\u00e9es aux groupes en Val-de-Marne.\" \/>\n<meta name=\"robots\" content=\"index, follow, max-snippet:-1, max-image-preview:large, max-video-preview:-1\" \/>\n<link rel=\"canonical\" href=\"https:\/\/www.tourisme-valdemarne.com\/espace-groupes\/sorties-thematiques\/culture-et-patrimoine\/\" \/>\n<meta property=\"og:locale\" content=\"fr_FR\" \/>\n<meta property=\"og:type\" content=\"article\" \/>\n<meta property=\"og:title\" content=\"Culture et patrimoine - Sorties Groupes Val-de-Marne Tourisme &amp; Loisirs\" \/>\n<meta property=\"og:description\" content=\"Notre service groupes vous propose sa s\u00e9lection des meilleures visites culturelles et patrimoniales destin\u00e9es aux groupes en Val-de-Marne.\" \/>\n<meta property=\"og:url\" content=\"https:\/\/www.tourisme-valdemarne.com\/espace-groupes\/sorties-thematiques\/culture-et-patrimoine\/\" \/>\n<meta property=\"og:site_name\" content=\"Sorties Groupes\" \/>\n<meta property=\"article:modified_time\" content=\"2024-02-06T09:15:31+00:00\" \/>\n<meta property=\"og:image\" content=\"https:\/\/www.tourisme-valdemarne.com\/espace-groupes\/wp-content\/uploads\/sites\/2\/2019\/05\/donjon-chateau-vincennes.jpg\" \/>\n\t<meta property=\"og:image:width\" content=\"1600\" \/>\n\t<meta property=\"og:image:height\" content=\"1137\" \/>\n\t<meta property=\"og:image:type\" content=\"image\/jpeg\" \/>\n<meta name=\"twitter:card\" content=\"summary_large_image\" \/>\n<meta name=\"twitter:label1\" content=\"Dur\u00e9e de lecture estim\u00e9e\" \/>\n\t<meta name=\"twitter:data1\" content=\"3 minutes\" \/>\n<script type=\"application\/ld+json\" class=\"yoast-schema-graph\">{\"@context\":\"https:\/\/schema.org\",\"@graph\":[{\"@type\":\"WebPage\",\"@id\":\"https:\/\/www.tourisme-valdemarne.com\/espace-groupes\/sorties-thematiques\/culture-et-patrimoine\/\",\"url\":\"https:\/\/www.tourisme-valdemarne.com\/espace-groupes\/sorties-thematiques\/culture-et-patrimoine\/\",\"name\":\"Culture et patrimoine - Sorties Groupes Val-de-Marne Tourisme & Loisirs\",\"isPartOf\":{\"@id\":\"https:\/\/www.tourisme-valdemarne.com\/espace-groupes\/#website\"},\"primaryImageOfPage\":{\"@id\":\"https:\/\/www.tourisme-valdemarne.com\/espace-groupes\/sorties-thematiques\/culture-et-patrimoine\/#primaryimage\"},\"image\":{\"@id\":\"https:\/\/www.tourisme-valdemarne.com\/espace-groupes\/sorties-thematiques\/culture-et-patrimoine\/#primaryimage\"},\"thumbnailUrl\":\"https:\/\/www.tourisme-valdemarne.com\/espace-groupes\/wp-content\/uploads\/sites\/2\/2019\/05\/donjon-chateau-vincennes.jpg\",\"datePublished\":\"2019-04-10T15:37:02+00:00\",\"dateModified\":\"2024-02-06T09:15:31+00:00\",\"description\":\"Notre service groupes vous propose sa s\u00e9lection des meilleures visites culturelles et patrimoniales destin\u00e9es aux groupes en Val-de-Marne.\",\"breadcrumb\":{\"@id\":\"https:\/\/www.tourisme-valdemarne.com\/espace-groupes\/sorties-thematiques\/culture-et-patrimoine\/#breadcrumb\"},\"inLanguage\":\"fr-FR\",\"potentialAction\":[{\"@type\":\"ReadAction\",\"target\":[\"https:\/\/www.tourisme-valdemarne.com\/espace-groupes\/sorties-thematiques\/culture-et-patrimoine\/\"]}]},{\"@type\":\"ImageObject\",\"inLanguage\":\"fr-FR\",\"@id\":\"https:\/\/www.tourisme-valdemarne.com\/espace-groupes\/sorties-thematiques\/culture-et-patrimoine\/#primaryimage\",\"url\":\"https:\/\/www.tourisme-valdemarne.com\/espace-groupes\/wp-content\/uploads\/sites\/2\/2019\/05\/donjon-chateau-vincennes.jpg\",\"contentUrl\":\"https:\/\/www.tourisme-valdemarne.com\/espace-groupes\/wp-content\/uploads\/sites\/2\/2019\/05\/donjon-chateau-vincennes.jpg\",\"width\":1600,\"height\":1137,\"caption\":\"Ch\u00e2teau de Vincennes - \u00a9CDT94\"},{\"@type\":\"BreadcrumbList\",\"@id\":\"https:\/\/www.tourisme-valdemarne.com\/espace-groupes\/sorties-thematiques\/culture-et-patrimoine\/#breadcrumb\",\"itemListElement\":[{\"@type\":\"ListItem\",\"position\":1,\"name\":\"Accueil\",\"item\":\"https:\/\/www.tourisme-valdemarne.com\/espace-groupes\/\"},{\"@type\":\"ListItem\",\"position\":2,\"name\":\"Sorties th\u00e9matiques\",\"item\":\"https:\/\/www.tourisme-valdemarne.com\/espace-groupes\/sorties-thematiques\/\"},{\"@type\":\"ListItem\",\"position\":3,\"name\":\"Culture et patrimoine\"}]},{\"@type\":\"WebSite\",\"@id\":\"https:\/\/www.tourisme-valdemarne.com\/espace-groupes\/#website\",\"url\":\"https:\/\/www.tourisme-valdemarne.com\/espace-groupes\/\",\"name\":\"Sorties Groupes\",\"description\":\"Un site utilisant Val de Marne Tourisme &amp; Loisirs Sites\",\"potentialAction\":[{\"@type\":\"SearchAction\",\"target\":{\"@type\":\"EntryPoint\",\"urlTemplate\":\"https:\/\/www.tourisme-valdemarne.com\/espace-groupes\/?s={search_term_string}\"},\"query-input\":{\"@type\":\"PropertyValueSpecification\",\"valueRequired\":true,\"valueName\":\"search_term_string\"}}],\"inLanguage\":\"fr-FR\"}]}<\/script>\n<!-- \/ Yoast SEO plugin. -->","yoast_head_json":{"title":"Culture et patrimoine - Sorties Groupes Val-de-Marne Tourisme & Loisirs","description":"Notre service groupes vous propose sa s\u00e9lection des meilleures visites culturelles et patrimoniales destin\u00e9es aux groupes en Val-de-Marne.","robots":{"index":"index","follow":"follow","max-snippet":"max-snippet:-1","max-image-preview":"max-image-preview:large","max-video-preview":"max-video-preview:-1"},"canonical":"https:\/\/www.tourisme-valdemarne.com\/espace-groupes\/sorties-thematiques\/culture-et-patrimoine\/","og_locale":"fr_FR","og_type":"article","og_title":"Culture et patrimoine - Sorties Groupes Val-de-Marne Tourisme & Loisirs","og_description":"Notre service groupes vous propose sa s\u00e9lection des meilleures visites culturelles et patrimoniales destin\u00e9es aux groupes en Val-de-Marne.","og_url":"https:\/\/www.tourisme-valdemarne.com\/espace-groupes\/sorties-thematiques\/culture-et-patrimoine\/","og_site_name":"Sorties Groupes","article_modified_time":"2024-02-06T09:15:31+00:00","og_image":[{"width":1600,"height":1137,"url":"https:\/\/www.tourisme-valdemarne.com\/espace-groupes\/wp-content\/uploads\/sites\/2\/2019\/05\/donjon-chateau-vincennes.jpg","type":"image\/jpeg"}],"twitter_card":"summary_large_image","twitter_misc":{"Dur\u00e9e de lecture estim\u00e9e":"3 minutes"},"schema":{"@context":"https:\/\/schema.org","@graph":[{"@type":"WebPage","@id":"https:\/\/www.tourisme-valdemarne.com\/espace-groupes\/sorties-thematiques\/culture-et-patrimoine\/","url":"https:\/\/www.tourisme-valdemarne.com\/espace-groupes\/sorties-thematiques\/culture-et-patrimoine\/","name":"Culture et patrimoine - Sorties Groupes Val-de-Marne Tourisme & Loisirs","isPartOf":{"@id":"https:\/\/www.tourisme-valdemarne.com\/espace-groupes\/#website"},"primaryImageOfPage":{"@id":"https:\/\/www.tourisme-valdemarne.com\/espace-groupes\/sorties-thematiques\/culture-et-patrimoine\/#primaryimage"},"image":{"@id":"https:\/\/www.tourisme-valdemarne.com\/espace-groupes\/sorties-thematiques\/culture-et-patrimoine\/#primaryimage"},"thumbnailUrl":"https:\/\/www.tourisme-valdemarne.com\/espace-groupes\/wp-content\/uploads\/sites\/2\/2019\/05\/donjon-chateau-vincennes.jpg","datePublished":"2019-04-10T15:37:02+00:00","dateModified":"2024-02-06T09:15:31+00:00","description":"Notre service groupes vous propose sa s\u00e9lection des meilleures visites culturelles et patrimoniales destin\u00e9es aux groupes en Val-de-Marne.","breadcrumb":{"@id":"https:\/\/www.tourisme-valdemarne.com\/espace-groupes\/sorties-thematiques\/culture-et-patrimoine\/#breadcrumb"},"inLanguage":"fr-FR","potentialAction":[{"@type":"ReadAction","target":["https:\/\/www.tourisme-valdemarne.com\/espace-groupes\/sorties-thematiques\/culture-et-patrimoine\/"]}]},{"@type":"ImageObject","inLanguage":"fr-FR","@id":"https:\/\/www.tourisme-valdemarne.com\/espace-groupes\/sorties-thematiques\/culture-et-patrimoine\/#primaryimage","url":"https:\/\/www.tourisme-valdemarne.com\/espace-groupes\/wp-content\/uploads\/sites\/2\/2019\/05\/donjon-chateau-vincennes.jpg","contentUrl":"https:\/\/www.tourisme-valdemarne.com\/espace-groupes\/wp-content\/uploads\/sites\/2\/2019\/05\/donjon-chateau-vincennes.jpg","width":1600,"height":1137,"caption":"Ch\u00e2teau de Vincennes - \u00a9CDT94"},{"@type":"BreadcrumbList","@id":"https:\/\/www.tourisme-valdemarne.com\/espace-groupes\/sorties-thematiques\/culture-et-patrimoine\/#breadcrumb","itemListElement":[{"@type":"ListItem","position":1,"name":"Accueil","item":"https:\/\/www.tourisme-valdemarne.com\/espace-groupes\/"},{"@type":"ListItem","position":2,"name":"Sorties th\u00e9matiques","item":"https:\/\/www.tourisme-valdemarne.com\/espace-groupes\/sorties-thematiques\/"},{"@type":"ListItem","position":3,"name":"Culture et patrimoine"}]},{"@type":"WebSite","@id":"https:\/\/www.tourisme-valdemarne.com\/espace-groupes\/#website","url":"https:\/\/www.tourisme-valdemarne.com\/espace-groupes\/","name":"Sorties Groupes","description":"Un site utilisant Val de Marne Tourisme &amp; Loisirs Sites","potentialAction":[{"@type":"SearchAction","target":{"@type":"EntryPoint","urlTemplate":"https:\/\/www.tourisme-valdemarne.com\/espace-groupes\/?s={search_term_string}"},"query-input":{"@type":"PropertyValueSpecification","valueRequired":true,"valueName":"search_term_string"}}],"inLanguage":"fr-FR"}]}},"_links":{"self":[{"href":"https:\/\/www.tourisme-valdemarne.com\/espace-groupes\/wp-json\/wp\/v2\/pages\/59","targetHints":{"allow":["GET"]}}],"collection":[{"href":"https:\/\/www.tourisme-valdemarne.com\/espace-groupes\/wp-json\/wp\/v2\/pages"}],"about":[{"href":"https:\/\/www.tourisme-valdemarne.com\/espace-groupes\/wp-json\/wp\/v2\/types\/page"}],"author":[{"embeddable":true,"href":"https:\/\/www.tourisme-valdemarne.com\/espace-groupes\/wp-json\/wp\/v2\/users\/1"}],"replies":[{"embeddable":true,"href":"https:\/\/www.tourisme-valdemarne.com\/espace-groupes\/wp-json\/wp\/v2\/comments?post=59"}],"version-history":[{"count":15,"href":"https:\/\/www.tourisme-valdemarne.com\/espace-groupes\/wp-json\/wp\/v2\/pages\/59\/revisions"}],"predecessor-version":[{"id":2083,"href":"https:\/\/www.tourisme-valdemarne.com\/espace-groupes\/wp-json\/wp\/v2\/pages\/59\/revisions\/2083"}],"up":[{"embeddable":true,"href":"https:\/\/www.tourisme-valdemarne.com\/espace-groupes\/wp-json\/wp\/v2\/pages\/11"}],"wp:featuredmedia":[{"embeddable":true,"href":"https:\/\/www.tourisme-valdemarne.com\/espace-groupes\/wp-json\/wp\/v2\/media\/172"}],"wp:attachment":[{"href":"https:\/\/www.tourisme-valdemarne.com\/espace-groupes\/wp-json\/wp\/v2\/media?parent=59"}],"wp:term":[{"taxonomy":"vdmTagMarketing","embeddable":true,"href":"https:\/\/www.tourisme-valdemarne.com\/espace-groupes\/wp-json\/wp\/v2\/vdmTagMarketing?post=59"}],"curies":[{"name":"wp","href":"https:\/\/api.w.org\/{rel}","templated":true}]}}