{"id":4813,"date":"2023-06-19T13:47:18","date_gmt":"2023-06-19T11:47:18","guid":{"rendered":"https:\/\/www.tourisme-valdemarne.com\/espace-groupes\/?page_id=4813"},"modified":"2025-03-05T10:58:56","modified_gmt":"2025-03-05T09:58:56","slug":"les-visites-de-lete","status":"publish","type":"page","link":"https:\/\/www.tourisme-valdemarne.com\/espace-groupes\/les-visites-de-lete\/","title":{"rendered":"Mon \u00e9t\u00e9 2025 en Val-de-Marne &#8211; programmation"},"content":{"rendered":"\n<p>Val-de-Marne Tourisme et Loisirs, en partenariat avec plusieurs associations du D\u00e9partement, s\u2019engage \u00e0 offrir aux personnes partant peu ou pas en vacances l\u2019opportunit\u00e9 de d\u00e9couvrir l\u2019offre touristique et de loisirs locale.<\/p>\n\n\n\n<p>Cette ann\u00e9e encore, nous revenons avec de nouvelles activit\u00e9s : balades urbaines, visites de mus\u00e9es, sports nautiques\u2026<\/p>\n\n\n\n<p>Pour r\u00e9server, adressez votre demande sans tarder \u00e0 notre service groupes. Sous r\u00e9serve de disponibilit\u00e9, une confirmation vous sera envoy\u00e9e au plus tard 10 jours avant la sortie. La liste des participants devra \u00eatre transmise une semaine avant la date pr\u00e9vue.<\/p>\n\n\n\n<p><\/p>\n\n\n\n<h2 class=\"wp-block-heading\">Programmation : <\/h2>\n\n\n\n<p><\/p>\n","protected":false},"excerpt":{"rendered":"<p>Val-de-Marne Tourisme et Loisirs, en partenariat avec plusieurs associations du D\u00e9partement, s\u2019engage \u00e0 offrir aux personnes partant peu ou pas en vacances l\u2019opportunit\u00e9 de d\u00e9couvrir l\u2019offre touristique et de loisirs locale. Cette ann\u00e9e encore, nous revenons avec de nouvelles activit\u00e9s : balades urbaines, visites de mus\u00e9es, sports nautiques\u2026 Pour r\u00e9server, adressez votre demande sans tarder [&hellip;]<\/p>\n","protected":false},"author":16,"featured_media":0,"parent":0,"menu_order":0,"comment_status":"closed","ping_status":"closed","template":"partials\/template-intermediaire.php","meta":{"_relevanssi_hide_post":"","_relevanssi_hide_content":"","_relevanssi_pin_for_all":"","_relevanssi_pin_keywords":"","_relevanssi_unpin_keywords":"","_relevanssi_related_keywords":"","_relevanssi_related_include_ids":"","_relevanssi_related_exclude_ids":"","_relevanssi_related_no_append":"","_relevanssi_related_not_related":"","_relevanssi_related_posts":"2137,1221,1120,1912,1962,4135","_relevanssi_noindex_reason":"","footnotes":""},"vdmTagMarketing":[],"class_list":["post-4813","page","type-page","status-publish","hentry"],"acf":[],"yoast_head":"<!-- This site is optimized with the Yoast SEO plugin v23.9 - https:\/\/yoast.com\/wordpress\/plugins\/seo\/ -->\n<title>Mon \u00e9t\u00e9 2025 en Val-de-Marne - programmation - Sorties Groupes<\/title>\n<meta name=\"robots\" content=\"index, follow, max-snippet:-1, max-image-preview:large, max-video-preview:-1\" \/>\n<link rel=\"canonical\" href=\"https:\/\/www.tourisme-valdemarne.com\/espace-groupes\/les-visites-de-lete\/\" \/>\n<meta property=\"og:locale\" content=\"fr_FR\" \/>\n<meta property=\"og:type\" content=\"article\" \/>\n<meta property=\"og:title\" content=\"Mon \u00e9t\u00e9 2025 en Val-de-Marne - programmation - Sorties Groupes\" \/>\n<meta property=\"og:description\" content=\"Val-de-Marne Tourisme et Loisirs, en partenariat avec plusieurs associations du D\u00e9partement, s\u2019engage \u00e0 offrir aux personnes partant peu ou pas en vacances l\u2019opportunit\u00e9 de d\u00e9couvrir l\u2019offre touristique et de loisirs locale. Cette ann\u00e9e encore, nous revenons avec de nouvelles activit\u00e9s : balades urbaines, visites de mus\u00e9es, sports nautiques\u2026 Pour r\u00e9server, adressez votre demande sans tarder [&hellip;]\" \/>\n<meta property=\"og:url\" content=\"https:\/\/www.tourisme-valdemarne.com\/espace-groupes\/les-visites-de-lete\/\" \/>\n<meta property=\"og:site_name\" content=\"Sorties Groupes\" \/>\n<meta property=\"article:modified_time\" content=\"2025-03-05T09:58:56+00:00\" \/>\n<meta name=\"twitter:card\" content=\"summary_large_image\" \/>\n<meta name=\"twitter:label1\" content=\"Dur\u00e9e de lecture estim\u00e9e\" \/>\n\t<meta name=\"twitter:data1\" content=\"1 minute\" \/>\n<script type=\"application\/ld+json\" class=\"yoast-schema-graph\">{\"@context\":\"https:\/\/schema.org\",\"@graph\":[{\"@type\":\"WebPage\",\"@id\":\"https:\/\/www.tourisme-valdemarne.com\/espace-groupes\/les-visites-de-lete\/\",\"url\":\"https:\/\/www.tourisme-valdemarne.com\/espace-groupes\/les-visites-de-lete\/\",\"name\":\"Mon \u00e9t\u00e9 2025 en Val-de-Marne - programmation - Sorties Groupes\",\"isPartOf\":{\"@id\":\"https:\/\/www.tourisme-valdemarne.com\/espace-groupes\/#website\"},\"datePublished\":\"2023-06-19T11:47:18+00:00\",\"dateModified\":\"2025-03-05T09:58:56+00:00\",\"breadcrumb\":{\"@id\":\"https:\/\/www.tourisme-valdemarne.com\/espace-groupes\/les-visites-de-lete\/#breadcrumb\"},\"inLanguage\":\"fr-FR\",\"potentialAction\":[{\"@type\":\"ReadAction\",\"target\":[\"https:\/\/www.tourisme-valdemarne.com\/espace-groupes\/les-visites-de-lete\/\"]}]},{\"@type\":\"BreadcrumbList\",\"@id\":\"https:\/\/www.tourisme-valdemarne.com\/espace-groupes\/les-visites-de-lete\/#breadcrumb\",\"itemListElement\":[{\"@type\":\"ListItem\",\"position\":1,\"name\":\"Accueil\",\"item\":\"https:\/\/www.tourisme-valdemarne.com\/espace-groupes\/\"},{\"@type\":\"ListItem\",\"position\":2,\"name\":\"Mon \u00e9t\u00e9 2025 en Val-de-Marne &#8211; programmation\"}]},{\"@type\":\"WebSite\",\"@id\":\"https:\/\/www.tourisme-valdemarne.com\/espace-groupes\/#website\",\"url\":\"https:\/\/www.tourisme-valdemarne.com\/espace-groupes\/\",\"name\":\"Sorties Groupes\",\"description\":\"Un site utilisant Val de Marne Tourisme &amp; Loisirs Sites\",\"potentialAction\":[{\"@type\":\"SearchAction\",\"target\":{\"@type\":\"EntryPoint\",\"urlTemplate\":\"https:\/\/www.tourisme-valdemarne.com\/espace-groupes\/?s={search_term_string}\"},\"query-input\":{\"@type\":\"PropertyValueSpecification\",\"valueRequired\":true,\"valueName\":\"search_term_string\"}}],\"inLanguage\":\"fr-FR\"}]}<\/script>\n<!-- \/ Yoast SEO plugin. -->","yoast_head_json":{"title":"Mon \u00e9t\u00e9 2025 en Val-de-Marne - programmation - Sorties Groupes","robots":{"index":"index","follow":"follow","max-snippet":"max-snippet:-1","max-image-preview":"max-image-preview:large","max-video-preview":"max-video-preview:-1"},"canonical":"https:\/\/www.tourisme-valdemarne.com\/espace-groupes\/les-visites-de-lete\/","og_locale":"fr_FR","og_type":"article","og_title":"Mon \u00e9t\u00e9 2025 en Val-de-Marne - programmation - Sorties Groupes","og_description":"Val-de-Marne Tourisme et Loisirs, en partenariat avec plusieurs associations du D\u00e9partement, s\u2019engage \u00e0 offrir aux personnes partant peu ou pas en vacances l\u2019opportunit\u00e9 de d\u00e9couvrir l\u2019offre touristique et de loisirs locale. Cette ann\u00e9e encore, nous revenons avec de nouvelles activit\u00e9s : balades urbaines, visites de mus\u00e9es, sports nautiques\u2026 Pour r\u00e9server, adressez votre demande sans tarder [&hellip;]","og_url":"https:\/\/www.tourisme-valdemarne.com\/espace-groupes\/les-visites-de-lete\/","og_site_name":"Sorties Groupes","article_modified_time":"2025-03-05T09:58:56+00:00","twitter_card":"summary_large_image","twitter_misc":{"Dur\u00e9e de lecture estim\u00e9e":"1 minute"},"schema":{"@context":"https:\/\/schema.org","@graph":[{"@type":"WebPage","@id":"https:\/\/www.tourisme-valdemarne.com\/espace-groupes\/les-visites-de-lete\/","url":"https:\/\/www.tourisme-valdemarne.com\/espace-groupes\/les-visites-de-lete\/","name":"Mon \u00e9t\u00e9 2025 en Val-de-Marne - programmation - Sorties Groupes","isPartOf":{"@id":"https:\/\/www.tourisme-valdemarne.com\/espace-groupes\/#website"},"datePublished":"2023-06-19T11:47:18+00:00","dateModified":"2025-03-05T09:58:56+00:00","breadcrumb":{"@id":"https:\/\/www.tourisme-valdemarne.com\/espace-groupes\/les-visites-de-lete\/#breadcrumb"},"inLanguage":"fr-FR","potentialAction":[{"@type":"ReadAction","target":["https:\/\/www.tourisme-valdemarne.com\/espace-groupes\/les-visites-de-lete\/"]}]},{"@type":"BreadcrumbList","@id":"https:\/\/www.tourisme-valdemarne.com\/espace-groupes\/les-visites-de-lete\/#breadcrumb","itemListElement":[{"@type":"ListItem","position":1,"name":"Accueil","item":"https:\/\/www.tourisme-valdemarne.com\/espace-groupes\/"},{"@type":"ListItem","position":2,"name":"Mon \u00e9t\u00e9 2025 en Val-de-Marne &#8211; programmation"}]},{"@type":"WebSite","@id":"https:\/\/www.tourisme-valdemarne.com\/espace-groupes\/#website","url":"https:\/\/www.tourisme-valdemarne.com\/espace-groupes\/","name":"Sorties Groupes","description":"Un site utilisant Val de Marne Tourisme &amp; Loisirs Sites","potentialAction":[{"@type":"SearchAction","target":{"@type":"EntryPoint","urlTemplate":"https:\/\/www.tourisme-valdemarne.com\/espace-groupes\/?s={search_term_string}"},"query-input":{"@type":"PropertyValueSpecification","valueRequired":true,"valueName":"search_term_string"}}],"inLanguage":"fr-FR"}]}},"_links":{"self":[{"href":"https:\/\/www.tourisme-valdemarne.com\/espace-groupes\/wp-json\/wp\/v2\/pages\/4813","targetHints":{"allow":["GET"]}}],"collection":[{"href":"https:\/\/www.tourisme-valdemarne.com\/espace-groupes\/wp-json\/wp\/v2\/pages"}],"about":[{"href":"https:\/\/www.tourisme-valdemarne.com\/espace-groupes\/wp-json\/wp\/v2\/types\/page"}],"author":[{"embeddable":true,"href":"https:\/\/www.tourisme-valdemarne.com\/espace-groupes\/wp-json\/wp\/v2\/users\/16"}],"replies":[{"embeddable":true,"href":"https:\/\/www.tourisme-valdemarne.com\/espace-groupes\/wp-json\/wp\/v2\/comments?post=4813"}],"version-history":[{"count":20,"href":"https:\/\/www.tourisme-valdemarne.com\/espace-groupes\/wp-json\/wp\/v2\/pages\/4813\/revisions"}],"predecessor-version":[{"id":8972,"href":"https:\/\/www.tourisme-valdemarne.com\/espace-groupes\/wp-json\/wp\/v2\/pages\/4813\/revisions\/8972"}],"wp:attachment":[{"href":"https:\/\/www.tourisme-valdemarne.com\/espace-groupes\/wp-json\/wp\/v2\/media?parent=4813"}],"wp:term":[{"taxonomy":"vdmTagMarketing","embeddable":true,"href":"https:\/\/www.tourisme-valdemarne.com\/espace-groupes\/wp-json\/wp\/v2\/vdmTagMarketing?post=4813"}],"curies":[{"name":"wp","href":"https:\/\/api.w.org\/{rel}","templated":true}]}}