{"id":3871,"date":"2022-10-25T12:15:26","date_gmt":"2022-10-25T10:15:26","guid":{"rendered":"https:\/\/www.tourisme-valdemarne.com\/espace-groupes\/?page_id=3871"},"modified":"2022-10-25T12:16:23","modified_gmt":"2022-10-25T10:16:23","slug":"formulaire-dinscription-eductour-affaires","status":"publish","type":"page","link":"https:\/\/www.tourisme-valdemarne.com\/espace-groupes\/accueil\/formulaire-dinscription-eductour-affaires\/","title":{"rendered":"Formulaire d&rsquo;inscription eductour &#8211; Affaires"},"content":{"rendered":"\n<p class=\"is-style-excerpt\">Le Val-de-Marne fait peau neuve, d\u00e9couvrez l\u2019offre Affaires au cours d&rsquo;un eductour qui aura lieu le 6 d\u00e9cembre 2022. Inscrivez-vous d\u00e8s maintenant en remplissant le formulaire ci-dessous :<\/p>\n\n\n\n<div class=\"wpcf7 no-js\" id=\"wpcf7-f3870-o1\" lang=\"fr-FR\" dir=\"ltr\" data-wpcf7-id=\"3870\">\n<div class=\"screen-reader-response\"><p role=\"status\" aria-live=\"polite\" aria-atomic=\"true\"><\/p> <ul><\/ul><\/div>\n<form action=\"\/espace-groupes\/wp-json\/wp\/v2\/pages\/3871#wpcf7-f3870-o1\" method=\"post\" class=\"wpcf7-form init\" aria-label=\"Formulaire de contact\" novalidate=\"novalidate\" data-status=\"init\">\n<div style=\"display: none;\">\n<input type=\"hidden\" name=\"_wpcf7\" value=\"3870\" \/>\n<input type=\"hidden\" name=\"_wpcf7_version\" value=\"6.0\" \/>\n<input type=\"hidden\" name=\"_wpcf7_locale\" value=\"fr_FR\" \/>\n<input type=\"hidden\" name=\"_wpcf7_unit_tag\" value=\"wpcf7-f3870-o1\" \/>\n<input type=\"hidden\" name=\"_wpcf7_container_post\" value=\"0\" \/>\n<input type=\"hidden\" name=\"_wpcf7_posted_data_hash\" value=\"\" \/>\n<input type=\"hidden\" name=\"_wpcf7dtx_version\" value=\"5.0.1\" \/>\n<\/div>\n<style scoped=\"scoped\" type=\"text\/css\">\nspan.wpcf7-list-item {\n display: inline-block;\n margin: 0 1em 0 0;\n}\n<\/style>\n<div class=\"form\">\n\t<div class=\"formGroupContainer clear\">\n\t\t<p><label>Structure <span class=\"required\">*<\/span> : <\/label><br \/>\n<span class=\"wpcf7-form-control-wrap\" data-name=\"structure\"><input size=\"40\" maxlength=\"400\" class=\"wpcf7-form-control wpcf7-text wpcf7-validates-as-required\" aria-required=\"true\" aria-invalid=\"false\" value=\"\" type=\"text\" name=\"structure\" \/><\/span>\n\t\t<\/p>\n\t<\/div>\n\t<div class=\"formGroupContainer clear\">\n\t\t<div class=\"formGroup--50\">\n\t\t\t<p><label>Nom <span class=\"required\">*<\/span> : <\/label><br \/>\n<span class=\"wpcf7-form-control-wrap\" data-name=\"nom\"><input size=\"40\" maxlength=\"400\" class=\"wpcf7-form-control wpcf7-text wpcf7-validates-as-required\" aria-required=\"true\" aria-invalid=\"false\" value=\"\" type=\"text\" name=\"nom\" \/><\/span>\n\t\t\t<\/p>\n\t\t<\/div>\n\t\t<div class=\"formGroup--50\">\n\t\t\t<p><label>Pr\u00e9nom <span class=\"required\">*<\/span> : <\/label><br \/>\n<span class=\"wpcf7-form-control-wrap\" data-name=\"prenom\"><input size=\"40\" maxlength=\"400\" class=\"wpcf7-form-control wpcf7-text wpcf7-validates-as-required\" aria-required=\"true\" aria-invalid=\"false\" value=\"\" type=\"text\" name=\"prenom\" \/><\/span>\n\t\t\t<\/p>\n\t\t<\/div>\n\t<\/div>\n\t<div class=\"formGroupContainer clear\">\n\t\t<p><label>Fonction <span class=\"required\">*<\/span> : <\/label><br \/>\n<span class=\"wpcf7-form-control-wrap\" data-name=\"fonction\"><input size=\"40\" maxlength=\"400\" class=\"wpcf7-form-control wpcf7-text wpcf7-validates-as-required\" aria-required=\"true\" aria-invalid=\"false\" value=\"\" type=\"text\" name=\"fonction\" \/><\/span>\n\t\t<\/p>\n\t<\/div>\n\t<div class=\"formGroupContainer clear\">\n\t\t<p><label>Email <span class=\"required\">*<\/span> : <\/label><br \/>\n<span class=\"wpcf7-form-control-wrap\" data-name=\"email\"><input size=\"40\" maxlength=\"400\" class=\"wpcf7-form-control wpcf7-email wpcf7-validates-as-required wpcf7-text wpcf7-validates-as-email\" aria-required=\"true\" aria-invalid=\"false\" value=\"\" type=\"email\" name=\"email\" \/><\/span>\n\t\t<\/p>\n\t<\/div>\n\t<div class=\"formGroupContainer clear\">\n\t\t<p><label>T\u00e9l\u00e9phone <span class=\"required\">*<\/span> : <\/label><br \/>\n<span class=\"wpcf7-form-control-wrap\" data-name=\"telephone\"><input size=\"40\" maxlength=\"400\" class=\"wpcf7-form-control wpcf7-tel wpcf7-validates-as-required wpcf7-text wpcf7-validates-as-tel\" aria-required=\"true\" aria-invalid=\"false\" value=\"\" type=\"tel\" name=\"telephone\" \/><\/span>\n\t\t<\/p>\n\t<\/div>\n\t<div class=\"formGroup\">\n\t\t<p><input class=\"wpcf7-form-control wpcf7-submit has-spinner button\" type=\"submit\" value=\"Envoyer\" \/>\n\t\t<\/p>\n\t<\/div>\n\t<div class=\"formGroup\">\n\t\t<p>Les informations recueillies sur ce formulaire sont enregistr\u00e9es dans un fichier informatis\u00e9 par le Comit\u00e9 D\u00e9partemental du Tourisme du Val-de-Marne pour la gestion des demandes de contact. Elles sont conserv\u00e9es pendant trois ans maximum et sont destin\u00e9es au service commercial ou technique uniquement pour r\u00e9pondre \u00e0 vos demandes. Pour plus d'informations, veuillez lire notre <a href=\"https:\/\/www.tourisme-valdemarne.com\/rgpd-charte-de-confidentialite\/\">Politique de confidentialit\u00e9<\/a>.\n\t\t<\/p>\n\t<\/div>\n<\/div><div class=\"wpcf7-response-output\" aria-hidden=\"true\"><\/div>\n<\/form>\n<\/div>\n\n","protected":false},"excerpt":{"rendered":"<p>Le Val-de-Marne fait peau neuve, d\u00e9couvrez l\u2019offre Affaires au cours d&rsquo;un eductour qui aura lieu le 6 d\u00e9cembre 2022. Inscrivez-vous d\u00e8s maintenant en remplissant le formulaire ci-dessous :<\/p>\n","protected":false},"author":16,"featured_media":0,"parent":7,"menu_order":0,"comment_status":"closed","ping_status":"closed","template":"","meta":{"_relevanssi_hide_post":"","_relevanssi_hide_content":"","_relevanssi_pin_for_all":"","_relevanssi_pin_keywords":"","_relevanssi_unpin_keywords":"","_relevanssi_related_keywords":"","_relevanssi_related_include_ids":"","_relevanssi_related_exclude_ids":"","_relevanssi_related_no_append":"","_relevanssi_related_not_related":"","_relevanssi_related_posts":"1111,1976,1912,1121,1221,1962","_relevanssi_noindex_reason":"","footnotes":""},"vdmTagMarketing":[],"class_list":["post-3871","page","type-page","status-publish","hentry"],"acf":[],"yoast_head":"<!-- This site is optimized with the Yoast SEO plugin v23.9 - https:\/\/yoast.com\/wordpress\/plugins\/seo\/ -->\n<title>Formulaire d&#039;inscription eductour - Affaires - Sorties Groupes<\/title>\n<meta name=\"robots\" content=\"index, follow, max-snippet:-1, max-image-preview:large, max-video-preview:-1\" \/>\n<link rel=\"canonical\" href=\"https:\/\/www.tourisme-valdemarne.com\/espace-groupes\/accueil\/formulaire-dinscription-eductour-affaires\/\" \/>\n<meta property=\"og:locale\" content=\"fr_FR\" \/>\n<meta property=\"og:type\" content=\"article\" \/>\n<meta property=\"og:title\" content=\"Formulaire d&#039;inscription eductour - Affaires - Sorties Groupes\" \/>\n<meta property=\"og:description\" content=\"Le Val-de-Marne fait peau neuve, d\u00e9couvrez l\u2019offre Affaires au cours d&rsquo;un eductour qui aura lieu le 6 d\u00e9cembre 2022. Inscrivez-vous d\u00e8s maintenant en remplissant le formulaire ci-dessous :\" \/>\n<meta property=\"og:url\" content=\"https:\/\/www.tourisme-valdemarne.com\/espace-groupes\/accueil\/formulaire-dinscription-eductour-affaires\/\" \/>\n<meta property=\"og:site_name\" content=\"Sorties Groupes\" \/>\n<meta property=\"article:modified_time\" content=\"2022-10-25T10:16:23+00:00\" \/>\n<meta name=\"twitter:card\" content=\"summary_large_image\" \/>\n<meta name=\"twitter:label1\" content=\"Dur\u00e9e de lecture estim\u00e9e\" \/>\n\t<meta name=\"twitter:data1\" content=\"1 minute\" \/>\n<script type=\"application\/ld+json\" class=\"yoast-schema-graph\">{\"@context\":\"https:\/\/schema.org\",\"@graph\":[{\"@type\":\"WebPage\",\"@id\":\"https:\/\/www.tourisme-valdemarne.com\/espace-groupes\/accueil\/formulaire-dinscription-eductour-affaires\/\",\"url\":\"https:\/\/www.tourisme-valdemarne.com\/espace-groupes\/accueil\/formulaire-dinscription-eductour-affaires\/\",\"name\":\"Formulaire d'inscription eductour - Affaires - Sorties Groupes\",\"isPartOf\":{\"@id\":\"https:\/\/www.tourisme-valdemarne.com\/espace-groupes\/#website\"},\"datePublished\":\"2022-10-25T10:15:26+00:00\",\"dateModified\":\"2022-10-25T10:16:23+00:00\",\"breadcrumb\":{\"@id\":\"https:\/\/www.tourisme-valdemarne.com\/espace-groupes\/accueil\/formulaire-dinscription-eductour-affaires\/#breadcrumb\"},\"inLanguage\":\"fr-FR\",\"potentialAction\":[{\"@type\":\"ReadAction\",\"target\":[\"https:\/\/www.tourisme-valdemarne.com\/espace-groupes\/accueil\/formulaire-dinscription-eductour-affaires\/\"]}]},{\"@type\":\"BreadcrumbList\",\"@id\":\"https:\/\/www.tourisme-valdemarne.com\/espace-groupes\/accueil\/formulaire-dinscription-eductour-affaires\/#breadcrumb\",\"itemListElement\":[{\"@type\":\"ListItem\",\"position\":1,\"name\":\"Accueil\",\"item\":\"https:\/\/www.tourisme-valdemarne.com\/espace-groupes\/\"},{\"@type\":\"ListItem\",\"position\":2,\"name\":\"Accueil\",\"item\":\"https:\/\/www.tourisme-valdemarne.com\/espace-groupes\/\"},{\"@type\":\"ListItem\",\"position\":3,\"name\":\"Formulaire d&rsquo;inscription eductour &#8211; Affaires\"}]},{\"@type\":\"WebSite\",\"@id\":\"https:\/\/www.tourisme-valdemarne.com\/espace-groupes\/#website\",\"url\":\"https:\/\/www.tourisme-valdemarne.com\/espace-groupes\/\",\"name\":\"Sorties Groupes\",\"description\":\"Un site utilisant Val de Marne Tourisme &amp; Loisirs Sites\",\"potentialAction\":[{\"@type\":\"SearchAction\",\"target\":{\"@type\":\"EntryPoint\",\"urlTemplate\":\"https:\/\/www.tourisme-valdemarne.com\/espace-groupes\/?s={search_term_string}\"},\"query-input\":{\"@type\":\"PropertyValueSpecification\",\"valueRequired\":true,\"valueName\":\"search_term_string\"}}],\"inLanguage\":\"fr-FR\"}]}<\/script>\n<!-- \/ Yoast SEO plugin. -->","yoast_head_json":{"title":"Formulaire d'inscription eductour - Affaires - Sorties Groupes","robots":{"index":"index","follow":"follow","max-snippet":"max-snippet:-1","max-image-preview":"max-image-preview:large","max-video-preview":"max-video-preview:-1"},"canonical":"https:\/\/www.tourisme-valdemarne.com\/espace-groupes\/accueil\/formulaire-dinscription-eductour-affaires\/","og_locale":"fr_FR","og_type":"article","og_title":"Formulaire d'inscription eductour - Affaires - Sorties Groupes","og_description":"Le Val-de-Marne fait peau neuve, d\u00e9couvrez l\u2019offre Affaires au cours d&rsquo;un eductour qui aura lieu le 6 d\u00e9cembre 2022. Inscrivez-vous d\u00e8s maintenant en remplissant le formulaire ci-dessous :","og_url":"https:\/\/www.tourisme-valdemarne.com\/espace-groupes\/accueil\/formulaire-dinscription-eductour-affaires\/","og_site_name":"Sorties Groupes","article_modified_time":"2022-10-25T10:16:23+00:00","twitter_card":"summary_large_image","twitter_misc":{"Dur\u00e9e de lecture estim\u00e9e":"1 minute"},"schema":{"@context":"https:\/\/schema.org","@graph":[{"@type":"WebPage","@id":"https:\/\/www.tourisme-valdemarne.com\/espace-groupes\/accueil\/formulaire-dinscription-eductour-affaires\/","url":"https:\/\/www.tourisme-valdemarne.com\/espace-groupes\/accueil\/formulaire-dinscription-eductour-affaires\/","name":"Formulaire d'inscription eductour - Affaires - Sorties Groupes","isPartOf":{"@id":"https:\/\/www.tourisme-valdemarne.com\/espace-groupes\/#website"},"datePublished":"2022-10-25T10:15:26+00:00","dateModified":"2022-10-25T10:16:23+00:00","breadcrumb":{"@id":"https:\/\/www.tourisme-valdemarne.com\/espace-groupes\/accueil\/formulaire-dinscription-eductour-affaires\/#breadcrumb"},"inLanguage":"fr-FR","potentialAction":[{"@type":"ReadAction","target":["https:\/\/www.tourisme-valdemarne.com\/espace-groupes\/accueil\/formulaire-dinscription-eductour-affaires\/"]}]},{"@type":"BreadcrumbList","@id":"https:\/\/www.tourisme-valdemarne.com\/espace-groupes\/accueil\/formulaire-dinscription-eductour-affaires\/#breadcrumb","itemListElement":[{"@type":"ListItem","position":1,"name":"Accueil","item":"https:\/\/www.tourisme-valdemarne.com\/espace-groupes\/"},{"@type":"ListItem","position":2,"name":"Accueil","item":"https:\/\/www.tourisme-valdemarne.com\/espace-groupes\/"},{"@type":"ListItem","position":3,"name":"Formulaire d&rsquo;inscription eductour &#8211; Affaires"}]},{"@type":"WebSite","@id":"https:\/\/www.tourisme-valdemarne.com\/espace-groupes\/#website","url":"https:\/\/www.tourisme-valdemarne.com\/espace-groupes\/","name":"Sorties Groupes","description":"Un site utilisant Val de Marne Tourisme &amp; Loisirs Sites","potentialAction":[{"@type":"SearchAction","target":{"@type":"EntryPoint","urlTemplate":"https:\/\/www.tourisme-valdemarne.com\/espace-groupes\/?s={search_term_string}"},"query-input":{"@type":"PropertyValueSpecification","valueRequired":true,"valueName":"search_term_string"}}],"inLanguage":"fr-FR"}]}},"_links":{"self":[{"href":"https:\/\/www.tourisme-valdemarne.com\/espace-groupes\/wp-json\/wp\/v2\/pages\/3871","targetHints":{"allow":["GET"]}}],"collection":[{"href":"https:\/\/www.tourisme-valdemarne.com\/espace-groupes\/wp-json\/wp\/v2\/pages"}],"about":[{"href":"https:\/\/www.tourisme-valdemarne.com\/espace-groupes\/wp-json\/wp\/v2\/types\/page"}],"author":[{"embeddable":true,"href":"https:\/\/www.tourisme-valdemarne.com\/espace-groupes\/wp-json\/wp\/v2\/users\/16"}],"replies":[{"embeddable":true,"href":"https:\/\/www.tourisme-valdemarne.com\/espace-groupes\/wp-json\/wp\/v2\/comments?post=3871"}],"version-history":[{"count":1,"href":"https:\/\/www.tourisme-valdemarne.com\/espace-groupes\/wp-json\/wp\/v2\/pages\/3871\/revisions"}],"predecessor-version":[{"id":3872,"href":"https:\/\/www.tourisme-valdemarne.com\/espace-groupes\/wp-json\/wp\/v2\/pages\/3871\/revisions\/3872"}],"up":[{"embeddable":true,"href":"https:\/\/www.tourisme-valdemarne.com\/espace-groupes\/wp-json\/wp\/v2\/pages\/7"}],"wp:attachment":[{"href":"https:\/\/www.tourisme-valdemarne.com\/espace-groupes\/wp-json\/wp\/v2\/media?parent=3871"}],"wp:term":[{"taxonomy":"vdmTagMarketing","embeddable":true,"href":"https:\/\/www.tourisme-valdemarne.com\/espace-groupes\/wp-json\/wp\/v2\/vdmTagMarketing?post=3871"}],"curies":[{"name":"wp","href":"https:\/\/api.w.org\/{rel}","templated":true}]}}