{"id":3508,"date":"2022-06-27T11:22:29","date_gmt":"2022-06-27T09:22:29","guid":{"rendered":"https:\/\/www.tourisme-valdemarne.com\/espace-groupes\/?page_id=3508"},"modified":"2024-02-13T15:20:20","modified_gmt":"2024-02-13T14:20:20","slug":"tourisme-sorties-et-loisirs-pour-les-groupes-a-vitry-sur-seine-et-ivry-sur-seine","status":"publish","type":"page","link":"https:\/\/www.tourisme-valdemarne.com\/espace-groupes\/sorties-thematiques\/sorties-groupes-par-villes\/tourisme-sorties-et-loisirs-pour-les-groupes-a-vitry-sur-seine-et-ivry-sur-seine\/","title":{"rendered":"Tourisme, sorties et loisirs pour les groupes \u00e0 Vitry-sur-Seine et Ivry-sur-Seine"},"content":{"rendered":"\n<p class=\"is-style-excerpt\">D\u00e9couvrez les communes de Vitry-sur-Seine et Ivry-sur-Seine aux portes de Paris. Le service Groupes de Val-de-Marne Tourisme vous propose plusieurs visites guid\u00e9es, notamment sur le th\u00e8me du street art, reconnu dans ces communes.<\/p>\n\n\n\n<h2 class=\"wp-block-heading\">Des id\u00e9es de sorties culturelles \u00e0 Vitry-sur-Seine<\/h2>\n\n\n\n<h3 class=\"wp-block-heading\">Une balade street art \u00e0 Vitry-sur-Seine<\/h3>\n\n\n\n<p>Vitry-sur-Seine est une ville \u00e0 ne pas manquer si vous \u00eates <strong>amateur de street art<\/strong>. En effet, la commune est consid\u00e9r\u00e9e comme une v\u00e9ritable <strong>\u00ab&nbsp;capitale du street art&nbsp;\u00bb<\/strong>&nbsp;!<\/p>\n\n\n\n<p>Avec ces centaines d\u2019\u0153uvres qui sont diss\u00e9min\u00e9es un peu partout dans la ville, Vitry-sur-Seine est <strong>baign\u00e9e de couleurs<\/strong>. Des fa\u00e7ades d\u2019immeubles aux bo\u00eetes aux lettres, d\u00e9couvrez les plus vastes comme les plus petites pi\u00e8ces de street art.<\/p>\n\n\n\n<figure class=\"wp-block-image size-large\"><a href=\"https:\/\/www.tourisme-valdemarne.com\/espace-groupes\/wp-content\/uploads\/sites\/2\/2022\/06\/balade-street-art-vitry_-oeuvre-d-etnik.jpg\"><img width=\"1200\" height=\"801\" data-src=\"https:\/\/www.tourisme-valdemarne.com\/espace-groupes\/wp-content\/uploads\/sites\/2\/2022\/06\/balade-street-art-vitry_-oeuvre-d-etnik-1200x801.jpg\" alt=\"street art vitry sur seine\" class=\"wp-image-3510\" srcset=\"https:\/\/www.tourisme-valdemarne.com\/espace-groupes\/wp-content\/uploads\/sites\/2\/2022\/06\/balade-street-art-vitry_-oeuvre-d-etnik-1200x801.jpg 1200w, https:\/\/www.tourisme-valdemarne.com\/espace-groupes\/wp-content\/uploads\/sites\/2\/2022\/06\/balade-street-art-vitry_-oeuvre-d-etnik-600x401.jpg 600w, https:\/\/www.tourisme-valdemarne.com\/espace-groupes\/wp-content\/uploads\/sites\/2\/2022\/06\/balade-street-art-vitry_-oeuvre-d-etnik-900x601.jpg 900w, https:\/\/www.tourisme-valdemarne.com\/espace-groupes\/wp-content\/uploads\/sites\/2\/2022\/06\/balade-street-art-vitry_-oeuvre-d-etnik-1536x1025.jpg 1536w, https:\/\/www.tourisme-valdemarne.com\/espace-groupes\/wp-content\/uploads\/sites\/2\/2022\/06\/balade-street-art-vitry_-oeuvre-d-etnik-380x254.jpg 380w, https:\/\/www.tourisme-valdemarne.com\/espace-groupes\/wp-content\/uploads\/sites\/2\/2022\/06\/balade-street-art-vitry_-oeuvre-d-etnik-200x134.jpg 200w, https:\/\/www.tourisme-valdemarne.com\/espace-groupes\/wp-content\/uploads\/sites\/2\/2022\/06\/balade-street-art-vitry_-oeuvre-d-etnik.jpg 1600w\" sizes=\"(max-width: 1200px) 100vw, 1200px\" \/><\/a><figcaption>\u0152uvre de street art d&rsquo;Etnik \u00a9 CDT94\/A. Laurin<\/figcaption><\/figure>\n\n\n\n<p>De <a href=\"https:\/\/www.tourisme-valdemarne.com\/street-art\/artistes-street-art\/\" target=\"_blank\" rel=\"noreferrer noopener\">nombreux artistes de l\u2019art de rue<\/a> ont particip\u00e9 \u00e0 l\u2019expansion de l\u2019art urbain \u00e0 Vitry-sur-Seine, notamment l\u2019artiste C215.<\/p>\n\n\n\n<p>La ville de Vitry-sur-Seine applique le <strong>syst\u00e8me du 1% artistique<\/strong> dont le principe est de <strong>reverser 1 % du budget d\u00e9di\u00e9 \u00e0 la construction ou l\u2019extension d\u2019un b\u00e2timent public, \u00e0 la commande et la r\u00e9alisation d\u2019une \u0153uvre d\u2019art contemporaine<\/strong> int\u00e9gr\u00e9e au projet architectural et accessible \u00e0 tous.<\/p>\n\n\n\n<p class=\"is-style-highlight\">Pour en savoir plus, r\u00e9servez une sortie groupe aux portes de Paris pour d\u00e9couvrir le street art \u00e0 Vitry-sur-Seine en balade&nbsp;!<\/p>\n\n\n\n<h3 class=\"wp-block-heading\">Plus de 2000 \u0153uvres au MAC VAL<\/h3>\n\n\n\n<p>Si vous souhaitez multiplier les sorties culturelles dans le th\u00e8me de l\u2019art, notre service Groupes vous propose de <a href=\"https:\/\/www.tourisme-valdemarne.com\/espace-groupes\/visites-groupes\/visite-guidee-du-mac-val-en-semaine\/\" target=\"_blank\" rel=\"noreferrer noopener\">visiter le mus\u00e9e MAC VAL<\/a>.<\/p>\n\n\n\n<figure class=\"wp-block-image size-full\"><a href=\"https:\/\/www.tourisme-valdemarne.com\/espace-groupes\/wp-content\/uploads\/sites\/2\/wpetourisme\/statue-jardin-mac-val_prd1_6.jpg\"><img width=\"1000\" height=\"669\" data-src=\"https:\/\/www.tourisme-valdemarne.com\/espace-groupes\/wp-content\/uploads\/sites\/2\/wpetourisme\/statue-jardin-mac-val_prd1_6.jpg\" alt=\"jardin mac val vitry sur seine\" class=\"wp-image-3393\" srcset=\"https:\/\/www.tourisme-valdemarne.com\/espace-groupes\/wp-content\/uploads\/sites\/2\/wpetourisme\/statue-jardin-mac-val_prd1_6.jpg 1000w, https:\/\/www.tourisme-valdemarne.com\/espace-groupes\/wp-content\/uploads\/sites\/2\/wpetourisme\/statue-jardin-mac-val_prd1_6-600x401.jpg 600w, https:\/\/www.tourisme-valdemarne.com\/espace-groupes\/wp-content\/uploads\/sites\/2\/wpetourisme\/statue-jardin-mac-val_prd1_6-900x602.jpg 900w, https:\/\/www.tourisme-valdemarne.com\/espace-groupes\/wp-content\/uploads\/sites\/2\/wpetourisme\/statue-jardin-mac-val_prd1_6-380x254.jpg 380w, https:\/\/www.tourisme-valdemarne.com\/espace-groupes\/wp-content\/uploads\/sites\/2\/wpetourisme\/statue-jardin-mac-val_prd1_6-200x134.jpg 200w\" sizes=\"(max-width: 1000px) 100vw, 1000px\" \/><\/a><figcaption>Statue du jardin du MAC VAL \u00a9 CDT94\/ D. Thierry<\/figcaption><\/figure>\n\n\n\n<p>Vitry-sur-Seine s\u2019inscrit d\u00e9finitivement comme <strong>une ville d\u2019art et de culture<\/strong>, \u00e0 l\u2019instar de son <strong>mus\u00e9e d\u2019art contemporain du Val-de-Marne, le MAC VAL<\/strong>.<\/p>\n\n\n\n<p>D\u00e9couvrez-y <strong>plus de 2000 \u0153uvres d\u2019art<\/strong>, datant des ann\u00e9es 1950 \u00e0 nos jours. L\u2019occasion de voir comme l\u2019art contemporain s\u2019est fait une place de choix au fil des ann\u00e9es au travers des expositions permanentes du mus\u00e9e.<\/p>\n\n\n\n<figure class=\"wp-block-image size-large\"><a href=\"https:\/\/www.tourisme-valdemarne.com\/espace-groupes\/wp-content\/uploads\/sites\/2\/2022\/06\/enseigne-mac-val-vitry-sur-seine.jpg\"><img width=\"1200\" height=\"562\" data-src=\"https:\/\/www.tourisme-valdemarne.com\/espace-groupes\/wp-content\/uploads\/sites\/2\/2022\/06\/enseigne-mac-val-vitry-sur-seine-1200x562.jpg\" alt=\"enseigne mac val vitry sur seine\" class=\"wp-image-3513\" srcset=\"https:\/\/www.tourisme-valdemarne.com\/espace-groupes\/wp-content\/uploads\/sites\/2\/2022\/06\/enseigne-mac-val-vitry-sur-seine-1200x562.jpg 1200w, https:\/\/www.tourisme-valdemarne.com\/espace-groupes\/wp-content\/uploads\/sites\/2\/2022\/06\/enseigne-mac-val-vitry-sur-seine-600x281.jpg 600w, https:\/\/www.tourisme-valdemarne.com\/espace-groupes\/wp-content\/uploads\/sites\/2\/2022\/06\/enseigne-mac-val-vitry-sur-seine-900x421.jpg 900w, https:\/\/www.tourisme-valdemarne.com\/espace-groupes\/wp-content\/uploads\/sites\/2\/2022\/06\/enseigne-mac-val-vitry-sur-seine-1536x719.jpg 1536w, https:\/\/www.tourisme-valdemarne.com\/espace-groupes\/wp-content\/uploads\/sites\/2\/2022\/06\/enseigne-mac-val-vitry-sur-seine-380x178.jpg 380w, https:\/\/www.tourisme-valdemarne.com\/espace-groupes\/wp-content\/uploads\/sites\/2\/2022\/06\/enseigne-mac-val-vitry-sur-seine-200x94.jpg 200w, https:\/\/www.tourisme-valdemarne.com\/espace-groupes\/wp-content\/uploads\/sites\/2\/2022\/06\/enseigne-mac-val-vitry-sur-seine.jpg 1600w\" sizes=\"(max-width: 1200px) 100vw, 1200px\" \/><\/a><figcaption>Mus\u00e9e du MAC VAL de Vitry-sur-Seine \u00a9 CDT94\/ D. Thierry<\/figcaption><\/figure>\n\n\n\n<p>Sur plusieurs p\u00e9riodes de l\u2019ann\u00e9e, <strong>le mus\u00e9e s\u2019enrichit d\u2019\u0153uvres suppl\u00e9mentaires<\/strong> lorsqu\u2019il accueille des expositions temporaires. Elles tendent \u00e0 mettre \u00e0 l\u2019honneur des artistes en devenir et vous permettent d\u2019\u00e9largir votre regard sur la cr\u00e9ation.<\/p>\n\n\n\n<p><a href=\"https:\/\/www.tourisme-valdemarne.com\/espace-groupes\/contact\/\" target=\"_blank\" rel=\"noreferrer noopener\">Prenez contact avec le service Groupes<\/a> qui se chargera de vous guider dans l\u2019organisation de votre visite groupe du MAC VAL.<\/p>\n\n\n\n<p class=\"is-style-highlight\">Vous \u00eates \u00e0 la recherche d\u2019une <a href=\"https:\/\/www.tourisme-valdemarne.com\/espace-groupes\/scolaires\/\" target=\"_blank\" rel=\"noreferrer noopener\">visite pour une sortie Scolaires<\/a>&nbsp;\u00e0 Vitry-sur-Seine&nbsp;? Au service Scolaires, on vous propose la <a href=\"https:\/\/www.tourisme-valdemarne.com\/espace-groupes\/visite-scolaire\/musee-des-sciences-et-du-numerique\/\" target=\"_blank\" rel=\"noreferrer noopener\">visite guid\u00e9e de l\u2019Explorad\u00f4me<\/a>, \u00ab&nbsp;le mus\u00e9e o\u00f9 il est interdit de ne pas toucher&nbsp;\u00bb.<\/p>\n\n\n\n<h2 class=\"wp-block-heading\">Des visites street art \u00e0 Ivry-sur-Seine<\/h2>\n\n\n\n<p>Situ\u00e9e entre le 13<sup>e<\/sup> arrondissement de Paris et la ville de Vitry-sur-Seine, <strong>Ivry-sur-Seine est une vitrine du street art<\/strong> comme ses voisins.<\/p>\n\n\n\n<p>Ville d&rsquo;artistes en tout genre, peupl\u00e9e de nombreux ateliers, <strong>Ivry-sur-Seine regorge de peintures murales, graff et pochoirs<\/strong>.<\/p>\n\n\n\n<figure class=\"wp-block-image size-full\"><a href=\"https:\/\/www.tourisme-valdemarne.com\/espace-groupes\/wp-content\/uploads\/sites\/2\/2022\/06\/oeuvre-street-art-ivry-sur-seine-parc-cormailles.jpg\"><img width=\"1200\" height=\"900\" data-src=\"https:\/\/www.tourisme-valdemarne.com\/espace-groupes\/wp-content\/uploads\/sites\/2\/2022\/06\/oeuvre-street-art-ivry-sur-seine-parc-cormailles.jpg\" alt=\"oeuvre street art parc cormailles ivry sur seine\" class=\"wp-image-3514\" srcset=\"https:\/\/www.tourisme-valdemarne.com\/espace-groupes\/wp-content\/uploads\/sites\/2\/2022\/06\/oeuvre-street-art-ivry-sur-seine-parc-cormailles.jpg 1200w, https:\/\/www.tourisme-valdemarne.com\/espace-groupes\/wp-content\/uploads\/sites\/2\/2022\/06\/oeuvre-street-art-ivry-sur-seine-parc-cormailles-600x450.jpg 600w, https:\/\/www.tourisme-valdemarne.com\/espace-groupes\/wp-content\/uploads\/sites\/2\/2022\/06\/oeuvre-street-art-ivry-sur-seine-parc-cormailles-900x675.jpg 900w, https:\/\/www.tourisme-valdemarne.com\/espace-groupes\/wp-content\/uploads\/sites\/2\/2022\/06\/oeuvre-street-art-ivry-sur-seine-parc-cormailles-380x285.jpg 380w, https:\/\/www.tourisme-valdemarne.com\/espace-groupes\/wp-content\/uploads\/sites\/2\/2022\/06\/oeuvre-street-art-ivry-sur-seine-parc-cormailles-200x150.jpg 200w\" sizes=\"(max-width: 1200px) 100vw, 1200px\" \/><\/a><figcaption>Oeuvre de street art au parc des Cormailles \u00e0 Ivry-sur-Seine \u00a9 CDT94<\/figcaption><\/figure>\n\n\n\n<p>Participez \u00e0 cette balade d\u00e9couverte, disponibles aux groupes, pour d\u00e9couvrir la palette de couleurs des <a href=\"https:\/\/www.tourisme-valdemarne.com\/espace-groupes\/visites-groupes\/balade-street-art-a-ivry\/\" target=\"_blank\" rel=\"noreferrer noopener\">\u0153uvres de street art d\u2019Ivry-sur-Seine<\/a>.<\/p>\n\n\n\n<p>Laissez-vous guider sur ce vaste territoire pour <strong>d\u00e9couvrir toutes les \u0153uvres de street art \u00e9parpill\u00e9es dans les rues<\/strong> ou les parcs.<\/p>\n\n\n\n<p class=\"is-style-highlight\">Pour toute demande de visites \u00e0 faire en groupes, aux portes de Paris, <a href=\"https:\/\/www.tourisme-valdemarne.com\/espace-groupes\/contact\/\" target=\"_blank\" rel=\"noreferrer noopener\">contactez notre service Groupes<\/a> et d\u00e9couvrez l\u2019int\u00e9gralit\u00e9 des sorties propos\u00e9es.<\/p>\n","protected":false},"excerpt":{"rendered":"<p>D\u00e9couvrez les communes de Vitry-sur-Seine et Ivry-sur-Seine aux portes de Paris. Le service Groupes de Val-de-Marne Tourisme vous propose plusieurs visites guid\u00e9es, notamment sur le th\u00e8me du street art, reconnu dans ces communes. Des id\u00e9es de sorties culturelles \u00e0 Vitry-sur-Seine Une balade street art \u00e0 Vitry-sur-Seine Vitry-sur-Seine est une ville \u00e0 ne pas manquer si [&hellip;]<\/p>\n","protected":false},"author":8,"featured_media":3510,"parent":3151,"menu_order":0,"comment_status":"closed","ping_status":"closed","template":"","meta":{"_relevanssi_hide_post":"","_relevanssi_hide_content":"","_relevanssi_pin_for_all":"","_relevanssi_pin_keywords":"","_relevanssi_unpin_keywords":"","_relevanssi_related_keywords":"","_relevanssi_related_include_ids":"","_relevanssi_related_exclude_ids":"","_relevanssi_related_no_append":"","_relevanssi_related_not_related":"","_relevanssi_related_posts":"1221,1912,1962,1976,1121,1111","_relevanssi_noindex_reason":"","footnotes":""},"vdmTagMarketing":[],"class_list":["post-3508","page","type-page","status-publish","has-post-thumbnail","hentry"],"acf":[],"yoast_head":"<!-- This site is optimized with the Yoast SEO plugin v23.9 - https:\/\/yoast.com\/wordpress\/plugins\/seo\/ -->\n<title>Tourisme, sorties et loisirs pour les groupes \u00e0 Vitry-sur-Seine et Ivry-sur-Seine<\/title>\n<meta name=\"description\" content=\"Quoi faire \u00e0 Vitry-sur-Seine et Ivry-sur-Seine ? D\u00e9couvrez toutes les id\u00e9es de visites pour organiser vos sorties en groupe aux portes de Paris.\" \/>\n<meta name=\"robots\" content=\"index, follow, max-snippet:-1, max-image-preview:large, max-video-preview:-1\" \/>\n<link rel=\"canonical\" href=\"https:\/\/www.tourisme-valdemarne.com\/espace-groupes\/sorties-thematiques\/sorties-groupes-par-villes\/tourisme-sorties-et-loisirs-pour-les-groupes-a-vitry-sur-seine-et-ivry-sur-seine\/\" \/>\n<meta property=\"og:locale\" content=\"fr_FR\" \/>\n<meta property=\"og:type\" content=\"article\" \/>\n<meta property=\"og:title\" content=\"Tourisme, sorties et loisirs pour les groupes \u00e0 Vitry-sur-Seine et Ivry-sur-Seine\" \/>\n<meta property=\"og:description\" content=\"Quoi faire \u00e0 Vitry-sur-Seine et Ivry-sur-Seine ? D\u00e9couvrez toutes les id\u00e9es de visites pour organiser vos sorties en groupe aux portes de Paris.\" \/>\n<meta property=\"og:url\" content=\"https:\/\/www.tourisme-valdemarne.com\/espace-groupes\/sorties-thematiques\/sorties-groupes-par-villes\/tourisme-sorties-et-loisirs-pour-les-groupes-a-vitry-sur-seine-et-ivry-sur-seine\/\" \/>\n<meta property=\"og:site_name\" content=\"Sorties Groupes\" \/>\n<meta property=\"article:modified_time\" content=\"2024-02-13T14:20:20+00:00\" \/>\n<meta property=\"og:image\" content=\"https:\/\/www.tourisme-valdemarne.com\/espace-groupes\/wp-content\/uploads\/sites\/2\/2022\/06\/balade-street-art-vitry_-oeuvre-d-etnik.jpg\" \/>\n\t<meta property=\"og:image:width\" content=\"1600\" \/>\n\t<meta property=\"og:image:height\" content=\"1068\" \/>\n\t<meta property=\"og:image:type\" content=\"image\/jpeg\" \/>\n<meta name=\"twitter:card\" content=\"summary_large_image\" \/>\n<meta name=\"twitter:label1\" content=\"Dur\u00e9e de lecture estim\u00e9e\" \/>\n\t<meta name=\"twitter:data1\" content=\"4 minutes\" \/>\n<script type=\"application\/ld+json\" class=\"yoast-schema-graph\">{\"@context\":\"https:\/\/schema.org\",\"@graph\":[{\"@type\":\"WebPage\",\"@id\":\"https:\/\/www.tourisme-valdemarne.com\/espace-groupes\/sorties-thematiques\/sorties-groupes-par-villes\/tourisme-sorties-et-loisirs-pour-les-groupes-a-vitry-sur-seine-et-ivry-sur-seine\/\",\"url\":\"https:\/\/www.tourisme-valdemarne.com\/espace-groupes\/sorties-thematiques\/sorties-groupes-par-villes\/tourisme-sorties-et-loisirs-pour-les-groupes-a-vitry-sur-seine-et-ivry-sur-seine\/\",\"name\":\"Tourisme, sorties et loisirs pour les groupes \u00e0 Vitry-sur-Seine et Ivry-sur-Seine\",\"isPartOf\":{\"@id\":\"https:\/\/www.tourisme-valdemarne.com\/espace-groupes\/#website\"},\"primaryImageOfPage\":{\"@id\":\"https:\/\/www.tourisme-valdemarne.com\/espace-groupes\/sorties-thematiques\/sorties-groupes-par-villes\/tourisme-sorties-et-loisirs-pour-les-groupes-a-vitry-sur-seine-et-ivry-sur-seine\/#primaryimage\"},\"image\":{\"@id\":\"https:\/\/www.tourisme-valdemarne.com\/espace-groupes\/sorties-thematiques\/sorties-groupes-par-villes\/tourisme-sorties-et-loisirs-pour-les-groupes-a-vitry-sur-seine-et-ivry-sur-seine\/#primaryimage\"},\"thumbnailUrl\":\"https:\/\/www.tourisme-valdemarne.com\/espace-groupes\/wp-content\/uploads\/sites\/2\/2022\/06\/balade-street-art-vitry_-oeuvre-d-etnik.jpg\",\"datePublished\":\"2022-06-27T09:22:29+00:00\",\"dateModified\":\"2024-02-13T14:20:20+00:00\",\"description\":\"Quoi faire \u00e0 Vitry-sur-Seine et Ivry-sur-Seine ? D\u00e9couvrez toutes les id\u00e9es de visites pour organiser vos sorties en groupe aux portes de Paris.\",\"breadcrumb\":{\"@id\":\"https:\/\/www.tourisme-valdemarne.com\/espace-groupes\/sorties-thematiques\/sorties-groupes-par-villes\/tourisme-sorties-et-loisirs-pour-les-groupes-a-vitry-sur-seine-et-ivry-sur-seine\/#breadcrumb\"},\"inLanguage\":\"fr-FR\",\"potentialAction\":[{\"@type\":\"ReadAction\",\"target\":[\"https:\/\/www.tourisme-valdemarne.com\/espace-groupes\/sorties-thematiques\/sorties-groupes-par-villes\/tourisme-sorties-et-loisirs-pour-les-groupes-a-vitry-sur-seine-et-ivry-sur-seine\/\"]}]},{\"@type\":\"ImageObject\",\"inLanguage\":\"fr-FR\",\"@id\":\"https:\/\/www.tourisme-valdemarne.com\/espace-groupes\/sorties-thematiques\/sorties-groupes-par-villes\/tourisme-sorties-et-loisirs-pour-les-groupes-a-vitry-sur-seine-et-ivry-sur-seine\/#primaryimage\",\"url\":\"https:\/\/www.tourisme-valdemarne.com\/espace-groupes\/wp-content\/uploads\/sites\/2\/2022\/06\/balade-street-art-vitry_-oeuvre-d-etnik.jpg\",\"contentUrl\":\"https:\/\/www.tourisme-valdemarne.com\/espace-groupes\/wp-content\/uploads\/sites\/2\/2022\/06\/balade-street-art-vitry_-oeuvre-d-etnik.jpg\",\"width\":1600,\"height\":1068,\"caption\":\"\u0152uvre de street art d'Etnik \u00a9 CDT94\/A. Laurin\"},{\"@type\":\"BreadcrumbList\",\"@id\":\"https:\/\/www.tourisme-valdemarne.com\/espace-groupes\/sorties-thematiques\/sorties-groupes-par-villes\/tourisme-sorties-et-loisirs-pour-les-groupes-a-vitry-sur-seine-et-ivry-sur-seine\/#breadcrumb\",\"itemListElement\":[{\"@type\":\"ListItem\",\"position\":1,\"name\":\"Accueil\",\"item\":\"https:\/\/www.tourisme-valdemarne.com\/espace-groupes\/\"},{\"@type\":\"ListItem\",\"position\":2,\"name\":\"Sorties th\u00e9matiques\",\"item\":\"https:\/\/www.tourisme-valdemarne.com\/espace-groupes\/sorties-thematiques\/\"},{\"@type\":\"ListItem\",\"position\":3,\"name\":\"Sorties groupes par villes\",\"item\":\"https:\/\/www.tourisme-valdemarne.com\/espace-groupes\/sorties-thematiques\/sorties-groupes-par-villes\/\"},{\"@type\":\"ListItem\",\"position\":4,\"name\":\"Tourisme, sorties et loisirs pour les groupes \u00e0 Vitry-sur-Seine et Ivry-sur-Seine\"}]},{\"@type\":\"WebSite\",\"@id\":\"https:\/\/www.tourisme-valdemarne.com\/espace-groupes\/#website\",\"url\":\"https:\/\/www.tourisme-valdemarne.com\/espace-groupes\/\",\"name\":\"Sorties Groupes\",\"description\":\"Un site utilisant Val de Marne Tourisme &amp; Loisirs Sites\",\"potentialAction\":[{\"@type\":\"SearchAction\",\"target\":{\"@type\":\"EntryPoint\",\"urlTemplate\":\"https:\/\/www.tourisme-valdemarne.com\/espace-groupes\/?s={search_term_string}\"},\"query-input\":{\"@type\":\"PropertyValueSpecification\",\"valueRequired\":true,\"valueName\":\"search_term_string\"}}],\"inLanguage\":\"fr-FR\"}]}<\/script>\n<!-- \/ Yoast SEO plugin. -->","yoast_head_json":{"title":"Tourisme, sorties et loisirs pour les groupes \u00e0 Vitry-sur-Seine et Ivry-sur-Seine","description":"Quoi faire \u00e0 Vitry-sur-Seine et Ivry-sur-Seine ? D\u00e9couvrez toutes les id\u00e9es de visites pour organiser vos sorties en groupe aux portes de Paris.","robots":{"index":"index","follow":"follow","max-snippet":"max-snippet:-1","max-image-preview":"max-image-preview:large","max-video-preview":"max-video-preview:-1"},"canonical":"https:\/\/www.tourisme-valdemarne.com\/espace-groupes\/sorties-thematiques\/sorties-groupes-par-villes\/tourisme-sorties-et-loisirs-pour-les-groupes-a-vitry-sur-seine-et-ivry-sur-seine\/","og_locale":"fr_FR","og_type":"article","og_title":"Tourisme, sorties et loisirs pour les groupes \u00e0 Vitry-sur-Seine et Ivry-sur-Seine","og_description":"Quoi faire \u00e0 Vitry-sur-Seine et Ivry-sur-Seine ? D\u00e9couvrez toutes les id\u00e9es de visites pour organiser vos sorties en groupe aux portes de Paris.","og_url":"https:\/\/www.tourisme-valdemarne.com\/espace-groupes\/sorties-thematiques\/sorties-groupes-par-villes\/tourisme-sorties-et-loisirs-pour-les-groupes-a-vitry-sur-seine-et-ivry-sur-seine\/","og_site_name":"Sorties Groupes","article_modified_time":"2024-02-13T14:20:20+00:00","og_image":[{"width":1600,"height":1068,"url":"https:\/\/www.tourisme-valdemarne.com\/espace-groupes\/wp-content\/uploads\/sites\/2\/2022\/06\/balade-street-art-vitry_-oeuvre-d-etnik.jpg","type":"image\/jpeg"}],"twitter_card":"summary_large_image","twitter_misc":{"Dur\u00e9e de lecture estim\u00e9e":"4 minutes"},"schema":{"@context":"https:\/\/schema.org","@graph":[{"@type":"WebPage","@id":"https:\/\/www.tourisme-valdemarne.com\/espace-groupes\/sorties-thematiques\/sorties-groupes-par-villes\/tourisme-sorties-et-loisirs-pour-les-groupes-a-vitry-sur-seine-et-ivry-sur-seine\/","url":"https:\/\/www.tourisme-valdemarne.com\/espace-groupes\/sorties-thematiques\/sorties-groupes-par-villes\/tourisme-sorties-et-loisirs-pour-les-groupes-a-vitry-sur-seine-et-ivry-sur-seine\/","name":"Tourisme, sorties et loisirs pour les groupes \u00e0 Vitry-sur-Seine et Ivry-sur-Seine","isPartOf":{"@id":"https:\/\/www.tourisme-valdemarne.com\/espace-groupes\/#website"},"primaryImageOfPage":{"@id":"https:\/\/www.tourisme-valdemarne.com\/espace-groupes\/sorties-thematiques\/sorties-groupes-par-villes\/tourisme-sorties-et-loisirs-pour-les-groupes-a-vitry-sur-seine-et-ivry-sur-seine\/#primaryimage"},"image":{"@id":"https:\/\/www.tourisme-valdemarne.com\/espace-groupes\/sorties-thematiques\/sorties-groupes-par-villes\/tourisme-sorties-et-loisirs-pour-les-groupes-a-vitry-sur-seine-et-ivry-sur-seine\/#primaryimage"},"thumbnailUrl":"https:\/\/www.tourisme-valdemarne.com\/espace-groupes\/wp-content\/uploads\/sites\/2\/2022\/06\/balade-street-art-vitry_-oeuvre-d-etnik.jpg","datePublished":"2022-06-27T09:22:29+00:00","dateModified":"2024-02-13T14:20:20+00:00","description":"Quoi faire \u00e0 Vitry-sur-Seine et Ivry-sur-Seine ? D\u00e9couvrez toutes les id\u00e9es de visites pour organiser vos sorties en groupe aux portes de Paris.","breadcrumb":{"@id":"https:\/\/www.tourisme-valdemarne.com\/espace-groupes\/sorties-thematiques\/sorties-groupes-par-villes\/tourisme-sorties-et-loisirs-pour-les-groupes-a-vitry-sur-seine-et-ivry-sur-seine\/#breadcrumb"},"inLanguage":"fr-FR","potentialAction":[{"@type":"ReadAction","target":["https:\/\/www.tourisme-valdemarne.com\/espace-groupes\/sorties-thematiques\/sorties-groupes-par-villes\/tourisme-sorties-et-loisirs-pour-les-groupes-a-vitry-sur-seine-et-ivry-sur-seine\/"]}]},{"@type":"ImageObject","inLanguage":"fr-FR","@id":"https:\/\/www.tourisme-valdemarne.com\/espace-groupes\/sorties-thematiques\/sorties-groupes-par-villes\/tourisme-sorties-et-loisirs-pour-les-groupes-a-vitry-sur-seine-et-ivry-sur-seine\/#primaryimage","url":"https:\/\/www.tourisme-valdemarne.com\/espace-groupes\/wp-content\/uploads\/sites\/2\/2022\/06\/balade-street-art-vitry_-oeuvre-d-etnik.jpg","contentUrl":"https:\/\/www.tourisme-valdemarne.com\/espace-groupes\/wp-content\/uploads\/sites\/2\/2022\/06\/balade-street-art-vitry_-oeuvre-d-etnik.jpg","width":1600,"height":1068,"caption":"\u0152uvre de street art d'Etnik \u00a9 CDT94\/A. Laurin"},{"@type":"BreadcrumbList","@id":"https:\/\/www.tourisme-valdemarne.com\/espace-groupes\/sorties-thematiques\/sorties-groupes-par-villes\/tourisme-sorties-et-loisirs-pour-les-groupes-a-vitry-sur-seine-et-ivry-sur-seine\/#breadcrumb","itemListElement":[{"@type":"ListItem","position":1,"name":"Accueil","item":"https:\/\/www.tourisme-valdemarne.com\/espace-groupes\/"},{"@type":"ListItem","position":2,"name":"Sorties th\u00e9matiques","item":"https:\/\/www.tourisme-valdemarne.com\/espace-groupes\/sorties-thematiques\/"},{"@type":"ListItem","position":3,"name":"Sorties groupes par villes","item":"https:\/\/www.tourisme-valdemarne.com\/espace-groupes\/sorties-thematiques\/sorties-groupes-par-villes\/"},{"@type":"ListItem","position":4,"name":"Tourisme, sorties et loisirs pour les groupes \u00e0 Vitry-sur-Seine et Ivry-sur-Seine"}]},{"@type":"WebSite","@id":"https:\/\/www.tourisme-valdemarne.com\/espace-groupes\/#website","url":"https:\/\/www.tourisme-valdemarne.com\/espace-groupes\/","name":"Sorties Groupes","description":"Un site utilisant Val de Marne Tourisme &amp; Loisirs Sites","potentialAction":[{"@type":"SearchAction","target":{"@type":"EntryPoint","urlTemplate":"https:\/\/www.tourisme-valdemarne.com\/espace-groupes\/?s={search_term_string}"},"query-input":{"@type":"PropertyValueSpecification","valueRequired":true,"valueName":"search_term_string"}}],"inLanguage":"fr-FR"}]}},"_links":{"self":[{"href":"https:\/\/www.tourisme-valdemarne.com\/espace-groupes\/wp-json\/wp\/v2\/pages\/3508","targetHints":{"allow":["GET"]}}],"collection":[{"href":"https:\/\/www.tourisme-valdemarne.com\/espace-groupes\/wp-json\/wp\/v2\/pages"}],"about":[{"href":"https:\/\/www.tourisme-valdemarne.com\/espace-groupes\/wp-json\/wp\/v2\/types\/page"}],"author":[{"embeddable":true,"href":"https:\/\/www.tourisme-valdemarne.com\/espace-groupes\/wp-json\/wp\/v2\/users\/8"}],"replies":[{"embeddable":true,"href":"https:\/\/www.tourisme-valdemarne.com\/espace-groupes\/wp-json\/wp\/v2\/comments?post=3508"}],"version-history":[{"count":7,"href":"https:\/\/www.tourisme-valdemarne.com\/espace-groupes\/wp-json\/wp\/v2\/pages\/3508\/revisions"}],"predecessor-version":[{"id":8046,"href":"https:\/\/www.tourisme-valdemarne.com\/espace-groupes\/wp-json\/wp\/v2\/pages\/3508\/revisions\/8046"}],"up":[{"embeddable":true,"href":"https:\/\/www.tourisme-valdemarne.com\/espace-groupes\/wp-json\/wp\/v2\/pages\/3151"}],"wp:featuredmedia":[{"embeddable":true,"href":"https:\/\/www.tourisme-valdemarne.com\/espace-groupes\/wp-json\/wp\/v2\/media\/3510"}],"wp:attachment":[{"href":"https:\/\/www.tourisme-valdemarne.com\/espace-groupes\/wp-json\/wp\/v2\/media?parent=3508"}],"wp:term":[{"taxonomy":"vdmTagMarketing","embeddable":true,"href":"https:\/\/www.tourisme-valdemarne.com\/espace-groupes\/wp-json\/wp\/v2\/vdmTagMarketing?post=3508"}],"curies":[{"name":"wp","href":"https:\/\/api.w.org\/{rel}","templated":true}]}}