{"id":3151,"date":"2022-05-04T15:39:37","date_gmt":"2022-05-04T13:39:37","guid":{"rendered":"https:\/\/www.tourisme-valdemarne.com\/espace-groupes\/?page_id=3151"},"modified":"2022-06-30T14:02:07","modified_gmt":"2022-06-30T12:02:07","slug":"sorties-groupes-par-villes","status":"publish","type":"page","link":"https:\/\/www.tourisme-valdemarne.com\/espace-groupes\/sorties-thematiques\/sorties-groupes-par-villes\/","title":{"rendered":"Sorties groupes par villes"},"content":{"rendered":"\n<p class=\"is-style-excerpt\">Val-de-Marne Tourisme s\u00e9lectionne pour vous les meilleures visites Groupes \u00e0 faire \u00e0 Paris et en Val-de-Marne (94). Nous avons rassembl\u00e9 ces visites par villes afin de situer au mieux les lieux de vos prochaines sorties groupes aux portes de Paris.<\/p>\n\n\n\n<p class=\"is-style-highlight\">Vous cherchez \u00e0 d\u00e9couvrir une ville sous un angle diff\u00e9rent de d&rsquo;habitude ? <strong>R\u00e9servez pour un groupe<\/strong> une <a href=\"https:\/\/www.tourisme-valdemarne.com\/espace-groupes\/actualites\/passeurs-de-cultures\/\" target=\"_blank\" rel=\"noreferrer noopener\">balade avec un Passeur de Culture(s)<\/a>.<br>Ces habitants\/guides vous font d\u00e9couvrir le territoire en valorisant les parcours de vie et la diversit\u00e9 du patrimoine local. Ces balades permettent \u00e9galement un nouveau regard sur la richesse culturelle li\u00e9e \u00e0 la migration.<\/p>\n","protected":false},"excerpt":{"rendered":"<p>Val-de-Marne Tourisme s\u00e9lectionne pour vous les meilleures visites Groupes \u00e0 faire \u00e0 Paris et en Val-de-Marne (94). Nous avons rassembl\u00e9 ces visites par villes afin de situer au mieux les lieux de vos prochaines sorties groupes aux portes de Paris. Vous cherchez \u00e0 d\u00e9couvrir une ville sous un angle diff\u00e9rent de d&rsquo;habitude ? R\u00e9servez pour [&hellip;]<\/p>\n","protected":false},"author":8,"featured_media":1126,"parent":11,"menu_order":1,"comment_status":"closed","ping_status":"closed","template":"partials\/template-intermediaire.php","meta":{"_relevanssi_hide_post":"","_relevanssi_hide_content":"","_relevanssi_pin_for_all":"","_relevanssi_pin_keywords":"","_relevanssi_unpin_keywords":"","_relevanssi_related_keywords":"","_relevanssi_related_include_ids":"","_relevanssi_related_exclude_ids":"","_relevanssi_related_no_append":"","_relevanssi_related_not_related":"","_relevanssi_related_posts":"1912,1120,1962,1976,1121,2137","_relevanssi_noindex_reason":"","footnotes":""},"vdmTagMarketing":[],"class_list":["post-3151","page","type-page","status-publish","has-post-thumbnail","hentry"],"acf":[],"yoast_head":"<!-- This site is optimized with the Yoast SEO plugin v23.9 - https:\/\/yoast.com\/wordpress\/plugins\/seo\/ -->\n<title>Sorties groupes par villes, \u00e0 Paris et en Val-de-Marne - Sorties Groupes<\/title>\n<meta name=\"description\" content=\"D\u00e9couvrez notre s\u00e9lection des meilleurs sorties pour les groupes \u00e0 Paris et dans le Val-de-Marne (94), regroup\u00e9es par villes !\" \/>\n<meta name=\"robots\" content=\"index, follow, max-snippet:-1, max-image-preview:large, max-video-preview:-1\" \/>\n<link rel=\"canonical\" href=\"https:\/\/www.tourisme-valdemarne.com\/espace-groupes\/sorties-thematiques\/sorties-groupes-par-villes\/\" \/>\n<meta property=\"og:locale\" content=\"fr_FR\" \/>\n<meta property=\"og:type\" content=\"article\" \/>\n<meta property=\"og:title\" content=\"Sorties groupes par villes, \u00e0 Paris et en Val-de-Marne - Sorties Groupes\" \/>\n<meta property=\"og:description\" content=\"D\u00e9couvrez notre s\u00e9lection des meilleurs sorties pour les groupes \u00e0 Paris et dans le Val-de-Marne (94), regroup\u00e9es par villes !\" \/>\n<meta property=\"og:url\" content=\"https:\/\/www.tourisme-valdemarne.com\/espace-groupes\/sorties-thematiques\/sorties-groupes-par-villes\/\" \/>\n<meta property=\"og:site_name\" content=\"Sorties Groupes\" \/>\n<meta property=\"article:modified_time\" content=\"2022-06-30T12:02:07+00:00\" \/>\n<meta property=\"og:image\" content=\"https:\/\/www.tourisme-valdemarne.com\/espace-groupes\/wp-content\/uploads\/sites\/2\/2020\/07\/facade-chateau-grosbois-boissy-saint-leger-cp-cdt94-d-thierry-1600x900.jpg\" \/>\n\t<meta property=\"og:image:width\" content=\"1600\" \/>\n\t<meta property=\"og:image:height\" content=\"900\" \/>\n\t<meta property=\"og:image:type\" content=\"image\/jpeg\" \/>\n<meta name=\"twitter:card\" content=\"summary_large_image\" \/>\n<meta name=\"twitter:label1\" content=\"Dur\u00e9e de lecture estim\u00e9e\" \/>\n\t<meta name=\"twitter:data1\" content=\"1 minute\" \/>\n<script type=\"application\/ld+json\" class=\"yoast-schema-graph\">{\"@context\":\"https:\/\/schema.org\",\"@graph\":[{\"@type\":\"WebPage\",\"@id\":\"https:\/\/www.tourisme-valdemarne.com\/espace-groupes\/sorties-thematiques\/sorties-groupes-par-villes\/\",\"url\":\"https:\/\/www.tourisme-valdemarne.com\/espace-groupes\/sorties-thematiques\/sorties-groupes-par-villes\/\",\"name\":\"Sorties groupes par villes, \u00e0 Paris et en Val-de-Marne - Sorties Groupes\",\"isPartOf\":{\"@id\":\"https:\/\/www.tourisme-valdemarne.com\/espace-groupes\/#website\"},\"primaryImageOfPage\":{\"@id\":\"https:\/\/www.tourisme-valdemarne.com\/espace-groupes\/sorties-thematiques\/sorties-groupes-par-villes\/#primaryimage\"},\"image\":{\"@id\":\"https:\/\/www.tourisme-valdemarne.com\/espace-groupes\/sorties-thematiques\/sorties-groupes-par-villes\/#primaryimage\"},\"thumbnailUrl\":\"https:\/\/www.tourisme-valdemarne.com\/espace-groupes\/wp-content\/uploads\/sites\/2\/2020\/07\/facade-chateau-grosbois-boissy-saint-leger-cp-cdt94-d-thierry-1600x900.jpg\",\"datePublished\":\"2022-05-04T13:39:37+00:00\",\"dateModified\":\"2022-06-30T12:02:07+00:00\",\"description\":\"D\u00e9couvrez notre s\u00e9lection des meilleurs sorties pour les groupes \u00e0 Paris et dans le Val-de-Marne (94), regroup\u00e9es par villes !\",\"breadcrumb\":{\"@id\":\"https:\/\/www.tourisme-valdemarne.com\/espace-groupes\/sorties-thematiques\/sorties-groupes-par-villes\/#breadcrumb\"},\"inLanguage\":\"fr-FR\",\"potentialAction\":[{\"@type\":\"ReadAction\",\"target\":[\"https:\/\/www.tourisme-valdemarne.com\/espace-groupes\/sorties-thematiques\/sorties-groupes-par-villes\/\"]}]},{\"@type\":\"ImageObject\",\"inLanguage\":\"fr-FR\",\"@id\":\"https:\/\/www.tourisme-valdemarne.com\/espace-groupes\/sorties-thematiques\/sorties-groupes-par-villes\/#primaryimage\",\"url\":\"https:\/\/www.tourisme-valdemarne.com\/espace-groupes\/wp-content\/uploads\/sites\/2\/2020\/07\/facade-chateau-grosbois-boissy-saint-leger-cp-cdt94-d-thierry-1600x900.jpg\",\"contentUrl\":\"https:\/\/www.tourisme-valdemarne.com\/espace-groupes\/wp-content\/uploads\/sites\/2\/2020\/07\/facade-chateau-grosbois-boissy-saint-leger-cp-cdt94-d-thierry-1600x900.jpg\",\"width\":1600,\"height\":900,\"caption\":\"chateau de grosbois\"},{\"@type\":\"BreadcrumbList\",\"@id\":\"https:\/\/www.tourisme-valdemarne.com\/espace-groupes\/sorties-thematiques\/sorties-groupes-par-villes\/#breadcrumb\",\"itemListElement\":[{\"@type\":\"ListItem\",\"position\":1,\"name\":\"Accueil\",\"item\":\"https:\/\/www.tourisme-valdemarne.com\/espace-groupes\/\"},{\"@type\":\"ListItem\",\"position\":2,\"name\":\"Sorties th\u00e9matiques\",\"item\":\"https:\/\/www.tourisme-valdemarne.com\/espace-groupes\/sorties-thematiques\/\"},{\"@type\":\"ListItem\",\"position\":3,\"name\":\"Sorties groupes par villes\"}]},{\"@type\":\"WebSite\",\"@id\":\"https:\/\/www.tourisme-valdemarne.com\/espace-groupes\/#website\",\"url\":\"https:\/\/www.tourisme-valdemarne.com\/espace-groupes\/\",\"name\":\"Sorties Groupes\",\"description\":\"Un site utilisant Val de Marne Tourisme &amp; Loisirs Sites\",\"potentialAction\":[{\"@type\":\"SearchAction\",\"target\":{\"@type\":\"EntryPoint\",\"urlTemplate\":\"https:\/\/www.tourisme-valdemarne.com\/espace-groupes\/?s={search_term_string}\"},\"query-input\":{\"@type\":\"PropertyValueSpecification\",\"valueRequired\":true,\"valueName\":\"search_term_string\"}}],\"inLanguage\":\"fr-FR\"}]}<\/script>\n<!-- \/ Yoast SEO plugin. -->","yoast_head_json":{"title":"Sorties groupes par villes, \u00e0 Paris et en Val-de-Marne - Sorties Groupes","description":"D\u00e9couvrez notre s\u00e9lection des meilleurs sorties pour les groupes \u00e0 Paris et dans le Val-de-Marne (94), regroup\u00e9es par villes !","robots":{"index":"index","follow":"follow","max-snippet":"max-snippet:-1","max-image-preview":"max-image-preview:large","max-video-preview":"max-video-preview:-1"},"canonical":"https:\/\/www.tourisme-valdemarne.com\/espace-groupes\/sorties-thematiques\/sorties-groupes-par-villes\/","og_locale":"fr_FR","og_type":"article","og_title":"Sorties groupes par villes, \u00e0 Paris et en Val-de-Marne - Sorties Groupes","og_description":"D\u00e9couvrez notre s\u00e9lection des meilleurs sorties pour les groupes \u00e0 Paris et dans le Val-de-Marne (94), regroup\u00e9es par villes !","og_url":"https:\/\/www.tourisme-valdemarne.com\/espace-groupes\/sorties-thematiques\/sorties-groupes-par-villes\/","og_site_name":"Sorties Groupes","article_modified_time":"2022-06-30T12:02:07+00:00","og_image":[{"width":1600,"height":900,"url":"https:\/\/www.tourisme-valdemarne.com\/espace-groupes\/wp-content\/uploads\/sites\/2\/2020\/07\/facade-chateau-grosbois-boissy-saint-leger-cp-cdt94-d-thierry-1600x900.jpg","type":"image\/jpeg"}],"twitter_card":"summary_large_image","twitter_misc":{"Dur\u00e9e de lecture estim\u00e9e":"1 minute"},"schema":{"@context":"https:\/\/schema.org","@graph":[{"@type":"WebPage","@id":"https:\/\/www.tourisme-valdemarne.com\/espace-groupes\/sorties-thematiques\/sorties-groupes-par-villes\/","url":"https:\/\/www.tourisme-valdemarne.com\/espace-groupes\/sorties-thematiques\/sorties-groupes-par-villes\/","name":"Sorties groupes par villes, \u00e0 Paris et en Val-de-Marne - Sorties Groupes","isPartOf":{"@id":"https:\/\/www.tourisme-valdemarne.com\/espace-groupes\/#website"},"primaryImageOfPage":{"@id":"https:\/\/www.tourisme-valdemarne.com\/espace-groupes\/sorties-thematiques\/sorties-groupes-par-villes\/#primaryimage"},"image":{"@id":"https:\/\/www.tourisme-valdemarne.com\/espace-groupes\/sorties-thematiques\/sorties-groupes-par-villes\/#primaryimage"},"thumbnailUrl":"https:\/\/www.tourisme-valdemarne.com\/espace-groupes\/wp-content\/uploads\/sites\/2\/2020\/07\/facade-chateau-grosbois-boissy-saint-leger-cp-cdt94-d-thierry-1600x900.jpg","datePublished":"2022-05-04T13:39:37+00:00","dateModified":"2022-06-30T12:02:07+00:00","description":"D\u00e9couvrez notre s\u00e9lection des meilleurs sorties pour les groupes \u00e0 Paris et dans le Val-de-Marne (94), regroup\u00e9es par villes !","breadcrumb":{"@id":"https:\/\/www.tourisme-valdemarne.com\/espace-groupes\/sorties-thematiques\/sorties-groupes-par-villes\/#breadcrumb"},"inLanguage":"fr-FR","potentialAction":[{"@type":"ReadAction","target":["https:\/\/www.tourisme-valdemarne.com\/espace-groupes\/sorties-thematiques\/sorties-groupes-par-villes\/"]}]},{"@type":"ImageObject","inLanguage":"fr-FR","@id":"https:\/\/www.tourisme-valdemarne.com\/espace-groupes\/sorties-thematiques\/sorties-groupes-par-villes\/#primaryimage","url":"https:\/\/www.tourisme-valdemarne.com\/espace-groupes\/wp-content\/uploads\/sites\/2\/2020\/07\/facade-chateau-grosbois-boissy-saint-leger-cp-cdt94-d-thierry-1600x900.jpg","contentUrl":"https:\/\/www.tourisme-valdemarne.com\/espace-groupes\/wp-content\/uploads\/sites\/2\/2020\/07\/facade-chateau-grosbois-boissy-saint-leger-cp-cdt94-d-thierry-1600x900.jpg","width":1600,"height":900,"caption":"chateau de grosbois"},{"@type":"BreadcrumbList","@id":"https:\/\/www.tourisme-valdemarne.com\/espace-groupes\/sorties-thematiques\/sorties-groupes-par-villes\/#breadcrumb","itemListElement":[{"@type":"ListItem","position":1,"name":"Accueil","item":"https:\/\/www.tourisme-valdemarne.com\/espace-groupes\/"},{"@type":"ListItem","position":2,"name":"Sorties th\u00e9matiques","item":"https:\/\/www.tourisme-valdemarne.com\/espace-groupes\/sorties-thematiques\/"},{"@type":"ListItem","position":3,"name":"Sorties groupes par villes"}]},{"@type":"WebSite","@id":"https:\/\/www.tourisme-valdemarne.com\/espace-groupes\/#website","url":"https:\/\/www.tourisme-valdemarne.com\/espace-groupes\/","name":"Sorties Groupes","description":"Un site utilisant Val de Marne Tourisme &amp; Loisirs Sites","potentialAction":[{"@type":"SearchAction","target":{"@type":"EntryPoint","urlTemplate":"https:\/\/www.tourisme-valdemarne.com\/espace-groupes\/?s={search_term_string}"},"query-input":{"@type":"PropertyValueSpecification","valueRequired":true,"valueName":"search_term_string"}}],"inLanguage":"fr-FR"}]}},"_links":{"self":[{"href":"https:\/\/www.tourisme-valdemarne.com\/espace-groupes\/wp-json\/wp\/v2\/pages\/3151","targetHints":{"allow":["GET"]}}],"collection":[{"href":"https:\/\/www.tourisme-valdemarne.com\/espace-groupes\/wp-json\/wp\/v2\/pages"}],"about":[{"href":"https:\/\/www.tourisme-valdemarne.com\/espace-groupes\/wp-json\/wp\/v2\/types\/page"}],"author":[{"embeddable":true,"href":"https:\/\/www.tourisme-valdemarne.com\/espace-groupes\/wp-json\/wp\/v2\/users\/8"}],"replies":[{"embeddable":true,"href":"https:\/\/www.tourisme-valdemarne.com\/espace-groupes\/wp-json\/wp\/v2\/comments?post=3151"}],"version-history":[{"count":3,"href":"https:\/\/www.tourisme-valdemarne.com\/espace-groupes\/wp-json\/wp\/v2\/pages\/3151\/revisions"}],"predecessor-version":[{"id":3522,"href":"https:\/\/www.tourisme-valdemarne.com\/espace-groupes\/wp-json\/wp\/v2\/pages\/3151\/revisions\/3522"}],"up":[{"embeddable":true,"href":"https:\/\/www.tourisme-valdemarne.com\/espace-groupes\/wp-json\/wp\/v2\/pages\/11"}],"wp:featuredmedia":[{"embeddable":true,"href":"https:\/\/www.tourisme-valdemarne.com\/espace-groupes\/wp-json\/wp\/v2\/media\/1126"}],"wp:attachment":[{"href":"https:\/\/www.tourisme-valdemarne.com\/espace-groupes\/wp-json\/wp\/v2\/media?parent=3151"}],"wp:term":[{"taxonomy":"vdmTagMarketing","embeddable":true,"href":"https:\/\/www.tourisme-valdemarne.com\/espace-groupes\/wp-json\/wp\/v2\/vdmTagMarketing?post=3151"}],"curies":[{"name":"wp","href":"https:\/\/api.w.org\/{rel}","templated":true}]}}