{"id":3135,"date":"2023-07-03T15:12:59","date_gmt":"2023-07-03T13:12:59","guid":{"rendered":"https:\/\/www.tourisme-valdemarne.com\/espace-groupes\/?page_id=3135"},"modified":"2023-07-05T16:45:28","modified_gmt":"2023-07-05T14:45:28","slug":"carte-des-offres-groupes-en-val-de-marne","status":"publish","type":"page","link":"https:\/\/www.tourisme-valdemarne.com\/espace-groupes\/carte-des-offres-groupes-en-val-de-marne\/","title":{"rendered":"Carte des offres Groupes"},"content":{"rendered":"\n<p class=\"is-style-excerpt\">Patrimoine, nature, savoir-faire, artisanat, gastronomie&#8230; Le Val-de-Marne est un territoire aux multiples facettes vous offrant la possibilit\u00e9 de vivre mille et une exp\u00e9riences en groupe. D\u00e9couvrez sur cette carte interactive toutes nos offres du moment !<\/p>\n\n\n\n<iframe loading=\"lazy\" width=\"100%\" height=\"600px\" frameborder=\"0\" allowfullscreen=\"\" allow=\"geolocation\" src=\"\/\/umap.openstreetmap.fr\/fr\/map\/carte-offre-groupes_916211?scaleControl=false&amp;miniMap=false&amp;scrollWheelZoom=false&amp;zoomControl=true&amp;allowEdit=false&amp;moreControl=true&amp;searchControl=null&amp;tilelayersControl=null&amp;embedControl=null&amp;datalayersControl=true&amp;onLoadPanel=undefined&amp;captionBar=false&amp;captionMenus=true\"><\/iframe><p><a href=\"\/\/umap.openstreetmap.fr\/fr\/map\/carte-offre-groupes_916211?scaleControl=false&amp;miniMap=false&amp;scrollWheelZoom=true&amp;zoomControl=true&amp;allowEdit=false&amp;moreControl=true&amp;searchControl=null&amp;tilelayersControl=null&amp;embedControl=null&amp;datalayersControl=true&amp;onLoadPanel=undefined&amp;captionBar=false&amp;captionMenus=true\">Voir en plein \u00e9cran<\/a><\/p>\n","protected":false},"excerpt":{"rendered":"<p>Patrimoine, nature, savoir-faire, artisanat, gastronomie&#8230; Le Val-de-Marne est un territoire aux multiples facettes vous offrant la possibilit\u00e9 de vivre mille et une exp\u00e9riences en groupe. D\u00e9couvrez sur cette carte interactive toutes nos offres du moment ! Voir en plein \u00e9cran<\/p>\n","protected":false},"author":16,"featured_media":0,"parent":0,"menu_order":0,"comment_status":"closed","ping_status":"closed","template":"","meta":{"_relevanssi_hide_post":"","_relevanssi_hide_content":"","_relevanssi_pin_for_all":"","_relevanssi_pin_keywords":"","_relevanssi_unpin_keywords":"","_relevanssi_related_keywords":"","_relevanssi_related_include_ids":"","_relevanssi_related_exclude_ids":"","_relevanssi_related_no_append":"","_relevanssi_related_not_related":"","_relevanssi_related_posts":"1976,1121,1962,1120,1111,1912","_relevanssi_noindex_reason":"","footnotes":""},"vdmTagMarketing":[],"class_list":["post-3135","page","type-page","status-publish","hentry"],"acf":[],"yoast_head":"<!-- This site is optimized with the Yoast SEO plugin v23.9 - https:\/\/yoast.com\/wordpress\/plugins\/seo\/ -->\n<title>Carte des offres Groupes - Sorties Groupes<\/title>\n<meta name=\"description\" content=\"Patrimoine, nature, savoir-faire... D\u00e9couvrez sur cette carte interactive toutes nos offres \u00e0 destination des groupes en Val-de-Marne.\" \/>\n<meta name=\"robots\" content=\"index, follow, max-snippet:-1, max-image-preview:large, max-video-preview:-1\" \/>\n<link rel=\"canonical\" href=\"https:\/\/www.tourisme-valdemarne.com\/espace-groupes\/carte-des-offres-groupes-en-val-de-marne\/\" \/>\n<meta property=\"og:locale\" content=\"fr_FR\" \/>\n<meta property=\"og:type\" content=\"article\" \/>\n<meta property=\"og:title\" content=\"Carte des offres Groupes - Sorties Groupes\" \/>\n<meta property=\"og:description\" content=\"Patrimoine, nature, savoir-faire... D\u00e9couvrez sur cette carte interactive toutes nos offres \u00e0 destination des groupes en Val-de-Marne.\" \/>\n<meta property=\"og:url\" content=\"https:\/\/www.tourisme-valdemarne.com\/espace-groupes\/carte-des-offres-groupes-en-val-de-marne\/\" \/>\n<meta property=\"og:site_name\" content=\"Sorties Groupes\" \/>\n<meta property=\"article:modified_time\" content=\"2023-07-05T14:45:28+00:00\" \/>\n<meta name=\"twitter:card\" content=\"summary_large_image\" \/>\n<script type=\"application\/ld+json\" class=\"yoast-schema-graph\">{\"@context\":\"https:\/\/schema.org\",\"@graph\":[{\"@type\":\"WebPage\",\"@id\":\"https:\/\/www.tourisme-valdemarne.com\/espace-groupes\/carte-des-offres-groupes-en-val-de-marne\/\",\"url\":\"https:\/\/www.tourisme-valdemarne.com\/espace-groupes\/carte-des-offres-groupes-en-val-de-marne\/\",\"name\":\"Carte des offres Groupes - Sorties Groupes\",\"isPartOf\":{\"@id\":\"https:\/\/www.tourisme-valdemarne.com\/espace-groupes\/#website\"},\"datePublished\":\"2023-07-03T13:12:59+00:00\",\"dateModified\":\"2023-07-05T14:45:28+00:00\",\"description\":\"Patrimoine, nature, savoir-faire... D\u00e9couvrez sur cette carte interactive toutes nos offres \u00e0 destination des groupes en Val-de-Marne.\",\"breadcrumb\":{\"@id\":\"https:\/\/www.tourisme-valdemarne.com\/espace-groupes\/carte-des-offres-groupes-en-val-de-marne\/#breadcrumb\"},\"inLanguage\":\"fr-FR\",\"potentialAction\":[{\"@type\":\"ReadAction\",\"target\":[\"https:\/\/www.tourisme-valdemarne.com\/espace-groupes\/carte-des-offres-groupes-en-val-de-marne\/\"]}]},{\"@type\":\"BreadcrumbList\",\"@id\":\"https:\/\/www.tourisme-valdemarne.com\/espace-groupes\/carte-des-offres-groupes-en-val-de-marne\/#breadcrumb\",\"itemListElement\":[{\"@type\":\"ListItem\",\"position\":1,\"name\":\"Accueil\",\"item\":\"https:\/\/www.tourisme-valdemarne.com\/espace-groupes\/\"},{\"@type\":\"ListItem\",\"position\":2,\"name\":\"Carte des offres Groupes\"}]},{\"@type\":\"WebSite\",\"@id\":\"https:\/\/www.tourisme-valdemarne.com\/espace-groupes\/#website\",\"url\":\"https:\/\/www.tourisme-valdemarne.com\/espace-groupes\/\",\"name\":\"Sorties Groupes\",\"description\":\"Un site utilisant Val de Marne Tourisme &amp; Loisirs Sites\",\"potentialAction\":[{\"@type\":\"SearchAction\",\"target\":{\"@type\":\"EntryPoint\",\"urlTemplate\":\"https:\/\/www.tourisme-valdemarne.com\/espace-groupes\/?s={search_term_string}\"},\"query-input\":{\"@type\":\"PropertyValueSpecification\",\"valueRequired\":true,\"valueName\":\"search_term_string\"}}],\"inLanguage\":\"fr-FR\"}]}<\/script>\n<!-- \/ Yoast SEO plugin. -->","yoast_head_json":{"title":"Carte des offres Groupes - Sorties Groupes","description":"Patrimoine, nature, savoir-faire... D\u00e9couvrez sur cette carte interactive toutes nos offres \u00e0 destination des groupes en Val-de-Marne.","robots":{"index":"index","follow":"follow","max-snippet":"max-snippet:-1","max-image-preview":"max-image-preview:large","max-video-preview":"max-video-preview:-1"},"canonical":"https:\/\/www.tourisme-valdemarne.com\/espace-groupes\/carte-des-offres-groupes-en-val-de-marne\/","og_locale":"fr_FR","og_type":"article","og_title":"Carte des offres Groupes - Sorties Groupes","og_description":"Patrimoine, nature, savoir-faire... D\u00e9couvrez sur cette carte interactive toutes nos offres \u00e0 destination des groupes en Val-de-Marne.","og_url":"https:\/\/www.tourisme-valdemarne.com\/espace-groupes\/carte-des-offres-groupes-en-val-de-marne\/","og_site_name":"Sorties Groupes","article_modified_time":"2023-07-05T14:45:28+00:00","twitter_card":"summary_large_image","schema":{"@context":"https:\/\/schema.org","@graph":[{"@type":"WebPage","@id":"https:\/\/www.tourisme-valdemarne.com\/espace-groupes\/carte-des-offres-groupes-en-val-de-marne\/","url":"https:\/\/www.tourisme-valdemarne.com\/espace-groupes\/carte-des-offres-groupes-en-val-de-marne\/","name":"Carte des offres Groupes - Sorties Groupes","isPartOf":{"@id":"https:\/\/www.tourisme-valdemarne.com\/espace-groupes\/#website"},"datePublished":"2023-07-03T13:12:59+00:00","dateModified":"2023-07-05T14:45:28+00:00","description":"Patrimoine, nature, savoir-faire... D\u00e9couvrez sur cette carte interactive toutes nos offres \u00e0 destination des groupes en Val-de-Marne.","breadcrumb":{"@id":"https:\/\/www.tourisme-valdemarne.com\/espace-groupes\/carte-des-offres-groupes-en-val-de-marne\/#breadcrumb"},"inLanguage":"fr-FR","potentialAction":[{"@type":"ReadAction","target":["https:\/\/www.tourisme-valdemarne.com\/espace-groupes\/carte-des-offres-groupes-en-val-de-marne\/"]}]},{"@type":"BreadcrumbList","@id":"https:\/\/www.tourisme-valdemarne.com\/espace-groupes\/carte-des-offres-groupes-en-val-de-marne\/#breadcrumb","itemListElement":[{"@type":"ListItem","position":1,"name":"Accueil","item":"https:\/\/www.tourisme-valdemarne.com\/espace-groupes\/"},{"@type":"ListItem","position":2,"name":"Carte des offres Groupes"}]},{"@type":"WebSite","@id":"https:\/\/www.tourisme-valdemarne.com\/espace-groupes\/#website","url":"https:\/\/www.tourisme-valdemarne.com\/espace-groupes\/","name":"Sorties Groupes","description":"Un site utilisant Val de Marne Tourisme &amp; Loisirs Sites","potentialAction":[{"@type":"SearchAction","target":{"@type":"EntryPoint","urlTemplate":"https:\/\/www.tourisme-valdemarne.com\/espace-groupes\/?s={search_term_string}"},"query-input":{"@type":"PropertyValueSpecification","valueRequired":true,"valueName":"search_term_string"}}],"inLanguage":"fr-FR"}]}},"_links":{"self":[{"href":"https:\/\/www.tourisme-valdemarne.com\/espace-groupes\/wp-json\/wp\/v2\/pages\/3135","targetHints":{"allow":["GET"]}}],"collection":[{"href":"https:\/\/www.tourisme-valdemarne.com\/espace-groupes\/wp-json\/wp\/v2\/pages"}],"about":[{"href":"https:\/\/www.tourisme-valdemarne.com\/espace-groupes\/wp-json\/wp\/v2\/types\/page"}],"author":[{"embeddable":true,"href":"https:\/\/www.tourisme-valdemarne.com\/espace-groupes\/wp-json\/wp\/v2\/users\/16"}],"replies":[{"embeddable":true,"href":"https:\/\/www.tourisme-valdemarne.com\/espace-groupes\/wp-json\/wp\/v2\/comments?post=3135"}],"version-history":[{"count":15,"href":"https:\/\/www.tourisme-valdemarne.com\/espace-groupes\/wp-json\/wp\/v2\/pages\/3135\/revisions"}],"predecessor-version":[{"id":4939,"href":"https:\/\/www.tourisme-valdemarne.com\/espace-groupes\/wp-json\/wp\/v2\/pages\/3135\/revisions\/4939"}],"wp:attachment":[{"href":"https:\/\/www.tourisme-valdemarne.com\/espace-groupes\/wp-json\/wp\/v2\/media?parent=3135"}],"wp:term":[{"taxonomy":"vdmTagMarketing","embeddable":true,"href":"https:\/\/www.tourisme-valdemarne.com\/espace-groupes\/wp-json\/wp\/v2\/vdmTagMarketing?post=3135"}],"curies":[{"name":"wp","href":"https:\/\/api.w.org\/{rel}","templated":true}]}}