{"id":2772,"date":"2022-02-16T17:24:59","date_gmt":"2022-02-16T16:24:59","guid":{"rendered":"https:\/\/www.tourisme-valdemarne.com\/espace-groupes\/?page_id=2772"},"modified":"2024-05-06T12:16:01","modified_gmt":"2024-05-06T10:16:01","slug":"les-croisieres-cap-sur-la-marne","status":"publish","type":"page","link":"https:\/\/www.tourisme-valdemarne.com\/espace-groupes\/sorties-thematiques\/croisieres-et-nature\/les-croisieres-cap-sur-la-marne\/","title":{"rendered":"Les croisi\u00e8res Cap sur la Marne"},"content":{"rendered":"\n<p class=\"is-style-excerpt\">Le service Groupes vous propose d\u2019embarquer pour une croisi\u00e8re comment\u00e9e d\u20191h30 depuis le Port de Nogent-sur-Marne pour d\u00e9couvrir le charme des bords de Marne. <\/p>\n\n\n\n<h2 class=\"wp-block-heading\">Pr\u00e9parez votre \u00e9t\u00e9 sur l\u2019eau&nbsp;!<\/h2>\n\n\n\n<figure class=\"wp-block-image size-large\"><a href=\"https:\/\/www.tourisme-valdemarne.com\/espace-groupes\/wp-content\/uploads\/sites\/2\/2022\/02\/croisiere-le-francilien-cp-cdt94-p-43.jpg\"><img width=\"1200\" height=\"900\" data-src=\"https:\/\/www.tourisme-valdemarne.com\/espace-groupes\/wp-content\/uploads\/sites\/2\/2022\/02\/croisiere-le-francilien-cp-cdt94-p-43-1200x900.jpg\" alt=\"\" class=\"wp-image-2776\" srcset=\"https:\/\/www.tourisme-valdemarne.com\/espace-groupes\/wp-content\/uploads\/sites\/2\/2022\/02\/croisiere-le-francilien-cp-cdt94-p-43-1200x900.jpg 1200w, https:\/\/www.tourisme-valdemarne.com\/espace-groupes\/wp-content\/uploads\/sites\/2\/2022\/02\/croisiere-le-francilien-cp-cdt94-p-43-600x450.jpg 600w, https:\/\/www.tourisme-valdemarne.com\/espace-groupes\/wp-content\/uploads\/sites\/2\/2022\/02\/croisiere-le-francilien-cp-cdt94-p-43-900x675.jpg 900w, https:\/\/www.tourisme-valdemarne.com\/espace-groupes\/wp-content\/uploads\/sites\/2\/2022\/02\/croisiere-le-francilien-cp-cdt94-p-43-1536x1152.jpg 1536w, https:\/\/www.tourisme-valdemarne.com\/espace-groupes\/wp-content\/uploads\/sites\/2\/2022\/02\/croisiere-le-francilien-cp-cdt94-p-43-380x285.jpg 380w, https:\/\/www.tourisme-valdemarne.com\/espace-groupes\/wp-content\/uploads\/sites\/2\/2022\/02\/croisiere-le-francilien-cp-cdt94-p-43-200x150.jpg 200w, https:\/\/www.tourisme-valdemarne.com\/espace-groupes\/wp-content\/uploads\/sites\/2\/2022\/02\/croisiere-le-francilien-cp-cdt94-p-43.jpg 2048w\" sizes=\"(max-width: 1200px) 100vw, 1200px\" \/><\/a><figcaption>Paysages de bords de Marne &#8211; \u00a9 CDT94<\/figcaption><\/figure>\n\n\n\n<h3 class=\"wp-block-heading\">Croisi\u00e8re au fil de la Marne et de son patrimoine&nbsp;<\/h3>\n\n\n\n<p>Depuis le port de plaisance de Nogent, le bateau remontera la Marne jusqu&rsquo;au passage sous le viaduc de Nogent, la croisi\u00e8re se poursuivra en longeant les \u00eeles des Loups, du Moulin et d&rsquo;Amour, toujours pr\u00e9serv\u00e9es de l&rsquo;urbanisation. Vous pourrez aussi admirer les fa\u00e7ades des villas de vill\u00e9giature sur les quais de Nogent et du Perreux.<\/p>\n\n\n\n<div class=\"wp-block-buttons is-content-justification-center is-layout-flex wp-container-core-buttons-is-layout-1 wp-block-buttons-is-layout-flex\">\n<div class=\"wp-block-button\"><a class=\"wp-block-button__link\" href=\"https:\/\/www.tourisme-valdemarne.com\/espace-groupes\/visites-groupes\/croisiere-cap-sur-la-marne-2024\/\">R\u00e9server cette croisi\u00e8re pour un groupe<\/a><\/div>\n<\/div>\n\n\n\n<h3 class=\"wp-block-heading\">Dates et lieux de d\u00e9part<\/h3>\n\n\n\n<p><strong>Horaires non modifiables, un seul groupe par cr\u00e9neau<\/strong><\/p>\n\n\n\n<p><strong>Au d\u00e9part de Nogent-sur-Marne <\/strong><\/p>\n\n\n\n<ul class=\"wp-block-list\"><li>Mardi 18 juin 2024 \u00e0 10h30, 13h30 ou 15h30<\/li><li>Lundi 1er juillet 2024 \u00e0 10h30, 13h30 ou 15h30<\/li><li>Lundi 30 septembre 2024 \u00e0 10h30, 13h30 ou 15h30<\/li><li>Lundi 7 octobre 2024 \u00e0 10h30, 13h30 ou 15h30<\/li><\/ul>\n\n\n\n<p><strong>Capacit\u00e9\u00a0:<\/strong> 45 personnes maximum<\/p>\n\n\n\n<h3 class=\"wp-block-heading\">Tarifs et prestations possibles&nbsp;:<\/h3>\n\n\n\n<ul class=\"wp-block-list\"><li>Croisi\u00e8re comment\u00e9e d\u20191h30&nbsp;: forfait de 510\u20ac pour l\u2019ensemble du groupe (soit 17\u20ac par personne pour un groupe de 30 personnes + 15 \u20ac de frais de dossier)<\/li><li>Go\u00fbter ou petit-d\u00e9jeuner \u00e0 bord en suppl\u00e9ment (Tarifs&nbsp;: nous consulter)<\/li><\/ul>\n\n\n\n<p>Venez d\u00e9couvrir les p\u00e2tisseries d&rsquo;un traiteur qui vous garantit des produits artisanaux et faits maison avec une cuisine biologique et respectueuse de l&rsquo;environnement.<\/p>\n\n\n\n<p><strong>Informations et r\u00e9servations<\/strong> : <strong><a href=\"mailto:r&#101;s&#97;&#64;&#116;ouri&#115;&#109;&#101;&#45;va&#108;d&#101;m&#97;r&#110;e.c&#111;&#109;\">&#114;e&#115;a&#64;&#116;ou&#114;i&#115;&#109;e-v&#97;ld&#101;&#109;&#97;r&#110;e.com<\/a><\/strong><\/p>\n","protected":false},"excerpt":{"rendered":"<p>Le service Groupes vous propose d\u2019embarquer pour une croisi\u00e8re comment\u00e9e d\u20191h30 depuis le Port de Nogent-sur-Marne pour d\u00e9couvrir le charme des bords de Marne. Pr\u00e9parez votre \u00e9t\u00e9 sur l\u2019eau&nbsp;! Croisi\u00e8re au fil de la Marne et de son patrimoine&nbsp; Depuis le port de plaisance de Nogent, le bateau remontera la Marne jusqu&rsquo;au passage sous le [&hellip;]<\/p>\n","protected":false},"author":16,"featured_media":2773,"parent":62,"menu_order":0,"comment_status":"closed","ping_status":"closed","template":"","meta":{"_relevanssi_hide_post":"","_relevanssi_hide_content":"","_relevanssi_pin_for_all":"","_relevanssi_pin_keywords":"","_relevanssi_unpin_keywords":"","_relevanssi_related_keywords":"","_relevanssi_related_include_ids":"","_relevanssi_related_exclude_ids":"","_relevanssi_related_no_append":"","_relevanssi_related_not_related":"","_relevanssi_related_posts":"1962,1912,1121,1120,1221,1111","_relevanssi_noindex_reason":"","footnotes":""},"vdmTagMarketing":[],"class_list":["post-2772","page","type-page","status-publish","has-post-thumbnail","hentry"],"acf":[],"yoast_head":"<!-- This site is optimized with the Yoast SEO plugin v23.9 - https:\/\/yoast.com\/wordpress\/plugins\/seo\/ -->\n<title>Les croisi\u00e8res Cap sur la Marne - Sorties Groupes<\/title>\n<meta name=\"description\" content=\"R\u00e9servez une croisi\u00e8re comment\u00e9e d\u00e9di\u00e9es aux groupes, aux portes de Paris ! Et d\u00e9couvrez la nature et les paysages des bords de Marne.\" \/>\n<meta name=\"robots\" content=\"index, follow, max-snippet:-1, max-image-preview:large, max-video-preview:-1\" \/>\n<link rel=\"canonical\" href=\"https:\/\/www.tourisme-valdemarne.com\/espace-groupes\/sorties-thematiques\/croisieres-et-nature\/les-croisieres-cap-sur-la-marne\/\" \/>\n<meta property=\"og:locale\" content=\"fr_FR\" \/>\n<meta property=\"og:type\" content=\"article\" \/>\n<meta property=\"og:title\" content=\"Les croisi\u00e8res Cap sur la Marne - Sorties Groupes\" \/>\n<meta property=\"og:description\" content=\"R\u00e9servez une croisi\u00e8re comment\u00e9e d\u00e9di\u00e9es aux groupes, aux portes de Paris ! Et d\u00e9couvrez la nature et les paysages des bords de Marne.\" \/>\n<meta property=\"og:url\" content=\"https:\/\/www.tourisme-valdemarne.com\/espace-groupes\/sorties-thematiques\/croisieres-et-nature\/les-croisieres-cap-sur-la-marne\/\" \/>\n<meta property=\"og:site_name\" content=\"Sorties Groupes\" \/>\n<meta property=\"article:modified_time\" content=\"2024-05-06T10:16:01+00:00\" \/>\n<meta property=\"og:image\" content=\"https:\/\/www.tourisme-valdemarne.com\/espace-groupes\/wp-content\/uploads\/sites\/2\/2022\/02\/gs4un.jpeg\" \/>\n\t<meta property=\"og:image:width\" content=\"1200\" \/>\n\t<meta property=\"og:image:height\" content=\"900\" \/>\n\t<meta property=\"og:image:type\" content=\"image\/jpeg\" \/>\n<meta name=\"twitter:card\" content=\"summary_large_image\" \/>\n<meta name=\"twitter:label1\" content=\"Dur\u00e9e de lecture estim\u00e9e\" \/>\n\t<meta name=\"twitter:data1\" content=\"2 minutes\" \/>\n<script type=\"application\/ld+json\" class=\"yoast-schema-graph\">{\"@context\":\"https:\/\/schema.org\",\"@graph\":[{\"@type\":\"WebPage\",\"@id\":\"https:\/\/www.tourisme-valdemarne.com\/espace-groupes\/sorties-thematiques\/croisieres-et-nature\/les-croisieres-cap-sur-la-marne\/\",\"url\":\"https:\/\/www.tourisme-valdemarne.com\/espace-groupes\/sorties-thematiques\/croisieres-et-nature\/les-croisieres-cap-sur-la-marne\/\",\"name\":\"Les croisi\u00e8res Cap sur la Marne - Sorties Groupes\",\"isPartOf\":{\"@id\":\"https:\/\/www.tourisme-valdemarne.com\/espace-groupes\/#website\"},\"primaryImageOfPage\":{\"@id\":\"https:\/\/www.tourisme-valdemarne.com\/espace-groupes\/sorties-thematiques\/croisieres-et-nature\/les-croisieres-cap-sur-la-marne\/#primaryimage\"},\"image\":{\"@id\":\"https:\/\/www.tourisme-valdemarne.com\/espace-groupes\/sorties-thematiques\/croisieres-et-nature\/les-croisieres-cap-sur-la-marne\/#primaryimage\"},\"thumbnailUrl\":\"https:\/\/www.tourisme-valdemarne.com\/espace-groupes\/wp-content\/uploads\/sites\/2\/2022\/02\/gs4un.jpeg\",\"datePublished\":\"2022-02-16T16:24:59+00:00\",\"dateModified\":\"2024-05-06T10:16:01+00:00\",\"description\":\"R\u00e9servez une croisi\u00e8re comment\u00e9e d\u00e9di\u00e9es aux groupes, aux portes de Paris ! Et d\u00e9couvrez la nature et les paysages des bords de Marne.\",\"breadcrumb\":{\"@id\":\"https:\/\/www.tourisme-valdemarne.com\/espace-groupes\/sorties-thematiques\/croisieres-et-nature\/les-croisieres-cap-sur-la-marne\/#breadcrumb\"},\"inLanguage\":\"fr-FR\",\"potentialAction\":[{\"@type\":\"ReadAction\",\"target\":[\"https:\/\/www.tourisme-valdemarne.com\/espace-groupes\/sorties-thematiques\/croisieres-et-nature\/les-croisieres-cap-sur-la-marne\/\"]}]},{\"@type\":\"ImageObject\",\"inLanguage\":\"fr-FR\",\"@id\":\"https:\/\/www.tourisme-valdemarne.com\/espace-groupes\/sorties-thematiques\/croisieres-et-nature\/les-croisieres-cap-sur-la-marne\/#primaryimage\",\"url\":\"https:\/\/www.tourisme-valdemarne.com\/espace-groupes\/wp-content\/uploads\/sites\/2\/2022\/02\/gs4un.jpeg\",\"contentUrl\":\"https:\/\/www.tourisme-valdemarne.com\/espace-groupes\/wp-content\/uploads\/sites\/2\/2022\/02\/gs4un.jpeg\",\"width\":1200,\"height\":900},{\"@type\":\"BreadcrumbList\",\"@id\":\"https:\/\/www.tourisme-valdemarne.com\/espace-groupes\/sorties-thematiques\/croisieres-et-nature\/les-croisieres-cap-sur-la-marne\/#breadcrumb\",\"itemListElement\":[{\"@type\":\"ListItem\",\"position\":1,\"name\":\"Accueil\",\"item\":\"https:\/\/www.tourisme-valdemarne.com\/espace-groupes\/\"},{\"@type\":\"ListItem\",\"position\":2,\"name\":\"Sorties th\u00e9matiques\",\"item\":\"https:\/\/www.tourisme-valdemarne.com\/espace-groupes\/sorties-thematiques\/\"},{\"@type\":\"ListItem\",\"position\":3,\"name\":\"Croisi\u00e8res et nature\",\"item\":\"https:\/\/www.tourisme-valdemarne.com\/espace-groupes\/sorties-thematiques\/croisieres-et-nature\/\"},{\"@type\":\"ListItem\",\"position\":4,\"name\":\"Les croisi\u00e8res Cap sur la Marne\"}]},{\"@type\":\"WebSite\",\"@id\":\"https:\/\/www.tourisme-valdemarne.com\/espace-groupes\/#website\",\"url\":\"https:\/\/www.tourisme-valdemarne.com\/espace-groupes\/\",\"name\":\"Sorties Groupes\",\"description\":\"Un site utilisant Val de Marne Tourisme &amp; Loisirs Sites\",\"potentialAction\":[{\"@type\":\"SearchAction\",\"target\":{\"@type\":\"EntryPoint\",\"urlTemplate\":\"https:\/\/www.tourisme-valdemarne.com\/espace-groupes\/?s={search_term_string}\"},\"query-input\":{\"@type\":\"PropertyValueSpecification\",\"valueRequired\":true,\"valueName\":\"search_term_string\"}}],\"inLanguage\":\"fr-FR\"}]}<\/script>\n<!-- \/ Yoast SEO plugin. -->","yoast_head_json":{"title":"Les croisi\u00e8res Cap sur la Marne - Sorties Groupes","description":"R\u00e9servez une croisi\u00e8re comment\u00e9e d\u00e9di\u00e9es aux groupes, aux portes de Paris ! Et d\u00e9couvrez la nature et les paysages des bords de Marne.","robots":{"index":"index","follow":"follow","max-snippet":"max-snippet:-1","max-image-preview":"max-image-preview:large","max-video-preview":"max-video-preview:-1"},"canonical":"https:\/\/www.tourisme-valdemarne.com\/espace-groupes\/sorties-thematiques\/croisieres-et-nature\/les-croisieres-cap-sur-la-marne\/","og_locale":"fr_FR","og_type":"article","og_title":"Les croisi\u00e8res Cap sur la Marne - Sorties Groupes","og_description":"R\u00e9servez une croisi\u00e8re comment\u00e9e d\u00e9di\u00e9es aux groupes, aux portes de Paris ! Et d\u00e9couvrez la nature et les paysages des bords de Marne.","og_url":"https:\/\/www.tourisme-valdemarne.com\/espace-groupes\/sorties-thematiques\/croisieres-et-nature\/les-croisieres-cap-sur-la-marne\/","og_site_name":"Sorties Groupes","article_modified_time":"2024-05-06T10:16:01+00:00","og_image":[{"width":1200,"height":900,"url":"https:\/\/www.tourisme-valdemarne.com\/espace-groupes\/wp-content\/uploads\/sites\/2\/2022\/02\/gs4un.jpeg","type":"image\/jpeg"}],"twitter_card":"summary_large_image","twitter_misc":{"Dur\u00e9e de lecture estim\u00e9e":"2 minutes"},"schema":{"@context":"https:\/\/schema.org","@graph":[{"@type":"WebPage","@id":"https:\/\/www.tourisme-valdemarne.com\/espace-groupes\/sorties-thematiques\/croisieres-et-nature\/les-croisieres-cap-sur-la-marne\/","url":"https:\/\/www.tourisme-valdemarne.com\/espace-groupes\/sorties-thematiques\/croisieres-et-nature\/les-croisieres-cap-sur-la-marne\/","name":"Les croisi\u00e8res Cap sur la Marne - Sorties Groupes","isPartOf":{"@id":"https:\/\/www.tourisme-valdemarne.com\/espace-groupes\/#website"},"primaryImageOfPage":{"@id":"https:\/\/www.tourisme-valdemarne.com\/espace-groupes\/sorties-thematiques\/croisieres-et-nature\/les-croisieres-cap-sur-la-marne\/#primaryimage"},"image":{"@id":"https:\/\/www.tourisme-valdemarne.com\/espace-groupes\/sorties-thematiques\/croisieres-et-nature\/les-croisieres-cap-sur-la-marne\/#primaryimage"},"thumbnailUrl":"https:\/\/www.tourisme-valdemarne.com\/espace-groupes\/wp-content\/uploads\/sites\/2\/2022\/02\/gs4un.jpeg","datePublished":"2022-02-16T16:24:59+00:00","dateModified":"2024-05-06T10:16:01+00:00","description":"R\u00e9servez une croisi\u00e8re comment\u00e9e d\u00e9di\u00e9es aux groupes, aux portes de Paris ! Et d\u00e9couvrez la nature et les paysages des bords de Marne.","breadcrumb":{"@id":"https:\/\/www.tourisme-valdemarne.com\/espace-groupes\/sorties-thematiques\/croisieres-et-nature\/les-croisieres-cap-sur-la-marne\/#breadcrumb"},"inLanguage":"fr-FR","potentialAction":[{"@type":"ReadAction","target":["https:\/\/www.tourisme-valdemarne.com\/espace-groupes\/sorties-thematiques\/croisieres-et-nature\/les-croisieres-cap-sur-la-marne\/"]}]},{"@type":"ImageObject","inLanguage":"fr-FR","@id":"https:\/\/www.tourisme-valdemarne.com\/espace-groupes\/sorties-thematiques\/croisieres-et-nature\/les-croisieres-cap-sur-la-marne\/#primaryimage","url":"https:\/\/www.tourisme-valdemarne.com\/espace-groupes\/wp-content\/uploads\/sites\/2\/2022\/02\/gs4un.jpeg","contentUrl":"https:\/\/www.tourisme-valdemarne.com\/espace-groupes\/wp-content\/uploads\/sites\/2\/2022\/02\/gs4un.jpeg","width":1200,"height":900},{"@type":"BreadcrumbList","@id":"https:\/\/www.tourisme-valdemarne.com\/espace-groupes\/sorties-thematiques\/croisieres-et-nature\/les-croisieres-cap-sur-la-marne\/#breadcrumb","itemListElement":[{"@type":"ListItem","position":1,"name":"Accueil","item":"https:\/\/www.tourisme-valdemarne.com\/espace-groupes\/"},{"@type":"ListItem","position":2,"name":"Sorties th\u00e9matiques","item":"https:\/\/www.tourisme-valdemarne.com\/espace-groupes\/sorties-thematiques\/"},{"@type":"ListItem","position":3,"name":"Croisi\u00e8res et nature","item":"https:\/\/www.tourisme-valdemarne.com\/espace-groupes\/sorties-thematiques\/croisieres-et-nature\/"},{"@type":"ListItem","position":4,"name":"Les croisi\u00e8res Cap sur la Marne"}]},{"@type":"WebSite","@id":"https:\/\/www.tourisme-valdemarne.com\/espace-groupes\/#website","url":"https:\/\/www.tourisme-valdemarne.com\/espace-groupes\/","name":"Sorties Groupes","description":"Un site utilisant Val de Marne Tourisme &amp; Loisirs Sites","potentialAction":[{"@type":"SearchAction","target":{"@type":"EntryPoint","urlTemplate":"https:\/\/www.tourisme-valdemarne.com\/espace-groupes\/?s={search_term_string}"},"query-input":{"@type":"PropertyValueSpecification","valueRequired":true,"valueName":"search_term_string"}}],"inLanguage":"fr-FR"}]}},"_links":{"self":[{"href":"https:\/\/www.tourisme-valdemarne.com\/espace-groupes\/wp-json\/wp\/v2\/pages\/2772","targetHints":{"allow":["GET"]}}],"collection":[{"href":"https:\/\/www.tourisme-valdemarne.com\/espace-groupes\/wp-json\/wp\/v2\/pages"}],"about":[{"href":"https:\/\/www.tourisme-valdemarne.com\/espace-groupes\/wp-json\/wp\/v2\/types\/page"}],"author":[{"embeddable":true,"href":"https:\/\/www.tourisme-valdemarne.com\/espace-groupes\/wp-json\/wp\/v2\/users\/16"}],"replies":[{"embeddable":true,"href":"https:\/\/www.tourisme-valdemarne.com\/espace-groupes\/wp-json\/wp\/v2\/comments?post=2772"}],"version-history":[{"count":17,"href":"https:\/\/www.tourisme-valdemarne.com\/espace-groupes\/wp-json\/wp\/v2\/pages\/2772\/revisions"}],"predecessor-version":[{"id":8455,"href":"https:\/\/www.tourisme-valdemarne.com\/espace-groupes\/wp-json\/wp\/v2\/pages\/2772\/revisions\/8455"}],"up":[{"embeddable":true,"href":"https:\/\/www.tourisme-valdemarne.com\/espace-groupes\/wp-json\/wp\/v2\/pages\/62"}],"wp:featuredmedia":[{"embeddable":true,"href":"https:\/\/www.tourisme-valdemarne.com\/espace-groupes\/wp-json\/wp\/v2\/media\/2773"}],"wp:attachment":[{"href":"https:\/\/www.tourisme-valdemarne.com\/espace-groupes\/wp-json\/wp\/v2\/media?parent=2772"}],"wp:term":[{"taxonomy":"vdmTagMarketing","embeddable":true,"href":"https:\/\/www.tourisme-valdemarne.com\/espace-groupes\/wp-json\/wp\/v2\/vdmTagMarketing?post=2772"}],"curies":[{"name":"wp","href":"https:\/\/api.w.org\/{rel}","templated":true}]}}