{"id":19,"date":"2019-04-02T15:21:22","date_gmt":"2019-04-02T13:21:22","guid":{"rendered":"https:\/\/valdemarne.kperez.iris.io\/espace-groupes\/?page_id=19"},"modified":"2023-12-05T11:40:50","modified_gmt":"2023-12-05T10:40:50","slug":"demande-de-devis","status":"publish","type":"page","link":"https:\/\/www.tourisme-valdemarne.com\/espace-groupes\/demande-de-devis\/","title":{"rendered":"Demande de devis"},"content":{"rendered":"\n<p class=\"has-text-align-center\"><strong>Les demandes de devis concernent uniquement les groupes.<\/strong><\/p>\n\n\n\n<p>Pour les demandes de sorties scolaires, merci de contacter la personne en charge&nbsp;:&nbsp;<a href=\"mailto:s&#99;&#111;&#108;&#97;ir&#101;&#115;&#64;&#116;&#111;u&#114;i&#115;me-&#118;ald&#101;&#109;a&#114;&#110;&#101;.c&#111;&#109;\" target=\"_blank\" rel=\"noreferrer noopener\">sc&#111;&#108;&#97;&#105;r&#101;&#115;&#64;touri&#115;&#109;&#101;-va&#108;demarne&#46;c&#111;m<\/a><\/p>\n\n\n\n<p>Pour les demandes de Teambulding, merci de contacter la personne en charge&nbsp;:&nbsp;<a href=\"mailto:af&#102;a&#105;&#114;&#101;s&#64;touris&#109;&#101;&#45;v&#97;l&#100;&#101;m&#97;r&#110;e.c&#111;m\" target=\"_blank\" rel=\"noreferrer noopener\">&#97;&#102;fa&#105;&#114;&#101;&#115;&#64;t&#111;&#117;r&#105;&#115;me-val&#100;&#101;&#109;arne.&#99;om<\/a><\/p>\n\n\n<p><iframe loading=\"lazy\" width=\"100%\" height=\"1288\" frameborder=\"0\" src=\"https:\/\/tourbiz-gestion.com\/user\/cdt94\/contact.php\"><\/iframe><\/p>\n","protected":false},"excerpt":{"rendered":"<p>Les demandes de devis concernent uniquement les groupes. Pour les demandes de sorties scolaires, merci de contacter la personne en charge&nbsp;:&nbsp;&#115;&#99;o&#108;&#97;&#105;&#114;es&#64;&#116;&#111;&#117;&#114;i&#115;&#109;&#101;-&#118;&#97;l&#100;&#101;&#109;ar&#110;&#101;.com Pour les demandes de Teambulding, merci de contacter la personne en charge&nbsp;:&nbsp;a&#102;f&#97;&#105;&#114;&#101;s&#64;t&#111;u&#114;&#105;s&#109;&#101;-v&#97;l&#100;&#101;&#109;a&#114;n&#101;.&#99;&#111;&#109;<\/p>\n","protected":false},"author":1,"featured_media":0,"parent":0,"menu_order":60,"comment_status":"closed","ping_status":"closed","template":"","meta":{"_relevanssi_hide_post":"","_relevanssi_hide_content":"","_relevanssi_pin_for_all":"","_relevanssi_pin_keywords":"","_relevanssi_unpin_keywords":"","_relevanssi_related_keywords":"","_relevanssi_related_include_ids":"","_relevanssi_related_exclude_ids":"","_relevanssi_related_no_append":"","_relevanssi_related_not_related":"","_relevanssi_related_posts":"1111,1121,1120,1221,1111","_relevanssi_noindex_reason":"","footnotes":""},"vdmTagMarketing":[],"class_list":["post-19","page","type-page","status-publish","hentry"],"acf":[],"yoast_head":"<!-- This site is optimized with the Yoast SEO plugin v23.9 - https:\/\/yoast.com\/wordpress\/plugins\/seo\/ -->\n<title>Demande de devis - Sorties Groupes en Val-de-Marne (94)<\/title>\n<meta name=\"description\" content=\"Vous souhaitez r\u00e9server une visite Groupes en Val-de-Marne ? D\u00e9couvrez notre s\u00e9lection et demandez un devis gratuitement.\" \/>\n<meta name=\"robots\" content=\"noindex, follow\" \/>\n<meta property=\"og:locale\" content=\"fr_FR\" \/>\n<meta property=\"og:type\" content=\"article\" \/>\n<meta property=\"og:title\" content=\"Demande de devis - Sorties Groupes en Val-de-Marne (94)\" \/>\n<meta property=\"og:description\" content=\"Vous souhaitez r\u00e9server une visite Groupes en Val-de-Marne ? D\u00e9couvrez notre s\u00e9lection et demandez un devis gratuitement.\" \/>\n<meta property=\"og:url\" content=\"https:\/\/www.tourisme-valdemarne.com\/espace-groupes\/demande-de-devis\/\" \/>\n<meta property=\"og:site_name\" content=\"Sorties Groupes\" \/>\n<meta property=\"article:modified_time\" content=\"2023-12-05T10:40:50+00:00\" \/>\n<meta name=\"twitter:card\" content=\"summary_large_image\" \/>\n<meta name=\"twitter:label1\" content=\"Dur\u00e9e de lecture estim\u00e9e\" \/>\n\t<meta name=\"twitter:data1\" content=\"1 minute\" \/>\n<script type=\"application\/ld+json\" class=\"yoast-schema-graph\">{\"@context\":\"https:\/\/schema.org\",\"@graph\":[{\"@type\":\"WebPage\",\"@id\":\"https:\/\/www.tourisme-valdemarne.com\/espace-groupes\/demande-de-devis\/\",\"url\":\"https:\/\/www.tourisme-valdemarne.com\/espace-groupes\/demande-de-devis\/\",\"name\":\"Demande de devis - Sorties Groupes en Val-de-Marne (94)\",\"isPartOf\":{\"@id\":\"https:\/\/www.tourisme-valdemarne.com\/espace-groupes\/#website\"},\"datePublished\":\"2019-04-02T13:21:22+00:00\",\"dateModified\":\"2023-12-05T10:40:50+00:00\",\"description\":\"Vous souhaitez r\u00e9server une visite Groupes en Val-de-Marne ? D\u00e9couvrez notre s\u00e9lection et demandez un devis gratuitement.\",\"breadcrumb\":{\"@id\":\"https:\/\/www.tourisme-valdemarne.com\/espace-groupes\/demande-de-devis\/#breadcrumb\"},\"inLanguage\":\"fr-FR\",\"potentialAction\":[{\"@type\":\"ReadAction\",\"target\":[\"https:\/\/www.tourisme-valdemarne.com\/espace-groupes\/demande-de-devis\/\"]}]},{\"@type\":\"BreadcrumbList\",\"@id\":\"https:\/\/www.tourisme-valdemarne.com\/espace-groupes\/demande-de-devis\/#breadcrumb\",\"itemListElement\":[{\"@type\":\"ListItem\",\"position\":1,\"name\":\"Accueil\",\"item\":\"https:\/\/www.tourisme-valdemarne.com\/espace-groupes\/\"},{\"@type\":\"ListItem\",\"position\":2,\"name\":\"Demande de devis\"}]},{\"@type\":\"WebSite\",\"@id\":\"https:\/\/www.tourisme-valdemarne.com\/espace-groupes\/#website\",\"url\":\"https:\/\/www.tourisme-valdemarne.com\/espace-groupes\/\",\"name\":\"Sorties Groupes\",\"description\":\"Un site utilisant Val de Marne Tourisme &amp; Loisirs Sites\",\"potentialAction\":[{\"@type\":\"SearchAction\",\"target\":{\"@type\":\"EntryPoint\",\"urlTemplate\":\"https:\/\/www.tourisme-valdemarne.com\/espace-groupes\/?s={search_term_string}\"},\"query-input\":{\"@type\":\"PropertyValueSpecification\",\"valueRequired\":true,\"valueName\":\"search_term_string\"}}],\"inLanguage\":\"fr-FR\"}]}<\/script>\n<!-- \/ Yoast SEO plugin. -->","yoast_head_json":{"title":"Demande de devis - Sorties Groupes en Val-de-Marne (94)","description":"Vous souhaitez r\u00e9server une visite Groupes en Val-de-Marne ? D\u00e9couvrez notre s\u00e9lection et demandez un devis gratuitement.","robots":{"index":"noindex","follow":"follow"},"og_locale":"fr_FR","og_type":"article","og_title":"Demande de devis - Sorties Groupes en Val-de-Marne (94)","og_description":"Vous souhaitez r\u00e9server une visite Groupes en Val-de-Marne ? D\u00e9couvrez notre s\u00e9lection et demandez un devis gratuitement.","og_url":"https:\/\/www.tourisme-valdemarne.com\/espace-groupes\/demande-de-devis\/","og_site_name":"Sorties Groupes","article_modified_time":"2023-12-05T10:40:50+00:00","twitter_card":"summary_large_image","twitter_misc":{"Dur\u00e9e de lecture estim\u00e9e":"1 minute"},"schema":{"@context":"https:\/\/schema.org","@graph":[{"@type":"WebPage","@id":"https:\/\/www.tourisme-valdemarne.com\/espace-groupes\/demande-de-devis\/","url":"https:\/\/www.tourisme-valdemarne.com\/espace-groupes\/demande-de-devis\/","name":"Demande de devis - Sorties Groupes en Val-de-Marne (94)","isPartOf":{"@id":"https:\/\/www.tourisme-valdemarne.com\/espace-groupes\/#website"},"datePublished":"2019-04-02T13:21:22+00:00","dateModified":"2023-12-05T10:40:50+00:00","description":"Vous souhaitez r\u00e9server une visite Groupes en Val-de-Marne ? D\u00e9couvrez notre s\u00e9lection et demandez un devis gratuitement.","breadcrumb":{"@id":"https:\/\/www.tourisme-valdemarne.com\/espace-groupes\/demande-de-devis\/#breadcrumb"},"inLanguage":"fr-FR","potentialAction":[{"@type":"ReadAction","target":["https:\/\/www.tourisme-valdemarne.com\/espace-groupes\/demande-de-devis\/"]}]},{"@type":"BreadcrumbList","@id":"https:\/\/www.tourisme-valdemarne.com\/espace-groupes\/demande-de-devis\/#breadcrumb","itemListElement":[{"@type":"ListItem","position":1,"name":"Accueil","item":"https:\/\/www.tourisme-valdemarne.com\/espace-groupes\/"},{"@type":"ListItem","position":2,"name":"Demande de devis"}]},{"@type":"WebSite","@id":"https:\/\/www.tourisme-valdemarne.com\/espace-groupes\/#website","url":"https:\/\/www.tourisme-valdemarne.com\/espace-groupes\/","name":"Sorties Groupes","description":"Un site utilisant Val de Marne Tourisme &amp; Loisirs Sites","potentialAction":[{"@type":"SearchAction","target":{"@type":"EntryPoint","urlTemplate":"https:\/\/www.tourisme-valdemarne.com\/espace-groupes\/?s={search_term_string}"},"query-input":{"@type":"PropertyValueSpecification","valueRequired":true,"valueName":"search_term_string"}}],"inLanguage":"fr-FR"}]}},"_links":{"self":[{"href":"https:\/\/www.tourisme-valdemarne.com\/espace-groupes\/wp-json\/wp\/v2\/pages\/19","targetHints":{"allow":["GET"]}}],"collection":[{"href":"https:\/\/www.tourisme-valdemarne.com\/espace-groupes\/wp-json\/wp\/v2\/pages"}],"about":[{"href":"https:\/\/www.tourisme-valdemarne.com\/espace-groupes\/wp-json\/wp\/v2\/types\/page"}],"author":[{"embeddable":true,"href":"https:\/\/www.tourisme-valdemarne.com\/espace-groupes\/wp-json\/wp\/v2\/users\/1"}],"replies":[{"embeddable":true,"href":"https:\/\/www.tourisme-valdemarne.com\/espace-groupes\/wp-json\/wp\/v2\/comments?post=19"}],"version-history":[{"count":6,"href":"https:\/\/www.tourisme-valdemarne.com\/espace-groupes\/wp-json\/wp\/v2\/pages\/19\/revisions"}],"predecessor-version":[{"id":5476,"href":"https:\/\/www.tourisme-valdemarne.com\/espace-groupes\/wp-json\/wp\/v2\/pages\/19\/revisions\/5476"}],"wp:attachment":[{"href":"https:\/\/www.tourisme-valdemarne.com\/espace-groupes\/wp-json\/wp\/v2\/media?parent=19"}],"wp:term":[{"taxonomy":"vdmTagMarketing","embeddable":true,"href":"https:\/\/www.tourisme-valdemarne.com\/espace-groupes\/wp-json\/wp\/v2\/vdmTagMarketing?post=19"}],"curies":[{"name":"wp","href":"https:\/\/api.w.org\/{rel}","templated":true}]}}