{"id":13,"date":"2019-04-02T15:19:25","date_gmt":"2019-04-02T13:19:25","guid":{"rendered":"https:\/\/valdemarne.kperez.iris.io\/espace-groupes\/?page_id=13"},"modified":"2023-02-01T11:19:35","modified_gmt":"2023-02-01T10:19:35","slug":"mini-groupes","status":"publish","type":"page","link":"https:\/\/www.tourisme-valdemarne.com\/espace-groupes\/mini-groupes\/","title":{"rendered":"Mini-groupes"},"content":{"rendered":"\n<p class=\"is-style-excerpt\">Le terme mini-groupe d\u00e9signe g\u00e9n\u00e9ralement des <strong>groupes constitu\u00e9s de moins de 20 personnes<\/strong>. Certains de nos prestataires de visites re\u00e7oivent les visiteurs dans des lieux avec une capacit\u00e9 d\u2019accueil restreinte et qui conviennent donc parfaitement aux mini-groupes. <\/p>\n\n\n\n<p>D\u00e9couvrez par exemple :<\/p>\n\n\n\n<ul class=\"wp-block-list\"><li>le\u00a0<strong><a href=\"https:\/\/www.tourisme-valdemarne.com\/espace-groupes\/visites-groupes\/visite-guidee-du-georoom-de-lign\/\" target=\"_blank\" rel=\"noreferrer noopener\">g\u00e9oroom de l\u2019IGN<\/a><\/strong> \u00e0 Saint-Mand\u00e9 qui s\u2019int\u00e9resse \u00e0 l\u2019information g\u00e9ographique, tr\u00e8s pr\u00e9sente dans nos vies. En effet, nous l\u2019utilisons pour trouver notre chemin, am\u00e9nager le territoire, pr\u00e9server l\u2019environnement, pr\u00e9venir les risques, organiser des secours. Lors de la visite, en compagnie du guide, vous comprendrez comment les cartes, photographies a\u00e9riennes, images satellites, mesures ou donn\u00e9es statistiques d\u2019aujourd\u2019hui pr\u00e9parent le monde de demain.<\/li><li><strong><a href=\"https:\/\/www.tourisme-valdemarne.com\/espace-groupes\/visites-groupes\/visite-guidee-au-coeur-de-laeroport-dorly\/\" target=\"_blank\" rel=\"noreferrer noopener\">l&rsquo;a\u00e9roport d&rsquo;Orly<\/a><\/strong>, au cours d&rsquo;un circuit pi\u00e9ton qui vous fera parcourir les diff\u00e9rentes zones de la plate-forme (les pistes, le terminal unique, le c\u0153ur d&rsquo;Orly&#8230;). Cette visite guid\u00e9e vous donnera l&rsquo;occasion de vivre le quotidien d\u2019un a\u00e9roport international et de mieux comprendre les rouages qui permettent aux diff\u00e9rents partenaires de travailler ensemble au service de la satisfaction des passagers.<\/li><li><strong><a href=\"https:\/\/www.tourisme-valdemarne.com\/espace-groupes\/visites-groupes\/circuit-demi-journee-visite-guidee-du-fort-de-sucy-suivie-dun-gouter\/\" target=\"_blank\" rel=\"noreferrer noopener\">le fort de Sucy<\/a><\/strong>, \u00e9difice militaire construit \u00e0 partir de 1879 pour renforcer la protection de Paris apr\u00e8s le si\u00e8ge de 1870. Vous d\u00e9couvrirez d&rsquo;abord son b\u00e2timent d\u2019entr\u00e9e, ses casemates dans le foss\u00e9 puis ses plateformes de tir. Vous pourrez aussi partager un go\u00fbter \u00e0 la fin de votre visite !<\/li><\/ul>\n\n\n\n<div class=\"wp-block-image\"><figure class=\"aligncenter is-resized\"><a href=\"https:\/\/www.tourisme-valdemarne.com\/espace-groupes\/wp-content\/uploads\/sites\/2\/2019\/05\/page-24-chocolaterie-janin-cp-alter-falter-fotolia.jpg\"><img data-src=\"https:\/\/www.tourisme-valdemarne.com\/espace-groupes\/wp-content\/uploads\/sites\/2\/2019\/05\/page-24-chocolaterie-janin-cp-alter-falter-fotolia-922x1200.jpg\" alt=\"Chocolatier au travail\" class=\"wp-image-765\" width=\"520\" height=\"677\" srcset=\"https:\/\/www.tourisme-valdemarne.com\/espace-groupes\/wp-content\/uploads\/sites\/2\/2019\/05\/page-24-chocolaterie-janin-cp-alter-falter-fotolia-922x1200.jpg 922w, https:\/\/www.tourisme-valdemarne.com\/espace-groupes\/wp-content\/uploads\/sites\/2\/2019\/05\/page-24-chocolaterie-janin-cp-alter-falter-fotolia-461x600.jpg 461w, https:\/\/www.tourisme-valdemarne.com\/espace-groupes\/wp-content\/uploads\/sites\/2\/2019\/05\/page-24-chocolaterie-janin-cp-alter-falter-fotolia-691x900.jpg 691w, https:\/\/www.tourisme-valdemarne.com\/espace-groupes\/wp-content\/uploads\/sites\/2\/2019\/05\/page-24-chocolaterie-janin-cp-alter-falter-fotolia-200x260.jpg 200w, https:\/\/www.tourisme-valdemarne.com\/espace-groupes\/wp-content\/uploads\/sites\/2\/2019\/05\/page-24-chocolaterie-janin-cp-alter-falter-fotolia.jpg 1229w\" sizes=\"(max-width: 520px) 100vw, 520px\" \/><\/a><figcaption>Chocolatier \u00a9Alter falter &#8211; Fotolia<\/figcaption><\/figure><\/div>\n\n\n\n<p>Pour les plus gourmands, nous proposons \u00e9galement la visite de la <strong><a href=\"https:\/\/www.tourisme-valdemarne.com\/espace-groupes\/visites-groupes\/visite-guidee-de-la-chocolaterie-la-cabosse-gourmande\/\" target=\"_blank\" rel=\"noreferrer noopener\">chocolaterie La Cabosse Gourmande<\/a><\/strong> \u00e0 Sucy-en-Brie. Dominique, Ma\u00eetre Artisan, vous recevra dans la salle ouverte sur le laboratoire et vous fera faire le tour du monde des diff\u00e9rents cacaos !<\/p>\n\n\n\n<p>D\u2019autres prestataires proposent aussi des <strong>visites en ext\u00e9rieur<\/strong>, c\u2019est notamment les cas des <strong><a href=\"https:\/\/www.tourisme-valdemarne.com\/espace-groupes\/actualites\/passeurs-de-cultures\/\" target=\"_blank\" rel=\"noreferrer noopener\">passeurs de cultures<\/a><\/strong>, qui s\u2019int\u00e9ressent \u00e0 la richesse culturelle, sociale et \u00e9conomique des migrations dans le Val-de-Marne. A travers des parcours urbains patrimoniaux et des parcours de vie personnels, vous connaitrez les pratiques sociales et culturelles d\u2019un quartier \u00e0 travers les r\u00e9cits singuliers des migrants. <\/p>\n\n\n\n<p>Enfin, les mini-groupes en qu\u00eate d\u2019<strong>activit\u00e9s physiques<\/strong> peuvent d\u00e9couvrir en toute convivialit\u00e9 les bords de Marne avec d\u2019authentiques et fleuris <strong>v\u00e9los hollandais<\/strong>.<\/p>\n\n\n\n<p class=\"is-style-highlight\">Vous souhaitez d\u2019autres suggestions de sorties pour les mini-groupes&nbsp;? Nous sommes \u00e0 votre disposition pour vous faire de nouvelles propositions et <strong><a href=\"https:\/\/www.tourisme-valdemarne.com\/espace-groupes\/contact\/\" target=\"_blank\" rel=\"noreferrer noopener\">vous organiser une sortie sur mesure qui correspondra \u00e0 vos attentes<\/a>.<\/strong><\/p>\n","protected":false},"excerpt":{"rendered":"<p>Le terme mini-groupe d\u00e9signe g\u00e9n\u00e9ralement des groupes constitu\u00e9s de moins de 20 personnes. Certains de nos prestataires de visites re\u00e7oivent les visiteurs dans des lieux avec une capacit\u00e9 d\u2019accueil restreinte et qui conviennent donc parfaitement aux mini-groupes. D\u00e9couvrez par exemple : le\u00a0g\u00e9oroom de l\u2019IGN \u00e0 Saint-Mand\u00e9 qui s\u2019int\u00e9resse \u00e0 l\u2019information g\u00e9ographique, tr\u00e8s pr\u00e9sente dans nos [&hellip;]<\/p>\n","protected":false},"author":1,"featured_media":765,"parent":0,"menu_order":30,"comment_status":"closed","ping_status":"closed","template":"","meta":{"_relevanssi_hide_post":"","_relevanssi_hide_content":"","_relevanssi_pin_for_all":"","_relevanssi_pin_keywords":"","_relevanssi_unpin_keywords":"","_relevanssi_related_keywords":"","_relevanssi_related_include_ids":"","_relevanssi_related_exclude_ids":"","_relevanssi_related_no_append":"","_relevanssi_related_not_related":"","_relevanssi_related_posts":"1121,1111,1221,1121,1111,1120","_relevanssi_noindex_reason":"","footnotes":""},"vdmTagMarketing":[],"class_list":["post-13","page","type-page","status-publish","has-post-thumbnail","hentry"],"acf":[],"yoast_head":"<!-- This site is optimized with the Yoast SEO plugin v23.9 - https:\/\/yoast.com\/wordpress\/plugins\/seo\/ -->\n<title>Mini-groupes - Sorties Groupes en Val-de-Marne (94)<\/title>\n<meta name=\"description\" content=\"Visitez en mini-groupe les sites incontournables du Val-de-Marne (94). Contactez notre service Groupes pour r\u00e9server vos visites en Val-de-Marne.\" \/>\n<meta name=\"robots\" content=\"index, follow, max-snippet:-1, max-image-preview:large, max-video-preview:-1\" \/>\n<link rel=\"canonical\" href=\"https:\/\/www.tourisme-valdemarne.com\/espace-groupes\/mini-groupes\/\" \/>\n<meta property=\"og:locale\" content=\"fr_FR\" \/>\n<meta property=\"og:type\" content=\"article\" \/>\n<meta property=\"og:title\" content=\"Mini-groupes - Sorties Groupes en Val-de-Marne (94)\" \/>\n<meta property=\"og:description\" content=\"Visitez en mini-groupe les sites incontournables du Val-de-Marne (94). Contactez notre service Groupes pour r\u00e9server vos visites en Val-de-Marne.\" \/>\n<meta property=\"og:url\" content=\"https:\/\/www.tourisme-valdemarne.com\/espace-groupes\/mini-groupes\/\" \/>\n<meta property=\"og:site_name\" content=\"Sorties Groupes\" \/>\n<meta property=\"article:modified_time\" content=\"2023-02-01T10:19:35+00:00\" \/>\n<meta property=\"og:image\" content=\"https:\/\/www.tourisme-valdemarne.com\/espace-groupes\/wp-content\/uploads\/sites\/2\/2019\/05\/page-24-chocolaterie-janin-cp-alter-falter-fotolia.jpg\" \/>\n\t<meta property=\"og:image:width\" content=\"1229\" \/>\n\t<meta property=\"og:image:height\" content=\"1600\" \/>\n\t<meta property=\"og:image:type\" content=\"image\/jpeg\" \/>\n<meta name=\"twitter:card\" content=\"summary_large_image\" \/>\n<meta name=\"twitter:label1\" content=\"Dur\u00e9e de lecture estim\u00e9e\" \/>\n\t<meta name=\"twitter:data1\" content=\"3 minutes\" \/>\n<script type=\"application\/ld+json\" class=\"yoast-schema-graph\">{\"@context\":\"https:\/\/schema.org\",\"@graph\":[{\"@type\":\"WebPage\",\"@id\":\"https:\/\/www.tourisme-valdemarne.com\/espace-groupes\/mini-groupes\/\",\"url\":\"https:\/\/www.tourisme-valdemarne.com\/espace-groupes\/mini-groupes\/\",\"name\":\"Mini-groupes - Sorties Groupes en Val-de-Marne (94)\",\"isPartOf\":{\"@id\":\"https:\/\/www.tourisme-valdemarne.com\/espace-groupes\/#website\"},\"primaryImageOfPage\":{\"@id\":\"https:\/\/www.tourisme-valdemarne.com\/espace-groupes\/mini-groupes\/#primaryimage\"},\"image\":{\"@id\":\"https:\/\/www.tourisme-valdemarne.com\/espace-groupes\/mini-groupes\/#primaryimage\"},\"thumbnailUrl\":\"https:\/\/www.tourisme-valdemarne.com\/espace-groupes\/wp-content\/uploads\/sites\/2\/2019\/05\/page-24-chocolaterie-janin-cp-alter-falter-fotolia.jpg\",\"datePublished\":\"2019-04-02T13:19:25+00:00\",\"dateModified\":\"2023-02-01T10:19:35+00:00\",\"description\":\"Visitez en mini-groupe les sites incontournables du Val-de-Marne (94). Contactez notre service Groupes pour r\u00e9server vos visites en Val-de-Marne.\",\"breadcrumb\":{\"@id\":\"https:\/\/www.tourisme-valdemarne.com\/espace-groupes\/mini-groupes\/#breadcrumb\"},\"inLanguage\":\"fr-FR\",\"potentialAction\":[{\"@type\":\"ReadAction\",\"target\":[\"https:\/\/www.tourisme-valdemarne.com\/espace-groupes\/mini-groupes\/\"]}]},{\"@type\":\"ImageObject\",\"inLanguage\":\"fr-FR\",\"@id\":\"https:\/\/www.tourisme-valdemarne.com\/espace-groupes\/mini-groupes\/#primaryimage\",\"url\":\"https:\/\/www.tourisme-valdemarne.com\/espace-groupes\/wp-content\/uploads\/sites\/2\/2019\/05\/page-24-chocolaterie-janin-cp-alter-falter-fotolia.jpg\",\"contentUrl\":\"https:\/\/www.tourisme-valdemarne.com\/espace-groupes\/wp-content\/uploads\/sites\/2\/2019\/05\/page-24-chocolaterie-janin-cp-alter-falter-fotolia.jpg\",\"width\":1229,\"height\":1600,\"caption\":\"Chocolatier \u00a9Alter falter - Fotolia\"},{\"@type\":\"BreadcrumbList\",\"@id\":\"https:\/\/www.tourisme-valdemarne.com\/espace-groupes\/mini-groupes\/#breadcrumb\",\"itemListElement\":[{\"@type\":\"ListItem\",\"position\":1,\"name\":\"Accueil\",\"item\":\"https:\/\/www.tourisme-valdemarne.com\/espace-groupes\/\"},{\"@type\":\"ListItem\",\"position\":2,\"name\":\"Mini-groupes\"}]},{\"@type\":\"WebSite\",\"@id\":\"https:\/\/www.tourisme-valdemarne.com\/espace-groupes\/#website\",\"url\":\"https:\/\/www.tourisme-valdemarne.com\/espace-groupes\/\",\"name\":\"Sorties Groupes\",\"description\":\"Un site utilisant Val de Marne Tourisme &amp; Loisirs Sites\",\"potentialAction\":[{\"@type\":\"SearchAction\",\"target\":{\"@type\":\"EntryPoint\",\"urlTemplate\":\"https:\/\/www.tourisme-valdemarne.com\/espace-groupes\/?s={search_term_string}\"},\"query-input\":{\"@type\":\"PropertyValueSpecification\",\"valueRequired\":true,\"valueName\":\"search_term_string\"}}],\"inLanguage\":\"fr-FR\"}]}<\/script>\n<!-- \/ Yoast SEO plugin. -->","yoast_head_json":{"title":"Mini-groupes - Sorties Groupes en Val-de-Marne (94)","description":"Visitez en mini-groupe les sites incontournables du Val-de-Marne (94). Contactez notre service Groupes pour r\u00e9server vos visites en Val-de-Marne.","robots":{"index":"index","follow":"follow","max-snippet":"max-snippet:-1","max-image-preview":"max-image-preview:large","max-video-preview":"max-video-preview:-1"},"canonical":"https:\/\/www.tourisme-valdemarne.com\/espace-groupes\/mini-groupes\/","og_locale":"fr_FR","og_type":"article","og_title":"Mini-groupes - Sorties Groupes en Val-de-Marne (94)","og_description":"Visitez en mini-groupe les sites incontournables du Val-de-Marne (94). Contactez notre service Groupes pour r\u00e9server vos visites en Val-de-Marne.","og_url":"https:\/\/www.tourisme-valdemarne.com\/espace-groupes\/mini-groupes\/","og_site_name":"Sorties Groupes","article_modified_time":"2023-02-01T10:19:35+00:00","og_image":[{"width":1229,"height":1600,"url":"https:\/\/www.tourisme-valdemarne.com\/espace-groupes\/wp-content\/uploads\/sites\/2\/2019\/05\/page-24-chocolaterie-janin-cp-alter-falter-fotolia.jpg","type":"image\/jpeg"}],"twitter_card":"summary_large_image","twitter_misc":{"Dur\u00e9e de lecture estim\u00e9e":"3 minutes"},"schema":{"@context":"https:\/\/schema.org","@graph":[{"@type":"WebPage","@id":"https:\/\/www.tourisme-valdemarne.com\/espace-groupes\/mini-groupes\/","url":"https:\/\/www.tourisme-valdemarne.com\/espace-groupes\/mini-groupes\/","name":"Mini-groupes - Sorties Groupes en Val-de-Marne (94)","isPartOf":{"@id":"https:\/\/www.tourisme-valdemarne.com\/espace-groupes\/#website"},"primaryImageOfPage":{"@id":"https:\/\/www.tourisme-valdemarne.com\/espace-groupes\/mini-groupes\/#primaryimage"},"image":{"@id":"https:\/\/www.tourisme-valdemarne.com\/espace-groupes\/mini-groupes\/#primaryimage"},"thumbnailUrl":"https:\/\/www.tourisme-valdemarne.com\/espace-groupes\/wp-content\/uploads\/sites\/2\/2019\/05\/page-24-chocolaterie-janin-cp-alter-falter-fotolia.jpg","datePublished":"2019-04-02T13:19:25+00:00","dateModified":"2023-02-01T10:19:35+00:00","description":"Visitez en mini-groupe les sites incontournables du Val-de-Marne (94). Contactez notre service Groupes pour r\u00e9server vos visites en Val-de-Marne.","breadcrumb":{"@id":"https:\/\/www.tourisme-valdemarne.com\/espace-groupes\/mini-groupes\/#breadcrumb"},"inLanguage":"fr-FR","potentialAction":[{"@type":"ReadAction","target":["https:\/\/www.tourisme-valdemarne.com\/espace-groupes\/mini-groupes\/"]}]},{"@type":"ImageObject","inLanguage":"fr-FR","@id":"https:\/\/www.tourisme-valdemarne.com\/espace-groupes\/mini-groupes\/#primaryimage","url":"https:\/\/www.tourisme-valdemarne.com\/espace-groupes\/wp-content\/uploads\/sites\/2\/2019\/05\/page-24-chocolaterie-janin-cp-alter-falter-fotolia.jpg","contentUrl":"https:\/\/www.tourisme-valdemarne.com\/espace-groupes\/wp-content\/uploads\/sites\/2\/2019\/05\/page-24-chocolaterie-janin-cp-alter-falter-fotolia.jpg","width":1229,"height":1600,"caption":"Chocolatier \u00a9Alter falter - Fotolia"},{"@type":"BreadcrumbList","@id":"https:\/\/www.tourisme-valdemarne.com\/espace-groupes\/mini-groupes\/#breadcrumb","itemListElement":[{"@type":"ListItem","position":1,"name":"Accueil","item":"https:\/\/www.tourisme-valdemarne.com\/espace-groupes\/"},{"@type":"ListItem","position":2,"name":"Mini-groupes"}]},{"@type":"WebSite","@id":"https:\/\/www.tourisme-valdemarne.com\/espace-groupes\/#website","url":"https:\/\/www.tourisme-valdemarne.com\/espace-groupes\/","name":"Sorties Groupes","description":"Un site utilisant Val de Marne Tourisme &amp; Loisirs Sites","potentialAction":[{"@type":"SearchAction","target":{"@type":"EntryPoint","urlTemplate":"https:\/\/www.tourisme-valdemarne.com\/espace-groupes\/?s={search_term_string}"},"query-input":{"@type":"PropertyValueSpecification","valueRequired":true,"valueName":"search_term_string"}}],"inLanguage":"fr-FR"}]}},"_links":{"self":[{"href":"https:\/\/www.tourisme-valdemarne.com\/espace-groupes\/wp-json\/wp\/v2\/pages\/13","targetHints":{"allow":["GET"]}}],"collection":[{"href":"https:\/\/www.tourisme-valdemarne.com\/espace-groupes\/wp-json\/wp\/v2\/pages"}],"about":[{"href":"https:\/\/www.tourisme-valdemarne.com\/espace-groupes\/wp-json\/wp\/v2\/types\/page"}],"author":[{"embeddable":true,"href":"https:\/\/www.tourisme-valdemarne.com\/espace-groupes\/wp-json\/wp\/v2\/users\/1"}],"replies":[{"embeddable":true,"href":"https:\/\/www.tourisme-valdemarne.com\/espace-groupes\/wp-json\/wp\/v2\/comments?post=13"}],"version-history":[{"count":18,"href":"https:\/\/www.tourisme-valdemarne.com\/espace-groupes\/wp-json\/wp\/v2\/pages\/13\/revisions"}],"predecessor-version":[{"id":4196,"href":"https:\/\/www.tourisme-valdemarne.com\/espace-groupes\/wp-json\/wp\/v2\/pages\/13\/revisions\/4196"}],"wp:featuredmedia":[{"embeddable":true,"href":"https:\/\/www.tourisme-valdemarne.com\/espace-groupes\/wp-json\/wp\/v2\/media\/765"}],"wp:attachment":[{"href":"https:\/\/www.tourisme-valdemarne.com\/espace-groupes\/wp-json\/wp\/v2\/media?parent=13"}],"wp:term":[{"taxonomy":"vdmTagMarketing","embeddable":true,"href":"https:\/\/www.tourisme-valdemarne.com\/espace-groupes\/wp-json\/wp\/v2\/vdmTagMarketing?post=13"}],"curies":[{"name":"wp","href":"https:\/\/api.w.org\/{rel}","templated":true}]}}