{"id":1280,"date":"2021-02-26T15:09:05","date_gmt":"2021-02-26T14:09:05","guid":{"rendered":"https:\/\/www.tourisme-valdemarne.com\/espace-groupes\/?page_id=1280"},"modified":"2024-03-04T15:34:22","modified_gmt":"2024-03-04T14:34:22","slug":"les-incontournables","status":"publish","type":"page","link":"https:\/\/www.tourisme-valdemarne.com\/espace-groupes\/sorties-thematiques\/les-incontournables\/","title":{"rendered":"Les incontournables"},"content":{"rendered":"\n<p class=\"is-style-excerpt\">Naviguer sur la Marne et s\u2019arr\u00eater dans une guinguette, d\u00e9couvrir le ch\u00e2teau de Vincennes, s\u2019immerger au c\u0153ur du march\u00e9 de Rungis ou de l\u2019a\u00e9roport d\u2019Orly sont des <strong>sorties incontournables<\/strong> pour ressentir l\u2019atmosph\u00e8re du territoire.<\/p>\n\n\n\n<p>Mais le Val-de-Marne vous r\u00e9serve bien d\u2019<strong>autres surprises\u00a0<\/strong>: voyager dans les univers de l\u2019art contemporain ou du street art, p\u00e9n\u00e9trer dans les coulisses des serres d\u2019orchid\u00e9es, parier \u00e0 <a href=\"https:\/\/www.tourisme-valdemarne.com\/espace-groupes\/visite-guidee-de-lhippodrome-de-vincennes\/\">l\u2019hippodrome de Vincennes<\/a>\u2026 autant de promesses de visites inoubliables et de rencontres insolites.<\/p>\n\n\n\n<p class=\"is-style-highlight\">Vous souhaitez d\u2019autres suggestions de sorties sur la th\u00e9matique Culture et Patrimoine&nbsp;? Nous sommes \u00e0 votre disposition pour vous faire de nouvelles propositions et&nbsp;<a href=\"https:\/\/www.tourisme-valdemarne.com\/espace-groupes\/contact\/\" target=\"_blank\" rel=\"noreferrer noopener\">vous organiser&nbsp;<strong>une sortie sur mesure qui correspondra \u00e0 vos attentes<\/strong><\/a><strong>.<\/strong><\/p>\n","protected":false},"excerpt":{"rendered":"<p>Naviguer sur la Marne et s\u2019arr\u00eater dans une guinguette, d\u00e9couvrir le ch\u00e2teau de Vincennes, s\u2019immerger au c\u0153ur du march\u00e9 de Rungis ou de l\u2019a\u00e9roport d\u2019Orly sont des sorties incontournables pour ressentir l\u2019atmosph\u00e8re du territoire. Mais le Val-de-Marne vous r\u00e9serve bien d\u2019autres surprises\u00a0: voyager dans les univers de l\u2019art contemporain ou du street art, p\u00e9n\u00e9trer dans [&hellip;]<\/p>\n","protected":false},"author":7,"featured_media":3186,"parent":11,"menu_order":9,"comment_status":"closed","ping_status":"closed","template":"partials\/template-sit.php","meta":{"_relevanssi_hide_post":"","_relevanssi_hide_content":"","_relevanssi_pin_for_all":"","_relevanssi_pin_keywords":"","_relevanssi_unpin_keywords":"","_relevanssi_related_keywords":"","_relevanssi_related_include_ids":"","_relevanssi_related_exclude_ids":"","_relevanssi_related_no_append":"","_relevanssi_related_not_related":"","_relevanssi_related_posts":"1111,1221,1121,1120","_relevanssi_noindex_reason":"","footnotes":""},"vdmTagMarketing":[],"class_list":["post-1280","page","type-page","status-publish","has-post-thumbnail","hentry"],"acf":[],"yoast_head":"<!-- This site is optimized with the Yoast SEO plugin v23.9 - https:\/\/yoast.com\/wordpress\/plugins\/seo\/ -->\n<title>Les incontournables - Sorties Groupes en Val-de-Marne (94)<\/title>\n<meta name=\"description\" content=\"A la recherche d&#039;une sortie Groupes en Val-de-Marne (94) ? D\u00e9couvrez notre s\u00e9lection de visites incontournables \u00e0 faire en groupe dans le 94.\" \/>\n<meta name=\"robots\" content=\"index, follow, max-snippet:-1, max-image-preview:large, max-video-preview:-1\" \/>\n<link rel=\"canonical\" href=\"https:\/\/www.tourisme-valdemarne.com\/espace-groupes\/sorties-thematiques\/les-incontournables\/\" \/>\n<meta property=\"og:locale\" content=\"fr_FR\" \/>\n<meta property=\"og:type\" content=\"article\" \/>\n<meta property=\"og:title\" content=\"Les incontournables - Sorties Groupes en Val-de-Marne (94)\" \/>\n<meta property=\"og:description\" content=\"A la recherche d&#039;une sortie Groupes en Val-de-Marne (94) ? D\u00e9couvrez notre s\u00e9lection de visites incontournables \u00e0 faire en groupe dans le 94.\" \/>\n<meta property=\"og:url\" content=\"https:\/\/www.tourisme-valdemarne.com\/espace-groupes\/sorties-thematiques\/les-incontournables\/\" \/>\n<meta property=\"og:site_name\" content=\"Sorties Groupes\" \/>\n<meta property=\"article:modified_time\" content=\"2024-03-04T14:34:22+00:00\" \/>\n<meta property=\"og:image\" content=\"https:\/\/www.tourisme-valdemarne.com\/espace-groupes\/wp-content\/uploads\/sites\/2\/2022\/05\/kayak-nature-marne.jpg\" \/>\n\t<meta property=\"og:image:width\" content=\"1600\" \/>\n\t<meta property=\"og:image:height\" content=\"1067\" \/>\n\t<meta property=\"og:image:type\" content=\"image\/jpeg\" \/>\n<meta name=\"twitter:card\" content=\"summary_large_image\" \/>\n<meta name=\"twitter:label1\" content=\"Dur\u00e9e de lecture estim\u00e9e\" \/>\n\t<meta name=\"twitter:data1\" content=\"1 minute\" \/>\n<script type=\"application\/ld+json\" class=\"yoast-schema-graph\">{\"@context\":\"https:\/\/schema.org\",\"@graph\":[{\"@type\":\"WebPage\",\"@id\":\"https:\/\/www.tourisme-valdemarne.com\/espace-groupes\/sorties-thematiques\/les-incontournables\/\",\"url\":\"https:\/\/www.tourisme-valdemarne.com\/espace-groupes\/sorties-thematiques\/les-incontournables\/\",\"name\":\"Les incontournables - Sorties Groupes en Val-de-Marne (94)\",\"isPartOf\":{\"@id\":\"https:\/\/www.tourisme-valdemarne.com\/espace-groupes\/#website\"},\"primaryImageOfPage\":{\"@id\":\"https:\/\/www.tourisme-valdemarne.com\/espace-groupes\/sorties-thematiques\/les-incontournables\/#primaryimage\"},\"image\":{\"@id\":\"https:\/\/www.tourisme-valdemarne.com\/espace-groupes\/sorties-thematiques\/les-incontournables\/#primaryimage\"},\"thumbnailUrl\":\"https:\/\/www.tourisme-valdemarne.com\/espace-groupes\/wp-content\/uploads\/sites\/2\/2022\/05\/kayak-nature-marne.jpg\",\"datePublished\":\"2021-02-26T14:09:05+00:00\",\"dateModified\":\"2024-03-04T14:34:22+00:00\",\"description\":\"A la recherche d'une sortie Groupes en Val-de-Marne (94) ? D\u00e9couvrez notre s\u00e9lection de visites incontournables \u00e0 faire en groupe dans le 94.\",\"breadcrumb\":{\"@id\":\"https:\/\/www.tourisme-valdemarne.com\/espace-groupes\/sorties-thematiques\/les-incontournables\/#breadcrumb\"},\"inLanguage\":\"fr-FR\",\"potentialAction\":[{\"@type\":\"ReadAction\",\"target\":[\"https:\/\/www.tourisme-valdemarne.com\/espace-groupes\/sorties-thematiques\/les-incontournables\/\"]}]},{\"@type\":\"ImageObject\",\"inLanguage\":\"fr-FR\",\"@id\":\"https:\/\/www.tourisme-valdemarne.com\/espace-groupes\/sorties-thematiques\/les-incontournables\/#primaryimage\",\"url\":\"https:\/\/www.tourisme-valdemarne.com\/espace-groupes\/wp-content\/uploads\/sites\/2\/2022\/05\/kayak-nature-marne.jpg\",\"contentUrl\":\"https:\/\/www.tourisme-valdemarne.com\/espace-groupes\/wp-content\/uploads\/sites\/2\/2022\/05\/kayak-nature-marne.jpg\",\"width\":1600,\"height\":1067,\"caption\":\"Kayak sur la Marne \u00a9 CDT94\/A. Laurin\"},{\"@type\":\"BreadcrumbList\",\"@id\":\"https:\/\/www.tourisme-valdemarne.com\/espace-groupes\/sorties-thematiques\/les-incontournables\/#breadcrumb\",\"itemListElement\":[{\"@type\":\"ListItem\",\"position\":1,\"name\":\"Accueil\",\"item\":\"https:\/\/www.tourisme-valdemarne.com\/espace-groupes\/\"},{\"@type\":\"ListItem\",\"position\":2,\"name\":\"Sorties th\u00e9matiques\",\"item\":\"https:\/\/www.tourisme-valdemarne.com\/espace-groupes\/sorties-thematiques\/\"},{\"@type\":\"ListItem\",\"position\":3,\"name\":\"Les incontournables\"}]},{\"@type\":\"WebSite\",\"@id\":\"https:\/\/www.tourisme-valdemarne.com\/espace-groupes\/#website\",\"url\":\"https:\/\/www.tourisme-valdemarne.com\/espace-groupes\/\",\"name\":\"Sorties Groupes\",\"description\":\"Un site utilisant Val de Marne Tourisme &amp; Loisirs Sites\",\"potentialAction\":[{\"@type\":\"SearchAction\",\"target\":{\"@type\":\"EntryPoint\",\"urlTemplate\":\"https:\/\/www.tourisme-valdemarne.com\/espace-groupes\/?s={search_term_string}\"},\"query-input\":{\"@type\":\"PropertyValueSpecification\",\"valueRequired\":true,\"valueName\":\"search_term_string\"}}],\"inLanguage\":\"fr-FR\"}]}<\/script>\n<!-- \/ Yoast SEO plugin. -->","yoast_head_json":{"title":"Les incontournables - Sorties Groupes en Val-de-Marne (94)","description":"A la recherche d'une sortie Groupes en Val-de-Marne (94) ? D\u00e9couvrez notre s\u00e9lection de visites incontournables \u00e0 faire en groupe dans le 94.","robots":{"index":"index","follow":"follow","max-snippet":"max-snippet:-1","max-image-preview":"max-image-preview:large","max-video-preview":"max-video-preview:-1"},"canonical":"https:\/\/www.tourisme-valdemarne.com\/espace-groupes\/sorties-thematiques\/les-incontournables\/","og_locale":"fr_FR","og_type":"article","og_title":"Les incontournables - Sorties Groupes en Val-de-Marne (94)","og_description":"A la recherche d'une sortie Groupes en Val-de-Marne (94) ? D\u00e9couvrez notre s\u00e9lection de visites incontournables \u00e0 faire en groupe dans le 94.","og_url":"https:\/\/www.tourisme-valdemarne.com\/espace-groupes\/sorties-thematiques\/les-incontournables\/","og_site_name":"Sorties Groupes","article_modified_time":"2024-03-04T14:34:22+00:00","og_image":[{"width":1600,"height":1067,"url":"https:\/\/www.tourisme-valdemarne.com\/espace-groupes\/wp-content\/uploads\/sites\/2\/2022\/05\/kayak-nature-marne.jpg","type":"image\/jpeg"}],"twitter_card":"summary_large_image","twitter_misc":{"Dur\u00e9e de lecture estim\u00e9e":"1 minute"},"schema":{"@context":"https:\/\/schema.org","@graph":[{"@type":"WebPage","@id":"https:\/\/www.tourisme-valdemarne.com\/espace-groupes\/sorties-thematiques\/les-incontournables\/","url":"https:\/\/www.tourisme-valdemarne.com\/espace-groupes\/sorties-thematiques\/les-incontournables\/","name":"Les incontournables - Sorties Groupes en Val-de-Marne (94)","isPartOf":{"@id":"https:\/\/www.tourisme-valdemarne.com\/espace-groupes\/#website"},"primaryImageOfPage":{"@id":"https:\/\/www.tourisme-valdemarne.com\/espace-groupes\/sorties-thematiques\/les-incontournables\/#primaryimage"},"image":{"@id":"https:\/\/www.tourisme-valdemarne.com\/espace-groupes\/sorties-thematiques\/les-incontournables\/#primaryimage"},"thumbnailUrl":"https:\/\/www.tourisme-valdemarne.com\/espace-groupes\/wp-content\/uploads\/sites\/2\/2022\/05\/kayak-nature-marne.jpg","datePublished":"2021-02-26T14:09:05+00:00","dateModified":"2024-03-04T14:34:22+00:00","description":"A la recherche d'une sortie Groupes en Val-de-Marne (94) ? D\u00e9couvrez notre s\u00e9lection de visites incontournables \u00e0 faire en groupe dans le 94.","breadcrumb":{"@id":"https:\/\/www.tourisme-valdemarne.com\/espace-groupes\/sorties-thematiques\/les-incontournables\/#breadcrumb"},"inLanguage":"fr-FR","potentialAction":[{"@type":"ReadAction","target":["https:\/\/www.tourisme-valdemarne.com\/espace-groupes\/sorties-thematiques\/les-incontournables\/"]}]},{"@type":"ImageObject","inLanguage":"fr-FR","@id":"https:\/\/www.tourisme-valdemarne.com\/espace-groupes\/sorties-thematiques\/les-incontournables\/#primaryimage","url":"https:\/\/www.tourisme-valdemarne.com\/espace-groupes\/wp-content\/uploads\/sites\/2\/2022\/05\/kayak-nature-marne.jpg","contentUrl":"https:\/\/www.tourisme-valdemarne.com\/espace-groupes\/wp-content\/uploads\/sites\/2\/2022\/05\/kayak-nature-marne.jpg","width":1600,"height":1067,"caption":"Kayak sur la Marne \u00a9 CDT94\/A. Laurin"},{"@type":"BreadcrumbList","@id":"https:\/\/www.tourisme-valdemarne.com\/espace-groupes\/sorties-thematiques\/les-incontournables\/#breadcrumb","itemListElement":[{"@type":"ListItem","position":1,"name":"Accueil","item":"https:\/\/www.tourisme-valdemarne.com\/espace-groupes\/"},{"@type":"ListItem","position":2,"name":"Sorties th\u00e9matiques","item":"https:\/\/www.tourisme-valdemarne.com\/espace-groupes\/sorties-thematiques\/"},{"@type":"ListItem","position":3,"name":"Les incontournables"}]},{"@type":"WebSite","@id":"https:\/\/www.tourisme-valdemarne.com\/espace-groupes\/#website","url":"https:\/\/www.tourisme-valdemarne.com\/espace-groupes\/","name":"Sorties Groupes","description":"Un site utilisant Val de Marne Tourisme &amp; Loisirs Sites","potentialAction":[{"@type":"SearchAction","target":{"@type":"EntryPoint","urlTemplate":"https:\/\/www.tourisme-valdemarne.com\/espace-groupes\/?s={search_term_string}"},"query-input":{"@type":"PropertyValueSpecification","valueRequired":true,"valueName":"search_term_string"}}],"inLanguage":"fr-FR"}]}},"_links":{"self":[{"href":"https:\/\/www.tourisme-valdemarne.com\/espace-groupes\/wp-json\/wp\/v2\/pages\/1280","targetHints":{"allow":["GET"]}}],"collection":[{"href":"https:\/\/www.tourisme-valdemarne.com\/espace-groupes\/wp-json\/wp\/v2\/pages"}],"about":[{"href":"https:\/\/www.tourisme-valdemarne.com\/espace-groupes\/wp-json\/wp\/v2\/types\/page"}],"author":[{"embeddable":true,"href":"https:\/\/www.tourisme-valdemarne.com\/espace-groupes\/wp-json\/wp\/v2\/users\/7"}],"replies":[{"embeddable":true,"href":"https:\/\/www.tourisme-valdemarne.com\/espace-groupes\/wp-json\/wp\/v2\/comments?post=1280"}],"version-history":[{"count":8,"href":"https:\/\/www.tourisme-valdemarne.com\/espace-groupes\/wp-json\/wp\/v2\/pages\/1280\/revisions"}],"predecessor-version":[{"id":8129,"href":"https:\/\/www.tourisme-valdemarne.com\/espace-groupes\/wp-json\/wp\/v2\/pages\/1280\/revisions\/8129"}],"up":[{"embeddable":true,"href":"https:\/\/www.tourisme-valdemarne.com\/espace-groupes\/wp-json\/wp\/v2\/pages\/11"}],"wp:featuredmedia":[{"embeddable":true,"href":"https:\/\/www.tourisme-valdemarne.com\/espace-groupes\/wp-json\/wp\/v2\/media\/3186"}],"wp:attachment":[{"href":"https:\/\/www.tourisme-valdemarne.com\/espace-groupes\/wp-json\/wp\/v2\/media?parent=1280"}],"wp:term":[{"taxonomy":"vdmTagMarketing","embeddable":true,"href":"https:\/\/www.tourisme-valdemarne.com\/espace-groupes\/wp-json\/wp\/v2\/vdmTagMarketing?post=1280"}],"curies":[{"name":"wp","href":"https:\/\/api.w.org\/{rel}","templated":true}]}}