{"id":1134,"date":"2020-12-10T22:55:01","date_gmt":"2020-12-10T21:55:01","guid":{"rendered":"https:\/\/www.tourisme-valdemarne.com\/espace-groupes\/?page_id=1134"},"modified":"2021-12-21T15:55:08","modified_gmt":"2021-12-21T14:55:08","slug":"la-nouvelle-brochure-est-disponible","status":"publish","type":"page","link":"https:\/\/www.tourisme-valdemarne.com\/espace-groupes\/actualites\/la-nouvelle-brochure-est-disponible\/","title":{"rendered":"La nouvelle brochure 2021 est disponible"},"content":{"rendered":"\n<p class=\"is-style-excerpt\">La brochure&nbsp;<em>Destinations groupes 2021<\/em>&nbsp;est d\u00e9sormais disponible en t\u00e9l\u00e9chargement libre ou sur demande aupr\u00e8s de Tourisme Val-de-Marne.<\/p>\n\n\n\n<p>Retrouvez toutes les id\u00e9es de sorties et de circuits propos\u00e9es pour les groupes dans le Val-de-Marne et regroup\u00e9es par th\u00e9matiques. Culture &amp; Patrimoine, balades urbaines, repas anim\u00e9s\u2026 plus d\u2019une cinquantaine de propositions pour partir \u00e0 la d\u00e9couverte de notre territoire, au coeur du Grand Paris.<\/p>\n\n\n\n<div class=\"wp-block-button aligncenter\"><a class=\"wp-block-button__link\" href=\"https:\/\/www.tourisme-valdemarne.com\/espace-groupes\/wp-content\/uploads\/sites\/2\/2021\/01\/brochure-groupes-2021.pdf\" target=\"_blank\" rel=\"noreferrer noopener\">T\u00e9l\u00e9charger la brochure<\/a><\/div>\n\n\n\n<p class=\"is-style-highlight\">N\u2019h\u00e9sitez pas \u00e0 nous contacter pour une<a rel=\"noreferrer noopener\" href=\"https:\/\/www.tourisme-valdemarne.com\/espace-groupes\/brochures\/\" target=\"_blank\">&nbsp;<strong>demande de brochure papier<\/strong><\/a>&nbsp;ou pour&nbsp;<a rel=\"noreferrer noopener\" href=\"https:\/\/www.tourisme-valdemarne.com\/espace-groupes\/demande-de-devis\/\" target=\"_blank\"><strong>\u00e9tablir un devis<\/strong><\/a>. Attention ! les prix affich\u00e9s dans la brochure concernent uniquement des demandes de sortie pour 2021.<\/p>\n\n\n\n<p><strong>D\u00e9couvrez toutes nos nouveaut\u00e9s :<\/strong><\/p>\n\n\n\n<ul class=\"wp-block-list\"><li>Croisi\u00e8res \u00ab&nbsp;Au port de Bonneuil&nbsp;\u00bb et \u00ab&nbsp;D\u00e9couverte sur la Marne&nbsp;\u00bb,<\/li><li>Balade nature et ornithologique au lac de Cr\u00e9teil,<\/li><li>Chocolaterie La Cabosse Gourmande,<\/li><li>Gramgram caf\u00e9,<\/li><li>L\u2019observatoire de la Sorbonne,<\/li><li>La Garde R\u00e9publicaine,<\/li><li>etc.<\/li><\/ul>\n\n\n\n<div class=\"wp-block-image\"><figure class=\"aligncenter size-large is-resized\"><a href=\"https:\/\/www.tourisme-valdemarne.com\/espace-groupes\/wp-content\/uploads\/sites\/2\/2021\/01\/brochure-groupes-2021.pdf\" target=\"_blank\" rel=\"noopener noreferrer\"><img data-src=\"https:\/\/www.tourisme-valdemarne.com\/espace-groupes\/wp-content\/uploads\/sites\/2\/2021\/01\/couverture-2021-brochure-groupes-600px.jpg\" alt=\"Couverture brochure groupes 2021 - BD\" class=\"wp-image-1184\" width=\"431\" height=\"599\" srcset=\"https:\/\/www.tourisme-valdemarne.com\/espace-groupes\/wp-content\/uploads\/sites\/2\/2021\/01\/couverture-2021-brochure-groupes-600px.jpg 431w, https:\/\/www.tourisme-valdemarne.com\/espace-groupes\/wp-content\/uploads\/sites\/2\/2021\/01\/couverture-2021-brochure-groupes-600px-380x528.jpg 380w, https:\/\/www.tourisme-valdemarne.com\/espace-groupes\/wp-content\/uploads\/sites\/2\/2021\/01\/couverture-2021-brochure-groupes-600px-200x278.jpg 200w\" sizes=\"(max-width: 431px) 100vw, 431px\" \/><\/a><\/figure><\/div>\n","protected":false},"excerpt":{"rendered":"<p>La brochure&nbsp;Destinations groupes 2021&nbsp;est d\u00e9sormais disponible en t\u00e9l\u00e9chargement libre ou sur demande aupr\u00e8s de Tourisme Val-de-Marne. Retrouvez toutes les id\u00e9es de sorties et de circuits propos\u00e9es pour les groupes dans le Val-de-Marne et regroup\u00e9es par th\u00e9matiques. Culture &amp; Patrimoine, balades urbaines, repas anim\u00e9s\u2026 plus d\u2019une cinquantaine de propositions pour partir \u00e0 la d\u00e9couverte de notre [&hellip;]<\/p>\n","protected":false},"author":1,"featured_media":1115,"parent":1128,"menu_order":21,"comment_status":"closed","ping_status":"closed","template":"","meta":{"_relevanssi_hide_post":"","_relevanssi_hide_content":"","_relevanssi_pin_for_all":"","_relevanssi_pin_keywords":"","_relevanssi_unpin_keywords":"","_relevanssi_related_keywords":"","_relevanssi_related_include_ids":"","_relevanssi_related_exclude_ids":"","_relevanssi_related_no_append":"","_relevanssi_related_not_related":"","_relevanssi_related_posts":"1111,1120,1120,1121,1111","_relevanssi_noindex_reason":"","footnotes":""},"vdmTagMarketing":[],"class_list":["post-1134","page","type-page","status-publish","has-post-thumbnail","hentry"],"acf":[],"yoast_head":"<!-- This site is optimized with the Yoast SEO plugin v23.9 - https:\/\/yoast.com\/wordpress\/plugins\/seo\/ -->\n<title>La nouvelle brochure 2021 est disponible - Sorties Groupes<\/title>\n<meta name=\"description\" content=\"La brochure Destinations groupes 2021 est d\u00e9sormais disponible en t\u00e9l\u00e9chargement libre ou sur demande aupr\u00e8s de Tourisme Val-de-Marne.\" \/>\n<meta name=\"robots\" content=\"index, follow, max-snippet:-1, max-image-preview:large, max-video-preview:-1\" \/>\n<link rel=\"canonical\" href=\"https:\/\/www.tourisme-valdemarne.com\/espace-groupes\/actualites\/la-nouvelle-brochure-est-disponible\/\" \/>\n<meta property=\"og:locale\" content=\"fr_FR\" \/>\n<meta property=\"og:type\" content=\"article\" \/>\n<meta property=\"og:title\" content=\"La nouvelle brochure 2021 est disponible - Sorties Groupes\" \/>\n<meta property=\"og:description\" content=\"La brochure Destinations groupes 2021 est d\u00e9sormais disponible en t\u00e9l\u00e9chargement libre ou sur demande aupr\u00e8s de Tourisme Val-de-Marne.\" \/>\n<meta property=\"og:url\" content=\"https:\/\/www.tourisme-valdemarne.com\/espace-groupes\/actualites\/la-nouvelle-brochure-est-disponible\/\" \/>\n<meta property=\"og:site_name\" content=\"Sorties Groupes\" \/>\n<meta property=\"article:modified_time\" content=\"2021-12-21T14:55:08+00:00\" \/>\n<meta property=\"og:image\" content=\"https:\/\/www.tourisme-valdemarne.com\/espace-groupes\/wp-content\/uploads\/sites\/2\/2020\/12\/brochure-groupes-2020.jpg\" \/>\n\t<meta property=\"og:image:width\" content=\"614\" \/>\n\t<meta property=\"og:image:height\" content=\"871\" \/>\n\t<meta property=\"og:image:type\" content=\"image\/jpeg\" \/>\n<meta name=\"twitter:card\" content=\"summary_large_image\" \/>\n<meta name=\"twitter:label1\" content=\"Dur\u00e9e de lecture estim\u00e9e\" \/>\n\t<meta name=\"twitter:data1\" content=\"1 minute\" \/>\n<script type=\"application\/ld+json\" class=\"yoast-schema-graph\">{\"@context\":\"https:\/\/schema.org\",\"@graph\":[{\"@type\":\"WebPage\",\"@id\":\"https:\/\/www.tourisme-valdemarne.com\/espace-groupes\/actualites\/la-nouvelle-brochure-est-disponible\/\",\"url\":\"https:\/\/www.tourisme-valdemarne.com\/espace-groupes\/actualites\/la-nouvelle-brochure-est-disponible\/\",\"name\":\"La nouvelle brochure 2021 est disponible - Sorties Groupes\",\"isPartOf\":{\"@id\":\"https:\/\/www.tourisme-valdemarne.com\/espace-groupes\/#website\"},\"primaryImageOfPage\":{\"@id\":\"https:\/\/www.tourisme-valdemarne.com\/espace-groupes\/actualites\/la-nouvelle-brochure-est-disponible\/#primaryimage\"},\"image\":{\"@id\":\"https:\/\/www.tourisme-valdemarne.com\/espace-groupes\/actualites\/la-nouvelle-brochure-est-disponible\/#primaryimage\"},\"thumbnailUrl\":\"https:\/\/www.tourisme-valdemarne.com\/espace-groupes\/wp-content\/uploads\/sites\/2\/2020\/12\/brochure-groupes-2020.jpg\",\"datePublished\":\"2020-12-10T21:55:01+00:00\",\"dateModified\":\"2021-12-21T14:55:08+00:00\",\"description\":\"La brochure Destinations groupes 2021 est d\u00e9sormais disponible en t\u00e9l\u00e9chargement libre ou sur demande aupr\u00e8s de Tourisme Val-de-Marne.\",\"breadcrumb\":{\"@id\":\"https:\/\/www.tourisme-valdemarne.com\/espace-groupes\/actualites\/la-nouvelle-brochure-est-disponible\/#breadcrumb\"},\"inLanguage\":\"fr-FR\",\"potentialAction\":[{\"@type\":\"ReadAction\",\"target\":[\"https:\/\/www.tourisme-valdemarne.com\/espace-groupes\/actualites\/la-nouvelle-brochure-est-disponible\/\"]}]},{\"@type\":\"ImageObject\",\"inLanguage\":\"fr-FR\",\"@id\":\"https:\/\/www.tourisme-valdemarne.com\/espace-groupes\/actualites\/la-nouvelle-brochure-est-disponible\/#primaryimage\",\"url\":\"https:\/\/www.tourisme-valdemarne.com\/espace-groupes\/wp-content\/uploads\/sites\/2\/2020\/12\/brochure-groupes-2020.jpg\",\"contentUrl\":\"https:\/\/www.tourisme-valdemarne.com\/espace-groupes\/wp-content\/uploads\/sites\/2\/2020\/12\/brochure-groupes-2020.jpg\",\"width\":614,\"height\":871,\"caption\":\"Brochure groupes Val-de-Marne 2020\"},{\"@type\":\"BreadcrumbList\",\"@id\":\"https:\/\/www.tourisme-valdemarne.com\/espace-groupes\/actualites\/la-nouvelle-brochure-est-disponible\/#breadcrumb\",\"itemListElement\":[{\"@type\":\"ListItem\",\"position\":1,\"name\":\"Accueil\",\"item\":\"https:\/\/www.tourisme-valdemarne.com\/espace-groupes\/\"},{\"@type\":\"ListItem\",\"position\":2,\"name\":\"Actualit\u00e9s des services groupes et scolaires\",\"item\":\"https:\/\/www.tourisme-valdemarne.com\/espace-groupes\/actualites\/\"},{\"@type\":\"ListItem\",\"position\":3,\"name\":\"La nouvelle brochure 2021 est disponible\"}]},{\"@type\":\"WebSite\",\"@id\":\"https:\/\/www.tourisme-valdemarne.com\/espace-groupes\/#website\",\"url\":\"https:\/\/www.tourisme-valdemarne.com\/espace-groupes\/\",\"name\":\"Sorties Groupes\",\"description\":\"Un site utilisant Val de Marne Tourisme &amp; Loisirs Sites\",\"potentialAction\":[{\"@type\":\"SearchAction\",\"target\":{\"@type\":\"EntryPoint\",\"urlTemplate\":\"https:\/\/www.tourisme-valdemarne.com\/espace-groupes\/?s={search_term_string}\"},\"query-input\":{\"@type\":\"PropertyValueSpecification\",\"valueRequired\":true,\"valueName\":\"search_term_string\"}}],\"inLanguage\":\"fr-FR\"}]}<\/script>\n<!-- \/ Yoast SEO plugin. -->","yoast_head_json":{"title":"La nouvelle brochure 2021 est disponible - Sorties Groupes","description":"La brochure Destinations groupes 2021 est d\u00e9sormais disponible en t\u00e9l\u00e9chargement libre ou sur demande aupr\u00e8s de Tourisme Val-de-Marne.","robots":{"index":"index","follow":"follow","max-snippet":"max-snippet:-1","max-image-preview":"max-image-preview:large","max-video-preview":"max-video-preview:-1"},"canonical":"https:\/\/www.tourisme-valdemarne.com\/espace-groupes\/actualites\/la-nouvelle-brochure-est-disponible\/","og_locale":"fr_FR","og_type":"article","og_title":"La nouvelle brochure 2021 est disponible - Sorties Groupes","og_description":"La brochure Destinations groupes 2021 est d\u00e9sormais disponible en t\u00e9l\u00e9chargement libre ou sur demande aupr\u00e8s de Tourisme Val-de-Marne.","og_url":"https:\/\/www.tourisme-valdemarne.com\/espace-groupes\/actualites\/la-nouvelle-brochure-est-disponible\/","og_site_name":"Sorties Groupes","article_modified_time":"2021-12-21T14:55:08+00:00","og_image":[{"width":614,"height":871,"url":"https:\/\/www.tourisme-valdemarne.com\/espace-groupes\/wp-content\/uploads\/sites\/2\/2020\/12\/brochure-groupes-2020.jpg","type":"image\/jpeg"}],"twitter_card":"summary_large_image","twitter_misc":{"Dur\u00e9e de lecture estim\u00e9e":"1 minute"},"schema":{"@context":"https:\/\/schema.org","@graph":[{"@type":"WebPage","@id":"https:\/\/www.tourisme-valdemarne.com\/espace-groupes\/actualites\/la-nouvelle-brochure-est-disponible\/","url":"https:\/\/www.tourisme-valdemarne.com\/espace-groupes\/actualites\/la-nouvelle-brochure-est-disponible\/","name":"La nouvelle brochure 2021 est disponible - Sorties Groupes","isPartOf":{"@id":"https:\/\/www.tourisme-valdemarne.com\/espace-groupes\/#website"},"primaryImageOfPage":{"@id":"https:\/\/www.tourisme-valdemarne.com\/espace-groupes\/actualites\/la-nouvelle-brochure-est-disponible\/#primaryimage"},"image":{"@id":"https:\/\/www.tourisme-valdemarne.com\/espace-groupes\/actualites\/la-nouvelle-brochure-est-disponible\/#primaryimage"},"thumbnailUrl":"https:\/\/www.tourisme-valdemarne.com\/espace-groupes\/wp-content\/uploads\/sites\/2\/2020\/12\/brochure-groupes-2020.jpg","datePublished":"2020-12-10T21:55:01+00:00","dateModified":"2021-12-21T14:55:08+00:00","description":"La brochure Destinations groupes 2021 est d\u00e9sormais disponible en t\u00e9l\u00e9chargement libre ou sur demande aupr\u00e8s de Tourisme Val-de-Marne.","breadcrumb":{"@id":"https:\/\/www.tourisme-valdemarne.com\/espace-groupes\/actualites\/la-nouvelle-brochure-est-disponible\/#breadcrumb"},"inLanguage":"fr-FR","potentialAction":[{"@type":"ReadAction","target":["https:\/\/www.tourisme-valdemarne.com\/espace-groupes\/actualites\/la-nouvelle-brochure-est-disponible\/"]}]},{"@type":"ImageObject","inLanguage":"fr-FR","@id":"https:\/\/www.tourisme-valdemarne.com\/espace-groupes\/actualites\/la-nouvelle-brochure-est-disponible\/#primaryimage","url":"https:\/\/www.tourisme-valdemarne.com\/espace-groupes\/wp-content\/uploads\/sites\/2\/2020\/12\/brochure-groupes-2020.jpg","contentUrl":"https:\/\/www.tourisme-valdemarne.com\/espace-groupes\/wp-content\/uploads\/sites\/2\/2020\/12\/brochure-groupes-2020.jpg","width":614,"height":871,"caption":"Brochure groupes Val-de-Marne 2020"},{"@type":"BreadcrumbList","@id":"https:\/\/www.tourisme-valdemarne.com\/espace-groupes\/actualites\/la-nouvelle-brochure-est-disponible\/#breadcrumb","itemListElement":[{"@type":"ListItem","position":1,"name":"Accueil","item":"https:\/\/www.tourisme-valdemarne.com\/espace-groupes\/"},{"@type":"ListItem","position":2,"name":"Actualit\u00e9s des services groupes et scolaires","item":"https:\/\/www.tourisme-valdemarne.com\/espace-groupes\/actualites\/"},{"@type":"ListItem","position":3,"name":"La nouvelle brochure 2021 est disponible"}]},{"@type":"WebSite","@id":"https:\/\/www.tourisme-valdemarne.com\/espace-groupes\/#website","url":"https:\/\/www.tourisme-valdemarne.com\/espace-groupes\/","name":"Sorties Groupes","description":"Un site utilisant Val de Marne Tourisme &amp; Loisirs Sites","potentialAction":[{"@type":"SearchAction","target":{"@type":"EntryPoint","urlTemplate":"https:\/\/www.tourisme-valdemarne.com\/espace-groupes\/?s={search_term_string}"},"query-input":{"@type":"PropertyValueSpecification","valueRequired":true,"valueName":"search_term_string"}}],"inLanguage":"fr-FR"}]}},"_links":{"self":[{"href":"https:\/\/www.tourisme-valdemarne.com\/espace-groupes\/wp-json\/wp\/v2\/pages\/1134","targetHints":{"allow":["GET"]}}],"collection":[{"href":"https:\/\/www.tourisme-valdemarne.com\/espace-groupes\/wp-json\/wp\/v2\/pages"}],"about":[{"href":"https:\/\/www.tourisme-valdemarne.com\/espace-groupes\/wp-json\/wp\/v2\/types\/page"}],"author":[{"embeddable":true,"href":"https:\/\/www.tourisme-valdemarne.com\/espace-groupes\/wp-json\/wp\/v2\/users\/1"}],"replies":[{"embeddable":true,"href":"https:\/\/www.tourisme-valdemarne.com\/espace-groupes\/wp-json\/wp\/v2\/comments?post=1134"}],"version-history":[{"count":9,"href":"https:\/\/www.tourisme-valdemarne.com\/espace-groupes\/wp-json\/wp\/v2\/pages\/1134\/revisions"}],"predecessor-version":[{"id":2637,"href":"https:\/\/www.tourisme-valdemarne.com\/espace-groupes\/wp-json\/wp\/v2\/pages\/1134\/revisions\/2637"}],"up":[{"embeddable":true,"href":"https:\/\/www.tourisme-valdemarne.com\/espace-groupes\/wp-json\/wp\/v2\/pages\/1128"}],"wp:featuredmedia":[{"embeddable":true,"href":"https:\/\/www.tourisme-valdemarne.com\/espace-groupes\/wp-json\/wp\/v2\/media\/1115"}],"wp:attachment":[{"href":"https:\/\/www.tourisme-valdemarne.com\/espace-groupes\/wp-json\/wp\/v2\/media?parent=1134"}],"wp:term":[{"taxonomy":"vdmTagMarketing","embeddable":true,"href":"https:\/\/www.tourisme-valdemarne.com\/espace-groupes\/wp-json\/wp\/v2\/vdmTagMarketing?post=1134"}],"curies":[{"name":"wp","href":"https:\/\/api.w.org\/{rel}","templated":true}]}}