{"id":1132,"date":"2020-12-10T22:50:30","date_gmt":"2020-12-10T21:50:30","guid":{"rendered":"https:\/\/www.tourisme-valdemarne.com\/espace-groupes\/?page_id=1132"},"modified":"2021-12-21T12:05:41","modified_gmt":"2021-12-21T11:05:41","slug":"la-nouvelle-newsletter","status":"publish","type":"page","link":"https:\/\/www.tourisme-valdemarne.com\/espace-groupes\/actualites\/la-nouvelle-newsletter\/","title":{"rendered":"La nouvelle newsletter"},"content":{"rendered":"\n<p class=\"is-style-excerpt\">Le service groupes vient de cr\u00e9er sa toute  nouvelle newsletter ! Vous y retrouverez des actualit\u00e9s, des id\u00e9es de  visites, toutes les nouveaut\u00e9s\u2026 directement dans votre boite mail !<\/p>\n\n\n\n<div class=\"wp-block-button aligncenter\"><a class=\"wp-block-button__link\" href=\"https:\/\/www.tourisme-valdemarne.com\/espace-groupes\/newsletter\/\">S&rsquo;inscrire \u00e0 la newsletter<\/a><\/div>\n\n\n\n<figure class=\"wp-block-image\"><a href=\"http:\/\/x1ojh.mjt.lu\/nl2\/x1ojh\/5747h.html?\" target=\"_blank\" rel=\"noreferrer noopener\"><img data-src=\"https:\/\/www.tourisme-valdemarne.com\/espace-groupes\/wp-content\/uploads\/sites\/2\/2020\/11\/news-groupes-1.png\" alt=\"Newsletter service groupes - novembre 2020\" class=\"wp-image-1778\"\/><\/a><\/figure>\n\n\n\n<figure class=\"wp-block-image\"><a href=\"http:\/\/x1ojh.mjt.lu\/nl2\/x1ojh\/5747h.html?\" target=\"_blank\" rel=\"noreferrer noopener\"><img data-src=\"https:\/\/www.tourisme-valdemarne.com\/espace-groupes\/wp-content\/uploads\/sites\/2\/2020\/11\/news-groupes-2-689x1200.png\" alt=\"Newsletter service groupes - novembre 2020\" class=\"wp-image-1779\"\/><\/a><\/figure>\n\n\n\n<figure class=\"wp-block-image\"><a href=\"http:\/\/x1ojh.mjt.lu\/nl2\/x1ojh\/5747h.html?\" target=\"_blank\" rel=\"noreferrer noopener\"><img data-src=\"https:\/\/www.tourisme-valdemarne.com\/espace-groupes\/wp-content\/uploads\/sites\/2\/2020\/11\/news-groupes-3-1-733x1200.png\" alt=\"Newsletter service groupes - novembre 2020\" class=\"wp-image-1784\"\/><\/a><\/figure>\n\n\n\n<figure class=\"wp-block-image\"><a href=\"http:\/\/x1ojh.mjt.lu\/nl2\/x1ojh\/5747h.html?\" target=\"_blank\" rel=\"noreferrer noopener\"><img data-src=\"https:\/\/www.tourisme-valdemarne.com\/espace-groupes\/wp-content\/uploads\/sites\/2\/2020\/11\/news-groupes-4.png\" alt=\"Newsletter service groupes - novembre 2020\" class=\"wp-image-1781\"\/><\/a><\/figure>\n\n\n\n<figure class=\"wp-block-image\"><a href=\"http:\/\/x1ojh.mjt.lu\/nl2\/x1ojh\/5747h.html?\" target=\"_blank\" rel=\"noreferrer noopener\"><img data-src=\"https:\/\/www.tourisme-valdemarne.com\/espace-groupes\/wp-content\/uploads\/sites\/2\/2020\/11\/news-groupes-5.png\" alt=\"Newsletter service groupes - novembre 2020\" class=\"wp-image-1782\"\/><\/a><\/figure>\n\n\n\n<p class=\"has-text-align-center\"><a rel=\"noreferrer noopener\" href=\"http:\/\/x1ojh.mjt.lu\/nl2\/x1ojh\/5747h.html?\" target=\"_blank\">Lire la newsletter sur votre navigateur<\/a><\/p>\n\n\n\n<div class=\"wp-block-button aligncenter\"><a class=\"wp-block-button__link\" href=\"https:\/\/www.tourisme-valdemarne.com\/espace-groupes\/newsletter\/\">S&rsquo;inscrire \u00e0 la newsletter<\/a><\/div>\n\n\n\n<p><\/p>\n","protected":false},"excerpt":{"rendered":"<p>Le service groupes vient de cr\u00e9er sa toute nouvelle newsletter ! Vous y retrouverez des actualit\u00e9s, des id\u00e9es de visites, toutes les nouveaut\u00e9s\u2026 directement dans votre boite mail ! Lire la newsletter sur votre navigateur<\/p>\n","protected":false},"author":1,"featured_media":1135,"parent":1128,"menu_order":1,"comment_status":"closed","ping_status":"closed","template":"","meta":{"_relevanssi_hide_post":"","_relevanssi_hide_content":"","_relevanssi_pin_for_all":"","_relevanssi_pin_keywords":"","_relevanssi_unpin_keywords":"","_relevanssi_related_keywords":"","_relevanssi_related_include_ids":"","_relevanssi_related_exclude_ids":"","_relevanssi_related_no_append":"","_relevanssi_related_not_related":"","_relevanssi_related_posts":"1111,1120,1120,1111,1121","_relevanssi_noindex_reason":"","footnotes":""},"vdmTagMarketing":[],"class_list":["post-1132","page","type-page","status-publish","has-post-thumbnail","hentry"],"acf":[],"yoast_head":"<!-- This site is optimized with the Yoast SEO plugin v23.9 - https:\/\/yoast.com\/wordpress\/plugins\/seo\/ -->\n<title>La nouvelle newsletter - Sorties Groupes en Val-de-Marne (94)<\/title>\n<meta name=\"description\" content=\"Inscrivez-vous \u00e0 la newsletter du service Groupes de Val-de-Marne Tourisme &amp; Loisirs. Au programme : actus, id\u00e9es de sorties, nouveaut\u00e9s...\" \/>\n<meta name=\"robots\" content=\"index, follow, max-snippet:-1, max-image-preview:large, max-video-preview:-1\" \/>\n<link rel=\"canonical\" href=\"https:\/\/www.tourisme-valdemarne.com\/espace-groupes\/actualites\/la-nouvelle-newsletter\/\" \/>\n<meta property=\"og:locale\" content=\"fr_FR\" \/>\n<meta property=\"og:type\" content=\"article\" \/>\n<meta property=\"og:title\" content=\"La nouvelle newsletter - Sorties Groupes en Val-de-Marne (94)\" \/>\n<meta property=\"og:description\" content=\"Inscrivez-vous \u00e0 la newsletter du service Groupes de Val-de-Marne Tourisme &amp; Loisirs. Au programme : actus, id\u00e9es de sorties, nouveaut\u00e9s...\" \/>\n<meta property=\"og:url\" content=\"https:\/\/www.tourisme-valdemarne.com\/espace-groupes\/actualites\/la-nouvelle-newsletter\/\" \/>\n<meta property=\"og:site_name\" content=\"Sorties Groupes\" \/>\n<meta property=\"article:modified_time\" content=\"2021-12-21T11:05:41+00:00\" \/>\n<meta property=\"og:image\" content=\"https:\/\/www.tourisme-valdemarne.com\/espace-groupes\/wp-content\/uploads\/sites\/2\/2020\/12\/startup-594090_1920-1.jpg\" \/>\n\t<meta property=\"og:image:width\" content=\"1920\" \/>\n\t<meta property=\"og:image:height\" content=\"1280\" \/>\n\t<meta property=\"og:image:type\" content=\"image\/jpeg\" \/>\n<meta name=\"twitter:card\" content=\"summary_large_image\" \/>\n<script type=\"application\/ld+json\" class=\"yoast-schema-graph\">{\"@context\":\"https:\/\/schema.org\",\"@graph\":[{\"@type\":\"WebPage\",\"@id\":\"https:\/\/www.tourisme-valdemarne.com\/espace-groupes\/actualites\/la-nouvelle-newsletter\/\",\"url\":\"https:\/\/www.tourisme-valdemarne.com\/espace-groupes\/actualites\/la-nouvelle-newsletter\/\",\"name\":\"La nouvelle newsletter - Sorties Groupes en Val-de-Marne (94)\",\"isPartOf\":{\"@id\":\"https:\/\/www.tourisme-valdemarne.com\/espace-groupes\/#website\"},\"primaryImageOfPage\":{\"@id\":\"https:\/\/www.tourisme-valdemarne.com\/espace-groupes\/actualites\/la-nouvelle-newsletter\/#primaryimage\"},\"image\":{\"@id\":\"https:\/\/www.tourisme-valdemarne.com\/espace-groupes\/actualites\/la-nouvelle-newsletter\/#primaryimage\"},\"thumbnailUrl\":\"https:\/\/www.tourisme-valdemarne.com\/espace-groupes\/wp-content\/uploads\/sites\/2\/2020\/12\/startup-594090_1920-1.jpg\",\"datePublished\":\"2020-12-10T21:50:30+00:00\",\"dateModified\":\"2021-12-21T11:05:41+00:00\",\"description\":\"Inscrivez-vous \u00e0 la newsletter du service Groupes de Val-de-Marne Tourisme & Loisirs. Au programme : actus, id\u00e9es de sorties, nouveaut\u00e9s...\",\"breadcrumb\":{\"@id\":\"https:\/\/www.tourisme-valdemarne.com\/espace-groupes\/actualites\/la-nouvelle-newsletter\/#breadcrumb\"},\"inLanguage\":\"fr-FR\",\"potentialAction\":[{\"@type\":\"ReadAction\",\"target\":[\"https:\/\/www.tourisme-valdemarne.com\/espace-groupes\/actualites\/la-nouvelle-newsletter\/\"]}]},{\"@type\":\"ImageObject\",\"inLanguage\":\"fr-FR\",\"@id\":\"https:\/\/www.tourisme-valdemarne.com\/espace-groupes\/actualites\/la-nouvelle-newsletter\/#primaryimage\",\"url\":\"https:\/\/www.tourisme-valdemarne.com\/espace-groupes\/wp-content\/uploads\/sites\/2\/2020\/12\/startup-594090_1920-1.jpg\",\"contentUrl\":\"https:\/\/www.tourisme-valdemarne.com\/espace-groupes\/wp-content\/uploads\/sites\/2\/2020\/12\/startup-594090_1920-1.jpg\",\"width\":1920,\"height\":1280},{\"@type\":\"BreadcrumbList\",\"@id\":\"https:\/\/www.tourisme-valdemarne.com\/espace-groupes\/actualites\/la-nouvelle-newsletter\/#breadcrumb\",\"itemListElement\":[{\"@type\":\"ListItem\",\"position\":1,\"name\":\"Accueil\",\"item\":\"https:\/\/www.tourisme-valdemarne.com\/espace-groupes\/\"},{\"@type\":\"ListItem\",\"position\":2,\"name\":\"Actualit\u00e9s des services groupes et scolaires\",\"item\":\"https:\/\/www.tourisme-valdemarne.com\/espace-groupes\/actualites\/\"},{\"@type\":\"ListItem\",\"position\":3,\"name\":\"La nouvelle newsletter\"}]},{\"@type\":\"WebSite\",\"@id\":\"https:\/\/www.tourisme-valdemarne.com\/espace-groupes\/#website\",\"url\":\"https:\/\/www.tourisme-valdemarne.com\/espace-groupes\/\",\"name\":\"Sorties Groupes\",\"description\":\"Un site utilisant Val de Marne Tourisme &amp; Loisirs Sites\",\"potentialAction\":[{\"@type\":\"SearchAction\",\"target\":{\"@type\":\"EntryPoint\",\"urlTemplate\":\"https:\/\/www.tourisme-valdemarne.com\/espace-groupes\/?s={search_term_string}\"},\"query-input\":{\"@type\":\"PropertyValueSpecification\",\"valueRequired\":true,\"valueName\":\"search_term_string\"}}],\"inLanguage\":\"fr-FR\"}]}<\/script>\n<!-- \/ Yoast SEO plugin. -->","yoast_head_json":{"title":"La nouvelle newsletter - Sorties Groupes en Val-de-Marne (94)","description":"Inscrivez-vous \u00e0 la newsletter du service Groupes de Val-de-Marne Tourisme & Loisirs. Au programme : actus, id\u00e9es de sorties, nouveaut\u00e9s...","robots":{"index":"index","follow":"follow","max-snippet":"max-snippet:-1","max-image-preview":"max-image-preview:large","max-video-preview":"max-video-preview:-1"},"canonical":"https:\/\/www.tourisme-valdemarne.com\/espace-groupes\/actualites\/la-nouvelle-newsletter\/","og_locale":"fr_FR","og_type":"article","og_title":"La nouvelle newsletter - Sorties Groupes en Val-de-Marne (94)","og_description":"Inscrivez-vous \u00e0 la newsletter du service Groupes de Val-de-Marne Tourisme & Loisirs. Au programme : actus, id\u00e9es de sorties, nouveaut\u00e9s...","og_url":"https:\/\/www.tourisme-valdemarne.com\/espace-groupes\/actualites\/la-nouvelle-newsletter\/","og_site_name":"Sorties Groupes","article_modified_time":"2021-12-21T11:05:41+00:00","og_image":[{"width":1920,"height":1280,"url":"https:\/\/www.tourisme-valdemarne.com\/espace-groupes\/wp-content\/uploads\/sites\/2\/2020\/12\/startup-594090_1920-1.jpg","type":"image\/jpeg"}],"twitter_card":"summary_large_image","schema":{"@context":"https:\/\/schema.org","@graph":[{"@type":"WebPage","@id":"https:\/\/www.tourisme-valdemarne.com\/espace-groupes\/actualites\/la-nouvelle-newsletter\/","url":"https:\/\/www.tourisme-valdemarne.com\/espace-groupes\/actualites\/la-nouvelle-newsletter\/","name":"La nouvelle newsletter - Sorties Groupes en Val-de-Marne (94)","isPartOf":{"@id":"https:\/\/www.tourisme-valdemarne.com\/espace-groupes\/#website"},"primaryImageOfPage":{"@id":"https:\/\/www.tourisme-valdemarne.com\/espace-groupes\/actualites\/la-nouvelle-newsletter\/#primaryimage"},"image":{"@id":"https:\/\/www.tourisme-valdemarne.com\/espace-groupes\/actualites\/la-nouvelle-newsletter\/#primaryimage"},"thumbnailUrl":"https:\/\/www.tourisme-valdemarne.com\/espace-groupes\/wp-content\/uploads\/sites\/2\/2020\/12\/startup-594090_1920-1.jpg","datePublished":"2020-12-10T21:50:30+00:00","dateModified":"2021-12-21T11:05:41+00:00","description":"Inscrivez-vous \u00e0 la newsletter du service Groupes de Val-de-Marne Tourisme & Loisirs. Au programme : actus, id\u00e9es de sorties, nouveaut\u00e9s...","breadcrumb":{"@id":"https:\/\/www.tourisme-valdemarne.com\/espace-groupes\/actualites\/la-nouvelle-newsletter\/#breadcrumb"},"inLanguage":"fr-FR","potentialAction":[{"@type":"ReadAction","target":["https:\/\/www.tourisme-valdemarne.com\/espace-groupes\/actualites\/la-nouvelle-newsletter\/"]}]},{"@type":"ImageObject","inLanguage":"fr-FR","@id":"https:\/\/www.tourisme-valdemarne.com\/espace-groupes\/actualites\/la-nouvelle-newsletter\/#primaryimage","url":"https:\/\/www.tourisme-valdemarne.com\/espace-groupes\/wp-content\/uploads\/sites\/2\/2020\/12\/startup-594090_1920-1.jpg","contentUrl":"https:\/\/www.tourisme-valdemarne.com\/espace-groupes\/wp-content\/uploads\/sites\/2\/2020\/12\/startup-594090_1920-1.jpg","width":1920,"height":1280},{"@type":"BreadcrumbList","@id":"https:\/\/www.tourisme-valdemarne.com\/espace-groupes\/actualites\/la-nouvelle-newsletter\/#breadcrumb","itemListElement":[{"@type":"ListItem","position":1,"name":"Accueil","item":"https:\/\/www.tourisme-valdemarne.com\/espace-groupes\/"},{"@type":"ListItem","position":2,"name":"Actualit\u00e9s des services groupes et scolaires","item":"https:\/\/www.tourisme-valdemarne.com\/espace-groupes\/actualites\/"},{"@type":"ListItem","position":3,"name":"La nouvelle newsletter"}]},{"@type":"WebSite","@id":"https:\/\/www.tourisme-valdemarne.com\/espace-groupes\/#website","url":"https:\/\/www.tourisme-valdemarne.com\/espace-groupes\/","name":"Sorties Groupes","description":"Un site utilisant Val de Marne Tourisme &amp; Loisirs Sites","potentialAction":[{"@type":"SearchAction","target":{"@type":"EntryPoint","urlTemplate":"https:\/\/www.tourisme-valdemarne.com\/espace-groupes\/?s={search_term_string}"},"query-input":{"@type":"PropertyValueSpecification","valueRequired":true,"valueName":"search_term_string"}}],"inLanguage":"fr-FR"}]}},"_links":{"self":[{"href":"https:\/\/www.tourisme-valdemarne.com\/espace-groupes\/wp-json\/wp\/v2\/pages\/1132","targetHints":{"allow":["GET"]}}],"collection":[{"href":"https:\/\/www.tourisme-valdemarne.com\/espace-groupes\/wp-json\/wp\/v2\/pages"}],"about":[{"href":"https:\/\/www.tourisme-valdemarne.com\/espace-groupes\/wp-json\/wp\/v2\/types\/page"}],"author":[{"embeddable":true,"href":"https:\/\/www.tourisme-valdemarne.com\/espace-groupes\/wp-json\/wp\/v2\/users\/1"}],"replies":[{"embeddable":true,"href":"https:\/\/www.tourisme-valdemarne.com\/espace-groupes\/wp-json\/wp\/v2\/comments?post=1132"}],"version-history":[{"count":3,"href":"https:\/\/www.tourisme-valdemarne.com\/espace-groupes\/wp-json\/wp\/v2\/pages\/1132\/revisions"}],"predecessor-version":[{"id":2634,"href":"https:\/\/www.tourisme-valdemarne.com\/espace-groupes\/wp-json\/wp\/v2\/pages\/1132\/revisions\/2634"}],"up":[{"embeddable":true,"href":"https:\/\/www.tourisme-valdemarne.com\/espace-groupes\/wp-json\/wp\/v2\/pages\/1128"}],"wp:featuredmedia":[{"embeddable":true,"href":"https:\/\/www.tourisme-valdemarne.com\/espace-groupes\/wp-json\/wp\/v2\/media\/1135"}],"wp:attachment":[{"href":"https:\/\/www.tourisme-valdemarne.com\/espace-groupes\/wp-json\/wp\/v2\/media?parent=1132"}],"wp:term":[{"taxonomy":"vdmTagMarketing","embeddable":true,"href":"https:\/\/www.tourisme-valdemarne.com\/espace-groupes\/wp-json\/wp\/v2\/vdmTagMarketing?post=1132"}],"curies":[{"name":"wp","href":"https:\/\/api.w.org\/{rel}","templated":true}]}}