{"id":1100,"date":"2020-12-07T15:46:19","date_gmt":"2020-12-07T14:46:19","guid":{"rendered":"https:\/\/www.tourisme-valdemarne.com\/espace-groupes\/?page_id=1100"},"modified":"2024-02-13T10:35:26","modified_gmt":"2024-02-13T09:35:26","slug":"visites-virtuelles","status":"publish","type":"page","link":"https:\/\/www.tourisme-valdemarne.com\/espace-groupes\/sorties-thematiques\/visites-virtuelles\/","title":{"rendered":"Visites virtuelles"},"content":{"rendered":"\n<p class=\"is-style-excerpt\">Plus besoin de sortir pour faire une balade et d\u00e9couvrir de nouveaux horizons ! Nous vous proposons tout un programme de visites virtuelles, accessibles \u00e0 tous depuis un simple ordinateur. <\/p>\n\n\n\n<p class=\"is-style-highlight\">Inscrivez-vous gratuitement au prochain \u00e9ductour pour d\u00e9couvrir la visite virtuelle<br> \u00ab\u00a0Du Grand Ch\u00e2telet \u00e0 Fresnes : sur les traces des prisons du vieux Paris\u00a0\u00bb <br>qui aura lieu le 18 octobre.<\/p>\n\n\n\n<h2 class=\"wp-block-heading\">DES CONF\u00c9RENCES POUR TOUS<\/h2>\n\n\n\n<p>Les guides #ExploreParis vous proposent de d\u00e9couvrir leurs visites guid\u00e9es virtuelles ainsi que des conf\u00e9rences accessibles \u00e0 tous. Ces propositions sont&nbsp;<strong>totalement interactives et votre guide est pr\u00e9sent pendant toute la balade virtuelle<\/strong>. Il pourra r\u00e9pondre \u00e0 toutes vos questions et sera ravi d\u2019ouvrir avec vous une discussion sur les sujets qui le passionnent.<\/p>\n\n\n\n<p>Alors que ce soit pour d\u00e9ambuler au milieu d\u2019\u0153uvres de street art, d\u00e9couvrir l\u2019histoire passionnante de la&nbsp;m\u00e9decine \u00e0 Paris&nbsp;ou encore avoir une vue imprenable depuis l\u2019Observatoire la Sorbonne, r\u00e9servez vite votre billet.<\/p>\n\n\n\n<p><strong>Faites un voyage dans le temps et dans l\u2019espace sans bouger de votre fauteuil !<\/strong><\/p>\n\n\n\n<h2 class=\"wp-block-heading\">COMMENT SE D\u00c9ROULE UNE VISITE<\/h2>\n\n\n\n<p>Suite \u00e0 votre r\u00e9servation,&nbsp;<strong>vous recevrez un mail contenant le lien<\/strong>&nbsp;pour vous connecter \u00e0 votre visite virtuelle avec l\u2019outil de visio-conf\u00e9rence&nbsp;<em>Zoom<\/em>. Tout ce dont&nbsp;<strong>vous avez besoin c\u2019est d\u2019un ordinateur et d\u2019une connexion Internet<\/strong>.<\/p>\n\n\n\n<p>Vous trouverez \u00e9galement dans le mail toutes&nbsp;<strong>les explications d\u00e9taill\u00e9es pour profiter de votre activit\u00e9<\/strong>. Et en cas de besoin, vous pouvez contacter vos interlocutrices au 01 55 09 16 22 qui vous guideront dans vos d\u00e9marches.<br><\/p>\n\n\n<p><iframe loading=\"lazy\" width=\"100%\" height=\"450\" src=\"https:\/\/www.youtube.com\/embed\/Q3kSc8UDbfI\" frameborder=\"0\" allow=\"accelerometer; autoplay; clipboard-write; encrypted-media; gyroscope; picture-in-picture\" allowfullscreen=\"\"><\/iframe><\/p>\n\n\n\n<h2 class=\"wp-block-heading\">Les visites<\/h2>\n","protected":false},"excerpt":{"rendered":"<p>Plus besoin de sortir pour faire une balade et d\u00e9couvrir de nouveaux horizons ! Nous vous proposons tout un programme de visites virtuelles, accessibles \u00e0 tous depuis un simple ordinateur. Inscrivez-vous gratuitement au prochain \u00e9ductour pour d\u00e9couvrir la visite virtuelle \u00ab\u00a0Du Grand Ch\u00e2telet \u00e0 Fresnes : sur les traces des prisons du vieux Paris\u00a0\u00bb qui [&hellip;]<\/p>\n","protected":false},"author":7,"featured_media":1105,"parent":11,"menu_order":70,"comment_status":"closed","ping_status":"closed","template":"partials\/template-sit.php","meta":{"_relevanssi_hide_post":"","_relevanssi_hide_content":"","_relevanssi_pin_for_all":"","_relevanssi_pin_keywords":"","_relevanssi_unpin_keywords":"","_relevanssi_related_keywords":"","_relevanssi_related_include_ids":"","_relevanssi_related_exclude_ids":"","_relevanssi_related_no_append":"","_relevanssi_related_not_related":"","_relevanssi_related_posts":"1221,1111,1120,1121,1120,1111","_relevanssi_noindex_reason":"","footnotes":""},"vdmTagMarketing":[],"class_list":["post-1100","page","type-page","status-publish","has-post-thumbnail","hentry"],"acf":[],"yoast_head":"<!-- This site is optimized with the Yoast SEO plugin v23.9 - https:\/\/yoast.com\/wordpress\/plugins\/seo\/ -->\n<title>Visites virtuelles - Sorties Groupes<\/title>\n<meta name=\"description\" content=\"Profitez d&#039;une balade virtuelle en groupe, en toute tranquillit\u00e9, pour d\u00e9couvrir la Sorbonne, La Mosqu\u00e9e de Paris ou encore l&#039;Art Nouveau.\" \/>\n<meta name=\"robots\" content=\"index, follow, max-snippet:-1, max-image-preview:large, max-video-preview:-1\" \/>\n<link rel=\"canonical\" href=\"https:\/\/www.tourisme-valdemarne.com\/espace-groupes\/sorties-thematiques\/visites-virtuelles\/\" \/>\n<meta property=\"og:locale\" content=\"fr_FR\" \/>\n<meta property=\"og:type\" content=\"article\" \/>\n<meta property=\"og:title\" content=\"Visites virtuelles - Sorties Groupes\" \/>\n<meta property=\"og:description\" content=\"Profitez d&#039;une balade virtuelle en groupe, en toute tranquillit\u00e9, pour d\u00e9couvrir la Sorbonne, La Mosqu\u00e9e de Paris ou encore l&#039;Art Nouveau.\" \/>\n<meta property=\"og:url\" content=\"https:\/\/www.tourisme-valdemarne.com\/espace-groupes\/sorties-thematiques\/visites-virtuelles\/\" \/>\n<meta property=\"og:site_name\" content=\"Sorties Groupes\" \/>\n<meta property=\"article:modified_time\" content=\"2024-02-13T09:35:26+00:00\" \/>\n<meta property=\"og:image\" content=\"https:\/\/www.tourisme-valdemarne.com\/espace-groupes\/wp-content\/uploads\/sites\/2\/2020\/12\/homme-ordinateur.jpg\" \/>\n\t<meta property=\"og:image:width\" content=\"1920\" \/>\n\t<meta property=\"og:image:height\" content=\"1280\" \/>\n\t<meta property=\"og:image:type\" content=\"image\/jpeg\" \/>\n<meta name=\"twitter:card\" content=\"summary_large_image\" \/>\n<meta name=\"twitter:label1\" content=\"Dur\u00e9e de lecture estim\u00e9e\" \/>\n\t<meta name=\"twitter:data1\" content=\"2 minutes\" \/>\n<script type=\"application\/ld+json\" class=\"yoast-schema-graph\">{\"@context\":\"https:\/\/schema.org\",\"@graph\":[{\"@type\":\"WebPage\",\"@id\":\"https:\/\/www.tourisme-valdemarne.com\/espace-groupes\/sorties-thematiques\/visites-virtuelles\/\",\"url\":\"https:\/\/www.tourisme-valdemarne.com\/espace-groupes\/sorties-thematiques\/visites-virtuelles\/\",\"name\":\"Visites virtuelles - Sorties Groupes\",\"isPartOf\":{\"@id\":\"https:\/\/www.tourisme-valdemarne.com\/espace-groupes\/#website\"},\"primaryImageOfPage\":{\"@id\":\"https:\/\/www.tourisme-valdemarne.com\/espace-groupes\/sorties-thematiques\/visites-virtuelles\/#primaryimage\"},\"image\":{\"@id\":\"https:\/\/www.tourisme-valdemarne.com\/espace-groupes\/sorties-thematiques\/visites-virtuelles\/#primaryimage\"},\"thumbnailUrl\":\"https:\/\/www.tourisme-valdemarne.com\/espace-groupes\/wp-content\/uploads\/sites\/2\/2020\/12\/homme-ordinateur.jpg\",\"datePublished\":\"2020-12-07T14:46:19+00:00\",\"dateModified\":\"2024-02-13T09:35:26+00:00\",\"description\":\"Profitez d'une balade virtuelle en groupe, en toute tranquillit\u00e9, pour d\u00e9couvrir la Sorbonne, La Mosqu\u00e9e de Paris ou encore l'Art Nouveau.\",\"breadcrumb\":{\"@id\":\"https:\/\/www.tourisme-valdemarne.com\/espace-groupes\/sorties-thematiques\/visites-virtuelles\/#breadcrumb\"},\"inLanguage\":\"fr-FR\",\"potentialAction\":[{\"@type\":\"ReadAction\",\"target\":[\"https:\/\/www.tourisme-valdemarne.com\/espace-groupes\/sorties-thematiques\/visites-virtuelles\/\"]}]},{\"@type\":\"ImageObject\",\"inLanguage\":\"fr-FR\",\"@id\":\"https:\/\/www.tourisme-valdemarne.com\/espace-groupes\/sorties-thematiques\/visites-virtuelles\/#primaryimage\",\"url\":\"https:\/\/www.tourisme-valdemarne.com\/espace-groupes\/wp-content\/uploads\/sites\/2\/2020\/12\/homme-ordinateur.jpg\",\"contentUrl\":\"https:\/\/www.tourisme-valdemarne.com\/espace-groupes\/wp-content\/uploads\/sites\/2\/2020\/12\/homme-ordinateur.jpg\",\"width\":1920,\"height\":1280,\"caption\":\"Visites virtuelles\"},{\"@type\":\"BreadcrumbList\",\"@id\":\"https:\/\/www.tourisme-valdemarne.com\/espace-groupes\/sorties-thematiques\/visites-virtuelles\/#breadcrumb\",\"itemListElement\":[{\"@type\":\"ListItem\",\"position\":1,\"name\":\"Accueil\",\"item\":\"https:\/\/www.tourisme-valdemarne.com\/espace-groupes\/\"},{\"@type\":\"ListItem\",\"position\":2,\"name\":\"Sorties th\u00e9matiques\",\"item\":\"https:\/\/www.tourisme-valdemarne.com\/espace-groupes\/sorties-thematiques\/\"},{\"@type\":\"ListItem\",\"position\":3,\"name\":\"Visites virtuelles\"}]},{\"@type\":\"WebSite\",\"@id\":\"https:\/\/www.tourisme-valdemarne.com\/espace-groupes\/#website\",\"url\":\"https:\/\/www.tourisme-valdemarne.com\/espace-groupes\/\",\"name\":\"Sorties Groupes\",\"description\":\"Un site utilisant Val de Marne Tourisme &amp; Loisirs Sites\",\"potentialAction\":[{\"@type\":\"SearchAction\",\"target\":{\"@type\":\"EntryPoint\",\"urlTemplate\":\"https:\/\/www.tourisme-valdemarne.com\/espace-groupes\/?s={search_term_string}\"},\"query-input\":{\"@type\":\"PropertyValueSpecification\",\"valueRequired\":true,\"valueName\":\"search_term_string\"}}],\"inLanguage\":\"fr-FR\"}]}<\/script>\n<!-- \/ Yoast SEO plugin. -->","yoast_head_json":{"title":"Visites virtuelles - Sorties Groupes","description":"Profitez d'une balade virtuelle en groupe, en toute tranquillit\u00e9, pour d\u00e9couvrir la Sorbonne, La Mosqu\u00e9e de Paris ou encore l'Art Nouveau.","robots":{"index":"index","follow":"follow","max-snippet":"max-snippet:-1","max-image-preview":"max-image-preview:large","max-video-preview":"max-video-preview:-1"},"canonical":"https:\/\/www.tourisme-valdemarne.com\/espace-groupes\/sorties-thematiques\/visites-virtuelles\/","og_locale":"fr_FR","og_type":"article","og_title":"Visites virtuelles - Sorties Groupes","og_description":"Profitez d'une balade virtuelle en groupe, en toute tranquillit\u00e9, pour d\u00e9couvrir la Sorbonne, La Mosqu\u00e9e de Paris ou encore l'Art Nouveau.","og_url":"https:\/\/www.tourisme-valdemarne.com\/espace-groupes\/sorties-thematiques\/visites-virtuelles\/","og_site_name":"Sorties Groupes","article_modified_time":"2024-02-13T09:35:26+00:00","og_image":[{"width":1920,"height":1280,"url":"https:\/\/www.tourisme-valdemarne.com\/espace-groupes\/wp-content\/uploads\/sites\/2\/2020\/12\/homme-ordinateur.jpg","type":"image\/jpeg"}],"twitter_card":"summary_large_image","twitter_misc":{"Dur\u00e9e de lecture estim\u00e9e":"2 minutes"},"schema":{"@context":"https:\/\/schema.org","@graph":[{"@type":"WebPage","@id":"https:\/\/www.tourisme-valdemarne.com\/espace-groupes\/sorties-thematiques\/visites-virtuelles\/","url":"https:\/\/www.tourisme-valdemarne.com\/espace-groupes\/sorties-thematiques\/visites-virtuelles\/","name":"Visites virtuelles - Sorties Groupes","isPartOf":{"@id":"https:\/\/www.tourisme-valdemarne.com\/espace-groupes\/#website"},"primaryImageOfPage":{"@id":"https:\/\/www.tourisme-valdemarne.com\/espace-groupes\/sorties-thematiques\/visites-virtuelles\/#primaryimage"},"image":{"@id":"https:\/\/www.tourisme-valdemarne.com\/espace-groupes\/sorties-thematiques\/visites-virtuelles\/#primaryimage"},"thumbnailUrl":"https:\/\/www.tourisme-valdemarne.com\/espace-groupes\/wp-content\/uploads\/sites\/2\/2020\/12\/homme-ordinateur.jpg","datePublished":"2020-12-07T14:46:19+00:00","dateModified":"2024-02-13T09:35:26+00:00","description":"Profitez d'une balade virtuelle en groupe, en toute tranquillit\u00e9, pour d\u00e9couvrir la Sorbonne, La Mosqu\u00e9e de Paris ou encore l'Art Nouveau.","breadcrumb":{"@id":"https:\/\/www.tourisme-valdemarne.com\/espace-groupes\/sorties-thematiques\/visites-virtuelles\/#breadcrumb"},"inLanguage":"fr-FR","potentialAction":[{"@type":"ReadAction","target":["https:\/\/www.tourisme-valdemarne.com\/espace-groupes\/sorties-thematiques\/visites-virtuelles\/"]}]},{"@type":"ImageObject","inLanguage":"fr-FR","@id":"https:\/\/www.tourisme-valdemarne.com\/espace-groupes\/sorties-thematiques\/visites-virtuelles\/#primaryimage","url":"https:\/\/www.tourisme-valdemarne.com\/espace-groupes\/wp-content\/uploads\/sites\/2\/2020\/12\/homme-ordinateur.jpg","contentUrl":"https:\/\/www.tourisme-valdemarne.com\/espace-groupes\/wp-content\/uploads\/sites\/2\/2020\/12\/homme-ordinateur.jpg","width":1920,"height":1280,"caption":"Visites virtuelles"},{"@type":"BreadcrumbList","@id":"https:\/\/www.tourisme-valdemarne.com\/espace-groupes\/sorties-thematiques\/visites-virtuelles\/#breadcrumb","itemListElement":[{"@type":"ListItem","position":1,"name":"Accueil","item":"https:\/\/www.tourisme-valdemarne.com\/espace-groupes\/"},{"@type":"ListItem","position":2,"name":"Sorties th\u00e9matiques","item":"https:\/\/www.tourisme-valdemarne.com\/espace-groupes\/sorties-thematiques\/"},{"@type":"ListItem","position":3,"name":"Visites virtuelles"}]},{"@type":"WebSite","@id":"https:\/\/www.tourisme-valdemarne.com\/espace-groupes\/#website","url":"https:\/\/www.tourisme-valdemarne.com\/espace-groupes\/","name":"Sorties Groupes","description":"Un site utilisant Val de Marne Tourisme &amp; Loisirs Sites","potentialAction":[{"@type":"SearchAction","target":{"@type":"EntryPoint","urlTemplate":"https:\/\/www.tourisme-valdemarne.com\/espace-groupes\/?s={search_term_string}"},"query-input":{"@type":"PropertyValueSpecification","valueRequired":true,"valueName":"search_term_string"}}],"inLanguage":"fr-FR"}]}},"_links":{"self":[{"href":"https:\/\/www.tourisme-valdemarne.com\/espace-groupes\/wp-json\/wp\/v2\/pages\/1100","targetHints":{"allow":["GET"]}}],"collection":[{"href":"https:\/\/www.tourisme-valdemarne.com\/espace-groupes\/wp-json\/wp\/v2\/pages"}],"about":[{"href":"https:\/\/www.tourisme-valdemarne.com\/espace-groupes\/wp-json\/wp\/v2\/types\/page"}],"author":[{"embeddable":true,"href":"https:\/\/www.tourisme-valdemarne.com\/espace-groupes\/wp-json\/wp\/v2\/users\/7"}],"replies":[{"embeddable":true,"href":"https:\/\/www.tourisme-valdemarne.com\/espace-groupes\/wp-json\/wp\/v2\/comments?post=1100"}],"version-history":[{"count":13,"href":"https:\/\/www.tourisme-valdemarne.com\/espace-groupes\/wp-json\/wp\/v2\/pages\/1100\/revisions"}],"predecessor-version":[{"id":8042,"href":"https:\/\/www.tourisme-valdemarne.com\/espace-groupes\/wp-json\/wp\/v2\/pages\/1100\/revisions\/8042"}],"up":[{"embeddable":true,"href":"https:\/\/www.tourisme-valdemarne.com\/espace-groupes\/wp-json\/wp\/v2\/pages\/11"}],"wp:featuredmedia":[{"embeddable":true,"href":"https:\/\/www.tourisme-valdemarne.com\/espace-groupes\/wp-json\/wp\/v2\/media\/1105"}],"wp:attachment":[{"href":"https:\/\/www.tourisme-valdemarne.com\/espace-groupes\/wp-json\/wp\/v2\/media?parent=1100"}],"wp:term":[{"taxonomy":"vdmTagMarketing","embeddable":true,"href":"https:\/\/www.tourisme-valdemarne.com\/espace-groupes\/wp-json\/wp\/v2\/vdmTagMarketing?post=1100"}],"curies":[{"name":"wp","href":"https:\/\/api.w.org\/{rel}","templated":true}]}}