{"id":11,"date":"2019-04-02T15:18:58","date_gmt":"2019-04-02T13:18:58","guid":{"rendered":"https:\/\/valdemarne.kperez.iris.io\/espace-groupes\/?page_id=11"},"modified":"2022-03-23T11:17:00","modified_gmt":"2022-03-23T10:17:00","slug":"sorties-thematiques","status":"publish","type":"page","link":"https:\/\/www.tourisme-valdemarne.com\/espace-groupes\/sorties-thematiques\/","title":{"rendered":"Sorties th\u00e9matiques"},"content":{"rendered":"\n<p class=\"is-style-excerpt\">Naviguer sur la Marne ou la Seine et s\u2019arr\u00eater dans une guinguette, passer une journ\u00e9e \u00e0 Vincennes entre ch\u00e2teau et paris \u00e0 l\u2019hippodrome, visiter les coulisses de grandes entreprises comme le March\u00e9 de Rungis ou l\u2019a\u00e9roport d\u2019Orly, voyager dans les univers de l\u2019art contemporain ou du street art, p\u00e9n\u00e9trer dans les coulisses des serres d\u2019orchid\u00e9es\u2026 <br><strong>Autant d\u2019atmosph\u00e8res et th\u00e9matiques diff\u00e9rentes, de rencontres surprenantes \u00e0 tester pour des sorties groupes inoubliables aux portes de Paris<\/strong>.<\/p>\n","protected":false},"excerpt":{"rendered":"<p>Naviguer sur la Marne ou la Seine et s\u2019arr\u00eater dans une guinguette, passer une journ\u00e9e \u00e0 Vincennes entre ch\u00e2teau et paris \u00e0 l\u2019hippodrome, visiter les coulisses de grandes entreprises comme le March\u00e9 de Rungis ou l\u2019a\u00e9roport d\u2019Orly, voyager dans les univers de l\u2019art contemporain ou du street art, p\u00e9n\u00e9trer dans les coulisses des serres d\u2019orchid\u00e9es\u2026 [&hellip;]<\/p>\n","protected":false},"author":1,"featured_media":961,"parent":0,"menu_order":20,"comment_status":"closed","ping_status":"closed","template":"partials\/template-intermediaire.php","meta":{"_relevanssi_hide_post":"","_relevanssi_hide_content":"","_relevanssi_pin_for_all":"","_relevanssi_pin_keywords":"","_relevanssi_unpin_keywords":"","_relevanssi_related_keywords":"","_relevanssi_related_include_ids":"","_relevanssi_related_exclude_ids":"","_relevanssi_related_no_append":"","_relevanssi_related_not_related":"","_relevanssi_related_posts":"1121,1111,1111,1120,1121","_relevanssi_noindex_reason":"","footnotes":""},"vdmTagMarketing":[],"class_list":["post-11","page","type-page","status-publish","has-post-thumbnail","hentry"],"acf":[],"yoast_head":"<!-- This site is optimized with the Yoast SEO plugin v23.9 - https:\/\/yoast.com\/wordpress\/plugins\/seo\/ -->\n<title>Sorties th\u00e9matiques - Sorties Groupes dans le 94 et \u00e0 Paris<\/title>\n<meta name=\"description\" content=\"Explorez nos diff\u00e9rentes th\u00e9matiques pour vos prochaines sorties groupes \u00e0 Paris ou dans le Val-de-Marne (94) : culture, nature, coulisses...\" \/>\n<meta name=\"robots\" content=\"index, follow, max-snippet:-1, max-image-preview:large, max-video-preview:-1\" \/>\n<link rel=\"canonical\" href=\"https:\/\/www.tourisme-valdemarne.com\/espace-groupes\/sorties-thematiques\/\" \/>\n<meta property=\"og:locale\" content=\"fr_FR\" \/>\n<meta property=\"og:type\" content=\"article\" \/>\n<meta property=\"og:title\" content=\"Sorties th\u00e9matiques - Sorties Groupes dans le 94 et \u00e0 Paris\" \/>\n<meta property=\"og:description\" content=\"Explorez nos diff\u00e9rentes th\u00e9matiques pour vos prochaines sorties groupes \u00e0 Paris ou dans le Val-de-Marne (94) : culture, nature, coulisses...\" \/>\n<meta property=\"og:url\" content=\"https:\/\/www.tourisme-valdemarne.com\/espace-groupes\/sorties-thematiques\/\" \/>\n<meta property=\"og:site_name\" content=\"Sorties Groupes\" \/>\n<meta property=\"article:modified_time\" content=\"2022-03-23T10:17:00+00:00\" \/>\n<meta property=\"og:image\" content=\"https:\/\/www.tourisme-valdemarne.com\/espace-groupes\/wp-content\/uploads\/sites\/2\/wpetourisme\/Croisiere-marne-paris-canal.jpg\" \/>\n\t<meta property=\"og:image:width\" content=\"700\" \/>\n\t<meta property=\"og:image:height\" content=\"467\" \/>\n\t<meta property=\"og:image:type\" content=\"image\/jpeg\" \/>\n<meta name=\"twitter:card\" content=\"summary_large_image\" \/>\n<script type=\"application\/ld+json\" class=\"yoast-schema-graph\">{\"@context\":\"https:\/\/schema.org\",\"@graph\":[{\"@type\":\"WebPage\",\"@id\":\"https:\/\/www.tourisme-valdemarne.com\/espace-groupes\/sorties-thematiques\/\",\"url\":\"https:\/\/www.tourisme-valdemarne.com\/espace-groupes\/sorties-thematiques\/\",\"name\":\"Sorties th\u00e9matiques - Sorties Groupes dans le 94 et \u00e0 Paris\",\"isPartOf\":{\"@id\":\"https:\/\/www.tourisme-valdemarne.com\/espace-groupes\/#website\"},\"primaryImageOfPage\":{\"@id\":\"https:\/\/www.tourisme-valdemarne.com\/espace-groupes\/sorties-thematiques\/#primaryimage\"},\"image\":{\"@id\":\"https:\/\/www.tourisme-valdemarne.com\/espace-groupes\/sorties-thematiques\/#primaryimage\"},\"thumbnailUrl\":\"https:\/\/www.tourisme-valdemarne.com\/espace-groupes\/wp-content\/uploads\/sites\/2\/wpetourisme\/Croisiere-marne-paris-canal.jpg\",\"datePublished\":\"2019-04-02T13:18:58+00:00\",\"dateModified\":\"2022-03-23T10:17:00+00:00\",\"description\":\"Explorez nos diff\u00e9rentes th\u00e9matiques pour vos prochaines sorties groupes \u00e0 Paris ou dans le Val-de-Marne (94) : culture, nature, coulisses...\",\"breadcrumb\":{\"@id\":\"https:\/\/www.tourisme-valdemarne.com\/espace-groupes\/sorties-thematiques\/#breadcrumb\"},\"inLanguage\":\"fr-FR\",\"potentialAction\":[{\"@type\":\"ReadAction\",\"target\":[\"https:\/\/www.tourisme-valdemarne.com\/espace-groupes\/sorties-thematiques\/\"]}]},{\"@type\":\"ImageObject\",\"inLanguage\":\"fr-FR\",\"@id\":\"https:\/\/www.tourisme-valdemarne.com\/espace-groupes\/sorties-thematiques\/#primaryimage\",\"url\":\"https:\/\/www.tourisme-valdemarne.com\/espace-groupes\/wp-content\/uploads\/sites\/2\/wpetourisme\/Croisiere-marne-paris-canal.jpg\",\"contentUrl\":\"https:\/\/www.tourisme-valdemarne.com\/espace-groupes\/wp-content\/uploads\/sites\/2\/wpetourisme\/Croisiere-marne-paris-canal.jpg\",\"width\":700,\"height\":467},{\"@type\":\"BreadcrumbList\",\"@id\":\"https:\/\/www.tourisme-valdemarne.com\/espace-groupes\/sorties-thematiques\/#breadcrumb\",\"itemListElement\":[{\"@type\":\"ListItem\",\"position\":1,\"name\":\"Accueil\",\"item\":\"https:\/\/www.tourisme-valdemarne.com\/espace-groupes\/\"},{\"@type\":\"ListItem\",\"position\":2,\"name\":\"Sorties th\u00e9matiques\"}]},{\"@type\":\"WebSite\",\"@id\":\"https:\/\/www.tourisme-valdemarne.com\/espace-groupes\/#website\",\"url\":\"https:\/\/www.tourisme-valdemarne.com\/espace-groupes\/\",\"name\":\"Sorties Groupes\",\"description\":\"Un site utilisant Val de Marne Tourisme &amp; Loisirs Sites\",\"potentialAction\":[{\"@type\":\"SearchAction\",\"target\":{\"@type\":\"EntryPoint\",\"urlTemplate\":\"https:\/\/www.tourisme-valdemarne.com\/espace-groupes\/?s={search_term_string}\"},\"query-input\":{\"@type\":\"PropertyValueSpecification\",\"valueRequired\":true,\"valueName\":\"search_term_string\"}}],\"inLanguage\":\"fr-FR\"}]}<\/script>\n<!-- \/ Yoast SEO plugin. -->","yoast_head_json":{"title":"Sorties th\u00e9matiques - Sorties Groupes dans le 94 et \u00e0 Paris","description":"Explorez nos diff\u00e9rentes th\u00e9matiques pour vos prochaines sorties groupes \u00e0 Paris ou dans le Val-de-Marne (94) : culture, nature, coulisses...","robots":{"index":"index","follow":"follow","max-snippet":"max-snippet:-1","max-image-preview":"max-image-preview:large","max-video-preview":"max-video-preview:-1"},"canonical":"https:\/\/www.tourisme-valdemarne.com\/espace-groupes\/sorties-thematiques\/","og_locale":"fr_FR","og_type":"article","og_title":"Sorties th\u00e9matiques - Sorties Groupes dans le 94 et \u00e0 Paris","og_description":"Explorez nos diff\u00e9rentes th\u00e9matiques pour vos prochaines sorties groupes \u00e0 Paris ou dans le Val-de-Marne (94) : culture, nature, coulisses...","og_url":"https:\/\/www.tourisme-valdemarne.com\/espace-groupes\/sorties-thematiques\/","og_site_name":"Sorties Groupes","article_modified_time":"2022-03-23T10:17:00+00:00","og_image":[{"width":700,"height":467,"url":"https:\/\/www.tourisme-valdemarne.com\/espace-groupes\/wp-content\/uploads\/sites\/2\/wpetourisme\/Croisiere-marne-paris-canal.jpg","type":"image\/jpeg"}],"twitter_card":"summary_large_image","schema":{"@context":"https:\/\/schema.org","@graph":[{"@type":"WebPage","@id":"https:\/\/www.tourisme-valdemarne.com\/espace-groupes\/sorties-thematiques\/","url":"https:\/\/www.tourisme-valdemarne.com\/espace-groupes\/sorties-thematiques\/","name":"Sorties th\u00e9matiques - Sorties Groupes dans le 94 et \u00e0 Paris","isPartOf":{"@id":"https:\/\/www.tourisme-valdemarne.com\/espace-groupes\/#website"},"primaryImageOfPage":{"@id":"https:\/\/www.tourisme-valdemarne.com\/espace-groupes\/sorties-thematiques\/#primaryimage"},"image":{"@id":"https:\/\/www.tourisme-valdemarne.com\/espace-groupes\/sorties-thematiques\/#primaryimage"},"thumbnailUrl":"https:\/\/www.tourisme-valdemarne.com\/espace-groupes\/wp-content\/uploads\/sites\/2\/wpetourisme\/Croisiere-marne-paris-canal.jpg","datePublished":"2019-04-02T13:18:58+00:00","dateModified":"2022-03-23T10:17:00+00:00","description":"Explorez nos diff\u00e9rentes th\u00e9matiques pour vos prochaines sorties groupes \u00e0 Paris ou dans le Val-de-Marne (94) : culture, nature, coulisses...","breadcrumb":{"@id":"https:\/\/www.tourisme-valdemarne.com\/espace-groupes\/sorties-thematiques\/#breadcrumb"},"inLanguage":"fr-FR","potentialAction":[{"@type":"ReadAction","target":["https:\/\/www.tourisme-valdemarne.com\/espace-groupes\/sorties-thematiques\/"]}]},{"@type":"ImageObject","inLanguage":"fr-FR","@id":"https:\/\/www.tourisme-valdemarne.com\/espace-groupes\/sorties-thematiques\/#primaryimage","url":"https:\/\/www.tourisme-valdemarne.com\/espace-groupes\/wp-content\/uploads\/sites\/2\/wpetourisme\/Croisiere-marne-paris-canal.jpg","contentUrl":"https:\/\/www.tourisme-valdemarne.com\/espace-groupes\/wp-content\/uploads\/sites\/2\/wpetourisme\/Croisiere-marne-paris-canal.jpg","width":700,"height":467},{"@type":"BreadcrumbList","@id":"https:\/\/www.tourisme-valdemarne.com\/espace-groupes\/sorties-thematiques\/#breadcrumb","itemListElement":[{"@type":"ListItem","position":1,"name":"Accueil","item":"https:\/\/www.tourisme-valdemarne.com\/espace-groupes\/"},{"@type":"ListItem","position":2,"name":"Sorties th\u00e9matiques"}]},{"@type":"WebSite","@id":"https:\/\/www.tourisme-valdemarne.com\/espace-groupes\/#website","url":"https:\/\/www.tourisme-valdemarne.com\/espace-groupes\/","name":"Sorties Groupes","description":"Un site utilisant Val de Marne Tourisme &amp; Loisirs Sites","potentialAction":[{"@type":"SearchAction","target":{"@type":"EntryPoint","urlTemplate":"https:\/\/www.tourisme-valdemarne.com\/espace-groupes\/?s={search_term_string}"},"query-input":{"@type":"PropertyValueSpecification","valueRequired":true,"valueName":"search_term_string"}}],"inLanguage":"fr-FR"}]}},"_links":{"self":[{"href":"https:\/\/www.tourisme-valdemarne.com\/espace-groupes\/wp-json\/wp\/v2\/pages\/11","targetHints":{"allow":["GET"]}}],"collection":[{"href":"https:\/\/www.tourisme-valdemarne.com\/espace-groupes\/wp-json\/wp\/v2\/pages"}],"about":[{"href":"https:\/\/www.tourisme-valdemarne.com\/espace-groupes\/wp-json\/wp\/v2\/types\/page"}],"author":[{"embeddable":true,"href":"https:\/\/www.tourisme-valdemarne.com\/espace-groupes\/wp-json\/wp\/v2\/users\/1"}],"replies":[{"embeddable":true,"href":"https:\/\/www.tourisme-valdemarne.com\/espace-groupes\/wp-json\/wp\/v2\/comments?post=11"}],"version-history":[{"count":11,"href":"https:\/\/www.tourisme-valdemarne.com\/espace-groupes\/wp-json\/wp\/v2\/pages\/11\/revisions"}],"predecessor-version":[{"id":2951,"href":"https:\/\/www.tourisme-valdemarne.com\/espace-groupes\/wp-json\/wp\/v2\/pages\/11\/revisions\/2951"}],"wp:featuredmedia":[{"embeddable":true,"href":"https:\/\/www.tourisme-valdemarne.com\/espace-groupes\/wp-json\/wp\/v2\/media\/961"}],"wp:attachment":[{"href":"https:\/\/www.tourisme-valdemarne.com\/espace-groupes\/wp-json\/wp\/v2\/media?parent=11"}],"wp:term":[{"taxonomy":"vdmTagMarketing","embeddable":true,"href":"https:\/\/www.tourisme-valdemarne.com\/espace-groupes\/wp-json\/wp\/v2\/vdmTagMarketing?post=11"}],"curies":[{"name":"wp","href":"https:\/\/api.w.org\/{rel}","templated":true}]}}